{"id":6582,"date":"2020-06-25T16:46:21","date_gmt":"2020-06-25T14:46:21","guid":{"rendered":"https:\/\/k-time.it\/products\/sin%20categor\u00eda\/levia-sinergia-de-aceites-esenciales-dermo-calmante\/"},"modified":"2021-04-22T19:50:05","modified_gmt":"2021-04-22T17:50:05","slug":"sinergia-de-aceites-esenciales-dermo-calmante","status":"publish","type":"product","link":"https:\/\/k-time.it\/es\/products\/colouring\/levia\/sinergia-de-aceites-esenciales-dermo-calmante\/","title":{"rendered":"Levia | Sinergia de Aceites esenciales dermo calmante"},"content":{"rendered":"<div class=\"wpb-content-wrapper\"><p>[vc_row disable_element=\u00bbyes\u00bb][vc_column][\/vc_column][\/vc_row][vc_row][vc_column width=\u00bb1\/2&#8243;]<div class=\"standard-arrow list-divider bullet-top\"><h2>Formulaci\u00f3n<\/h2>\n<div id=\"tab-altre-info\">\n<ul>\n<li><strong>\u00c1cido 18-B-Glic\u00e9ptico<\/strong>: ejerce una acci\u00f3n lenitiva, desenrojecedora y antiinflamatoria<\/li>\n<li><strong>Aceite esencial de Menta<\/strong>: tonifica la fibra, estimula el flujo sangu\u00edneo y purifica el cabello graso<\/li>\n<li><strong>Aceite esencial de Mirto<\/strong>: bals\u00e1mico, antibacteriano, con una acci\u00f3n astringente sobre la piel grasa<\/li>\n<li><strong>Aceite esencial de Or\u00e9gano<\/strong>: garantiza una acci\u00f3n antiinflamatoria y antis\u00e9ptica<\/li>\n<li><strong>Aceite esencial de Cipr\u00e9s<\/strong>: tonificante y bals\u00e1mico, con perfume de poder reequilibrante<\/li>\n<li><strong>Alfa Bisabolol<\/strong>: ejerce una acci\u00f3n calmante y suavizante sobre la piel<\/li>\n<li><strong>Agua de Hamamelis<\/strong>: estimula el flujo sangu\u00edneo activando la microcirculaci\u00f3n cut\u00e1nea y mejora el estado del cabello<\/li>\n<\/ul>\n<\/div>\n<\/div>[\/vc_column][vc_column width=\u00bb1\/2&#8243;]<div class=\"standard-arrow list-divider bullet-top\"><h2>Beneficios<\/h2>\n<div id=\"tab-benefits\">\n<ul>\n<li>Mejora la experiencia del tinte, permitiendo una coloraci\u00f3n m\u00e1s delicada<\/li>\n<li>Acondiciona la fibra capilar tonific\u00e1ndola y haciendo que reaccione mejor al color<\/li>\n<li>Restablece el\u00a0correcto equilibrio hidrolip\u00eddico de la piel<\/li>\n<li>Constituye una fuente de energ\u00eda fundamental para un metabolismo cut\u00e1neo adecuado<\/li>\n<li>Aporta mayor luminosidad y consigue un cabello m\u00e1s ligero e hidratado<\/li>\n<\/ul>\n<\/div>\n<\/div>[\/vc_column][\/vc_row][vc_row css=\u00bb.vc_custom_1595317695114{padding-top: 50px !important;}\u00bb][vc_column]<div class=\"dt-fancy-separator h2-size style-thick\" style=\"width: 100%;\"><div class=\"dt-fancy-title\" style=\"color: #333333;\"><span class=\"separator-holder separator-left\" style=\"border-color: #f0f0f0;\"><\/span>Productos relacionados<span class=\"separator-holder separator-right\" style=\"border-color: #f0f0f0;\"><\/span><\/div><\/div>[vc_raw_html]JTVCd3BiLXByb2R1Y3Qtc2xpZGVyLXNob3J0Y29kZSUyMGlkJTNEJTIyNzcwJTIyJTVE[\/vc_raw_html][\/vc_column][\/vc_row]<\/p>\n<\/div>","protected":false},"excerpt":{"rendered":"<p><strong>Levia\u00a0<\/strong>es el nuevo concentrado lenitivo a base de\u00a0<strong>aceites esenciales<\/strong>\u00a0creado por K-time, que se caracteriza por sus marcadas propiedades calmantes.<\/p>\n<p>Utilizado durante el tratamiento de tinte como aditivo, Levia permite efectuar una acci\u00f3n sin\u00e9rgica m\u00faltiple: ayuda a reducir la irritaci\u00f3n asociada a los tratamientos qu\u00edmicos (tintes y permanentes), liberando sobre la piel sus virtudes esenciales antienrojecimiento y reequilibrantes y realzando la aplicaci\u00f3n de los colores.<\/p>\n<p>Dise\u00f1ado para utilizarse con los\u00a0<strong>tintes K-time<\/strong>\u00a0\u00a0y con la\u00a0<strong>loci\u00f3n onduladora\u00a0Wild Waves<\/strong>.<\/p>\n<p>Uso profesional<\/p>\n<p>Formato 50 ml<\/p>\n<p><span style=\"font-weight: 400\">[vc_row][vc_column][ultimate_exp_section title=\" C\u00f3mo comprar\" new_title=\"Solicita informaci\u00f3n sobre la compra\" text_color=\"#ffffff\" background_color=\"#877650\" text_hovercolor=\"#ffffff\" bghovercolor=\"#877650\" title_active=\"#ffffff\" title_active_bg=\"#877650\" cnt_bg_color=\"#ffffff\" icon=\"icomoon-the7-font-icon-cart-detailed\" new_icon=\"icomoon-the7-font-the7-mail-011\" icon_align=\"left\" icon_size=\"20\" icon_color=\"#ffffff\" icon_hover_color=\"#ffffff\" icon_active_color=\"#ffffff\" title_font_size=\"desktop:16px;\" title_padding=\"padding-top:4px;padding-right:7px;padding-bottom:4px;padding-left:4px;\" icon_margin=\"margin-right:1px;\"][contact-form-7 id=\"496\"][\/ultimate_exp_section][\/vc_column][\/vc_row]<\/span><\/p>\n","protected":false},"featured_media":17804,"template":"","meta":[],"product_brand":[],"product_cat":[1019,1097],"product_tag":[],"class_list":{"0":"post-6582","1":"product","2":"type-product","3":"status-publish","4":"has-post-thumbnail","6":"product_cat-colouring","7":"product_cat-levia","8":"description-off","10":"first","11":"instock","12":"shipping-taxable","13":"product-type-simple"},"yoast_head":"<!-- This site is optimized with the Yoast SEO plugin v26.8 - https:\/\/yoast.com\/product\/yoast-seo-wordpress\/ -->\n<title>Levia | Sinergia de Aceites esenciales dermo calmante - K-time<\/title>\n<meta name=\"description\" content=\"Levia es el nuevo concentrado lenitivo a base de aceites esenciales creado por K-time, que se caracteriza por sus marcadas propiedades calmantes.\" \/>\n<meta name=\"robots\" content=\"index, follow, max-snippet:-1, max-image-preview:large, max-video-preview:-1\" \/>\n<link rel=\"canonical\" href=\"https:\/\/k-time.it\/es\/products\/colouring\/levia\/sinergia-de-aceites-esenciales-dermo-calmante\/\" \/>\n<meta property=\"og:locale\" content=\"es_ES\" \/>\n<meta property=\"og:type\" content=\"article\" \/>\n<meta property=\"og:title\" content=\"Levia | Sinergia de Aceites esenciales dermo calmante - K-time\" \/>\n<meta property=\"og:description\" content=\"Levia es el nuevo concentrado lenitivo a base de aceites esenciales creado por K-time, que se caracteriza por sus marcadas propiedades calmantes.\" \/>\n<meta property=\"og:url\" content=\"https:\/\/k-time.it\/es\/products\/colouring\/levia\/sinergia-de-aceites-esenciales-dermo-calmante\/\" \/>\n<meta property=\"og:site_name\" content=\"K-time\" \/>\n<meta property=\"article:modified_time\" content=\"2021-04-22T17:50:05+00:00\" \/>\n<meta property=\"og:image\" content=\"https:\/\/k-time.it\/wp-content\/uploads\/2020\/06\/21010_k-time_levia_dermo-calming_synergy_essential_oils_50ml.png\" \/>\n\t<meta property=\"og:image:width\" content=\"600\" \/>\n\t<meta property=\"og:image:height\" content=\"600\" \/>\n\t<meta property=\"og:image:type\" content=\"image\/png\" \/>\n<meta name=\"twitter:card\" content=\"summary_large_image\" \/>\n<meta name=\"twitter:label1\" content=\"Tiempo de lectura\" \/>\n\t<meta name=\"twitter:data1\" content=\"1 minuto\" \/>\n<script type=\"application\/ld+json\" class=\"yoast-schema-graph\">{\"@context\":\"https:\/\/schema.org\",\"@graph\":[{\"@type\":\"WebPage\",\"@id\":\"https:\/\/k-time.it\/es\/products\/colouring\/levia\/sinergia-de-aceites-esenciales-dermo-calmante\/\",\"url\":\"https:\/\/k-time.it\/es\/products\/colouring\/levia\/sinergia-de-aceites-esenciales-dermo-calmante\/\",\"name\":\"Levia | Sinergia de Aceites esenciales dermo calmante - K-time\",\"isPartOf\":{\"@id\":\"https:\/\/k-time.it\/en\/#website\"},\"primaryImageOfPage\":{\"@id\":\"https:\/\/k-time.it\/es\/products\/colouring\/levia\/sinergia-de-aceites-esenciales-dermo-calmante\/#primaryimage\"},\"image\":{\"@id\":\"https:\/\/k-time.it\/es\/products\/colouring\/levia\/sinergia-de-aceites-esenciales-dermo-calmante\/#primaryimage\"},\"thumbnailUrl\":\"https:\/\/k-time.it\/wp-content\/uploads\/2020\/06\/21010_k-time_levia_dermo-calming_synergy_essential_oils_50ml.png\",\"datePublished\":\"2020-06-25T14:46:21+00:00\",\"dateModified\":\"2021-04-22T17:50:05+00:00\",\"description\":\"Levia es el nuevo concentrado lenitivo a base de aceites esenciales creado por K-time, que se caracteriza por sus marcadas propiedades calmantes.\",\"breadcrumb\":{\"@id\":\"https:\/\/k-time.it\/es\/products\/colouring\/levia\/sinergia-de-aceites-esenciales-dermo-calmante\/#breadcrumb\"},\"inLanguage\":\"es\",\"potentialAction\":[{\"@type\":\"ReadAction\",\"target\":[\"https:\/\/k-time.it\/es\/products\/colouring\/levia\/sinergia-de-aceites-esenciales-dermo-calmante\/\"]}]},{\"@type\":\"ImageObject\",\"inLanguage\":\"es\",\"@id\":\"https:\/\/k-time.it\/es\/products\/colouring\/levia\/sinergia-de-aceites-esenciales-dermo-calmante\/#primaryimage\",\"url\":\"https:\/\/k-time.it\/wp-content\/uploads\/2020\/06\/21010_k-time_levia_dermo-calming_synergy_essential_oils_50ml.png\",\"contentUrl\":\"https:\/\/k-time.it\/wp-content\/uploads\/2020\/06\/21010_k-time_levia_dermo-calming_synergy_essential_oils_50ml.png\",\"width\":600,\"height\":600,\"caption\":\"Levia | Sinergia di Oli essenziali dermo-calmante\"},{\"@type\":\"BreadcrumbList\",\"@id\":\"https:\/\/k-time.it\/es\/products\/colouring\/levia\/sinergia-de-aceites-esenciales-dermo-calmante\/#breadcrumb\",\"itemListElement\":[{\"@type\":\"ListItem\",\"position\":1,\"name\":\"Home\",\"item\":\"https:\/\/k-time.it\/es\/\"},{\"@type\":\"ListItem\",\"position\":2,\"name\":\"Shop\",\"item\":\"https:\/\/k-time.it\/en\/negozio\/\"},{\"@type\":\"ListItem\",\"position\":3,\"name\":\"Levia | Sinergia de Aceites esenciales dermo calmante\"}]},{\"@type\":\"WebSite\",\"@id\":\"https:\/\/k-time.it\/en\/#website\",\"url\":\"https:\/\/k-time.it\/en\/\",\"name\":\"K-time\",\"description\":\"Hair Spa Treatments\",\"publisher\":{\"@id\":\"https:\/\/k-time.it\/en\/#organization\"},\"potentialAction\":[{\"@type\":\"SearchAction\",\"target\":{\"@type\":\"EntryPoint\",\"urlTemplate\":\"https:\/\/k-time.it\/en\/?s={search_term_string}\"},\"query-input\":{\"@type\":\"PropertyValueSpecification\",\"valueRequired\":true,\"valueName\":\"search_term_string\"}}],\"inLanguage\":\"es\"},{\"@type\":\"Organization\",\"@id\":\"https:\/\/k-time.it\/en\/#organization\",\"name\":\"K-time\",\"url\":\"https:\/\/k-time.it\/en\/\",\"logo\":{\"@type\":\"ImageObject\",\"inLanguage\":\"es\",\"@id\":\"https:\/\/k-time.it\/en\/#\/schema\/logo\/image\/\",\"url\":\"\",\"contentUrl\":\"\",\"caption\":\"K-time\"},\"image\":{\"@id\":\"https:\/\/k-time.it\/en\/#\/schema\/logo\/image\/\"}}]}<\/script>\n<!-- \/ Yoast SEO plugin. -->","yoast_head_json":{"title":"Levia | Sinergia de Aceites esenciales dermo calmante - K-time","description":"Levia es el nuevo concentrado lenitivo a base de aceites esenciales creado por K-time, que se caracteriza por sus marcadas propiedades calmantes.","robots":{"index":"index","follow":"follow","max-snippet":"max-snippet:-1","max-image-preview":"max-image-preview:large","max-video-preview":"max-video-preview:-1"},"canonical":"https:\/\/k-time.it\/es\/products\/colouring\/levia\/sinergia-de-aceites-esenciales-dermo-calmante\/","og_locale":"es_ES","og_type":"article","og_title":"Levia | Sinergia de Aceites esenciales dermo calmante - K-time","og_description":"Levia es el nuevo concentrado lenitivo a base de aceites esenciales creado por K-time, que se caracteriza por sus marcadas propiedades calmantes.","og_url":"https:\/\/k-time.it\/es\/products\/colouring\/levia\/sinergia-de-aceites-esenciales-dermo-calmante\/","og_site_name":"K-time","article_modified_time":"2021-04-22T17:50:05+00:00","og_image":[{"width":600,"height":600,"url":"https:\/\/k-time.it\/wp-content\/uploads\/2020\/06\/21010_k-time_levia_dermo-calming_synergy_essential_oils_50ml.png","type":"image\/png"}],"twitter_card":"summary_large_image","twitter_misc":{"Tiempo de lectura":"1 minuto"},"schema":{"@context":"https:\/\/schema.org","@graph":[{"@type":"WebPage","@id":"https:\/\/k-time.it\/es\/products\/colouring\/levia\/sinergia-de-aceites-esenciales-dermo-calmante\/","url":"https:\/\/k-time.it\/es\/products\/colouring\/levia\/sinergia-de-aceites-esenciales-dermo-calmante\/","name":"Levia | Sinergia de Aceites esenciales dermo calmante - K-time","isPartOf":{"@id":"https:\/\/k-time.it\/en\/#website"},"primaryImageOfPage":{"@id":"https:\/\/k-time.it\/es\/products\/colouring\/levia\/sinergia-de-aceites-esenciales-dermo-calmante\/#primaryimage"},"image":{"@id":"https:\/\/k-time.it\/es\/products\/colouring\/levia\/sinergia-de-aceites-esenciales-dermo-calmante\/#primaryimage"},"thumbnailUrl":"https:\/\/k-time.it\/wp-content\/uploads\/2020\/06\/21010_k-time_levia_dermo-calming_synergy_essential_oils_50ml.png","datePublished":"2020-06-25T14:46:21+00:00","dateModified":"2021-04-22T17:50:05+00:00","description":"Levia es el nuevo concentrado lenitivo a base de aceites esenciales creado por K-time, que se caracteriza por sus marcadas propiedades calmantes.","breadcrumb":{"@id":"https:\/\/k-time.it\/es\/products\/colouring\/levia\/sinergia-de-aceites-esenciales-dermo-calmante\/#breadcrumb"},"inLanguage":"es","potentialAction":[{"@type":"ReadAction","target":["https:\/\/k-time.it\/es\/products\/colouring\/levia\/sinergia-de-aceites-esenciales-dermo-calmante\/"]}]},{"@type":"ImageObject","inLanguage":"es","@id":"https:\/\/k-time.it\/es\/products\/colouring\/levia\/sinergia-de-aceites-esenciales-dermo-calmante\/#primaryimage","url":"https:\/\/k-time.it\/wp-content\/uploads\/2020\/06\/21010_k-time_levia_dermo-calming_synergy_essential_oils_50ml.png","contentUrl":"https:\/\/k-time.it\/wp-content\/uploads\/2020\/06\/21010_k-time_levia_dermo-calming_synergy_essential_oils_50ml.png","width":600,"height":600,"caption":"Levia | Sinergia di Oli essenziali dermo-calmante"},{"@type":"BreadcrumbList","@id":"https:\/\/k-time.it\/es\/products\/colouring\/levia\/sinergia-de-aceites-esenciales-dermo-calmante\/#breadcrumb","itemListElement":[{"@type":"ListItem","position":1,"name":"Home","item":"https:\/\/k-time.it\/es\/"},{"@type":"ListItem","position":2,"name":"Shop","item":"https:\/\/k-time.it\/en\/negozio\/"},{"@type":"ListItem","position":3,"name":"Levia | Sinergia de Aceites esenciales dermo calmante"}]},{"@type":"WebSite","@id":"https:\/\/k-time.it\/en\/#website","url":"https:\/\/k-time.it\/en\/","name":"K-time","description":"Hair Spa Treatments","publisher":{"@id":"https:\/\/k-time.it\/en\/#organization"},"potentialAction":[{"@type":"SearchAction","target":{"@type":"EntryPoint","urlTemplate":"https:\/\/k-time.it\/en\/?s={search_term_string}"},"query-input":{"@type":"PropertyValueSpecification","valueRequired":true,"valueName":"search_term_string"}}],"inLanguage":"es"},{"@type":"Organization","@id":"https:\/\/k-time.it\/en\/#organization","name":"K-time","url":"https:\/\/k-time.it\/en\/","logo":{"@type":"ImageObject","inLanguage":"es","@id":"https:\/\/k-time.it\/en\/#\/schema\/logo\/image\/","url":"","contentUrl":"","caption":"K-time"},"image":{"@id":"https:\/\/k-time.it\/en\/#\/schema\/logo\/image\/"}}]}},"_links":{"self":[{"href":"https:\/\/k-time.it\/es\/wp-json\/wp\/v2\/product\/6582","targetHints":{"allow":["GET"]}}],"collection":[{"href":"https:\/\/k-time.it\/es\/wp-json\/wp\/v2\/product"}],"about":[{"href":"https:\/\/k-time.it\/es\/wp-json\/wp\/v2\/types\/product"}],"wp:featuredmedia":[{"embeddable":true,"href":"https:\/\/k-time.it\/es\/wp-json\/wp\/v2\/media\/17804"}],"wp:attachment":[{"href":"https:\/\/k-time.it\/es\/wp-json\/wp\/v2\/media?parent=6582"}],"wp:term":[{"taxonomy":"product_brand","embeddable":true,"href":"https:\/\/k-time.it\/es\/wp-json\/wp\/v2\/product_brand?post=6582"},{"taxonomy":"product_cat","embeddable":true,"href":"https:\/\/k-time.it\/es\/wp-json\/wp\/v2\/product_cat?post=6582"},{"taxonomy":"product_tag","embeddable":true,"href":"https:\/\/k-time.it\/es\/wp-json\/wp\/v2\/product_tag?post=6582"}],"curies":[{"name":"wp","href":"https:\/\/api.w.org\/{rel}","templated":true}]}}