{"id":6541,"date":"2020-06-25T16:46:22","date_gmt":"2020-06-25T14:46:22","guid":{"rendered":"https:\/\/k-time.it\/products\/sin%20categor\u00eda\/over-force-tratamiento-intensivo-prevencion-caida\/"},"modified":"2021-06-10T09:30:38","modified_gmt":"2021-06-10T07:30:38","slug":"over-force-tratamiento-intensivo-prevencion-caida","status":"publish","type":"product","link":"https:\/\/k-time.it\/es\/products\/treatments\/matirya\/over-force\/over-force-tratamiento-intensivo-prevencion-caida\/","title":{"rendered":"Over Force | Tratamiento Intensivo Prevenci\u00f3n Ca\u00edda"},"content":{"rendered":"<div class=\"wpb-content-wrapper\"><p>[vc_row disable_element=\u00bbyes\u00bb][vc_column][\/vc_column][\/vc_row][vc_row][vc_column width=\u00bb1\/2&#8243;]<div class=\"standard-arrow list-divider bullet-top\"><h2>Formulaci\u00f3n<\/h2>\n<div id=\"tab-altre-info\">\n<ul>\n<li><strong>Cafe\u00edna<\/strong>: estimula el fol\u00edculo piloso y contrarresta la dihidrotestosterona, hormona responsable de reducir la actividad de los propios fol\u00edculos<\/li>\n<li><strong>Arginina<\/strong>: contrarresta la ca\u00edda del cabello y favorece su crecimiento<\/li>\n<li><strong>Extracto esencial de\u00a0Jengibre<\/strong>: estimula el flujo sangu\u00edneo del cuero cabelludo, nutre y amplifica la densidad y resistencia del tallo capilar<\/li>\n<li><strong>Pantenol<\/strong>: contrarresta la deshidrataci\u00f3n y aumenta la robustez del tallo capilar<\/li>\n<li><strong>Vitamina F<\/strong>: nutre y protege la integridad de la membrana celular, estimulando la regeneraci\u00f3n<\/li>\n<li><strong>Riboflavina<\/strong>: es esencial para la vida de la c\u00e9lula y para tener una piel y un cabello m\u00e1s sanos y esplendorosos<\/li>\n<\/ul>\n<\/div>\n<\/div>[\/vc_column][vc_column width=\u00bb1\/2&#8243;]<div class=\"standard-arrow list-divider bullet-top\"><h2>Beneficios<\/h2>\n<div id=\"tab-benefits\">\n<ul>\n<li>Estudiado para prevenir la ca\u00edda estacional del cabello<\/li>\n<li>Ofrece eficacia y tolerabilidad cl\u00ednicamente probadas<\/li>\n<li>Reduce la ca\u00edda del cabello en un 54%<\/li>\n<li>Enriquecido con activos esenciales para contrarrestar la ca\u00edda, proteger y nutrir el tallo capilar<\/li>\n<\/ul>\n<\/div>\n<\/div>[\/vc_column][\/vc_row][vc_row css=\u00bb.vc_custom_1595341806516{padding-top: 50px !important;}\u00bb][vc_column]<div class=\"dt-fancy-separator h2-size style-thick\" style=\"width: 100%;\"><div class=\"dt-fancy-title\" style=\"color: #333333;\"><span class=\"separator-holder separator-left\" style=\"border-color: #f0f0f0;\"><\/span>Rituales<span class=\"separator-holder separator-right\" style=\"border-color: #f0f0f0;\"><\/span><\/div><\/div>[vc_row_inner][vc_column_inner width=\u00bb1\/2&#8243;][vc_empty_space height=\u00bb15px\u00bb]<div class=\"standard-number-list list-divider bullet-top\"><ul>\n<li>\n<h5>K-time Treatment Brush<\/h5>\n<p>Cepillar el cabello con K-time Treatment Brush para eliminar el exceso de impurezas y mojarlo.<\/li>\n<li>\n<h5>Deepure Tratamiento Higi\u00e9nico del Cuero Cabelludo<\/h5>\n<p>Aplicar sobre el cuero cabelludo mojado, realizando un suave masaje con movimientos circulares. Dejar actuar durante 3 minutos. No aclarar.<\/li>\n<li>\n<h5>Over Force Champ\u00fa Energizante<\/h5>\n<p>Aplicar sobre el cuero cabelludo realizando un suave masaje. Dejar actuar y aclarar con agua abundante. Repetir la operaci\u00f3n en caso necesario.<\/li>\n<li>\n<h5>Hydralize Fluido Regenerador Delicado<\/h5>\n<p>Despu\u00e9s del champ\u00fa, aplicar sobre toda la longitud del cabello. Dejar actuar 4 minutos. Peinar y aclarar con agua abundante.<\/li>\n<li>\n<h5>Over Force Tratamiento Intensivo<strong><br \/>\n<\/strong><\/h5>\n<p>Tras lavar y secar ligeramente el cabello, aplicar directamente sobre el cuero cabelludo. Realizar un suave masaje con movimientos circulares hasta su total absorci\u00f3n. No aclarar.<\/li>\n<\/ul>\n<\/div>[\/vc_column_inner][vc_column_inner width=\u00bb1\/2&#8243;][vc_empty_space height=\u00bb15px\u00bb][vc_column_text]<\/p>\n<div class=\"wpb_text_column wpb_content_element \">\n<div class=\"wpb_wrapper\">\n<div class=\"wpb_text_column wpb_content_element \">\n<div class=\"wpb_wrapper\">\n<div class=\"wpb_text_column wpb_content_element \">\n<div class=\"wpb_wrapper\">\n<p>Matirya Over Force es un tratamiento de prevenci\u00f3n de la ca\u00edda dise\u00f1ado para prevenir y combatir la ca\u00edda estacional del cabello a base de regenerar, fortalecer y favorecer el crecimiento.<\/p>\n<\/div>\n<\/div>\n<div class=\"wpb_video_widget wpb_content_element vc_clearfix vc_video-aspect-ratio-169 vc_video-el-width-100 vc_video-align-center\">\n<div class=\"wpb_wrapper\"><\/div>\n<\/div>\n<\/div>\n<\/div>\n<div class=\"wpb_video_widget wpb_content_element vc_clearfix vc_video-aspect-ratio-169 vc_video-el-width-100 vc_video-align-center\">\n<div class=\"wpb_wrapper\"><\/div>\n<\/div>\n<\/div>\n<\/div>\n<div class=\"wpb_video_widget wpb_content_element vc_clearfix vc_video-aspect-ratio-169 vc_video-el-width-100 vc_video-align-center\">\n<div class=\"wpb_wrapper\"><\/div>\n<\/div>\n<p>[\/vc_column_text][vc_video link=\u00bbhttps:\/\/youtu.be\/1HyuD7mGd3w\u00bb align=\u00bbcenter\u00bb][\/vc_column_inner][\/vc_row_inner][\/vc_column][\/vc_row][vc_row css=\u00bb.vc_custom_1595341818903{padding-top: 50px !important;}\u00bb][vc_column]<div class=\"dt-fancy-separator h2-size style-thick\" style=\"width: 100%;\"><div class=\"dt-fancy-title\" style=\"color: #333333;\"><span class=\"separator-holder separator-left\" style=\"border-color: #f0f0f0;\"><\/span>Productos relacionados<span class=\"separator-holder separator-right\" style=\"border-color: #f0f0f0;\"><\/span><\/div><\/div>[vc_raw_html]W3dwYi1wcm9kdWN0LXNsaWRlci1zaG9ydGNvZGUgaWQ9Ijc5OSJd[\/vc_raw_html][\/vc_column][\/vc_row]<\/p>\n<\/div>","protected":false},"excerpt":{"rendered":"<p>El\u00a0<strong>tratamiento intensivo prevenci\u00f3n ca\u00edda<\/strong>\u00a0en viales Over Force consiste en una loci\u00f3n dise\u00f1ada para prevenir y combatir las causas de la ca\u00edda estacional del cabello.<\/p>\n<p>La f\u00f3rmula renovada contiene\u00a0[glossary_exclude]<strong>Arginina<\/strong>,\u00a0<strong>Aceite esencial de Jengibre<\/strong>,\u00a0<strong>Cafe\u00edna<\/strong>,\u00a0<strong>Pantenol<\/strong>,\u00a0<strong>Vitamina F<\/strong>\u00a0y\u00a0<strong>Riboflavina<\/strong>[\/glossary_exclude], para fortalecer y nutrir el bulbo, reactivando el ciclo vital del cabello.<\/p>\n<p>Box 12 viales monodosis de 8 ml<\/p>\n<p>&nbsp;<\/p>\n<p><span style=\"font-weight: 400;\">[vc_row][vc_column][ultimate_exp_section title=\" C\u00f3mo comprar\" new_title=\"Solicita informaci\u00f3n sobre la compra\" text_color=\"#ffffff\" background_color=\"#877650\" text_hovercolor=\"#ffffff\" bghovercolor=\"#877650\" title_active=\"#ffffff\" title_active_bg=\"#877650\" cnt_bg_color=\"#ffffff\" icon=\"icomoon-the7-font-icon-cart-detailed\" new_icon=\"icomoon-the7-font-the7-mail-011\" icon_align=\"left\" icon_size=\"20\" icon_color=\"#ffffff\" icon_hover_color=\"#ffffff\" icon_active_color=\"#ffffff\" title_font_size=\"desktop:16px;\" title_padding=\"padding-top:4px;padding-right:7px;padding-bottom:4px;padding-left:4px;\" icon_margin=\"margin-right:1px;\"][contact-form-7 id=\"496\"][\/ultimate_exp_section][\/vc_column][\/vc_row]<\/span><\/p>\n","protected":false},"featured_media":18184,"template":"","meta":[],"product_brand":[],"product_cat":[493,1040,1046],"product_tag":[],"class_list":{"0":"post-6541","1":"product","2":"type-product","3":"status-publish","4":"has-post-thumbnail","6":"product_cat-treatments","7":"product_cat-matirya","8":"product_cat-over-force","9":"description-off","11":"first","12":"instock","13":"shipping-taxable","14":"product-type-simple"},"yoast_head":"<!-- This site is optimized with the Yoast SEO plugin v26.8 - https:\/\/yoast.com\/product\/yoast-seo-wordpress\/ -->\n<title>Over Force | Tratamiento Intensivo Prevenci\u00f3n Ca\u00edda | K-time<\/title>\n<meta name=\"description\" content=\"El tratamiento intensivo prevenci\u00f3n ca\u00edda en viales Over Force consiste en una loci\u00f3n dise\u00f1ada para prevenir y combatir las causas de la ca\u00edda estacional del cabello.\" \/>\n<meta name=\"robots\" content=\"index, follow, max-snippet:-1, max-image-preview:large, max-video-preview:-1\" \/>\n<link rel=\"canonical\" href=\"https:\/\/k-time.it\/es\/products\/treatments\/matirya\/over-force\/over-force-tratamiento-intensivo-prevencion-caida\/\" \/>\n<meta property=\"og:locale\" content=\"es_ES\" \/>\n<meta property=\"og:type\" content=\"article\" \/>\n<meta property=\"og:title\" content=\"Over Force | Tratamiento Intensivo Prevenci\u00f3n Ca\u00edda | K-time\" \/>\n<meta property=\"og:description\" content=\"El tratamiento intensivo prevenci\u00f3n ca\u00edda en viales Over Force consiste en una loci\u00f3n dise\u00f1ada para prevenir y combatir las causas de la ca\u00edda estacional del cabello.\" \/>\n<meta property=\"og:url\" content=\"https:\/\/k-time.it\/es\/products\/treatments\/matirya\/over-force\/over-force-tratamiento-intensivo-prevencion-caida\/\" \/>\n<meta property=\"og:site_name\" content=\"K-time\" \/>\n<meta property=\"article:modified_time\" content=\"2021-06-10T07:30:38+00:00\" \/>\n<meta property=\"og:image\" content=\"https:\/\/k-time.it\/wp-content\/uploads\/2020\/06\/22040_k-time_matirya_over_force_intensive_treatment_hair_loss_prevention.png\" \/>\n\t<meta property=\"og:image:width\" content=\"600\" \/>\n\t<meta property=\"og:image:height\" content=\"600\" \/>\n\t<meta property=\"og:image:type\" content=\"image\/png\" \/>\n<meta name=\"twitter:card\" content=\"summary_large_image\" \/>\n<meta name=\"twitter:label1\" content=\"Tiempo de lectura\" \/>\n\t<meta name=\"twitter:data1\" content=\"2 minutos\" \/>\n<script type=\"application\/ld+json\" class=\"yoast-schema-graph\">{\"@context\":\"https:\/\/schema.org\",\"@graph\":[{\"@type\":\"WebPage\",\"@id\":\"https:\/\/k-time.it\/es\/products\/treatments\/matirya\/over-force\/over-force-tratamiento-intensivo-prevencion-caida\/\",\"url\":\"https:\/\/k-time.it\/es\/products\/treatments\/matirya\/over-force\/over-force-tratamiento-intensivo-prevencion-caida\/\",\"name\":\"Over Force | Tratamiento Intensivo Prevenci\u00f3n Ca\u00edda | K-time\",\"isPartOf\":{\"@id\":\"https:\/\/k-time.it\/en\/#website\"},\"primaryImageOfPage\":{\"@id\":\"https:\/\/k-time.it\/es\/products\/treatments\/matirya\/over-force\/over-force-tratamiento-intensivo-prevencion-caida\/#primaryimage\"},\"image\":{\"@id\":\"https:\/\/k-time.it\/es\/products\/treatments\/matirya\/over-force\/over-force-tratamiento-intensivo-prevencion-caida\/#primaryimage\"},\"thumbnailUrl\":\"https:\/\/k-time.it\/wp-content\/uploads\/2020\/06\/22040_k-time_matirya_over_force_intensive_treatment_hair_loss_prevention.png\",\"datePublished\":\"2020-06-25T14:46:22+00:00\",\"dateModified\":\"2021-06-10T07:30:38+00:00\",\"description\":\"El tratamiento intensivo prevenci\u00f3n ca\u00edda en viales Over Force consiste en una loci\u00f3n dise\u00f1ada para prevenir y combatir las causas de la ca\u00edda estacional del cabello.\",\"breadcrumb\":{\"@id\":\"https:\/\/k-time.it\/es\/products\/treatments\/matirya\/over-force\/over-force-tratamiento-intensivo-prevencion-caida\/#breadcrumb\"},\"inLanguage\":\"es\",\"potentialAction\":[{\"@type\":\"ReadAction\",\"target\":[\"https:\/\/k-time.it\/es\/products\/treatments\/matirya\/over-force\/over-force-tratamiento-intensivo-prevencion-caida\/\"]}]},{\"@type\":\"ImageObject\",\"inLanguage\":\"es\",\"@id\":\"https:\/\/k-time.it\/es\/products\/treatments\/matirya\/over-force\/over-force-tratamiento-intensivo-prevencion-caida\/#primaryimage\",\"url\":\"https:\/\/k-time.it\/wp-content\/uploads\/2020\/06\/22040_k-time_matirya_over_force_intensive_treatment_hair_loss_prevention.png\",\"contentUrl\":\"https:\/\/k-time.it\/wp-content\/uploads\/2020\/06\/22040_k-time_matirya_over_force_intensive_treatment_hair_loss_prevention.png\",\"width\":600,\"height\":600,\"caption\":\"Over Force | Trattamento Intensivo Prevenzione Caduta\"},{\"@type\":\"BreadcrumbList\",\"@id\":\"https:\/\/k-time.it\/es\/products\/treatments\/matirya\/over-force\/over-force-tratamiento-intensivo-prevencion-caida\/#breadcrumb\",\"itemListElement\":[{\"@type\":\"ListItem\",\"position\":1,\"name\":\"Home\",\"item\":\"https:\/\/k-time.it\/es\/\"},{\"@type\":\"ListItem\",\"position\":2,\"name\":\"Shop\",\"item\":\"https:\/\/k-time.it\/en\/negozio\/\"},{\"@type\":\"ListItem\",\"position\":3,\"name\":\"Over Force | Tratamiento Intensivo Prevenci\u00f3n Ca\u00edda\"}]},{\"@type\":\"WebSite\",\"@id\":\"https:\/\/k-time.it\/en\/#website\",\"url\":\"https:\/\/k-time.it\/en\/\",\"name\":\"K-time\",\"description\":\"Hair Spa Treatments\",\"publisher\":{\"@id\":\"https:\/\/k-time.it\/en\/#organization\"},\"potentialAction\":[{\"@type\":\"SearchAction\",\"target\":{\"@type\":\"EntryPoint\",\"urlTemplate\":\"https:\/\/k-time.it\/en\/?s={search_term_string}\"},\"query-input\":{\"@type\":\"PropertyValueSpecification\",\"valueRequired\":true,\"valueName\":\"search_term_string\"}}],\"inLanguage\":\"es\"},{\"@type\":\"Organization\",\"@id\":\"https:\/\/k-time.it\/en\/#organization\",\"name\":\"K-time\",\"url\":\"https:\/\/k-time.it\/en\/\",\"logo\":{\"@type\":\"ImageObject\",\"inLanguage\":\"es\",\"@id\":\"https:\/\/k-time.it\/en\/#\/schema\/logo\/image\/\",\"url\":\"\",\"contentUrl\":\"\",\"caption\":\"K-time\"},\"image\":{\"@id\":\"https:\/\/k-time.it\/en\/#\/schema\/logo\/image\/\"}}]}<\/script>\n<!-- \/ Yoast SEO plugin. -->","yoast_head_json":{"title":"Over Force | Tratamiento Intensivo Prevenci\u00f3n Ca\u00edda | K-time","description":"El tratamiento intensivo prevenci\u00f3n ca\u00edda en viales Over Force consiste en una loci\u00f3n dise\u00f1ada para prevenir y combatir las causas de la ca\u00edda estacional del cabello.","robots":{"index":"index","follow":"follow","max-snippet":"max-snippet:-1","max-image-preview":"max-image-preview:large","max-video-preview":"max-video-preview:-1"},"canonical":"https:\/\/k-time.it\/es\/products\/treatments\/matirya\/over-force\/over-force-tratamiento-intensivo-prevencion-caida\/","og_locale":"es_ES","og_type":"article","og_title":"Over Force | Tratamiento Intensivo Prevenci\u00f3n Ca\u00edda | K-time","og_description":"El tratamiento intensivo prevenci\u00f3n ca\u00edda en viales Over Force consiste en una loci\u00f3n dise\u00f1ada para prevenir y combatir las causas de la ca\u00edda estacional del cabello.","og_url":"https:\/\/k-time.it\/es\/products\/treatments\/matirya\/over-force\/over-force-tratamiento-intensivo-prevencion-caida\/","og_site_name":"K-time","article_modified_time":"2021-06-10T07:30:38+00:00","og_image":[{"width":600,"height":600,"url":"https:\/\/k-time.it\/wp-content\/uploads\/2020\/06\/22040_k-time_matirya_over_force_intensive_treatment_hair_loss_prevention.png","type":"image\/png"}],"twitter_card":"summary_large_image","twitter_misc":{"Tiempo de lectura":"2 minutos"},"schema":{"@context":"https:\/\/schema.org","@graph":[{"@type":"WebPage","@id":"https:\/\/k-time.it\/es\/products\/treatments\/matirya\/over-force\/over-force-tratamiento-intensivo-prevencion-caida\/","url":"https:\/\/k-time.it\/es\/products\/treatments\/matirya\/over-force\/over-force-tratamiento-intensivo-prevencion-caida\/","name":"Over Force | Tratamiento Intensivo Prevenci\u00f3n Ca\u00edda | K-time","isPartOf":{"@id":"https:\/\/k-time.it\/en\/#website"},"primaryImageOfPage":{"@id":"https:\/\/k-time.it\/es\/products\/treatments\/matirya\/over-force\/over-force-tratamiento-intensivo-prevencion-caida\/#primaryimage"},"image":{"@id":"https:\/\/k-time.it\/es\/products\/treatments\/matirya\/over-force\/over-force-tratamiento-intensivo-prevencion-caida\/#primaryimage"},"thumbnailUrl":"https:\/\/k-time.it\/wp-content\/uploads\/2020\/06\/22040_k-time_matirya_over_force_intensive_treatment_hair_loss_prevention.png","datePublished":"2020-06-25T14:46:22+00:00","dateModified":"2021-06-10T07:30:38+00:00","description":"El tratamiento intensivo prevenci\u00f3n ca\u00edda en viales Over Force consiste en una loci\u00f3n dise\u00f1ada para prevenir y combatir las causas de la ca\u00edda estacional del cabello.","breadcrumb":{"@id":"https:\/\/k-time.it\/es\/products\/treatments\/matirya\/over-force\/over-force-tratamiento-intensivo-prevencion-caida\/#breadcrumb"},"inLanguage":"es","potentialAction":[{"@type":"ReadAction","target":["https:\/\/k-time.it\/es\/products\/treatments\/matirya\/over-force\/over-force-tratamiento-intensivo-prevencion-caida\/"]}]},{"@type":"ImageObject","inLanguage":"es","@id":"https:\/\/k-time.it\/es\/products\/treatments\/matirya\/over-force\/over-force-tratamiento-intensivo-prevencion-caida\/#primaryimage","url":"https:\/\/k-time.it\/wp-content\/uploads\/2020\/06\/22040_k-time_matirya_over_force_intensive_treatment_hair_loss_prevention.png","contentUrl":"https:\/\/k-time.it\/wp-content\/uploads\/2020\/06\/22040_k-time_matirya_over_force_intensive_treatment_hair_loss_prevention.png","width":600,"height":600,"caption":"Over Force | Trattamento Intensivo Prevenzione Caduta"},{"@type":"BreadcrumbList","@id":"https:\/\/k-time.it\/es\/products\/treatments\/matirya\/over-force\/over-force-tratamiento-intensivo-prevencion-caida\/#breadcrumb","itemListElement":[{"@type":"ListItem","position":1,"name":"Home","item":"https:\/\/k-time.it\/es\/"},{"@type":"ListItem","position":2,"name":"Shop","item":"https:\/\/k-time.it\/en\/negozio\/"},{"@type":"ListItem","position":3,"name":"Over Force | Tratamiento Intensivo Prevenci\u00f3n Ca\u00edda"}]},{"@type":"WebSite","@id":"https:\/\/k-time.it\/en\/#website","url":"https:\/\/k-time.it\/en\/","name":"K-time","description":"Hair Spa Treatments","publisher":{"@id":"https:\/\/k-time.it\/en\/#organization"},"potentialAction":[{"@type":"SearchAction","target":{"@type":"EntryPoint","urlTemplate":"https:\/\/k-time.it\/en\/?s={search_term_string}"},"query-input":{"@type":"PropertyValueSpecification","valueRequired":true,"valueName":"search_term_string"}}],"inLanguage":"es"},{"@type":"Organization","@id":"https:\/\/k-time.it\/en\/#organization","name":"K-time","url":"https:\/\/k-time.it\/en\/","logo":{"@type":"ImageObject","inLanguage":"es","@id":"https:\/\/k-time.it\/en\/#\/schema\/logo\/image\/","url":"","contentUrl":"","caption":"K-time"},"image":{"@id":"https:\/\/k-time.it\/en\/#\/schema\/logo\/image\/"}}]}},"_links":{"self":[{"href":"https:\/\/k-time.it\/es\/wp-json\/wp\/v2\/product\/6541","targetHints":{"allow":["GET"]}}],"collection":[{"href":"https:\/\/k-time.it\/es\/wp-json\/wp\/v2\/product"}],"about":[{"href":"https:\/\/k-time.it\/es\/wp-json\/wp\/v2\/types\/product"}],"wp:featuredmedia":[{"embeddable":true,"href":"https:\/\/k-time.it\/es\/wp-json\/wp\/v2\/media\/18184"}],"wp:attachment":[{"href":"https:\/\/k-time.it\/es\/wp-json\/wp\/v2\/media?parent=6541"}],"wp:term":[{"taxonomy":"product_brand","embeddable":true,"href":"https:\/\/k-time.it\/es\/wp-json\/wp\/v2\/product_brand?post=6541"},{"taxonomy":"product_cat","embeddable":true,"href":"https:\/\/k-time.it\/es\/wp-json\/wp\/v2\/product_cat?post=6541"},{"taxonomy":"product_tag","embeddable":true,"href":"https:\/\/k-time.it\/es\/wp-json\/wp\/v2\/product_tag?post=6541"}],"curies":[{"name":"wp","href":"https:\/\/api.w.org\/{rel}","templated":true}]}}