{"id":6510,"date":"2020-06-25T16:46:22","date_gmt":"2020-06-25T14:46:22","guid":{"rendered":"https:\/\/k-time.it\/products\/sin%20categor\u00eda\/downdruff-arcilla-verde-purificadora\/"},"modified":"2025-10-07T09:42:02","modified_gmt":"2025-10-07T07:42:02","slug":"downdruff-arcilla-verde-purificadora","status":"publish","type":"product","link":"https:\/\/k-time.it\/es\/products\/treatments\/matirya\/downdruff\/downdruff-arcilla-verde-purificadora\/","title":{"rendered":"Downdruff | Arcilla Verde Purificadora"},"content":{"rendered":"<div class=\"wpb-content-wrapper\"><p>[vc_row disable_element=\u00bbyes\u00bb][vc_column][\/vc_column][\/vc_row][vc_row][vc_column width=\u00bb1\/2&#8243;]<div class=\"standard-arrow list-divider bullet-top\"><h2>Formulaci\u00f3n<\/h2>\n<div id=\"tab-altre-info\">\n<ul>\n<li><strong>Arcilla verde<\/strong>: tiene propiedades absorbentes y desintoxicantes, ya que atrapa bacterias, toxinas y residuos<\/li>\n<li><strong>Piroctona Olamina<\/strong>: con un alto poder anticaspa, ejerce una acci\u00f3n antis\u00e9ptica local y ayuda a restaurar el equilibrio microbiano natural de la piel<\/li>\n<li><strong>Aceite de Neem<\/strong>: antiv\u00edrico, antibacteriano, antiparasitario, antis\u00e9ptico y antif\u00fangico, combate la caspa y ayuda a restaurar la elasticidad natural<\/li>\n<li><strong>Alfahidroxi\u00e1cidos de la fruta<\/strong>: favorecen la regeneraci\u00f3n tisular, aumentan la producci\u00f3n de col\u00e1geno y ejercen una acci\u00f3n hidratante, regeneradora y antioxidante<\/li>\n<\/ul>\n<\/div>\n<\/div>[\/vc_column][vc_column width=\u00bb1\/2&#8243;]<div class=\"standard-arrow list-divider bullet-top\"><h2>Beneficios<\/h2>\n<div id=\"tab-benefits\">\n<ul>\n<li>Ejerce una acci\u00f3n antis\u00e9ptica, antif\u00fangica y antibacteriana<\/li>\n<li>Libera la piel de la caspa grasa y seca<\/li>\n<li>Reduce dr\u00e1sticamente la descamaci\u00f3n de la piel<\/li>\n<li>Purifica y sanea visiblemente el cuero cabelludo<\/li>\n<\/ul>\n<\/div>\n<\/div>[\/vc_column][\/vc_row][vc_row css=\u00bb.vc_custom_1595341806516{padding-top: 50px !important;}\u00bb][vc_column]<div class=\"dt-fancy-separator h2-size style-thick\" style=\"width: 100%;\"><div class=\"dt-fancy-title\" style=\"color: #333333;\"><span class=\"separator-holder separator-left\" style=\"border-color: #f0f0f0;\"><\/span>Rituales<span class=\"separator-holder separator-right\" style=\"border-color: #f0f0f0;\"><\/span><\/div><\/div>[vc_row_inner][vc_column_inner width=\u00bb1\/2&#8243;][vc_empty_space height=\u00bb15px\u00bb]<div class=\"standard-number-list list-divider bullet-top\"><ul>\n<li>\n<h5>K-time Treatment Brush<\/h5>\n<p>Cepillar el cabello con K-time Treatment Brush para eliminar el exceso de impurezas y mojarlo.<\/li>\n<li>\n<h5>Deepure Tratamiento Higi\u00e9nico del Cuero Cabelludo<\/h5>\n<p>Aplicar sobre el cuero cabelludo mojado, realizando un suave masaje con movimientos circulares. Dejar actuar durante 3 minutos. No aclarar.<\/li>\n<li>\n<h5>Downdruff Arcilla Verde Purificadora<\/h5>\n<p>Antes del champ\u00fa, verter el producto dentro del recipiente Glass K-time y distribuirlo con el pincel K-time Treatment sobre el cuero cabelludo h\u00famedo y efectuar un ligero masaje. Dejar actuar 3\/5 minutos y aclarar.<\/li>\n<li>\n<h5>Downdruff Champ\u00fa Purificador<strong><br \/>\n<\/strong><\/h5>\n<p>Sobre el cabello mojado, aplicar y emulsionar el producto realizando un masaje. Aclarar, repetir la operaci\u00f3n dejando actuar durante 2-3 minutos. Aclarar con agua tibia.<\/li>\n<li>\n<h5>Hydralize Fluido Regenerador Delicado<strong><br \/>\n<\/strong><\/h5>\n<p>Despu\u00e9s del champ\u00fa, aplicar sobre toda la longitud del cabello. Dejar actuar 4 minutos. Peinar y aclarar con agua abundante.<\/li>\n<\/ul>\n<\/div>[\/vc_column_inner][vc_column_inner width=\u00bb1\/2&#8243;][vc_empty_space height=\u00bb15px\u00bb][vc_column_text]<\/p>\n<div class=\"wpb_text_column wpb_content_element \">\n<div class=\"wpb_wrapper\">\n<div class=\"wpb_text_column wpb_content_element \">\n<div class=\"wpb_wrapper\">\n<div class=\"wpb_text_column wpb_content_element \">\n<div class=\"wpb_wrapper\">\n<p>Matirya Downdruff es el tratamiento anticaspa K-time que, al ejercer una acci\u00f3n antis\u00e9ptica, antif\u00fangica y antibacteriana, libera la piel de la caspa grasa y seca.<\/p>\n<\/div>\n<\/div>\n<div class=\"wpb_video_widget wpb_content_element vc_clearfix vc_video-aspect-ratio-169 vc_video-el-width-100 vc_video-align-center\">\n<div class=\"wpb_wrapper\"><\/div>\n<\/div>\n<\/div>\n<\/div>\n<div class=\"wpb_video_widget wpb_content_element vc_clearfix vc_video-aspect-ratio-169 vc_video-el-width-100 vc_video-align-center\">\n<div class=\"wpb_wrapper\"><\/div>\n<\/div>\n<\/div>\n<\/div>\n<p>[\/vc_column_text][vc_video link=\u00bbhttps:\/\/youtu.be\/dKqth7i4f0A\u00bb align=\u00bbcenter\u00bb][\/vc_column_inner][\/vc_row_inner][\/vc_column][\/vc_row][vc_row css=\u00bb.vc_custom_1595341818903{padding-top: 50px !important;}\u00bb][vc_column]<div class=\"dt-fancy-separator h2-size style-thick\" style=\"width: 100%;\"><div class=\"dt-fancy-title\" style=\"color: #333333;\"><span class=\"separator-holder separator-left\" style=\"border-color: #f0f0f0;\"><\/span>Productos relacionados<span class=\"separator-holder separator-right\" style=\"border-color: #f0f0f0;\"><\/span><\/div><\/div>[vc_raw_html]W3dwYi1wcm9kdWN0LXNsaWRlci1zaG9ydGNvZGUgaWQ9Ijc5MyJd[\/vc_raw_html][\/vc_column][\/vc_row]<\/p>\n<\/div>","protected":false},"excerpt":{"rendered":"<div class=\"woocommerce-product-details__short-description\">\n<p>La\u00a0<strong>arcilla verde purificadora anticaspa Downdruff\u00a0<\/strong>facilita la eliminaci\u00f3n y reducci\u00f3n de la caspa arraigada en el cuero cabelludo, en sinergia con la\u00a0[glossary_exclude]<strong>Piroctona Olamina\u00a0<\/strong>y los<strong>\u00a0Alfa-hidroxi\u00e1cidos de la fruta<\/strong>.[\/glossary_exclude]<\/p>\n<p>Enriquecida con\u00a0[glossary_exclude]<strong>Aceite de Neem<\/strong>,[\/glossary_exclude] con destacadas propiedades emolientes y antioxidantes, deja el cabello suave y f\u00e1cil de peinar.<\/p>\n<\/div>\n<p>&nbsp;<\/p>\n<p><span style=\"font-weight: 400;\">[vc_row][vc_column][ultimate_exp_section title=\" C\u00f3mo comprar\" new_title=\"Solicita informaci\u00f3n sobre la compra\" text_color=\"#ffffff\" background_color=\"#877650\" text_hovercolor=\"#ffffff\" bghovercolor=\"#877650\" title_active=\"#ffffff\" title_active_bg=\"#877650\" cnt_bg_color=\"#ffffff\" icon=\"icomoon-the7-font-icon-cart-detailed\" new_icon=\"icomoon-the7-font-the7-mail-011\" icon_align=\"left\" icon_size=\"20\" icon_color=\"#ffffff\" icon_hover_color=\"#ffffff\" icon_active_color=\"#ffffff\" title_font_size=\"desktop:16px;\" title_padding=\"padding-top:4px;padding-right:7px;padding-bottom:4px;padding-left:4px;\" icon_margin=\"margin-right:1px;\"][contact-form-7 id=\"496\"][\/ultimate_exp_section][\/vc_column][\/vc_row]<\/span><\/p>\n","protected":false},"featured_media":26522,"template":"","meta":[],"product_brand":[],"product_cat":[493,1040,1041],"product_tag":[],"class_list":{"0":"post-6510","1":"product","2":"type-product","3":"status-publish","4":"has-post-thumbnail","6":"product_cat-treatments","7":"product_cat-matirya","8":"product_cat-downdruff","9":"description-off","11":"first","12":"instock","13":"shipping-taxable","14":"product-type-simple"},"yoast_head":"<!-- This site is optimized with the Yoast SEO plugin v26.8 - https:\/\/yoast.com\/product\/yoast-seo-wordpress\/ -->\n<title>Downdruff | Arcilla Verde Purificadora - K-time<\/title>\n<meta name=\"description\" content=\"Enriquecida con Aceite de Neem, con destacadas propiedades emolientes y antioxidantes, deja el cabello suave y f\u00e1cil de peinar.\" \/>\n<meta name=\"robots\" content=\"index, follow, max-snippet:-1, max-image-preview:large, max-video-preview:-1\" \/>\n<link rel=\"canonical\" href=\"https:\/\/k-time.it\/es\/products\/treatments\/matirya\/downdruff\/downdruff-arcilla-verde-purificadora\/\" \/>\n<meta property=\"og:locale\" content=\"es_ES\" \/>\n<meta property=\"og:type\" content=\"article\" \/>\n<meta property=\"og:title\" content=\"Downdruff | Arcilla Verde Purificadora - K-time\" \/>\n<meta property=\"og:description\" content=\"Enriquecida con Aceite de Neem, con destacadas propiedades emolientes y antioxidantes, deja el cabello suave y f\u00e1cil de peinar.\" \/>\n<meta property=\"og:url\" content=\"https:\/\/k-time.it\/es\/products\/treatments\/matirya\/downdruff\/downdruff-arcilla-verde-purificadora\/\" \/>\n<meta property=\"og:site_name\" content=\"K-time\" \/>\n<meta property=\"article:modified_time\" content=\"2025-10-07T07:42:02+00:00\" \/>\n<meta property=\"og:image\" content=\"https:\/\/k-time.it\/wp-content\/uploads\/2020\/06\/22046_k-time_matirya_downdruff_purifying_green_clay-1.png\" \/>\n\t<meta property=\"og:image:width\" content=\"600\" \/>\n\t<meta property=\"og:image:height\" content=\"600\" \/>\n\t<meta property=\"og:image:type\" content=\"image\/png\" \/>\n<meta name=\"twitter:card\" content=\"summary_large_image\" \/>\n<meta name=\"twitter:label1\" content=\"Tiempo de lectura\" \/>\n\t<meta name=\"twitter:data1\" content=\"2 minutos\" \/>\n<script type=\"application\/ld+json\" class=\"yoast-schema-graph\">{\"@context\":\"https:\/\/schema.org\",\"@graph\":[{\"@type\":\"WebPage\",\"@id\":\"https:\/\/k-time.it\/es\/products\/treatments\/matirya\/downdruff\/downdruff-arcilla-verde-purificadora\/\",\"url\":\"https:\/\/k-time.it\/es\/products\/treatments\/matirya\/downdruff\/downdruff-arcilla-verde-purificadora\/\",\"name\":\"Downdruff | Arcilla Verde Purificadora - K-time\",\"isPartOf\":{\"@id\":\"https:\/\/k-time.it\/en\/#website\"},\"primaryImageOfPage\":{\"@id\":\"https:\/\/k-time.it\/es\/products\/treatments\/matirya\/downdruff\/downdruff-arcilla-verde-purificadora\/#primaryimage\"},\"image\":{\"@id\":\"https:\/\/k-time.it\/es\/products\/treatments\/matirya\/downdruff\/downdruff-arcilla-verde-purificadora\/#primaryimage\"},\"thumbnailUrl\":\"https:\/\/k-time.it\/wp-content\/uploads\/2020\/06\/22046_k-time_matirya_downdruff_purifying_green_clay-1.png\",\"datePublished\":\"2020-06-25T14:46:22+00:00\",\"dateModified\":\"2025-10-07T07:42:02+00:00\",\"description\":\"Enriquecida con Aceite de Neem, con destacadas propiedades emolientes y antioxidantes, deja el cabello suave y f\u00e1cil de peinar.\",\"breadcrumb\":{\"@id\":\"https:\/\/k-time.it\/es\/products\/treatments\/matirya\/downdruff\/downdruff-arcilla-verde-purificadora\/#breadcrumb\"},\"inLanguage\":\"es\",\"potentialAction\":[{\"@type\":\"ReadAction\",\"target\":[\"https:\/\/k-time.it\/es\/products\/treatments\/matirya\/downdruff\/downdruff-arcilla-verde-purificadora\/\"]}]},{\"@type\":\"ImageObject\",\"inLanguage\":\"es\",\"@id\":\"https:\/\/k-time.it\/es\/products\/treatments\/matirya\/downdruff\/downdruff-arcilla-verde-purificadora\/#primaryimage\",\"url\":\"https:\/\/k-time.it\/wp-content\/uploads\/2020\/06\/22046_k-time_matirya_downdruff_purifying_green_clay-1.png\",\"contentUrl\":\"https:\/\/k-time.it\/wp-content\/uploads\/2020\/06\/22046_k-time_matirya_downdruff_purifying_green_clay-1.png\",\"width\":600,\"height\":600},{\"@type\":\"BreadcrumbList\",\"@id\":\"https:\/\/k-time.it\/es\/products\/treatments\/matirya\/downdruff\/downdruff-arcilla-verde-purificadora\/#breadcrumb\",\"itemListElement\":[{\"@type\":\"ListItem\",\"position\":1,\"name\":\"Home\",\"item\":\"https:\/\/k-time.it\/es\/\"},{\"@type\":\"ListItem\",\"position\":2,\"name\":\"Shop\",\"item\":\"https:\/\/k-time.it\/en\/negozio\/\"},{\"@type\":\"ListItem\",\"position\":3,\"name\":\"Downdruff | Arcilla Verde Purificadora\"}]},{\"@type\":\"WebSite\",\"@id\":\"https:\/\/k-time.it\/en\/#website\",\"url\":\"https:\/\/k-time.it\/en\/\",\"name\":\"K-time\",\"description\":\"Hair Spa Treatments\",\"publisher\":{\"@id\":\"https:\/\/k-time.it\/en\/#organization\"},\"potentialAction\":[{\"@type\":\"SearchAction\",\"target\":{\"@type\":\"EntryPoint\",\"urlTemplate\":\"https:\/\/k-time.it\/en\/?s={search_term_string}\"},\"query-input\":{\"@type\":\"PropertyValueSpecification\",\"valueRequired\":true,\"valueName\":\"search_term_string\"}}],\"inLanguage\":\"es\"},{\"@type\":\"Organization\",\"@id\":\"https:\/\/k-time.it\/en\/#organization\",\"name\":\"K-time\",\"url\":\"https:\/\/k-time.it\/en\/\",\"logo\":{\"@type\":\"ImageObject\",\"inLanguage\":\"es\",\"@id\":\"https:\/\/k-time.it\/en\/#\/schema\/logo\/image\/\",\"url\":\"\",\"contentUrl\":\"\",\"caption\":\"K-time\"},\"image\":{\"@id\":\"https:\/\/k-time.it\/en\/#\/schema\/logo\/image\/\"}}]}<\/script>\n<!-- \/ Yoast SEO plugin. -->","yoast_head_json":{"title":"Downdruff | Arcilla Verde Purificadora - K-time","description":"Enriquecida con Aceite de Neem, con destacadas propiedades emolientes y antioxidantes, deja el cabello suave y f\u00e1cil de peinar.","robots":{"index":"index","follow":"follow","max-snippet":"max-snippet:-1","max-image-preview":"max-image-preview:large","max-video-preview":"max-video-preview:-1"},"canonical":"https:\/\/k-time.it\/es\/products\/treatments\/matirya\/downdruff\/downdruff-arcilla-verde-purificadora\/","og_locale":"es_ES","og_type":"article","og_title":"Downdruff | Arcilla Verde Purificadora - K-time","og_description":"Enriquecida con Aceite de Neem, con destacadas propiedades emolientes y antioxidantes, deja el cabello suave y f\u00e1cil de peinar.","og_url":"https:\/\/k-time.it\/es\/products\/treatments\/matirya\/downdruff\/downdruff-arcilla-verde-purificadora\/","og_site_name":"K-time","article_modified_time":"2025-10-07T07:42:02+00:00","og_image":[{"width":600,"height":600,"url":"https:\/\/k-time.it\/wp-content\/uploads\/2020\/06\/22046_k-time_matirya_downdruff_purifying_green_clay-1.png","type":"image\/png"}],"twitter_card":"summary_large_image","twitter_misc":{"Tiempo de lectura":"2 minutos"},"schema":{"@context":"https:\/\/schema.org","@graph":[{"@type":"WebPage","@id":"https:\/\/k-time.it\/es\/products\/treatments\/matirya\/downdruff\/downdruff-arcilla-verde-purificadora\/","url":"https:\/\/k-time.it\/es\/products\/treatments\/matirya\/downdruff\/downdruff-arcilla-verde-purificadora\/","name":"Downdruff | Arcilla Verde Purificadora - K-time","isPartOf":{"@id":"https:\/\/k-time.it\/en\/#website"},"primaryImageOfPage":{"@id":"https:\/\/k-time.it\/es\/products\/treatments\/matirya\/downdruff\/downdruff-arcilla-verde-purificadora\/#primaryimage"},"image":{"@id":"https:\/\/k-time.it\/es\/products\/treatments\/matirya\/downdruff\/downdruff-arcilla-verde-purificadora\/#primaryimage"},"thumbnailUrl":"https:\/\/k-time.it\/wp-content\/uploads\/2020\/06\/22046_k-time_matirya_downdruff_purifying_green_clay-1.png","datePublished":"2020-06-25T14:46:22+00:00","dateModified":"2025-10-07T07:42:02+00:00","description":"Enriquecida con Aceite de Neem, con destacadas propiedades emolientes y antioxidantes, deja el cabello suave y f\u00e1cil de peinar.","breadcrumb":{"@id":"https:\/\/k-time.it\/es\/products\/treatments\/matirya\/downdruff\/downdruff-arcilla-verde-purificadora\/#breadcrumb"},"inLanguage":"es","potentialAction":[{"@type":"ReadAction","target":["https:\/\/k-time.it\/es\/products\/treatments\/matirya\/downdruff\/downdruff-arcilla-verde-purificadora\/"]}]},{"@type":"ImageObject","inLanguage":"es","@id":"https:\/\/k-time.it\/es\/products\/treatments\/matirya\/downdruff\/downdruff-arcilla-verde-purificadora\/#primaryimage","url":"https:\/\/k-time.it\/wp-content\/uploads\/2020\/06\/22046_k-time_matirya_downdruff_purifying_green_clay-1.png","contentUrl":"https:\/\/k-time.it\/wp-content\/uploads\/2020\/06\/22046_k-time_matirya_downdruff_purifying_green_clay-1.png","width":600,"height":600},{"@type":"BreadcrumbList","@id":"https:\/\/k-time.it\/es\/products\/treatments\/matirya\/downdruff\/downdruff-arcilla-verde-purificadora\/#breadcrumb","itemListElement":[{"@type":"ListItem","position":1,"name":"Home","item":"https:\/\/k-time.it\/es\/"},{"@type":"ListItem","position":2,"name":"Shop","item":"https:\/\/k-time.it\/en\/negozio\/"},{"@type":"ListItem","position":3,"name":"Downdruff | Arcilla Verde Purificadora"}]},{"@type":"WebSite","@id":"https:\/\/k-time.it\/en\/#website","url":"https:\/\/k-time.it\/en\/","name":"K-time","description":"Hair Spa Treatments","publisher":{"@id":"https:\/\/k-time.it\/en\/#organization"},"potentialAction":[{"@type":"SearchAction","target":{"@type":"EntryPoint","urlTemplate":"https:\/\/k-time.it\/en\/?s={search_term_string}"},"query-input":{"@type":"PropertyValueSpecification","valueRequired":true,"valueName":"search_term_string"}}],"inLanguage":"es"},{"@type":"Organization","@id":"https:\/\/k-time.it\/en\/#organization","name":"K-time","url":"https:\/\/k-time.it\/en\/","logo":{"@type":"ImageObject","inLanguage":"es","@id":"https:\/\/k-time.it\/en\/#\/schema\/logo\/image\/","url":"","contentUrl":"","caption":"K-time"},"image":{"@id":"https:\/\/k-time.it\/en\/#\/schema\/logo\/image\/"}}]}},"_links":{"self":[{"href":"https:\/\/k-time.it\/es\/wp-json\/wp\/v2\/product\/6510","targetHints":{"allow":["GET"]}}],"collection":[{"href":"https:\/\/k-time.it\/es\/wp-json\/wp\/v2\/product"}],"about":[{"href":"https:\/\/k-time.it\/es\/wp-json\/wp\/v2\/types\/product"}],"wp:featuredmedia":[{"embeddable":true,"href":"https:\/\/k-time.it\/es\/wp-json\/wp\/v2\/media\/26522"}],"wp:attachment":[{"href":"https:\/\/k-time.it\/es\/wp-json\/wp\/v2\/media?parent=6510"}],"wp:term":[{"taxonomy":"product_brand","embeddable":true,"href":"https:\/\/k-time.it\/es\/wp-json\/wp\/v2\/product_brand?post=6510"},{"taxonomy":"product_cat","embeddable":true,"href":"https:\/\/k-time.it\/es\/wp-json\/wp\/v2\/product_cat?post=6510"},{"taxonomy":"product_tag","embeddable":true,"href":"https:\/\/k-time.it\/es\/wp-json\/wp\/v2\/product_tag?post=6510"}],"curies":[{"name":"wp","href":"https:\/\/api.w.org\/{rel}","templated":true}]}}