{"id":6495,"date":"2020-06-25T16:46:22","date_gmt":"2020-06-25T14:46:22","guid":{"rendered":"https:\/\/k-time.it\/products\/sin%20categor\u00eda\/sebolution-champu-normalizador-sebo-regulador\/"},"modified":"2021-04-22T15:36:03","modified_gmt":"2021-04-22T13:36:03","slug":"sebolution-champu-normalizador-sebo-regulador","status":"publish","type":"product","link":"https:\/\/k-time.it\/es\/products\/treatments\/matirya\/sebolution\/sebolution-champu-normalizador-sebo-regulador\/","title":{"rendered":"Sebolution | Champ\u00fa Normalizador Sebo-regulador"},"content":{"rendered":"<div class=\"wpb-content-wrapper\"><p>[vc_row disable_element=\u00bbyes\u00bb][vc_column][\/vc_column][\/vc_row][vc_row][vc_column width=\u00bb1\/2&#8243;]<div class=\"standard-arrow list-divider bullet-top\"><h2>Formulaci\u00f3n<\/h2>\n<div id=\"tab-altre-info\">\n<ul>\n<li><strong>Biovector de Glicina<\/strong>: contrarresta el exceso de seborrea, tanto l\u00edquida como s\u00f3lida, regulando y normalizando su producci\u00f3n<\/li>\n<li><strong>Extracto de\u00a0Altea<\/strong>: un eficaz antiinflamatorio natural que ejerce una acci\u00f3n emoliente y protectora profunda<\/li>\n<\/ul>\n<\/div>\n<\/div>[\/vc_column][vc_column width=\u00bb1\/2&#8243;]<div class=\"standard-arrow list-divider bullet-top\"><h2>Beneficios<\/h2>\n<ul>\n<li>Limpia delicadamente<\/li>\n<li>Normaliza la piel<\/li>\n<li>Reequilibra la producci\u00f3n de sebo capilar<\/li>\n<\/ul>\n<\/div>[\/vc_column][\/vc_row][vc_row css=\u00bb.vc_custom_1595341806516{padding-top: 50px !important;}\u00bb][vc_column]<div class=\"dt-fancy-separator h2-size style-thick\" style=\"width: 100%;\"><div class=\"dt-fancy-title\" style=\"color: #333333;\"><span class=\"separator-holder separator-left\" style=\"border-color: #f0f0f0;\"><\/span>Rituales<span class=\"separator-holder separator-right\" style=\"border-color: #f0f0f0;\"><\/span><\/div><\/div>[vc_row_inner][vc_column_inner width=\u00bb1\/2&#8243;][vc_empty_space height=\u00bb15px\u00bb]<div class=\"standard-number-list list-divider bullet-top\"><ul>\n<li>\n<h5>K-time Treatment Brush<\/h5>\n<p>Cepillar el cabello con K-time Treatment Brush para eliminar el exceso de impurezas y mojarlo.<\/li>\n<li>\n<h5>Deepure Tratamiento Higi\u00e9nico del Cuero Cabelludo<\/h5>\n<p>Aplicar sobre el cuero cabelludo mojado, realizando un suave masaje con movimientos circulares. Dejar actuar durante 3 minutos. No aclarar.<\/li>\n<li>\n<h5>Sebolution Arcilla Blanca Equilibradora<\/h5>\n<p>Antes de aplicar el champ\u00fa, verter el producto dentro del recipiente Glass K-time y distribuirlo con el pincel K-time Treatment sobre el cuero cabelludo mojado y efectuar un ligero masaje. Dejar actuar 3\/5 minutos y aclarar.<\/li>\n<li>\n<h5>Seboluci\u00f3n Champ\u00fa Normalizador<\/h5>\n<p>Aplicar sobre el cuero cabelludo y el cabello mojados, y emulsionar. Repetir la operaci\u00f3n, dejar actuar durante 3 minutos y aclarar.<\/li>\n<li>\n<h5>Hydralize Fluido Regenerador Delicado<strong><br \/>\n<\/strong><\/h5>\n<p>Despu\u00e9s del champ\u00fa, aplicar sobre toda la longitud del cabello. Dejar actuar 4 minutos. Peinar y aclarar con agua abundante.<\/li>\n<\/ul>\n<\/div>[\/vc_column_inner][vc_column_inner width=\u00bb1\/2&#8243;][vc_empty_space height=\u00bb15px\u00bb][vc_column_text]<\/p>\n<div class=\"wpb_text_column wpb_content_element \">\n<div class=\"wpb_wrapper\">\n<div class=\"wpb_text_column wpb_content_element \">\n<div class=\"wpb_wrapper\">\n<p>Matirya Sebolution es la transformaci\u00f3n que esperabas. Ejerce una acci\u00f3n normalizadora de la secreci\u00f3n seb\u00e1cea, evitando que se debilite el cabello.<\/p>\n<\/div>\n<\/div>\n<div class=\"wpb_video_widget wpb_content_element vc_clearfix vc_video-aspect-ratio-169 vc_video-el-width-100 vc_video-align-center\">\n<div class=\"wpb_wrapper\"><\/div>\n<\/div>\n<\/div>\n<\/div>\n<div class=\"wpb_video_widget wpb_content_element vc_clearfix vc_video-aspect-ratio-169 vc_video-el-width-100 vc_video-align-center\">\n<div class=\"wpb_wrapper\"><\/div>\n<\/div>\n<p>[\/vc_column_text][vc_video link=\u00bbhttps:\/\/youtu.be\/z53LwtXvGXU\u00bb align=\u00bbcenter\u00bb][\/vc_column_inner][\/vc_row_inner][\/vc_column][\/vc_row][vc_row css=\u00bb.vc_custom_1595341818903{padding-top: 50px !important;}\u00bb][vc_column]<div class=\"dt-fancy-separator h2-size style-thick\" style=\"width: 100%;\"><div class=\"dt-fancy-title\" style=\"color: #333333;\"><span class=\"separator-holder separator-left\" style=\"border-color: #f0f0f0;\"><\/span>Productos relacionados<span class=\"separator-holder separator-right\" style=\"border-color: #f0f0f0;\"><\/span><\/div><\/div>[vc_raw_html]W3dwYi1wcm9kdWN0LXNsaWRlci1zaG9ydGNvZGUgaWQ9IjgwMyJd[\/vc_raw_html][\/vc_column][\/vc_row]<\/p>\n<\/div>","protected":false},"excerpt":{"rendered":"<p>El\u00a0<strong>champ\u00fa regulador del sebo Sebolution<\/strong>\u00a0con propiedades normalizadoras, gracias al\u00a0<strong>[glossary_exclude]Biovector de Glicina[\/glossary_exclude]<\/strong>, reequilibra la piel y la producci\u00f3n de sebo capilar.<\/p>\n<p>Ejerce una acci\u00f3n limpiadora delicada, coadyuvada por el\u00a0<strong>[glossary_exclude]extracto de Altea[\/glossary_exclude]<\/strong>, de conocidas propiedades emolientes, lenitivas y protectoras.<\/p>\n<p>Formato 250 ml<\/p>\n<p>&nbsp;<\/p>\n<p><span style=\"font-weight: 400\">[vc_row][vc_column][ultimate_exp_section title=\" C\u00f3mo comprar\" new_title=\"Solicita informaci\u00f3n sobre la compra\" text_color=\"#ffffff\" background_color=\"#877650\" text_hovercolor=\"#ffffff\" bghovercolor=\"#877650\" title_active=\"#ffffff\" title_active_bg=\"#877650\" cnt_bg_color=\"#ffffff\" icon=\"icomoon-the7-font-icon-cart-detailed\" new_icon=\"icomoon-the7-font-the7-mail-011\" icon_align=\"left\" icon_size=\"20\" icon_color=\"#ffffff\" icon_hover_color=\"#ffffff\" icon_active_color=\"#ffffff\" title_font_size=\"desktop:16px;\" title_padding=\"padding-top:4px;padding-right:7px;padding-bottom:4px;padding-left:4px;\" icon_margin=\"margin-right:1px;\"][contact-form-7 id=\"496\"][\/ultimate_exp_section][\/vc_column][\/vc_row]<\/span><\/p>\n","protected":false},"featured_media":18212,"template":"","meta":[],"product_brand":[],"product_cat":[493,1040,1044],"product_tag":[],"class_list":{"0":"post-6495","1":"product","2":"type-product","3":"status-publish","4":"has-post-thumbnail","6":"product_cat-treatments","7":"product_cat-matirya","8":"product_cat-sebolution","9":"description-off","11":"first","12":"instock","13":"shipping-taxable","14":"product-type-simple"},"yoast_head":"<!-- This site is optimized with the Yoast SEO plugin v26.8 - https:\/\/yoast.com\/product\/yoast-seo-wordpress\/ -->\n<title>Sebolution | Champ\u00fa Normalizador Sebo-regulador - K-time<\/title>\n<meta name=\"description\" content=\"El champ\u00fa regulador del sebo Sebolution con propiedades normalizadoras, gracias al Biovector de Glicina, reequilibra la piel y la producci\u00f3n de sebo capilar.\" \/>\n<meta name=\"robots\" content=\"index, follow, max-snippet:-1, max-image-preview:large, max-video-preview:-1\" \/>\n<link rel=\"canonical\" href=\"https:\/\/k-time.it\/products\/treatments\/matirya\/sebolution\/sebolution-shampoo-normalizzante-sebo-regolatore\/\" \/>\n<meta property=\"og:locale\" content=\"es_ES\" \/>\n<meta property=\"og:type\" content=\"article\" \/>\n<meta property=\"og:title\" content=\"Sebolution | Champ\u00fa Normalizador Sebo-regulador - K-time\" \/>\n<meta property=\"og:description\" content=\"El champ\u00fa regulador del sebo Sebolution con propiedades normalizadoras, gracias al Biovector de Glicina, reequilibra la piel y la producci\u00f3n de sebo capilar.\" \/>\n<meta property=\"og:url\" content=\"https:\/\/k-time.it\/products\/treatments\/matirya\/sebolution\/sebolution-shampoo-normalizzante-sebo-regolatore\/\" \/>\n<meta property=\"og:site_name\" content=\"K-time\" \/>\n<meta property=\"article:modified_time\" content=\"2021-04-22T13:36:03+00:00\" \/>\n<meta property=\"og:image\" content=\"https:\/\/k-time.it\/wp-content\/uploads\/2020\/06\/22043_k-time_matirya_sebolution_sebo-balancing_normalizing_shampoo_250ml.png\" \/>\n\t<meta property=\"og:image:width\" content=\"600\" \/>\n\t<meta property=\"og:image:height\" content=\"600\" \/>\n\t<meta property=\"og:image:type\" content=\"image\/png\" \/>\n<meta name=\"twitter:card\" content=\"summary_large_image\" \/>\n<meta name=\"twitter:label1\" content=\"Tiempo de lectura\" \/>\n\t<meta name=\"twitter:data1\" content=\"2 minutos\" \/>\n<script type=\"application\/ld+json\" class=\"yoast-schema-graph\">{\"@context\":\"https:\/\/schema.org\",\"@graph\":[{\"@type\":\"WebPage\",\"@id\":\"https:\/\/k-time.it\/products\/treatments\/matirya\/sebolution\/sebolution-shampoo-normalizzante-sebo-regolatore\/\",\"url\":\"https:\/\/k-time.it\/products\/treatments\/matirya\/sebolution\/sebolution-shampoo-normalizzante-sebo-regolatore\/\",\"name\":\"Sebolution | Champ\u00fa Normalizador Sebo-regulador - K-time\",\"isPartOf\":{\"@id\":\"https:\/\/k-time.it\/en\/#website\"},\"primaryImageOfPage\":{\"@id\":\"https:\/\/k-time.it\/products\/treatments\/matirya\/sebolution\/sebolution-shampoo-normalizzante-sebo-regolatore\/#primaryimage\"},\"image\":{\"@id\":\"https:\/\/k-time.it\/products\/treatments\/matirya\/sebolution\/sebolution-shampoo-normalizzante-sebo-regolatore\/#primaryimage\"},\"thumbnailUrl\":\"https:\/\/k-time.it\/wp-content\/uploads\/2020\/06\/22043_k-time_matirya_sebolution_sebo-balancing_normalizing_shampoo_250ml.png\",\"datePublished\":\"2020-06-25T14:46:22+00:00\",\"dateModified\":\"2021-04-22T13:36:03+00:00\",\"description\":\"El champ\u00fa regulador del sebo Sebolution con propiedades normalizadoras, gracias al Biovector de Glicina, reequilibra la piel y la producci\u00f3n de sebo capilar.\",\"breadcrumb\":{\"@id\":\"https:\/\/k-time.it\/products\/treatments\/matirya\/sebolution\/sebolution-shampoo-normalizzante-sebo-regolatore\/#breadcrumb\"},\"inLanguage\":\"es\",\"potentialAction\":[{\"@type\":\"ReadAction\",\"target\":[\"https:\/\/k-time.it\/products\/treatments\/matirya\/sebolution\/sebolution-shampoo-normalizzante-sebo-regolatore\/\"]}]},{\"@type\":\"ImageObject\",\"inLanguage\":\"es\",\"@id\":\"https:\/\/k-time.it\/products\/treatments\/matirya\/sebolution\/sebolution-shampoo-normalizzante-sebo-regolatore\/#primaryimage\",\"url\":\"https:\/\/k-time.it\/wp-content\/uploads\/2020\/06\/22043_k-time_matirya_sebolution_sebo-balancing_normalizing_shampoo_250ml.png\",\"contentUrl\":\"https:\/\/k-time.it\/wp-content\/uploads\/2020\/06\/22043_k-time_matirya_sebolution_sebo-balancing_normalizing_shampoo_250ml.png\",\"width\":600,\"height\":600},{\"@type\":\"BreadcrumbList\",\"@id\":\"https:\/\/k-time.it\/products\/treatments\/matirya\/sebolution\/sebolution-shampoo-normalizzante-sebo-regolatore\/#breadcrumb\",\"itemListElement\":[{\"@type\":\"ListItem\",\"position\":1,\"name\":\"Home\",\"item\":\"https:\/\/k-time.it\/es\/\"},{\"@type\":\"ListItem\",\"position\":2,\"name\":\"Shop\",\"item\":\"https:\/\/k-time.it\/en\/negozio\/\"},{\"@type\":\"ListItem\",\"position\":3,\"name\":\"Sebolution | Champ\u00fa Normalizador Sebo-regulador\"}]},{\"@type\":\"WebSite\",\"@id\":\"https:\/\/k-time.it\/en\/#website\",\"url\":\"https:\/\/k-time.it\/en\/\",\"name\":\"K-time\",\"description\":\"Hair Spa Treatments\",\"publisher\":{\"@id\":\"https:\/\/k-time.it\/en\/#organization\"},\"potentialAction\":[{\"@type\":\"SearchAction\",\"target\":{\"@type\":\"EntryPoint\",\"urlTemplate\":\"https:\/\/k-time.it\/en\/?s={search_term_string}\"},\"query-input\":{\"@type\":\"PropertyValueSpecification\",\"valueRequired\":true,\"valueName\":\"search_term_string\"}}],\"inLanguage\":\"es\"},{\"@type\":\"Organization\",\"@id\":\"https:\/\/k-time.it\/en\/#organization\",\"name\":\"K-time\",\"url\":\"https:\/\/k-time.it\/en\/\",\"logo\":{\"@type\":\"ImageObject\",\"inLanguage\":\"es\",\"@id\":\"https:\/\/k-time.it\/en\/#\/schema\/logo\/image\/\",\"url\":\"\",\"contentUrl\":\"\",\"caption\":\"K-time\"},\"image\":{\"@id\":\"https:\/\/k-time.it\/en\/#\/schema\/logo\/image\/\"}}]}<\/script>\n<!-- \/ Yoast SEO plugin. -->","yoast_head_json":{"title":"Sebolution | Champ\u00fa Normalizador Sebo-regulador - K-time","description":"El champ\u00fa regulador del sebo Sebolution con propiedades normalizadoras, gracias al Biovector de Glicina, reequilibra la piel y la producci\u00f3n de sebo capilar.","robots":{"index":"index","follow":"follow","max-snippet":"max-snippet:-1","max-image-preview":"max-image-preview:large","max-video-preview":"max-video-preview:-1"},"canonical":"https:\/\/k-time.it\/products\/treatments\/matirya\/sebolution\/sebolution-shampoo-normalizzante-sebo-regolatore\/","og_locale":"es_ES","og_type":"article","og_title":"Sebolution | Champ\u00fa Normalizador Sebo-regulador - K-time","og_description":"El champ\u00fa regulador del sebo Sebolution con propiedades normalizadoras, gracias al Biovector de Glicina, reequilibra la piel y la producci\u00f3n de sebo capilar.","og_url":"https:\/\/k-time.it\/products\/treatments\/matirya\/sebolution\/sebolution-shampoo-normalizzante-sebo-regolatore\/","og_site_name":"K-time","article_modified_time":"2021-04-22T13:36:03+00:00","og_image":[{"width":600,"height":600,"url":"https:\/\/k-time.it\/wp-content\/uploads\/2020\/06\/22043_k-time_matirya_sebolution_sebo-balancing_normalizing_shampoo_250ml.png","type":"image\/png"}],"twitter_card":"summary_large_image","twitter_misc":{"Tiempo de lectura":"2 minutos"},"schema":{"@context":"https:\/\/schema.org","@graph":[{"@type":"WebPage","@id":"https:\/\/k-time.it\/products\/treatments\/matirya\/sebolution\/sebolution-shampoo-normalizzante-sebo-regolatore\/","url":"https:\/\/k-time.it\/products\/treatments\/matirya\/sebolution\/sebolution-shampoo-normalizzante-sebo-regolatore\/","name":"Sebolution | Champ\u00fa Normalizador Sebo-regulador - K-time","isPartOf":{"@id":"https:\/\/k-time.it\/en\/#website"},"primaryImageOfPage":{"@id":"https:\/\/k-time.it\/products\/treatments\/matirya\/sebolution\/sebolution-shampoo-normalizzante-sebo-regolatore\/#primaryimage"},"image":{"@id":"https:\/\/k-time.it\/products\/treatments\/matirya\/sebolution\/sebolution-shampoo-normalizzante-sebo-regolatore\/#primaryimage"},"thumbnailUrl":"https:\/\/k-time.it\/wp-content\/uploads\/2020\/06\/22043_k-time_matirya_sebolution_sebo-balancing_normalizing_shampoo_250ml.png","datePublished":"2020-06-25T14:46:22+00:00","dateModified":"2021-04-22T13:36:03+00:00","description":"El champ\u00fa regulador del sebo Sebolution con propiedades normalizadoras, gracias al Biovector de Glicina, reequilibra la piel y la producci\u00f3n de sebo capilar.","breadcrumb":{"@id":"https:\/\/k-time.it\/products\/treatments\/matirya\/sebolution\/sebolution-shampoo-normalizzante-sebo-regolatore\/#breadcrumb"},"inLanguage":"es","potentialAction":[{"@type":"ReadAction","target":["https:\/\/k-time.it\/products\/treatments\/matirya\/sebolution\/sebolution-shampoo-normalizzante-sebo-regolatore\/"]}]},{"@type":"ImageObject","inLanguage":"es","@id":"https:\/\/k-time.it\/products\/treatments\/matirya\/sebolution\/sebolution-shampoo-normalizzante-sebo-regolatore\/#primaryimage","url":"https:\/\/k-time.it\/wp-content\/uploads\/2020\/06\/22043_k-time_matirya_sebolution_sebo-balancing_normalizing_shampoo_250ml.png","contentUrl":"https:\/\/k-time.it\/wp-content\/uploads\/2020\/06\/22043_k-time_matirya_sebolution_sebo-balancing_normalizing_shampoo_250ml.png","width":600,"height":600},{"@type":"BreadcrumbList","@id":"https:\/\/k-time.it\/products\/treatments\/matirya\/sebolution\/sebolution-shampoo-normalizzante-sebo-regolatore\/#breadcrumb","itemListElement":[{"@type":"ListItem","position":1,"name":"Home","item":"https:\/\/k-time.it\/es\/"},{"@type":"ListItem","position":2,"name":"Shop","item":"https:\/\/k-time.it\/en\/negozio\/"},{"@type":"ListItem","position":3,"name":"Sebolution | Champ\u00fa Normalizador Sebo-regulador"}]},{"@type":"WebSite","@id":"https:\/\/k-time.it\/en\/#website","url":"https:\/\/k-time.it\/en\/","name":"K-time","description":"Hair Spa Treatments","publisher":{"@id":"https:\/\/k-time.it\/en\/#organization"},"potentialAction":[{"@type":"SearchAction","target":{"@type":"EntryPoint","urlTemplate":"https:\/\/k-time.it\/en\/?s={search_term_string}"},"query-input":{"@type":"PropertyValueSpecification","valueRequired":true,"valueName":"search_term_string"}}],"inLanguage":"es"},{"@type":"Organization","@id":"https:\/\/k-time.it\/en\/#organization","name":"K-time","url":"https:\/\/k-time.it\/en\/","logo":{"@type":"ImageObject","inLanguage":"es","@id":"https:\/\/k-time.it\/en\/#\/schema\/logo\/image\/","url":"","contentUrl":"","caption":"K-time"},"image":{"@id":"https:\/\/k-time.it\/en\/#\/schema\/logo\/image\/"}}]}},"_links":{"self":[{"href":"https:\/\/k-time.it\/es\/wp-json\/wp\/v2\/product\/6495","targetHints":{"allow":["GET"]}}],"collection":[{"href":"https:\/\/k-time.it\/es\/wp-json\/wp\/v2\/product"}],"about":[{"href":"https:\/\/k-time.it\/es\/wp-json\/wp\/v2\/types\/product"}],"wp:featuredmedia":[{"embeddable":true,"href":"https:\/\/k-time.it\/es\/wp-json\/wp\/v2\/media\/18212"}],"wp:attachment":[{"href":"https:\/\/k-time.it\/es\/wp-json\/wp\/v2\/media?parent=6495"}],"wp:term":[{"taxonomy":"product_brand","embeddable":true,"href":"https:\/\/k-time.it\/es\/wp-json\/wp\/v2\/product_brand?post=6495"},{"taxonomy":"product_cat","embeddable":true,"href":"https:\/\/k-time.it\/es\/wp-json\/wp\/v2\/product_cat?post=6495"},{"taxonomy":"product_tag","embeddable":true,"href":"https:\/\/k-time.it\/es\/wp-json\/wp\/v2\/product_tag?post=6495"}],"curies":[{"name":"wp","href":"https:\/\/api.w.org\/{rel}","templated":true}]}}