{"id":6478,"date":"2020-06-25T16:46:28","date_gmt":"2020-06-25T14:46:28","guid":{"rendered":"https:\/\/k-time.it\/products\/sin%20categor\u00eda\/wild-waves-locion-onduladora-para-cabello-tenido\/"},"modified":"2021-06-23T18:47:12","modified_gmt":"2021-06-23T16:47:12","slug":"wild-waves-locion-onduladora-para-cabello-tenido","status":"publish","type":"product","link":"https:\/\/k-time.it\/es\/products\/salon-technics\/wild-waves-es\/wild-waves-locion-onduladora-para-cabello-tenido\/","title":{"rendered":"Wild Waves | Loci\u00f3n Onduladora para cabello te\u00f1ido"},"content":{"rendered":"<div class=\"wpb-content-wrapper\"><p>[vc_row disable_element=\u00bbyes\u00bb][vc_column]<div class=\"ult_exp_section_layer ult-adjust-bottom-margin  \" >\n\t\t<div id=\"uvc-exp-wrap-1626\" role=\"button\" tabindex=\"0\" aria-pressed=\"false\"  data-ultimate-target='#uvc-exp-wrap-1626'  data-responsive-json-new='{\"font-size\":\"desktop:16px;\",\"line-height\":\"desktop:20px;\"}'  class=\"ult_exp_section  ult-responsive \" style=\"color:#ffffff;background-color:#877650; font-weight:normal; padding-top:4px;padding-right:7px;padding-bottom:4px;padding-left:4px;text-align:center;\" data-textcolor=\"#ffffff\"data-texthover=\"#ffffff\"data-icncolor=\"#ffffff\"data-ihover=\"#ffffff\"data-height=\"0\"data-cntbg=\"#877650\"data-cnthvrbg=\"#877650\"data-headerbg=\"#877650\"data-headerhover=\"#877650\"data-title=\"Come acquistare\"data-newtitle=\"Richiedi info sull&#039;acquisto\"data-icon=\"icomoon-the7-font-icon-cart-detailed\"data-newicon=\"icomoon-the7-font-the7-mail-011\"data-activeicon=\"#ffffff\"data-effect=\"slideToggle\"data-override=\"0\"data-activetitle=\"#ffffff\"data-activebg=\"#877650\"data-img=\"\"data-newimg=\"\"><div class=\"ult_exp_section-main ult_expleft_icon\">\t<div class=\"ult-just-icon-wrapper ult_exp_icon\">\n\t\t\t\t\t<div class=\"align-icon \">\n\t\t\t\t\t\t\n<span class=\"aio-icon  none  ult_expsection_icon \"  style=\"color:#ffffff;font-size:20px;\">\n\t<i class=\"icomoon-the7-font-icon-cart-detailed ult_ex_icon\"  ><\/i>\n<\/span>\n\t\t\t\t\t<\/div>\n\t\t\t\t<\/div>\n\t\t\t\t<div class=\"ult_expheader\" >Come acquistare\n\t\t\t\t<\/div>\n\t\t\t<\/div>\n\t\t<\/div><div class=\"ult_exp_content \" style=\"background-color:#ffffff;  \"><div class=\"ult_ecpsub_cont\" style=\" \" >\n<div class=\"wpcf7 no-js\" id=\"wpcf7-f5341-o1\" lang=\"es-ES\" dir=\"ltr\" data-wpcf7-id=\"5341\">\n<div class=\"screen-reader-response\"><p role=\"status\" aria-live=\"polite\" aria-atomic=\"true\"><\/p> <ul><\/ul><\/div>\n<form action=\"\/es\/wp-json\/wp\/v2\/product\/6478#wpcf7-f5341-o1\" method=\"post\" class=\"wpcf7-form init\" aria-label=\"Formulario de contacto\" novalidate=\"novalidate\" data-status=\"init\">\n<fieldset class=\"hidden-fields-container\"><input type=\"hidden\" name=\"_wpcf7\" value=\"5341\" \/><input type=\"hidden\" name=\"_wpcf7_version\" value=\"6.1.4\" \/><input type=\"hidden\" name=\"_wpcf7_locale\" value=\"es_ES\" \/><input type=\"hidden\" name=\"_wpcf7_unit_tag\" value=\"wpcf7-f5341-o1\" \/><input type=\"hidden\" name=\"_wpcf7_container_post\" value=\"0\" \/><input type=\"hidden\" name=\"_wpcf7_posted_data_hash\" value=\"\" \/><input type=\"hidden\" name=\"_wpcf7_recaptcha_response\" value=\"\" \/>\n<\/fieldset>\n<p>Nombre\/Apellido*\n<\/p>\n<p><span class=\"wpcf7-form-control-wrap\" data-name=\"your-name\"><input size=\"40\" maxlength=\"400\" class=\"wpcf7-form-control wpcf7-text wpcf7-validates-as-required\" aria-required=\"true\" aria-invalid=\"false\" value=\"\" type=\"text\" name=\"your-name\" \/><\/span>\n<\/p>\n<p>Correo electr\u00f3nico*\n<\/p>\n<p><span class=\"wpcf7-form-control-wrap\" data-name=\"your-email\"><input size=\"40\" maxlength=\"400\" class=\"wpcf7-form-control wpcf7-email wpcf7-validates-as-required wpcf7-text wpcf7-validates-as-email\" aria-required=\"true\" aria-invalid=\"false\" value=\"\" type=\"email\" name=\"your-email\" \/><\/span>\n<\/p>\n<p>Estatus:*\n<\/p>\n<p><span class=\"wpcf7-form-control-wrap\" data-name=\"status\"><span class=\"wpcf7-form-control wpcf7-checkbox wpcf7-validates-as-required wpcf7-exclusive-checkbox\"><span class=\"wpcf7-list-item first\"><span class=\"wpcf7-list-item-label\">Profesional<\/span><input type=\"checkbox\" name=\"status\" value=\"Profesional\" \/><\/span><span class=\"wpcf7-list-item\"><span class=\"wpcf7-list-item-label\">Distribuidor<\/span><input type=\"checkbox\" name=\"status\" value=\"Distribuidor\" \/><\/span><span class=\"wpcf7-list-item last\"><span class=\"wpcf7-list-item-label\">Otro<\/span><input type=\"checkbox\" name=\"status\" value=\"Otro\" \/><\/span><\/span><\/span>\n<\/p>\n<p>Pa\u00eds*\n<\/p>\n<p><span class=\"wpcf7-form-control-wrap\" data-name=\"country\"><input size=\"40\" maxlength=\"400\" class=\"wpcf7-form-control wpcf7-text wpcf7-validates-as-required\" aria-required=\"true\" aria-invalid=\"false\" value=\"\" type=\"text\" name=\"country\" \/><\/span>\n<\/p>\n<p>Mensaje*\n<\/p>\n<p><span class=\"wpcf7-form-control-wrap\" data-name=\"your-message\"><textarea cols=\"40\" rows=\"10\" maxlength=\"2000\" class=\"wpcf7-form-control wpcf7-textarea wpcf7-validates-as-required\" aria-required=\"true\" aria-invalid=\"false\" name=\"your-message\"><\/textarea><\/span>\n<\/p>\n<p><span class=\"wpcf7-form-control-wrap\" data-name=\"acceptance-20\"><span class=\"wpcf7-form-control wpcf7-acceptance\"><span class=\"wpcf7-list-item\"><input type=\"checkbox\" name=\"acceptance-20\" value=\"1\" aria-invalid=\"false\" \/><\/span><\/span><\/span> I express my informed, specific and unconditional consent for the company Comprof Milano Srl to proceed with the processing of my personal data to process the requests for information transmitted, as better described in the <a href=\"https:\/\/k-time.it\/es\/privacy-policy\/\" target=\"_blank\" rel=\"noopener\">Privacy Policy<\/a>*\n<\/p>\n<p><small> Este sitio est\u00e1 protegido por Google reCAPTCHA <a href=\"https:\/\/policies.google.com\/privacy\"> Pol\u00edtica de privacidad <\/a> y <a href = \"https:\/\/policies.google.com\/ terms \"> Condiciones de servicio <\/a>. <\/small>\n<\/p>\n<p><input class=\"wpcf7-form-control wpcf7-submit has-spinner\" type=\"submit\" value=\"Enviar\" \/>\n<\/p><div class=\"wpcf7-response-output\" aria-hidden=\"true\"><\/div>\n<\/form>\n<\/div>\n<\/div><\/div>\n\n\t\t\t<\/div>[\/vc_column][\/vc_row][vc_row][vc_column width=\u00bb1\/2&#8243;]<div class=\"standard-arrow list-divider bullet-top\"><h2>Formulaci\u00f3n<\/h2>\n<ul>\n<li>No contiene\u00a0<strong>ni\u00a0tioglicolatos\u00a0ni\u00a0amon\u00edaco<\/strong><\/li>\n<li><strong>Trehalosa<\/strong>:\u00a0agente protector e hidratante de gran potencia cosm\u00e9tica<\/li>\n<li><strong>Sistema integrado de protecci\u00f3n regeneradora<\/strong>: con efecto antirrotura y fortificante<\/li>\n<\/ul>\n<\/div>[\/vc_column][vc_column width=\u00bb1\/2&#8243;]<div class=\"standard-arrow list-divider bullet-top\"><h2>Beneficios<\/h2>\n<ul>\n<li>Cabello rizado\u00a0definido y brillante<\/li>\n<li>Textura y volumen, hidrataci\u00f3n ideal para cabellos te\u00f1idos<\/li>\n<li>Acci\u00f3n delicada y acondicionadora<\/li>\n<li>Nueva y\u00a0sorprendente elasticidad<\/li>\n<\/ul>\n<\/div>[\/vc_column][\/vc_row][vc_row css=\u00bb.vc_custom_1595317695114{padding-top: 50px !important;}\u00bb][vc_column]<div class=\"dt-fancy-separator h2-size style-thick\" style=\"width: 100%;\"><div class=\"dt-fancy-title\" style=\"color: #333333;\"><span class=\"separator-holder separator-left\" style=\"border-color: #f0f0f0;\"><\/span>Productos relacionados<span class=\"separator-holder separator-right\" style=\"border-color: #f0f0f0;\"><\/span><\/div><\/div>[vc_raw_html]W3dwYi1wcm9kdWN0LXNsaWRlci1zaG9ydGNvZGUgaWQ9IjIyNTAiXQ==[\/vc_raw_html][\/vc_column][\/vc_row]<\/p>\n<\/div>","protected":false},"excerpt":{"rendered":"<p><strong>Wild Waves, loci\u00f3n onduladora para cabello te\u00f1ido<\/strong>. Textura y volumen, para lograr rizos con forma de espiral definidos, el\u00e1sticos y naturales.<\/p>\n<p>Formulaci\u00f3n enriquecida con\u00a0<strong>[glossary_exclude]Trehalosa[\/glossary_exclude]<\/strong>, agente hidratante y protector, y con el\u00a0<strong>[glossary_exclude]Sistema integrado de protecci\u00f3n regeneradora[\/glossary_exclude]<\/strong>, de doble acci\u00f3n antirrotura y reparadora.\u00a0<strong>Sin tioglicolatos ni amon\u00edaco<\/strong>.<\/p>\n<p>Uso profesional<\/p>\n<p>Formato 250 ml<\/p>\n<p>&nbsp;<\/p>\n<p><span style=\"font-weight: 400;\">[vc_row][vc_column][ultimate_exp_section title=\" C\u00f3mo comprar\" new_title=\"Solicita informaci\u00f3n sobre la compra\" text_color=\"#ffffff\" background_color=\"#877650\" text_hovercolor=\"#ffffff\" bghovercolor=\"#877650\" title_active=\"#ffffff\" title_active_bg=\"#877650\" cnt_bg_color=\"#ffffff\" icon=\"icomoon-the7-font-icon-cart-detailed\" new_icon=\"icomoon-the7-font-the7-mail-011\" icon_align=\"left\" icon_size=\"20\" icon_color=\"#ffffff\" icon_hover_color=\"#ffffff\" icon_active_color=\"#ffffff\" title_font_size=\"desktop:16px;\" title_padding=\"padding-top:4px;padding-right:7px;padding-bottom:4px;padding-left:4px;\" icon_margin=\"margin-right:1px;\"][contact-form-7 id=\"496\"][\/ultimate_exp_section][\/vc_column][\/vc_row]<\/span><\/p>\n","protected":false},"featured_media":17860,"template":"","meta":[],"product_brand":[],"product_cat":[1060,2778],"product_tag":[],"class_list":{"0":"post-6478","1":"product","2":"type-product","3":"status-publish","4":"has-post-thumbnail","6":"product_cat-salon-technics","7":"product_cat-wild-waves-es","8":"description-off","10":"first","11":"instock","12":"shipping-taxable","13":"product-type-simple"},"yoast_head":"<!-- This site is optimized with the Yoast SEO plugin v26.8 - https:\/\/yoast.com\/product\/yoast-seo-wordpress\/ -->\n<title>Wild Waves | Loci\u00f3n Onduladora para cabello te\u00f1ido - K-time<\/title>\n<meta name=\"description\" content=\"Wild Waves, loci\u00f3n onduladora para cabello te\u00f1ido. Textura y volumen, para lograr rizos con forma de espiral definidos, el\u00e1sticos y naturales.\" \/>\n<meta name=\"robots\" content=\"index, follow, max-snippet:-1, max-image-preview:large, max-video-preview:-1\" \/>\n<link rel=\"canonical\" href=\"https:\/\/k-time.it\/products\/salon-technics\/wild-waves\/wild-waves-lozione-ondulante-capelli-colorati\/\" \/>\n<meta property=\"og:locale\" content=\"es_ES\" \/>\n<meta property=\"og:type\" content=\"article\" \/>\n<meta property=\"og:title\" content=\"Wild Waves | Loci\u00f3n Onduladora para cabello te\u00f1ido - K-time\" \/>\n<meta property=\"og:description\" content=\"Wild Waves, loci\u00f3n onduladora para cabello te\u00f1ido. Textura y volumen, para lograr rizos con forma de espiral definidos, el\u00e1sticos y naturales.\" \/>\n<meta property=\"og:url\" content=\"https:\/\/k-time.it\/products\/salon-technics\/wild-waves\/wild-waves-lozione-ondulante-capelli-colorati\/\" \/>\n<meta property=\"og:site_name\" content=\"K-time\" \/>\n<meta property=\"article:modified_time\" content=\"2021-06-23T16:47:12+00:00\" \/>\n<meta property=\"og:image\" content=\"https:\/\/k-time.it\/wp-content\/uploads\/2020\/06\/24004_k-time_wild_waves_2_waving_lotion_dyed_hair_250ml.png\" \/>\n\t<meta property=\"og:image:width\" content=\"600\" \/>\n\t<meta property=\"og:image:height\" content=\"600\" \/>\n\t<meta property=\"og:image:type\" content=\"image\/png\" \/>\n<meta name=\"twitter:card\" content=\"summary_large_image\" \/>\n<meta name=\"twitter:label1\" content=\"Tiempo de lectura\" \/>\n\t<meta name=\"twitter:data1\" content=\"1 minuto\" \/>\n<script type=\"application\/ld+json\" class=\"yoast-schema-graph\">{\"@context\":\"https:\/\/schema.org\",\"@graph\":[{\"@type\":\"WebPage\",\"@id\":\"https:\/\/k-time.it\/products\/salon-technics\/wild-waves\/wild-waves-lozione-ondulante-capelli-colorati\/\",\"url\":\"https:\/\/k-time.it\/products\/salon-technics\/wild-waves\/wild-waves-lozione-ondulante-capelli-colorati\/\",\"name\":\"Wild Waves | Loci\u00f3n Onduladora para cabello te\u00f1ido - K-time\",\"isPartOf\":{\"@id\":\"https:\/\/k-time.it\/en\/#website\"},\"primaryImageOfPage\":{\"@id\":\"https:\/\/k-time.it\/products\/salon-technics\/wild-waves\/wild-waves-lozione-ondulante-capelli-colorati\/#primaryimage\"},\"image\":{\"@id\":\"https:\/\/k-time.it\/products\/salon-technics\/wild-waves\/wild-waves-lozione-ondulante-capelli-colorati\/#primaryimage\"},\"thumbnailUrl\":\"https:\/\/k-time.it\/wp-content\/uploads\/2020\/06\/24004_k-time_wild_waves_2_waving_lotion_dyed_hair_250ml.png\",\"datePublished\":\"2020-06-25T14:46:28+00:00\",\"dateModified\":\"2021-06-23T16:47:12+00:00\",\"description\":\"Wild Waves, loci\u00f3n onduladora para cabello te\u00f1ido. Textura y volumen, para lograr rizos con forma de espiral definidos, el\u00e1sticos y naturales.\",\"breadcrumb\":{\"@id\":\"https:\/\/k-time.it\/products\/salon-technics\/wild-waves\/wild-waves-lozione-ondulante-capelli-colorati\/#breadcrumb\"},\"inLanguage\":\"es\",\"potentialAction\":[{\"@type\":\"ReadAction\",\"target\":[\"https:\/\/k-time.it\/products\/salon-technics\/wild-waves\/wild-waves-lozione-ondulante-capelli-colorati\/\"]}]},{\"@type\":\"ImageObject\",\"inLanguage\":\"es\",\"@id\":\"https:\/\/k-time.it\/products\/salon-technics\/wild-waves\/wild-waves-lozione-ondulante-capelli-colorati\/#primaryimage\",\"url\":\"https:\/\/k-time.it\/wp-content\/uploads\/2020\/06\/24004_k-time_wild_waves_2_waving_lotion_dyed_hair_250ml.png\",\"contentUrl\":\"https:\/\/k-time.it\/wp-content\/uploads\/2020\/06\/24004_k-time_wild_waves_2_waving_lotion_dyed_hair_250ml.png\",\"width\":600,\"height\":600,\"caption\":\"Yox | Emulsione Cosmetica Ossidante 5 volumi\"},{\"@type\":\"BreadcrumbList\",\"@id\":\"https:\/\/k-time.it\/products\/salon-technics\/wild-waves\/wild-waves-lozione-ondulante-capelli-colorati\/#breadcrumb\",\"itemListElement\":[{\"@type\":\"ListItem\",\"position\":1,\"name\":\"Home\",\"item\":\"https:\/\/k-time.it\/es\/\"},{\"@type\":\"ListItem\",\"position\":2,\"name\":\"Shop\",\"item\":\"https:\/\/k-time.it\/en\/negozio\/\"},{\"@type\":\"ListItem\",\"position\":3,\"name\":\"Wild Waves | Loci\u00f3n Onduladora para cabello te\u00f1ido\"}]},{\"@type\":\"WebSite\",\"@id\":\"https:\/\/k-time.it\/en\/#website\",\"url\":\"https:\/\/k-time.it\/en\/\",\"name\":\"K-time\",\"description\":\"Hair Spa Treatments\",\"publisher\":{\"@id\":\"https:\/\/k-time.it\/en\/#organization\"},\"potentialAction\":[{\"@type\":\"SearchAction\",\"target\":{\"@type\":\"EntryPoint\",\"urlTemplate\":\"https:\/\/k-time.it\/en\/?s={search_term_string}\"},\"query-input\":{\"@type\":\"PropertyValueSpecification\",\"valueRequired\":true,\"valueName\":\"search_term_string\"}}],\"inLanguage\":\"es\"},{\"@type\":\"Organization\",\"@id\":\"https:\/\/k-time.it\/en\/#organization\",\"name\":\"K-time\",\"url\":\"https:\/\/k-time.it\/en\/\",\"logo\":{\"@type\":\"ImageObject\",\"inLanguage\":\"es\",\"@id\":\"https:\/\/k-time.it\/en\/#\/schema\/logo\/image\/\",\"url\":\"\",\"contentUrl\":\"\",\"caption\":\"K-time\"},\"image\":{\"@id\":\"https:\/\/k-time.it\/en\/#\/schema\/logo\/image\/\"}}]}<\/script>\n<!-- \/ Yoast SEO plugin. -->","yoast_head_json":{"title":"Wild Waves | Loci\u00f3n Onduladora para cabello te\u00f1ido - K-time","description":"Wild Waves, loci\u00f3n onduladora para cabello te\u00f1ido. Textura y volumen, para lograr rizos con forma de espiral definidos, el\u00e1sticos y naturales.","robots":{"index":"index","follow":"follow","max-snippet":"max-snippet:-1","max-image-preview":"max-image-preview:large","max-video-preview":"max-video-preview:-1"},"canonical":"https:\/\/k-time.it\/products\/salon-technics\/wild-waves\/wild-waves-lozione-ondulante-capelli-colorati\/","og_locale":"es_ES","og_type":"article","og_title":"Wild Waves | Loci\u00f3n Onduladora para cabello te\u00f1ido - K-time","og_description":"Wild Waves, loci\u00f3n onduladora para cabello te\u00f1ido. Textura y volumen, para lograr rizos con forma de espiral definidos, el\u00e1sticos y naturales.","og_url":"https:\/\/k-time.it\/products\/salon-technics\/wild-waves\/wild-waves-lozione-ondulante-capelli-colorati\/","og_site_name":"K-time","article_modified_time":"2021-06-23T16:47:12+00:00","og_image":[{"width":600,"height":600,"url":"https:\/\/k-time.it\/wp-content\/uploads\/2020\/06\/24004_k-time_wild_waves_2_waving_lotion_dyed_hair_250ml.png","type":"image\/png"}],"twitter_card":"summary_large_image","twitter_misc":{"Tiempo de lectura":"1 minuto"},"schema":{"@context":"https:\/\/schema.org","@graph":[{"@type":"WebPage","@id":"https:\/\/k-time.it\/products\/salon-technics\/wild-waves\/wild-waves-lozione-ondulante-capelli-colorati\/","url":"https:\/\/k-time.it\/products\/salon-technics\/wild-waves\/wild-waves-lozione-ondulante-capelli-colorati\/","name":"Wild Waves | Loci\u00f3n Onduladora para cabello te\u00f1ido - K-time","isPartOf":{"@id":"https:\/\/k-time.it\/en\/#website"},"primaryImageOfPage":{"@id":"https:\/\/k-time.it\/products\/salon-technics\/wild-waves\/wild-waves-lozione-ondulante-capelli-colorati\/#primaryimage"},"image":{"@id":"https:\/\/k-time.it\/products\/salon-technics\/wild-waves\/wild-waves-lozione-ondulante-capelli-colorati\/#primaryimage"},"thumbnailUrl":"https:\/\/k-time.it\/wp-content\/uploads\/2020\/06\/24004_k-time_wild_waves_2_waving_lotion_dyed_hair_250ml.png","datePublished":"2020-06-25T14:46:28+00:00","dateModified":"2021-06-23T16:47:12+00:00","description":"Wild Waves, loci\u00f3n onduladora para cabello te\u00f1ido. Textura y volumen, para lograr rizos con forma de espiral definidos, el\u00e1sticos y naturales.","breadcrumb":{"@id":"https:\/\/k-time.it\/products\/salon-technics\/wild-waves\/wild-waves-lozione-ondulante-capelli-colorati\/#breadcrumb"},"inLanguage":"es","potentialAction":[{"@type":"ReadAction","target":["https:\/\/k-time.it\/products\/salon-technics\/wild-waves\/wild-waves-lozione-ondulante-capelli-colorati\/"]}]},{"@type":"ImageObject","inLanguage":"es","@id":"https:\/\/k-time.it\/products\/salon-technics\/wild-waves\/wild-waves-lozione-ondulante-capelli-colorati\/#primaryimage","url":"https:\/\/k-time.it\/wp-content\/uploads\/2020\/06\/24004_k-time_wild_waves_2_waving_lotion_dyed_hair_250ml.png","contentUrl":"https:\/\/k-time.it\/wp-content\/uploads\/2020\/06\/24004_k-time_wild_waves_2_waving_lotion_dyed_hair_250ml.png","width":600,"height":600,"caption":"Yox | Emulsione Cosmetica Ossidante 5 volumi"},{"@type":"BreadcrumbList","@id":"https:\/\/k-time.it\/products\/salon-technics\/wild-waves\/wild-waves-lozione-ondulante-capelli-colorati\/#breadcrumb","itemListElement":[{"@type":"ListItem","position":1,"name":"Home","item":"https:\/\/k-time.it\/es\/"},{"@type":"ListItem","position":2,"name":"Shop","item":"https:\/\/k-time.it\/en\/negozio\/"},{"@type":"ListItem","position":3,"name":"Wild Waves | Loci\u00f3n Onduladora para cabello te\u00f1ido"}]},{"@type":"WebSite","@id":"https:\/\/k-time.it\/en\/#website","url":"https:\/\/k-time.it\/en\/","name":"K-time","description":"Hair Spa Treatments","publisher":{"@id":"https:\/\/k-time.it\/en\/#organization"},"potentialAction":[{"@type":"SearchAction","target":{"@type":"EntryPoint","urlTemplate":"https:\/\/k-time.it\/en\/?s={search_term_string}"},"query-input":{"@type":"PropertyValueSpecification","valueRequired":true,"valueName":"search_term_string"}}],"inLanguage":"es"},{"@type":"Organization","@id":"https:\/\/k-time.it\/en\/#organization","name":"K-time","url":"https:\/\/k-time.it\/en\/","logo":{"@type":"ImageObject","inLanguage":"es","@id":"https:\/\/k-time.it\/en\/#\/schema\/logo\/image\/","url":"","contentUrl":"","caption":"K-time"},"image":{"@id":"https:\/\/k-time.it\/en\/#\/schema\/logo\/image\/"}}]}},"_links":{"self":[{"href":"https:\/\/k-time.it\/es\/wp-json\/wp\/v2\/product\/6478","targetHints":{"allow":["GET"]}}],"collection":[{"href":"https:\/\/k-time.it\/es\/wp-json\/wp\/v2\/product"}],"about":[{"href":"https:\/\/k-time.it\/es\/wp-json\/wp\/v2\/types\/product"}],"wp:featuredmedia":[{"embeddable":true,"href":"https:\/\/k-time.it\/es\/wp-json\/wp\/v2\/media\/17860"}],"wp:attachment":[{"href":"https:\/\/k-time.it\/es\/wp-json\/wp\/v2\/media?parent=6478"}],"wp:term":[{"taxonomy":"product_brand","embeddable":true,"href":"https:\/\/k-time.it\/es\/wp-json\/wp\/v2\/product_brand?post=6478"},{"taxonomy":"product_cat","embeddable":true,"href":"https:\/\/k-time.it\/es\/wp-json\/wp\/v2\/product_cat?post=6478"},{"taxonomy":"product_tag","embeddable":true,"href":"https:\/\/k-time.it\/es\/wp-json\/wp\/v2\/product_tag?post=6478"}],"curies":[{"name":"wp","href":"https:\/\/api.w.org\/{rel}","templated":true}]}}