{"id":6451,"date":"2020-06-25T16:46:28","date_gmt":"2020-06-25T14:46:28","guid":{"rendered":"https:\/\/k-time.it\/products\/sin%20categor\u00eda\/proliss-champu-alisador-antiencrespamiento-1000-ml\/"},"modified":"2021-04-16T16:16:02","modified_gmt":"2021-04-16T14:16:02","slug":"proliss-champu-alisador-antiencrespamiento-1000-ml","status":"publish","type":"product","link":"https:\/\/k-time.it\/es\/products\/treatments\/somnia\/proliss\/proliss-champu-alisador-antiencrespamiento-1000-ml\/","title":{"rendered":"Proliss | Champ\u00fa Alisador Antiencrespamiento"},"content":{"rendered":"<div class=\"wpb-content-wrapper\"><p>[vc_row disable_element=\u00bbyes\u00bb][vc_column][\/vc_column][\/vc_row][vc_row][vc_column width=\u00bb1\/2&#8243;]<div class=\"standard-arrow list-divider bullet-top\"><h2>Formulaci\u00f3n<\/h2>\n<ul>\n<li><strong>Queratina<\/strong>: es el principal elemento constitutivo de la estructura capilar que fortalece y elastifica la fibra<\/li>\n<li><strong>Orqu\u00eddea<\/strong>: hidrata y suaviza, ayudando a mantener la fibra capilar joven gracias a sus propiedades revitalizantes<\/li>\n<li><strong>Vitamina E<\/strong>: es fundamental para la salud de la cabellera y para evitar que el cabello pierda brillo<\/li>\n<\/ul>\n<\/div>[\/vc_column][vc_column width=\u00bb1\/2&#8243;]<div class=\"standard-arrow list-divider bullet-top\"><h2>Beneficios<\/h2>\n<ul>\n<li>Limpia\u00a0delicadamente, alisando la fibra<\/li>\n<li>Ayuda a controlar el\u00a0cabello rebelde<\/li>\n<li>Evita el\u00a0encrespamiento<\/li>\n<li>Deja el\u00a0cabello suave\u00a0y\u00a0disciplinado<\/li>\n<\/ul>\n<\/div>[\/vc_column][\/vc_row][vc_row css=\u00bb.vc_custom_1595317695114{padding-top: 50px !important;}\u00bb][vc_column]<div class=\"dt-fancy-separator h2-size style-thick\" style=\"width: 100%;\"><div class=\"dt-fancy-title\" style=\"color: #333333;\"><span class=\"separator-holder separator-left\" style=\"border-color: #f0f0f0;\"><\/span>Productos relacionados<span class=\"separator-holder separator-right\" style=\"border-color: #f0f0f0;\"><\/span><\/div><\/div>[vc_raw_html]W3dwYi1wcm9kdWN0LXNsaWRlci1zaG9ydGNvZGUgaWQ9IjIyMzkiXQ==[\/vc_raw_html][\/vc_column][\/vc_row]<\/p>\n<\/div>","protected":false},"excerpt":{"rendered":"<p>Dise\u00f1ado para cabellos encrespados y rebeldes, el nuevo\u00a0<strong>champ\u00fa alisador antiencrespamiento Proliss\u00a0<\/strong>est\u00e1 enriquecido con\u00a0[glossary_exclude]<strong>Orqu\u00eddea<\/strong>\u00a0y\u00a0<strong>Queratina<\/strong>.[\/glossary_exclude]<\/p>\n<p>Limpia suavemente, relaja la fibra y ayuda a controlar el cabello rebelde,\u00a0<strong>contrarrestando el encrespamiento<\/strong>\u00a0y dejando el cabello suave y disciplinado.<\/p>\n<p>Uso profesional<\/p>\n<p>Formato 1000 ml<\/p>\n<p><span style=\"font-weight: 400\">[vc_row][vc_column][ultimate_exp_section title=\" C\u00f3mo comprar\" new_title=\"Solicita informaci\u00f3n sobre la compra\" text_color=\"#ffffff\" background_color=\"#877650\" text_hovercolor=\"#ffffff\" bghovercolor=\"#877650\" title_active=\"#ffffff\" title_active_bg=\"#877650\" cnt_bg_color=\"#ffffff\" icon=\"icomoon-the7-font-icon-cart-detailed\" new_icon=\"icomoon-the7-font-the7-mail-011\" icon_align=\"left\" icon_size=\"20\" icon_color=\"#ffffff\" icon_hover_color=\"#ffffff\" icon_active_color=\"#ffffff\" title_font_size=\"desktop:16px;\" title_padding=\"padding-top:4px;padding-right:7px;padding-bottom:4px;padding-left:4px;\" icon_margin=\"margin-right:1px;\"][contact-form-7 id=\"496\"][\/ultimate_exp_section][\/vc_column][\/vc_row]<\/span><\/p>\n","protected":false},"featured_media":18559,"template":"","meta":[],"product_brand":[],"product_cat":[493,1030,1058],"product_tag":[],"class_list":{"0":"post-6451","1":"product","2":"type-product","3":"status-publish","4":"has-post-thumbnail","6":"product_cat-treatments","7":"product_cat-somnia","8":"product_cat-proliss","9":"description-off","11":"first","12":"instock","13":"shipping-taxable","14":"product-type-simple"},"yoast_head":"<!-- This site is optimized with the Yoast SEO plugin v26.8 - https:\/\/yoast.com\/product\/yoast-seo-wordpress\/ -->\n<title>Proliss | Champ\u00fa Alisador Antiencrespamiento | K-time<\/title>\n<meta name=\"description\" content=\"Dise\u00f1ado para cabellos encrespados y rebeldes, el nuevo champ\u00fa alisador antiencrespamiento Proliss est\u00e1 enriquecido con Orqu\u00eddea y Queratina.\" \/>\n<meta name=\"robots\" content=\"index, follow, max-snippet:-1, max-image-preview:large, max-video-preview:-1\" \/>\n<link rel=\"canonical\" href=\"https:\/\/k-time.it\/es\/products\/treatments\/somnia\/proliss\/proliss-champu-alisador-antiencrespamiento-1000-ml\/\" \/>\n<meta property=\"og:locale\" content=\"es_ES\" \/>\n<meta property=\"og:type\" content=\"article\" \/>\n<meta property=\"og:title\" content=\"Proliss | Champ\u00fa Alisador Antiencrespamiento | K-time\" \/>\n<meta property=\"og:description\" content=\"Dise\u00f1ado para cabellos encrespados y rebeldes, el nuevo champ\u00fa alisador antiencrespamiento Proliss est\u00e1 enriquecido con Orqu\u00eddea y Queratina.\" \/>\n<meta property=\"og:url\" content=\"https:\/\/k-time.it\/es\/products\/treatments\/somnia\/proliss\/proliss-champu-alisador-antiencrespamiento-1000-ml\/\" \/>\n<meta property=\"og:site_name\" content=\"K-time\" \/>\n<meta property=\"article:modified_time\" content=\"2021-04-16T14:16:02+00:00\" \/>\n<meta property=\"og:image\" content=\"https:\/\/k-time.it\/wp-content\/uploads\/2020\/06\/22078_k-time_somnia_proliss_smoothing-anti-frizz-shampoo_1000ml.png\" \/>\n\t<meta property=\"og:image:width\" content=\"600\" \/>\n\t<meta property=\"og:image:height\" content=\"600\" \/>\n\t<meta property=\"og:image:type\" content=\"image\/png\" \/>\n<meta name=\"twitter:card\" content=\"summary_large_image\" \/>\n<meta name=\"twitter:label1\" content=\"Tiempo de lectura\" \/>\n\t<meta name=\"twitter:data1\" content=\"1 minuto\" \/>\n<script type=\"application\/ld+json\" class=\"yoast-schema-graph\">{\"@context\":\"https:\/\/schema.org\",\"@graph\":[{\"@type\":\"WebPage\",\"@id\":\"https:\/\/k-time.it\/es\/products\/treatments\/somnia\/proliss\/proliss-champu-alisador-antiencrespamiento-1000-ml\/\",\"url\":\"https:\/\/k-time.it\/es\/products\/treatments\/somnia\/proliss\/proliss-champu-alisador-antiencrespamiento-1000-ml\/\",\"name\":\"Proliss | Champ\u00fa Alisador Antiencrespamiento | K-time\",\"isPartOf\":{\"@id\":\"https:\/\/k-time.it\/en\/#website\"},\"primaryImageOfPage\":{\"@id\":\"https:\/\/k-time.it\/es\/products\/treatments\/somnia\/proliss\/proliss-champu-alisador-antiencrespamiento-1000-ml\/#primaryimage\"},\"image\":{\"@id\":\"https:\/\/k-time.it\/es\/products\/treatments\/somnia\/proliss\/proliss-champu-alisador-antiencrespamiento-1000-ml\/#primaryimage\"},\"thumbnailUrl\":\"https:\/\/k-time.it\/wp-content\/uploads\/2020\/06\/22078_k-time_somnia_proliss_smoothing-anti-frizz-shampoo_1000ml.png\",\"datePublished\":\"2020-06-25T14:46:28+00:00\",\"dateModified\":\"2021-04-16T14:16:02+00:00\",\"description\":\"Dise\u00f1ado para cabellos encrespados y rebeldes, el nuevo champ\u00fa alisador antiencrespamiento Proliss est\u00e1 enriquecido con Orqu\u00eddea y Queratina.\",\"breadcrumb\":{\"@id\":\"https:\/\/k-time.it\/es\/products\/treatments\/somnia\/proliss\/proliss-champu-alisador-antiencrespamiento-1000-ml\/#breadcrumb\"},\"inLanguage\":\"es\",\"potentialAction\":[{\"@type\":\"ReadAction\",\"target\":[\"https:\/\/k-time.it\/es\/products\/treatments\/somnia\/proliss\/proliss-champu-alisador-antiencrespamiento-1000-ml\/\"]}]},{\"@type\":\"ImageObject\",\"inLanguage\":\"es\",\"@id\":\"https:\/\/k-time.it\/es\/products\/treatments\/somnia\/proliss\/proliss-champu-alisador-antiencrespamiento-1000-ml\/#primaryimage\",\"url\":\"https:\/\/k-time.it\/wp-content\/uploads\/2020\/06\/22078_k-time_somnia_proliss_smoothing-anti-frizz-shampoo_1000ml.png\",\"contentUrl\":\"https:\/\/k-time.it\/wp-content\/uploads\/2020\/06\/22078_k-time_somnia_proliss_smoothing-anti-frizz-shampoo_1000ml.png\",\"width\":600,\"height\":600,\"caption\":\"Proliss | Shampoo Lisciante Anti-crespo\"},{\"@type\":\"BreadcrumbList\",\"@id\":\"https:\/\/k-time.it\/es\/products\/treatments\/somnia\/proliss\/proliss-champu-alisador-antiencrespamiento-1000-ml\/#breadcrumb\",\"itemListElement\":[{\"@type\":\"ListItem\",\"position\":1,\"name\":\"Home\",\"item\":\"https:\/\/k-time.it\/es\/\"},{\"@type\":\"ListItem\",\"position\":2,\"name\":\"Shop\",\"item\":\"https:\/\/k-time.it\/en\/negozio\/\"},{\"@type\":\"ListItem\",\"position\":3,\"name\":\"Proliss | Champ\u00fa Alisador Antiencrespamiento\"}]},{\"@type\":\"WebSite\",\"@id\":\"https:\/\/k-time.it\/en\/#website\",\"url\":\"https:\/\/k-time.it\/en\/\",\"name\":\"K-time\",\"description\":\"Hair Spa Treatments\",\"publisher\":{\"@id\":\"https:\/\/k-time.it\/en\/#organization\"},\"potentialAction\":[{\"@type\":\"SearchAction\",\"target\":{\"@type\":\"EntryPoint\",\"urlTemplate\":\"https:\/\/k-time.it\/en\/?s={search_term_string}\"},\"query-input\":{\"@type\":\"PropertyValueSpecification\",\"valueRequired\":true,\"valueName\":\"search_term_string\"}}],\"inLanguage\":\"es\"},{\"@type\":\"Organization\",\"@id\":\"https:\/\/k-time.it\/en\/#organization\",\"name\":\"K-time\",\"url\":\"https:\/\/k-time.it\/en\/\",\"logo\":{\"@type\":\"ImageObject\",\"inLanguage\":\"es\",\"@id\":\"https:\/\/k-time.it\/en\/#\/schema\/logo\/image\/\",\"url\":\"\",\"contentUrl\":\"\",\"caption\":\"K-time\"},\"image\":{\"@id\":\"https:\/\/k-time.it\/en\/#\/schema\/logo\/image\/\"}}]}<\/script>\n<!-- \/ Yoast SEO plugin. -->","yoast_head_json":{"title":"Proliss | Champ\u00fa Alisador Antiencrespamiento | K-time","description":"Dise\u00f1ado para cabellos encrespados y rebeldes, el nuevo champ\u00fa alisador antiencrespamiento Proliss est\u00e1 enriquecido con Orqu\u00eddea y Queratina.","robots":{"index":"index","follow":"follow","max-snippet":"max-snippet:-1","max-image-preview":"max-image-preview:large","max-video-preview":"max-video-preview:-1"},"canonical":"https:\/\/k-time.it\/es\/products\/treatments\/somnia\/proliss\/proliss-champu-alisador-antiencrespamiento-1000-ml\/","og_locale":"es_ES","og_type":"article","og_title":"Proliss | Champ\u00fa Alisador Antiencrespamiento | K-time","og_description":"Dise\u00f1ado para cabellos encrespados y rebeldes, el nuevo champ\u00fa alisador antiencrespamiento Proliss est\u00e1 enriquecido con Orqu\u00eddea y Queratina.","og_url":"https:\/\/k-time.it\/es\/products\/treatments\/somnia\/proliss\/proliss-champu-alisador-antiencrespamiento-1000-ml\/","og_site_name":"K-time","article_modified_time":"2021-04-16T14:16:02+00:00","og_image":[{"width":600,"height":600,"url":"https:\/\/k-time.it\/wp-content\/uploads\/2020\/06\/22078_k-time_somnia_proliss_smoothing-anti-frizz-shampoo_1000ml.png","type":"image\/png"}],"twitter_card":"summary_large_image","twitter_misc":{"Tiempo de lectura":"1 minuto"},"schema":{"@context":"https:\/\/schema.org","@graph":[{"@type":"WebPage","@id":"https:\/\/k-time.it\/es\/products\/treatments\/somnia\/proliss\/proliss-champu-alisador-antiencrespamiento-1000-ml\/","url":"https:\/\/k-time.it\/es\/products\/treatments\/somnia\/proliss\/proliss-champu-alisador-antiencrespamiento-1000-ml\/","name":"Proliss | Champ\u00fa Alisador Antiencrespamiento | K-time","isPartOf":{"@id":"https:\/\/k-time.it\/en\/#website"},"primaryImageOfPage":{"@id":"https:\/\/k-time.it\/es\/products\/treatments\/somnia\/proliss\/proliss-champu-alisador-antiencrespamiento-1000-ml\/#primaryimage"},"image":{"@id":"https:\/\/k-time.it\/es\/products\/treatments\/somnia\/proliss\/proliss-champu-alisador-antiencrespamiento-1000-ml\/#primaryimage"},"thumbnailUrl":"https:\/\/k-time.it\/wp-content\/uploads\/2020\/06\/22078_k-time_somnia_proliss_smoothing-anti-frizz-shampoo_1000ml.png","datePublished":"2020-06-25T14:46:28+00:00","dateModified":"2021-04-16T14:16:02+00:00","description":"Dise\u00f1ado para cabellos encrespados y rebeldes, el nuevo champ\u00fa alisador antiencrespamiento Proliss est\u00e1 enriquecido con Orqu\u00eddea y Queratina.","breadcrumb":{"@id":"https:\/\/k-time.it\/es\/products\/treatments\/somnia\/proliss\/proliss-champu-alisador-antiencrespamiento-1000-ml\/#breadcrumb"},"inLanguage":"es","potentialAction":[{"@type":"ReadAction","target":["https:\/\/k-time.it\/es\/products\/treatments\/somnia\/proliss\/proliss-champu-alisador-antiencrespamiento-1000-ml\/"]}]},{"@type":"ImageObject","inLanguage":"es","@id":"https:\/\/k-time.it\/es\/products\/treatments\/somnia\/proliss\/proliss-champu-alisador-antiencrespamiento-1000-ml\/#primaryimage","url":"https:\/\/k-time.it\/wp-content\/uploads\/2020\/06\/22078_k-time_somnia_proliss_smoothing-anti-frizz-shampoo_1000ml.png","contentUrl":"https:\/\/k-time.it\/wp-content\/uploads\/2020\/06\/22078_k-time_somnia_proliss_smoothing-anti-frizz-shampoo_1000ml.png","width":600,"height":600,"caption":"Proliss | Shampoo Lisciante Anti-crespo"},{"@type":"BreadcrumbList","@id":"https:\/\/k-time.it\/es\/products\/treatments\/somnia\/proliss\/proliss-champu-alisador-antiencrespamiento-1000-ml\/#breadcrumb","itemListElement":[{"@type":"ListItem","position":1,"name":"Home","item":"https:\/\/k-time.it\/es\/"},{"@type":"ListItem","position":2,"name":"Shop","item":"https:\/\/k-time.it\/en\/negozio\/"},{"@type":"ListItem","position":3,"name":"Proliss | Champ\u00fa Alisador Antiencrespamiento"}]},{"@type":"WebSite","@id":"https:\/\/k-time.it\/en\/#website","url":"https:\/\/k-time.it\/en\/","name":"K-time","description":"Hair Spa Treatments","publisher":{"@id":"https:\/\/k-time.it\/en\/#organization"},"potentialAction":[{"@type":"SearchAction","target":{"@type":"EntryPoint","urlTemplate":"https:\/\/k-time.it\/en\/?s={search_term_string}"},"query-input":{"@type":"PropertyValueSpecification","valueRequired":true,"valueName":"search_term_string"}}],"inLanguage":"es"},{"@type":"Organization","@id":"https:\/\/k-time.it\/en\/#organization","name":"K-time","url":"https:\/\/k-time.it\/en\/","logo":{"@type":"ImageObject","inLanguage":"es","@id":"https:\/\/k-time.it\/en\/#\/schema\/logo\/image\/","url":"","contentUrl":"","caption":"K-time"},"image":{"@id":"https:\/\/k-time.it\/en\/#\/schema\/logo\/image\/"}}]}},"_links":{"self":[{"href":"https:\/\/k-time.it\/es\/wp-json\/wp\/v2\/product\/6451","targetHints":{"allow":["GET"]}}],"collection":[{"href":"https:\/\/k-time.it\/es\/wp-json\/wp\/v2\/product"}],"about":[{"href":"https:\/\/k-time.it\/es\/wp-json\/wp\/v2\/types\/product"}],"wp:featuredmedia":[{"embeddable":true,"href":"https:\/\/k-time.it\/es\/wp-json\/wp\/v2\/media\/18559"}],"wp:attachment":[{"href":"https:\/\/k-time.it\/es\/wp-json\/wp\/v2\/media?parent=6451"}],"wp:term":[{"taxonomy":"product_brand","embeddable":true,"href":"https:\/\/k-time.it\/es\/wp-json\/wp\/v2\/product_brand?post=6451"},{"taxonomy":"product_cat","embeddable":true,"href":"https:\/\/k-time.it\/es\/wp-json\/wp\/v2\/product_cat?post=6451"},{"taxonomy":"product_tag","embeddable":true,"href":"https:\/\/k-time.it\/es\/wp-json\/wp\/v2\/product_tag?post=6451"}],"curies":[{"name":"wp","href":"https:\/\/api.w.org\/{rel}","templated":true}]}}