{"id":6344,"date":"2020-06-25T16:46:31","date_gmt":"2020-06-25T14:46:31","guid":{"rendered":"https:\/\/k-time.it\/products\/sin%20categor\u00eda\/ad-volume-champu-volumen-y-cuerpo\/"},"modified":"2021-04-16T12:21:58","modified_gmt":"2021-04-16T10:21:58","slug":"ad-volume-champu-volumen-y-cuerpo","status":"publish","type":"product","link":"https:\/\/k-time.it\/es\/products\/treatments\/somnia\/ad-volume\/ad-volume-champu-volumen-y-cuerpo\/","title":{"rendered":"Ad Volume | Champ\u00fa Volumen y Cuerpo"},"content":{"rendered":"<div class=\"wpb-content-wrapper\"><p>[vc_row disable_element=\u00bbyes\u00bb][vc_column][\/vc_column][\/vc_row][vc_row][vc_column width=\u00bb1\/2&#8243;]<div class=\"standard-arrow list-divider bullet-top\"><h2>Formulaci\u00f3n<\/h2>\n<ul>\n<li><strong>Agave azul<\/strong>: es un extracto innovador capaz de proporcionar hidrataci\u00f3n al cabello<\/li>\n<li><strong>Guaran\u00e1<\/strong>: es considerado un elixir de larga vida gracias a sus propiedades energizantes, estimulantes y tonificadoras<\/li>\n<\/ul>\n<\/div>[\/vc_column][vc_column width=\u00bb1\/2&#8243;]<div class=\"standard-arrow list-divider bullet-top\"><h2>Beneficios<\/h2>\n<ul>\n<li>Limpia\u00a0con delicadeza<\/li>\n<li>Aporta\u00a0ligereza, restableciendo el nivel \u00f3ptimo de hidrataci\u00f3n<\/li>\n<li>Devuelve\u00a0elasticidad\u00a0y\u00a0cuerpo\u00a0a la fibra capilar<\/li>\n<li>Facilita el\u00a0peinado\u00a0y\u00a0aporta brillo<\/li>\n<\/ul>\n<\/div>[\/vc_column][\/vc_row][vc_row css=\u00bb.vc_custom_1595317695114{padding-top: 50px !important;}\u00bb][vc_column]<div class=\"dt-fancy-separator h2-size style-thick\" style=\"width: 100%;\"><div class=\"dt-fancy-title\" style=\"color: #333333;\"><span class=\"separator-holder separator-left\" style=\"border-color: #f0f0f0;\"><\/span>Productos relacionados<span class=\"separator-holder separator-right\" style=\"border-color: #f0f0f0;\"><\/span><\/div><\/div>[vc_raw_html]W3dwYi1wcm9kdWN0LXNsaWRlci1zaG9ydGNvZGUgaWQ9IjE3MzMiXQ==[\/vc_raw_html][\/vc_column][\/vc_row]<\/p>\n<\/div>","protected":false},"excerpt":{"rendered":"<p>El\u00a0<strong>champ\u00fa Ad Volume<\/strong>\u00a0est\u00e1 dise\u00f1ado para el cabello fino y apagado.<\/p>\n<p>Enriquecido con\u00a0[glossary_exclude]<strong>Guaran\u00e1\u00a0<\/strong>y<strong>\u00a0Agave azul<\/strong>[\/glossary_exclude], limpia suavemente, dando ligereza y restaurando la hidrataci\u00f3n \u00f3ptima de la cabellera. Asegura un\u00a0<strong>cabello el\u00e1stico y nuevo cuerpo<\/strong>\u00a0a la fibra capilar.<\/p>\n<p>Formato 300 ml<\/p>\n<p><span style=\"font-weight: 400\">[vc_row][vc_column][ultimate_exp_section title=\" C\u00f3mo comprar\" new_title=\"Solicita informaci\u00f3n sobre la compra\" text_color=\"#ffffff\" background_color=\"#877650\" text_hovercolor=\"#ffffff\" bghovercolor=\"#877650\" title_active=\"#ffffff\" title_active_bg=\"#877650\" cnt_bg_color=\"#ffffff\" icon=\"icomoon-the7-font-icon-cart-detailed\" new_icon=\"icomoon-the7-font-the7-mail-011\" icon_align=\"left\" icon_size=\"20\" icon_color=\"#ffffff\" icon_hover_color=\"#ffffff\" icon_active_color=\"#ffffff\" title_font_size=\"desktop:16px;\" title_padding=\"padding-top:4px;padding-right:7px;padding-bottom:4px;padding-left:4px;\" icon_margin=\"margin-right:1px;\"][contact-form-7 id=\"496\"][\/ultimate_exp_section][\/vc_column][\/vc_row]<\/span><\/p>\n","protected":false},"featured_media":18387,"template":"","meta":[],"product_brand":[],"product_cat":[493,1030,1050],"product_tag":[],"class_list":{"0":"post-6344","1":"product","2":"type-product","3":"status-publish","4":"has-post-thumbnail","6":"product_cat-treatments","7":"product_cat-somnia","8":"product_cat-ad-volume","9":"description-off","11":"first","12":"instock","13":"shipping-taxable","14":"product-type-simple"},"yoast_head":"<!-- This site is optimized with the Yoast SEO plugin v26.8 - https:\/\/yoast.com\/product\/yoast-seo-wordpress\/ -->\n<title>Ad Volume | Champ\u00fa Volumen y Cuerpo - K-time<\/title>\n<meta name=\"description\" content=\"El champ\u00fa Ad Volume est\u00e1 dise\u00f1ado para el cabello fino y apagado.\" \/>\n<meta name=\"robots\" content=\"index, follow, max-snippet:-1, max-image-preview:large, max-video-preview:-1\" \/>\n<link rel=\"canonical\" href=\"https:\/\/k-time.it\/es\/products\/treatments\/somnia\/ad-volume\/ad-volume-champu-volumen-y-cuerpo\/\" \/>\n<meta property=\"og:locale\" content=\"es_ES\" \/>\n<meta property=\"og:type\" content=\"article\" \/>\n<meta property=\"og:title\" content=\"Ad Volume | Champ\u00fa Volumen y Cuerpo - K-time\" \/>\n<meta property=\"og:description\" content=\"El champ\u00fa Ad Volume est\u00e1 dise\u00f1ado para el cabello fino y apagado.\" \/>\n<meta property=\"og:url\" content=\"https:\/\/k-time.it\/es\/products\/treatments\/somnia\/ad-volume\/ad-volume-champu-volumen-y-cuerpo\/\" \/>\n<meta property=\"og:site_name\" content=\"K-time\" \/>\n<meta property=\"article:modified_time\" content=\"2021-04-16T10:21:58+00:00\" \/>\n<meta property=\"og:image\" content=\"https:\/\/k-time.it\/wp-content\/uploads\/2020\/06\/22062_k-time_somnia_ad_volume_bodifying_volumizing_shampoo_300ml.png\" \/>\n\t<meta property=\"og:image:width\" content=\"600\" \/>\n\t<meta property=\"og:image:height\" content=\"600\" \/>\n\t<meta property=\"og:image:type\" content=\"image\/png\" \/>\n<meta name=\"twitter:card\" content=\"summary_large_image\" \/>\n<meta name=\"twitter:label1\" content=\"Tiempo de lectura\" \/>\n\t<meta name=\"twitter:data1\" content=\"1 minuto\" \/>\n<script type=\"application\/ld+json\" class=\"yoast-schema-graph\">{\"@context\":\"https:\/\/schema.org\",\"@graph\":[{\"@type\":\"WebPage\",\"@id\":\"https:\/\/k-time.it\/es\/products\/treatments\/somnia\/ad-volume\/ad-volume-champu-volumen-y-cuerpo\/\",\"url\":\"https:\/\/k-time.it\/es\/products\/treatments\/somnia\/ad-volume\/ad-volume-champu-volumen-y-cuerpo\/\",\"name\":\"Ad Volume | Champ\u00fa Volumen y Cuerpo - K-time\",\"isPartOf\":{\"@id\":\"https:\/\/k-time.it\/en\/#website\"},\"primaryImageOfPage\":{\"@id\":\"https:\/\/k-time.it\/es\/products\/treatments\/somnia\/ad-volume\/ad-volume-champu-volumen-y-cuerpo\/#primaryimage\"},\"image\":{\"@id\":\"https:\/\/k-time.it\/es\/products\/treatments\/somnia\/ad-volume\/ad-volume-champu-volumen-y-cuerpo\/#primaryimage\"},\"thumbnailUrl\":\"https:\/\/k-time.it\/wp-content\/uploads\/2020\/06\/22062_k-time_somnia_ad_volume_bodifying_volumizing_shampoo_300ml.png\",\"datePublished\":\"2020-06-25T14:46:31+00:00\",\"dateModified\":\"2021-04-16T10:21:58+00:00\",\"description\":\"El champ\u00fa Ad Volume est\u00e1 dise\u00f1ado para el cabello fino y apagado.\",\"breadcrumb\":{\"@id\":\"https:\/\/k-time.it\/es\/products\/treatments\/somnia\/ad-volume\/ad-volume-champu-volumen-y-cuerpo\/#breadcrumb\"},\"inLanguage\":\"es\",\"potentialAction\":[{\"@type\":\"ReadAction\",\"target\":[\"https:\/\/k-time.it\/es\/products\/treatments\/somnia\/ad-volume\/ad-volume-champu-volumen-y-cuerpo\/\"]}]},{\"@type\":\"ImageObject\",\"inLanguage\":\"es\",\"@id\":\"https:\/\/k-time.it\/es\/products\/treatments\/somnia\/ad-volume\/ad-volume-champu-volumen-y-cuerpo\/#primaryimage\",\"url\":\"https:\/\/k-time.it\/wp-content\/uploads\/2020\/06\/22062_k-time_somnia_ad_volume_bodifying_volumizing_shampoo_300ml.png\",\"contentUrl\":\"https:\/\/k-time.it\/wp-content\/uploads\/2020\/06\/22062_k-time_somnia_ad_volume_bodifying_volumizing_shampoo_300ml.png\",\"width\":600,\"height\":600,\"caption\":\"Ad Volume | Shampoo Volumizzante Corporizzante\"},{\"@type\":\"BreadcrumbList\",\"@id\":\"https:\/\/k-time.it\/es\/products\/treatments\/somnia\/ad-volume\/ad-volume-champu-volumen-y-cuerpo\/#breadcrumb\",\"itemListElement\":[{\"@type\":\"ListItem\",\"position\":1,\"name\":\"Home\",\"item\":\"https:\/\/k-time.it\/es\/\"},{\"@type\":\"ListItem\",\"position\":2,\"name\":\"Shop\",\"item\":\"https:\/\/k-time.it\/en\/negozio\/\"},{\"@type\":\"ListItem\",\"position\":3,\"name\":\"Ad Volume | Champ\u00fa Volumen y Cuerpo\"}]},{\"@type\":\"WebSite\",\"@id\":\"https:\/\/k-time.it\/en\/#website\",\"url\":\"https:\/\/k-time.it\/en\/\",\"name\":\"K-time\",\"description\":\"Hair Spa Treatments\",\"publisher\":{\"@id\":\"https:\/\/k-time.it\/en\/#organization\"},\"potentialAction\":[{\"@type\":\"SearchAction\",\"target\":{\"@type\":\"EntryPoint\",\"urlTemplate\":\"https:\/\/k-time.it\/en\/?s={search_term_string}\"},\"query-input\":{\"@type\":\"PropertyValueSpecification\",\"valueRequired\":true,\"valueName\":\"search_term_string\"}}],\"inLanguage\":\"es\"},{\"@type\":\"Organization\",\"@id\":\"https:\/\/k-time.it\/en\/#organization\",\"name\":\"K-time\",\"url\":\"https:\/\/k-time.it\/en\/\",\"logo\":{\"@type\":\"ImageObject\",\"inLanguage\":\"es\",\"@id\":\"https:\/\/k-time.it\/en\/#\/schema\/logo\/image\/\",\"url\":\"\",\"contentUrl\":\"\",\"caption\":\"K-time\"},\"image\":{\"@id\":\"https:\/\/k-time.it\/en\/#\/schema\/logo\/image\/\"}}]}<\/script>\n<!-- \/ Yoast SEO plugin. -->","yoast_head_json":{"title":"Ad Volume | Champ\u00fa Volumen y Cuerpo - K-time","description":"El champ\u00fa Ad Volume est\u00e1 dise\u00f1ado para el cabello fino y apagado.","robots":{"index":"index","follow":"follow","max-snippet":"max-snippet:-1","max-image-preview":"max-image-preview:large","max-video-preview":"max-video-preview:-1"},"canonical":"https:\/\/k-time.it\/es\/products\/treatments\/somnia\/ad-volume\/ad-volume-champu-volumen-y-cuerpo\/","og_locale":"es_ES","og_type":"article","og_title":"Ad Volume | Champ\u00fa Volumen y Cuerpo - K-time","og_description":"El champ\u00fa Ad Volume est\u00e1 dise\u00f1ado para el cabello fino y apagado.","og_url":"https:\/\/k-time.it\/es\/products\/treatments\/somnia\/ad-volume\/ad-volume-champu-volumen-y-cuerpo\/","og_site_name":"K-time","article_modified_time":"2021-04-16T10:21:58+00:00","og_image":[{"width":600,"height":600,"url":"https:\/\/k-time.it\/wp-content\/uploads\/2020\/06\/22062_k-time_somnia_ad_volume_bodifying_volumizing_shampoo_300ml.png","type":"image\/png"}],"twitter_card":"summary_large_image","twitter_misc":{"Tiempo de lectura":"1 minuto"},"schema":{"@context":"https:\/\/schema.org","@graph":[{"@type":"WebPage","@id":"https:\/\/k-time.it\/es\/products\/treatments\/somnia\/ad-volume\/ad-volume-champu-volumen-y-cuerpo\/","url":"https:\/\/k-time.it\/es\/products\/treatments\/somnia\/ad-volume\/ad-volume-champu-volumen-y-cuerpo\/","name":"Ad Volume | Champ\u00fa Volumen y Cuerpo - K-time","isPartOf":{"@id":"https:\/\/k-time.it\/en\/#website"},"primaryImageOfPage":{"@id":"https:\/\/k-time.it\/es\/products\/treatments\/somnia\/ad-volume\/ad-volume-champu-volumen-y-cuerpo\/#primaryimage"},"image":{"@id":"https:\/\/k-time.it\/es\/products\/treatments\/somnia\/ad-volume\/ad-volume-champu-volumen-y-cuerpo\/#primaryimage"},"thumbnailUrl":"https:\/\/k-time.it\/wp-content\/uploads\/2020\/06\/22062_k-time_somnia_ad_volume_bodifying_volumizing_shampoo_300ml.png","datePublished":"2020-06-25T14:46:31+00:00","dateModified":"2021-04-16T10:21:58+00:00","description":"El champ\u00fa Ad Volume est\u00e1 dise\u00f1ado para el cabello fino y apagado.","breadcrumb":{"@id":"https:\/\/k-time.it\/es\/products\/treatments\/somnia\/ad-volume\/ad-volume-champu-volumen-y-cuerpo\/#breadcrumb"},"inLanguage":"es","potentialAction":[{"@type":"ReadAction","target":["https:\/\/k-time.it\/es\/products\/treatments\/somnia\/ad-volume\/ad-volume-champu-volumen-y-cuerpo\/"]}]},{"@type":"ImageObject","inLanguage":"es","@id":"https:\/\/k-time.it\/es\/products\/treatments\/somnia\/ad-volume\/ad-volume-champu-volumen-y-cuerpo\/#primaryimage","url":"https:\/\/k-time.it\/wp-content\/uploads\/2020\/06\/22062_k-time_somnia_ad_volume_bodifying_volumizing_shampoo_300ml.png","contentUrl":"https:\/\/k-time.it\/wp-content\/uploads\/2020\/06\/22062_k-time_somnia_ad_volume_bodifying_volumizing_shampoo_300ml.png","width":600,"height":600,"caption":"Ad Volume | Shampoo Volumizzante Corporizzante"},{"@type":"BreadcrumbList","@id":"https:\/\/k-time.it\/es\/products\/treatments\/somnia\/ad-volume\/ad-volume-champu-volumen-y-cuerpo\/#breadcrumb","itemListElement":[{"@type":"ListItem","position":1,"name":"Home","item":"https:\/\/k-time.it\/es\/"},{"@type":"ListItem","position":2,"name":"Shop","item":"https:\/\/k-time.it\/en\/negozio\/"},{"@type":"ListItem","position":3,"name":"Ad Volume | Champ\u00fa Volumen y Cuerpo"}]},{"@type":"WebSite","@id":"https:\/\/k-time.it\/en\/#website","url":"https:\/\/k-time.it\/en\/","name":"K-time","description":"Hair Spa Treatments","publisher":{"@id":"https:\/\/k-time.it\/en\/#organization"},"potentialAction":[{"@type":"SearchAction","target":{"@type":"EntryPoint","urlTemplate":"https:\/\/k-time.it\/en\/?s={search_term_string}"},"query-input":{"@type":"PropertyValueSpecification","valueRequired":true,"valueName":"search_term_string"}}],"inLanguage":"es"},{"@type":"Organization","@id":"https:\/\/k-time.it\/en\/#organization","name":"K-time","url":"https:\/\/k-time.it\/en\/","logo":{"@type":"ImageObject","inLanguage":"es","@id":"https:\/\/k-time.it\/en\/#\/schema\/logo\/image\/","url":"","contentUrl":"","caption":"K-time"},"image":{"@id":"https:\/\/k-time.it\/en\/#\/schema\/logo\/image\/"}}]}},"_links":{"self":[{"href":"https:\/\/k-time.it\/es\/wp-json\/wp\/v2\/product\/6344","targetHints":{"allow":["GET"]}}],"collection":[{"href":"https:\/\/k-time.it\/es\/wp-json\/wp\/v2\/product"}],"about":[{"href":"https:\/\/k-time.it\/es\/wp-json\/wp\/v2\/types\/product"}],"wp:featuredmedia":[{"embeddable":true,"href":"https:\/\/k-time.it\/es\/wp-json\/wp\/v2\/media\/18387"}],"wp:attachment":[{"href":"https:\/\/k-time.it\/es\/wp-json\/wp\/v2\/media?parent=6344"}],"wp:term":[{"taxonomy":"product_brand","embeddable":true,"href":"https:\/\/k-time.it\/es\/wp-json\/wp\/v2\/product_brand?post=6344"},{"taxonomy":"product_cat","embeddable":true,"href":"https:\/\/k-time.it\/es\/wp-json\/wp\/v2\/product_cat?post=6344"},{"taxonomy":"product_tag","embeddable":true,"href":"https:\/\/k-time.it\/es\/wp-json\/wp\/v2\/product_tag?post=6344"}],"curies":[{"name":"wp","href":"https:\/\/api.w.org\/{rel}","templated":true}]}}