{"id":6056,"date":"2020-06-25T16:46:32","date_gmt":"2020-06-25T14:46:32","guid":{"rendered":"https:\/\/k-time.it\/products\/sin%20categor\u00eda\/glam-elastic-bomb-espuma-fuerte-modeladora\/"},"modified":"2021-06-22T16:00:18","modified_gmt":"2021-06-22T14:00:18","slug":"glam-elastic-bomb-espuma-fuerte-modeladora","status":"publish","type":"product","link":"https:\/\/k-time.it\/es\/products\/finish-styling\/glam-elastic-bomb-espuma-fuerte-modeladora\/","title":{"rendered":"Glam | Elastic Bomb \u2013 Espuma fuerte modeladora"},"content":{"rendered":"<div class=\"wpb-content-wrapper\"><p>[vc_row disable_element=\u00bbyes\u00bb][vc_column][\/vc_column][\/vc_row][vc_row][vc_column width=\u00bb1\/2&#8243;]<div class=\"standard-arrow list-divider bullet-top\"><h2>Formulaci\u00f3n<\/h2>\n<ul>\n<li><strong>Extractos de\u00a0Guaran\u00e1<\/strong>: el guaran\u00e1 es una planta utilizada en cosm\u00e9tica por sus propiedades altamente estimulantes<\/li>\n<li><strong>Caf\u00e9 verde<\/strong>: un fant\u00e1stico potenciador de energ\u00eda que fortalece los tejidos conectivos y ejerce una acci\u00f3n antioxidante y antiinflamatoria<\/li>\n<\/ul>\n<\/div>[\/vc_column][vc_column width=\u00bb1\/2&#8243;]<div class=\"standard-arrow list-divider bullet-top\"><h2>Beneficios<\/h2>\n<ul>\n<li>Asegura una\u00a0fijaci\u00f3n firme y el\u00e1stica<\/li>\n<li>Confiere al\u00a0peinado m\u00e1xima moldeabilidad<\/li>\n<li>Aporta al cabello\u00a0brillo y volumen<\/li>\n<\/ul>\n<\/div>[\/vc_column][\/vc_row][vc_row css=\u00bb.vc_custom_1595317695114{padding-top: 50px !important;}\u00bb][vc_column]<div class=\"dt-fancy-separator h2-size style-thick\" style=\"width: 100%;\"><div class=\"dt-fancy-title\" style=\"color: #333333;\"><span class=\"separator-holder separator-left\" style=\"border-color: #f0f0f0;\"><\/span>Productos relacionados<span class=\"separator-holder separator-right\" style=\"border-color: #f0f0f0;\"><\/span><\/div><\/div>[vc_raw_html]W3dwYi1wcm9kdWN0LXNsaWRlci1zaG9ydGNvZGUgaWQ9IjIyNzgiXQ==[\/vc_raw_html][\/vc_column][\/vc_row]<\/p>\n<\/div>","protected":false},"excerpt":{"rendered":"<p><strong>Elastic Bomb, espuma fuerte modeladora\u00a0<\/strong>para el cabello, enriquecida con\u00a0[glossary_exclude]<strong>Extractos de guaran\u00e1<\/strong>\u00a0y\u00a0<strong>Caf\u00e9 verde<\/strong>.[\/glossary_exclude]<\/p>\n<p>Garantiza una fijaci\u00f3n el\u00e1stica y una m\u00e1xima moldeabilidad.<\/p>\n<p>Formato 300 ml<\/p>\n<p>&nbsp;<\/p>\n<p><span style=\"font-weight: 400;\">[vc_row][vc_column][ultimate_exp_section title=\" C\u00f3mo comprar\" new_title=\"Solicita informaci\u00f3n sobre la compra\" text_color=\"#ffffff\" background_color=\"#877650\" text_hovercolor=\"#ffffff\" bghovercolor=\"#877650\" title_active=\"#ffffff\" title_active_bg=\"#877650\" cnt_bg_color=\"#ffffff\" icon=\"icomoon-the7-font-icon-cart-detailed\" new_icon=\"icomoon-the7-font-the7-mail-011\" icon_align=\"left\" icon_size=\"20\" icon_color=\"#ffffff\" icon_hover_color=\"#ffffff\" icon_active_color=\"#ffffff\" title_font_size=\"desktop:16px;\" title_padding=\"padding-top:4px;padding-right:7px;padding-bottom:4px;padding-left:4px;\" icon_margin=\"margin-right:1px;\"][contact-form-7 id=\"496\"][\/ultimate_exp_section][\/vc_column][\/vc_row]<\/span><\/p>\n","protected":false},"featured_media":18035,"template":"","meta":[],"product_brand":[],"product_cat":[1018],"product_tag":[],"class_list":{"0":"post-6056","1":"product","2":"type-product","3":"status-publish","4":"has-post-thumbnail","6":"product_cat-finish-styling","7":"description-off","9":"first","10":"instock","11":"shipping-taxable","12":"product-type-simple"},"yoast_head":"<!-- This site is optimized with the Yoast SEO plugin v26.8 - https:\/\/yoast.com\/product\/yoast-seo-wordpress\/ -->\n<title>Glam | Elastic Bomb \u2013 Espuma fuerte modeladora - K-time<\/title>\n<meta name=\"description\" content=\"Elastic Bomb, espuma fuerte modeladora para el cabello, enriquecida con Extractos de guaran\u00e1 y Caf\u00e9 verde.\" \/>\n<meta name=\"robots\" content=\"index, follow, max-snippet:-1, max-image-preview:large, max-video-preview:-1\" \/>\n<link rel=\"canonical\" href=\"https:\/\/k-time.it\/products\/finish-styling\/glam-elastic-bomb-mousse-strong-modellante-per-capelli\/\" \/>\n<meta property=\"og:locale\" content=\"es_ES\" \/>\n<meta property=\"og:type\" content=\"article\" \/>\n<meta property=\"og:title\" content=\"Glam | Elastic Bomb \u2013 Espuma fuerte modeladora - K-time\" \/>\n<meta property=\"og:description\" content=\"Elastic Bomb, espuma fuerte modeladora para el cabello, enriquecida con Extractos de guaran\u00e1 y Caf\u00e9 verde.\" \/>\n<meta property=\"og:url\" content=\"https:\/\/k-time.it\/products\/finish-styling\/glam-elastic-bomb-mousse-strong-modellante-per-capelli\/\" \/>\n<meta property=\"og:site_name\" content=\"K-time\" \/>\n<meta property=\"article:modified_time\" content=\"2021-06-22T14:00:18+00:00\" \/>\n<meta property=\"og:image\" content=\"https:\/\/k-time.it\/wp-content\/uploads\/2020\/07\/23022_k-time_glam_elastic_bomb_strong_shaping_mousse_300ml-1.png\" \/>\n\t<meta property=\"og:image:width\" content=\"600\" \/>\n\t<meta property=\"og:image:height\" content=\"600\" \/>\n\t<meta property=\"og:image:type\" content=\"image\/png\" \/>\n<meta name=\"twitter:card\" content=\"summary_large_image\" \/>\n<meta name=\"twitter:label1\" content=\"Tiempo de lectura\" \/>\n\t<meta name=\"twitter:data1\" content=\"1 minuto\" \/>\n<script type=\"application\/ld+json\" class=\"yoast-schema-graph\">{\"@context\":\"https:\/\/schema.org\",\"@graph\":[{\"@type\":\"WebPage\",\"@id\":\"https:\/\/k-time.it\/products\/finish-styling\/glam-elastic-bomb-mousse-strong-modellante-per-capelli\/\",\"url\":\"https:\/\/k-time.it\/products\/finish-styling\/glam-elastic-bomb-mousse-strong-modellante-per-capelli\/\",\"name\":\"Glam | Elastic Bomb \u2013 Espuma fuerte modeladora - K-time\",\"isPartOf\":{\"@id\":\"https:\/\/k-time.it\/en\/#website\"},\"primaryImageOfPage\":{\"@id\":\"https:\/\/k-time.it\/products\/finish-styling\/glam-elastic-bomb-mousse-strong-modellante-per-capelli\/#primaryimage\"},\"image\":{\"@id\":\"https:\/\/k-time.it\/products\/finish-styling\/glam-elastic-bomb-mousse-strong-modellante-per-capelli\/#primaryimage\"},\"thumbnailUrl\":\"https:\/\/k-time.it\/wp-content\/uploads\/2020\/07\/23022_k-time_glam_elastic_bomb_strong_shaping_mousse_300ml-1.png\",\"datePublished\":\"2020-06-25T14:46:32+00:00\",\"dateModified\":\"2021-06-22T14:00:18+00:00\",\"description\":\"Elastic Bomb, espuma fuerte modeladora para el cabello, enriquecida con Extractos de guaran\u00e1 y Caf\u00e9 verde.\",\"breadcrumb\":{\"@id\":\"https:\/\/k-time.it\/products\/finish-styling\/glam-elastic-bomb-mousse-strong-modellante-per-capelli\/#breadcrumb\"},\"inLanguage\":\"es\",\"potentialAction\":[{\"@type\":\"ReadAction\",\"target\":[\"https:\/\/k-time.it\/products\/finish-styling\/glam-elastic-bomb-mousse-strong-modellante-per-capelli\/\"]}]},{\"@type\":\"ImageObject\",\"inLanguage\":\"es\",\"@id\":\"https:\/\/k-time.it\/products\/finish-styling\/glam-elastic-bomb-mousse-strong-modellante-per-capelli\/#primaryimage\",\"url\":\"https:\/\/k-time.it\/wp-content\/uploads\/2020\/07\/23022_k-time_glam_elastic_bomb_strong_shaping_mousse_300ml-1.png\",\"contentUrl\":\"https:\/\/k-time.it\/wp-content\/uploads\/2020\/07\/23022_k-time_glam_elastic_bomb_strong_shaping_mousse_300ml-1.png\",\"width\":600,\"height\":600,\"caption\":\"Glam | Elastic Bomb - Mousse Strong Modellante\"},{\"@type\":\"BreadcrumbList\",\"@id\":\"https:\/\/k-time.it\/products\/finish-styling\/glam-elastic-bomb-mousse-strong-modellante-per-capelli\/#breadcrumb\",\"itemListElement\":[{\"@type\":\"ListItem\",\"position\":1,\"name\":\"Home\",\"item\":\"https:\/\/k-time.it\/es\/\"},{\"@type\":\"ListItem\",\"position\":2,\"name\":\"Shop\",\"item\":\"https:\/\/k-time.it\/en\/negozio\/\"},{\"@type\":\"ListItem\",\"position\":3,\"name\":\"Glam | Elastic Bomb \u2013 Espuma fuerte modeladora\"}]},{\"@type\":\"WebSite\",\"@id\":\"https:\/\/k-time.it\/en\/#website\",\"url\":\"https:\/\/k-time.it\/en\/\",\"name\":\"K-time\",\"description\":\"Hair Spa Treatments\",\"publisher\":{\"@id\":\"https:\/\/k-time.it\/en\/#organization\"},\"potentialAction\":[{\"@type\":\"SearchAction\",\"target\":{\"@type\":\"EntryPoint\",\"urlTemplate\":\"https:\/\/k-time.it\/en\/?s={search_term_string}\"},\"query-input\":{\"@type\":\"PropertyValueSpecification\",\"valueRequired\":true,\"valueName\":\"search_term_string\"}}],\"inLanguage\":\"es\"},{\"@type\":\"Organization\",\"@id\":\"https:\/\/k-time.it\/en\/#organization\",\"name\":\"K-time\",\"url\":\"https:\/\/k-time.it\/en\/\",\"logo\":{\"@type\":\"ImageObject\",\"inLanguage\":\"es\",\"@id\":\"https:\/\/k-time.it\/en\/#\/schema\/logo\/image\/\",\"url\":\"\",\"contentUrl\":\"\",\"caption\":\"K-time\"},\"image\":{\"@id\":\"https:\/\/k-time.it\/en\/#\/schema\/logo\/image\/\"}}]}<\/script>\n<!-- \/ Yoast SEO plugin. -->","yoast_head_json":{"title":"Glam | Elastic Bomb \u2013 Espuma fuerte modeladora - K-time","description":"Elastic Bomb, espuma fuerte modeladora para el cabello, enriquecida con Extractos de guaran\u00e1 y Caf\u00e9 verde.","robots":{"index":"index","follow":"follow","max-snippet":"max-snippet:-1","max-image-preview":"max-image-preview:large","max-video-preview":"max-video-preview:-1"},"canonical":"https:\/\/k-time.it\/products\/finish-styling\/glam-elastic-bomb-mousse-strong-modellante-per-capelli\/","og_locale":"es_ES","og_type":"article","og_title":"Glam | Elastic Bomb \u2013 Espuma fuerte modeladora - K-time","og_description":"Elastic Bomb, espuma fuerte modeladora para el cabello, enriquecida con Extractos de guaran\u00e1 y Caf\u00e9 verde.","og_url":"https:\/\/k-time.it\/products\/finish-styling\/glam-elastic-bomb-mousse-strong-modellante-per-capelli\/","og_site_name":"K-time","article_modified_time":"2021-06-22T14:00:18+00:00","og_image":[{"width":600,"height":600,"url":"https:\/\/k-time.it\/wp-content\/uploads\/2020\/07\/23022_k-time_glam_elastic_bomb_strong_shaping_mousse_300ml-1.png","type":"image\/png"}],"twitter_card":"summary_large_image","twitter_misc":{"Tiempo de lectura":"1 minuto"},"schema":{"@context":"https:\/\/schema.org","@graph":[{"@type":"WebPage","@id":"https:\/\/k-time.it\/products\/finish-styling\/glam-elastic-bomb-mousse-strong-modellante-per-capelli\/","url":"https:\/\/k-time.it\/products\/finish-styling\/glam-elastic-bomb-mousse-strong-modellante-per-capelli\/","name":"Glam | Elastic Bomb \u2013 Espuma fuerte modeladora - K-time","isPartOf":{"@id":"https:\/\/k-time.it\/en\/#website"},"primaryImageOfPage":{"@id":"https:\/\/k-time.it\/products\/finish-styling\/glam-elastic-bomb-mousse-strong-modellante-per-capelli\/#primaryimage"},"image":{"@id":"https:\/\/k-time.it\/products\/finish-styling\/glam-elastic-bomb-mousse-strong-modellante-per-capelli\/#primaryimage"},"thumbnailUrl":"https:\/\/k-time.it\/wp-content\/uploads\/2020\/07\/23022_k-time_glam_elastic_bomb_strong_shaping_mousse_300ml-1.png","datePublished":"2020-06-25T14:46:32+00:00","dateModified":"2021-06-22T14:00:18+00:00","description":"Elastic Bomb, espuma fuerte modeladora para el cabello, enriquecida con Extractos de guaran\u00e1 y Caf\u00e9 verde.","breadcrumb":{"@id":"https:\/\/k-time.it\/products\/finish-styling\/glam-elastic-bomb-mousse-strong-modellante-per-capelli\/#breadcrumb"},"inLanguage":"es","potentialAction":[{"@type":"ReadAction","target":["https:\/\/k-time.it\/products\/finish-styling\/glam-elastic-bomb-mousse-strong-modellante-per-capelli\/"]}]},{"@type":"ImageObject","inLanguage":"es","@id":"https:\/\/k-time.it\/products\/finish-styling\/glam-elastic-bomb-mousse-strong-modellante-per-capelli\/#primaryimage","url":"https:\/\/k-time.it\/wp-content\/uploads\/2020\/07\/23022_k-time_glam_elastic_bomb_strong_shaping_mousse_300ml-1.png","contentUrl":"https:\/\/k-time.it\/wp-content\/uploads\/2020\/07\/23022_k-time_glam_elastic_bomb_strong_shaping_mousse_300ml-1.png","width":600,"height":600,"caption":"Glam | Elastic Bomb - Mousse Strong Modellante"},{"@type":"BreadcrumbList","@id":"https:\/\/k-time.it\/products\/finish-styling\/glam-elastic-bomb-mousse-strong-modellante-per-capelli\/#breadcrumb","itemListElement":[{"@type":"ListItem","position":1,"name":"Home","item":"https:\/\/k-time.it\/es\/"},{"@type":"ListItem","position":2,"name":"Shop","item":"https:\/\/k-time.it\/en\/negozio\/"},{"@type":"ListItem","position":3,"name":"Glam | Elastic Bomb \u2013 Espuma fuerte modeladora"}]},{"@type":"WebSite","@id":"https:\/\/k-time.it\/en\/#website","url":"https:\/\/k-time.it\/en\/","name":"K-time","description":"Hair Spa Treatments","publisher":{"@id":"https:\/\/k-time.it\/en\/#organization"},"potentialAction":[{"@type":"SearchAction","target":{"@type":"EntryPoint","urlTemplate":"https:\/\/k-time.it\/en\/?s={search_term_string}"},"query-input":{"@type":"PropertyValueSpecification","valueRequired":true,"valueName":"search_term_string"}}],"inLanguage":"es"},{"@type":"Organization","@id":"https:\/\/k-time.it\/en\/#organization","name":"K-time","url":"https:\/\/k-time.it\/en\/","logo":{"@type":"ImageObject","inLanguage":"es","@id":"https:\/\/k-time.it\/en\/#\/schema\/logo\/image\/","url":"","contentUrl":"","caption":"K-time"},"image":{"@id":"https:\/\/k-time.it\/en\/#\/schema\/logo\/image\/"}}]}},"_links":{"self":[{"href":"https:\/\/k-time.it\/es\/wp-json\/wp\/v2\/product\/6056","targetHints":{"allow":["GET"]}}],"collection":[{"href":"https:\/\/k-time.it\/es\/wp-json\/wp\/v2\/product"}],"about":[{"href":"https:\/\/k-time.it\/es\/wp-json\/wp\/v2\/types\/product"}],"wp:featuredmedia":[{"embeddable":true,"href":"https:\/\/k-time.it\/es\/wp-json\/wp\/v2\/media\/18035"}],"wp:attachment":[{"href":"https:\/\/k-time.it\/es\/wp-json\/wp\/v2\/media?parent=6056"}],"wp:term":[{"taxonomy":"product_brand","embeddable":true,"href":"https:\/\/k-time.it\/es\/wp-json\/wp\/v2\/product_brand?post=6056"},{"taxonomy":"product_cat","embeddable":true,"href":"https:\/\/k-time.it\/es\/wp-json\/wp\/v2\/product_cat?post=6056"},{"taxonomy":"product_tag","embeddable":true,"href":"https:\/\/k-time.it\/es\/wp-json\/wp\/v2\/product_tag?post=6056"}],"curies":[{"name":"wp","href":"https:\/\/api.w.org\/{rel}","templated":true}]}}