{"id":6048,"date":"2020-06-25T16:46:46","date_gmt":"2020-06-25T14:46:46","guid":{"rendered":"https:\/\/k-time.it\/products\/sin%20categor\u00eda\/phibre-champu-reestructurante-de-la-fibra-capilar\/"},"modified":"2021-04-16T11:10:58","modified_gmt":"2021-04-16T09:10:58","slug":"phibre-champu-reestructurante-de-la-fibra-capilar","status":"publish","type":"product","link":"https:\/\/k-time.it\/es\/products\/treatments\/phibre\/phibre-champu-reestructurante-de-la-fibra-capilar\/","title":{"rendered":"Phibre | Champ\u00fa Reestructurante de la Fibra Capilar"},"content":{"rendered":"<div class=\"wpb-content-wrapper\"><p>[vc_row disable_element=\u00bbyes\u00bb][vc_column][\/vc_column][\/vc_row][vc_row][vc_column width=\u00bb1\/2&#8243;]<div class=\"standard-arrow list-divider bullet-top\"><h2>Formulaci\u00f3n<\/h2>\n<ul>\n<li><strong>Fitoqueratina<\/strong>: formada por prote\u00ednas hidrolizadas de bajo y medio peso molecular, derivada del c\u00e1\u00f1amo y del arroz<\/li>\n<li><strong>Termoprote\u00edna del S\u00e9samo<\/strong>: aporta suavidad y elasticidad al tallo, permite mantener una hidrataci\u00f3n superior del cabello y compacta la cut\u00edcula con un efecto de larga duraci\u00f3n<\/li>\n<\/ul>\n<\/div>[\/vc_column][vc_column width=\u00bb1\/2&#8243;]<div class=\"standard-arrow list-divider bullet-top\"><h2>Beneficios<\/h2>\n<div id=\"tab-benefits\">\n<ul>\n<li>Prepara el cabello para recibir los activos del tratamiento<\/li>\n<li>Hidrata y nutre a fondo<\/li>\n<li>Elimina las impurezas con suavidad<\/li>\n<li>Eficacia probada*<\/li>\n<\/ul>\n<p>*La eficacia del tratamiento ha sido probada en vivo en centros universitarios italianos<\/p>\n<\/div>\n<\/div>[\/vc_column][\/vc_row][vc_row css=\u00bb.vc_custom_1595341806516{padding-top: 50px !important;}\u00bb][vc_column]<div class=\"dt-fancy-separator h2-size style-thick\" style=\"width: 100%;\"><div class=\"dt-fancy-title\" style=\"color: #333333;\"><span class=\"separator-holder separator-left\" style=\"border-color: #f0f0f0;\"><\/span>Rituales<span class=\"separator-holder separator-right\" style=\"border-color: #f0f0f0;\"><\/span><\/div><\/div>[vc_row_inner][vc_column_inner width=\u00bb1\/2&#8243;][vc_empty_space height=\u00bb15px\u00bb]<div class=\"standard-number-list list-divider bullet-top\"><ul>\n<li>\n<h5>Champ\u00fa Reestructurante<\/h5>\n<p>Aplicar el Champ\u00fa Reestructurante para eliminar delicadamente las impurezas del cabello y prepararlo para el Tratamiento Reestructurante Intensivo. Masajear delicadamente y aclarar. Repetir la aplicaci\u00f3n en caso necesario.<\/li>\n<li>\n<h5>Tratamiento Reestructurante<\/h5>\n<p>Despu\u00e9s de haber aplicado el champ\u00fa y secado bien el cabello con una toalla para eliminar el exceso de agua, dividir el cabello en secciones y aplicar el Tratamiento Reestructurante Intensivo con una brocha a lo largo del cabello. Masajear para hacer que los activos penetren en profundidad. Dejar actuar bajo una fuente de calor, tal y como se recomienda en la tabla dedicada (ver a continuaci\u00f3n).Aclarar.<\/li>\n<li>\n<h5>Mascarilla Suavizante Iluminadora<\/h5>\n<p>Aplicar la Mascarilla Suavizante Iluminadora sobre el cabello mojado y dejar actuar durante 3\/5 minutos. Peinar y masajear para distribuir bien el producto y hacer que penetre en profundidad. Aclarar bien. Secar y continuar con el siguiente paso.<\/li>\n<li>\n<h5>Spray Reestructurante Sellador<strong><br \/>\n<\/strong><\/h5>\n<p>Vaporizar el Spray Reestructurante Sellador sobre el cabello a una distancia de 20-30 cm. No aclarar y proceder al secado. Tambi\u00e9n se puede utilizar sobre el cabello seco<\/li>\n<\/ul>\n<\/div>[\/vc_column_inner][vc_column_inner width=\u00bb1\/2&#8243;][vc_empty_space height=\u00bb15px\u00bb][vc_column_text]<\/p>\n<div class=\"wpb_text_column wpb_content_element \">\n<div class=\"wpb_wrapper\">\n<p>Phibre es el innovador tratamiento reestructurante para cabellos deshidratados, da\u00f1ados y castigados.<\/p>\n<\/div>\n<\/div>\n<div class=\"wpb_video_widget wpb_content_element vc_clearfix vc_video-aspect-ratio-169 vc_video-el-width-100 vc_video-align-center\">\n<div class=\"wpb_wrapper\"><\/div>\n<\/div>\n<p>[\/vc_column_text][vc_video link=\u00bbhttps:\/\/www.youtube.com\/watch?v=mUJza4n2Yzw&amp;feature=emb_title\u00bb align=\u00bbcenter\u00bb][\/vc_column_inner][\/vc_row_inner]<div class=\"dt-fancy-separator h2-size style-thick\" style=\"width: 100%;\"><div class=\"dt-fancy-title\" style=\"color: #333333;\"><span class=\"separator-holder separator-left\" style=\"border-color: #f0f0f0;\"><\/span>Fuente de calor: tabla dedicada<span class=\"separator-holder separator-right\" style=\"border-color: #f0f0f0;\"><\/span><\/div><\/div>[vc_row_inner][vc_column_inner][vc_empty_space height=\u00bb15px\u00bb][\/vc_column_inner][\/vc_row_inner][\/vc_column][\/vc_row][vc_row][vc_column][vc_tta_tabs style=\u00bbmodern\u00bb shape=\u00bbsquare\u00bb color=\u00bbwhite\u00bb spacing=\u00bb5&#8243; gap=\u00bb5&#8243; alignment=\u00bbcenter\u00bb active_section=\u00bb1&#8243;][vc_tta_section title=\u00bbEstructura: Cabello Fino\u00bb tab_id=\u00bb1595412922747-f9dce3bd-7013&#8243;][vc_row_inner css=\u00bb.vc_custom_1595415264119{padding-top: 35px !important;}\u00bb][vc_column_inner width=\u00bb1\/3&#8243;][vc_column_text]<br \/>\n<strong>Largo: Cabello Corto<\/strong><\/p>\n<div class=\"wpb_text_column wpb_content_element \">\n<div class=\"wpb_wrapper\">\n<ol>\n<li>Champ\u00fa: 2 minutos de actuaci\u00f3n + Repetir la acci\u00f3n sin dejar actuar<\/li>\n<li>Tratamiento: 10 minutos bajo una fuente de calor<\/li>\n<li>Mascarilla: 3 minutos<\/li>\n<li>Spray: 1\/2 pulverizaciones<\/li>\n<\/ol>\n<\/div>\n<\/div>\n<p>[\/vc_column_text][\/vc_column_inner][vc_column_inner width=\u00bb1\/3&#8243;][vc_column_text]<br \/>\n<strong>Largo: Cabello Medio<\/strong><\/p>\n<div class=\"wpb_text_column wpb_content_element \">\n<div class=\"wpb_wrapper\">\n<ol>\n<li>Champ\u00fa: 2 minutos de actuaci\u00f3n + repetir la acci\u00f3n y dejar actuar durante 1 minuto<\/li>\n<li>Tratamiento: 12\/13 minutos bajo una fuente de calor<\/li>\n<li>Mascarilla: 3 minutos<\/li>\n<li>Spray: 2\/3 pulverizaciones<\/li>\n<\/ol>\n<\/div>\n<\/div>\n<p>[\/vc_column_text][\/vc_column_inner][vc_column_inner width=\u00bb1\/3&#8243;][vc_column_text]<br \/>\n<strong>Largo: Cabello Largo<\/strong><\/p>\n<div class=\"wpb_text_column wpb_content_element \">\n<div class=\"wpb_wrapper\">\n<ol>\n<li>Champ\u00fa: 2 minutos de actuaci\u00f3n + repetir la acci\u00f3n y dejar actuar durante 2 minutos<\/li>\n<li>Tratamiento: 15 minutos bajo una fuente de calor<\/li>\n<li>Mascarilla: 3 minutos<\/li>\n<li>Spray: 5\/6 pulverizaciones<\/li>\n<\/ol>\n<\/div>\n<\/div>\n<p>[\/vc_column_text][\/vc_column_inner][\/vc_row_inner][\/vc_tta_section][vc_tta_section title=\u00bbEstructura: Cabello Medio\u00bb tab_id=\u00bb1595412922793-52428ef5-17c1&#8243;][vc_row_inner css=\u00bb.vc_custom_1595415146628{padding-top: 35px !important;}\u00bb][vc_column_inner width=\u00bb1\/3&#8243;][vc_column_text]<br \/>\n<strong>Largo: Cabello Corto<\/strong><\/p>\n<div class=\"wpb_text_column wpb_content_element \">\n<div class=\"wpb_wrapper\">\n<ol>\n<li>Champ\u00fa: 2 minutos de actuaci\u00f3n + Repetir la acci\u00f3n y dejar actuar durante 1 minuto<\/li>\n<li>Tratamiento: 10 minutos bajo una fuente de calor<\/li>\n<li>Mascarilla: 4 minutos<\/li>\n<li>Spray: 2\/3 pulverizaciones<\/li>\n<\/ol>\n<\/div>\n<\/div>\n<p>[\/vc_column_text][\/vc_column_inner][vc_column_inner width=\u00bb1\/3&#8243;][vc_column_text]<br \/>\n<strong>Largo: Cabello Medio<\/strong><\/p>\n<div class=\"wpb_text_column wpb_content_element \">\n<div class=\"wpb_wrapper\">\n<ol>\n<li>Champ\u00fa: 2 minutos de actuaci\u00f3n + repetir la acci\u00f3n y dejar actuar durante 2 minutos<\/li>\n<li>Tratamiento: 12\/13 minutos bajo una fuente de calor<\/li>\n<li>Mascarilla: 4 minutos<\/li>\n<li>Spray: 4\/5 pulverizaciones<\/li>\n<\/ol>\n<\/div>\n<\/div>\n<p>[\/vc_column_text][\/vc_column_inner][vc_column_inner width=\u00bb1\/3&#8243;][vc_column_text]<br \/>\n<strong>Largo: Cabello Largo<\/strong><\/p>\n<div class=\"wpb_text_column wpb_content_element \">\n<div class=\"wpb_wrapper\">\n<ol>\n<li>Champ\u00fa: 3 minutos de actuaci\u00f3n + repetir la acci\u00f3n y dejar actuar durante 1 minuto<\/li>\n<li>Tratamiento: 15 minutos bajo una fuente de calor<\/li>\n<li>Mascarilla: 4 minutos<\/li>\n<li>Spray: 6\/7 pulverizaciones<\/li>\n<\/ol>\n<\/div>\n<\/div>\n<p>[\/vc_column_text][\/vc_column_inner][\/vc_row_inner][\/vc_tta_section][vc_tta_section title=\u00bbEstructura: Cabello Grueso\u00bb tab_id=\u00bb1595413104274-282d1fda-46a7&#8243;][vc_row_inner css=\u00bb.vc_custom_1595415156572{padding-top: 35px !important;}\u00bb][vc_column_inner width=\u00bb1\/3&#8243;][vc_column_text]<br \/>\n<strong>Largo: Cabello Corto<\/strong><\/p>\n<div class=\"wpb_text_column wpb_content_element \">\n<div class=\"wpb_wrapper\">\n<ol>\n<li>Champ\u00fa: 3 minutos de actuaci\u00f3n + Repetir la acci\u00f3n y dejar actuar durante 1 minuto<\/li>\n<li>Tratamiento: 12 minutos bajo una fuente de calor<\/li>\n<li>Mascarilla: 5 minutos<\/li>\n<li>Spray: 3\/4 pulverizaciones<\/li>\n<\/ol>\n<\/div>\n<\/div>\n<p>[\/vc_column_text][\/vc_column_inner][vc_column_inner width=\u00bb1\/3&#8243;][vc_column_text]<br \/>\n<strong>Largo: Cabello Medio<\/strong><\/p>\n<div class=\"wpb_text_column wpb_content_element \">\n<div class=\"wpb_wrapper\">\n<ol>\n<li>Champ\u00fa: 3 minutos de actuaci\u00f3n + repetir la acci\u00f3n y dejar actuar durante 2 minutos<\/li>\n<li>Tratamiento: 13\/14 minutos bajo una fuente de calor<\/li>\n<li>Mascarilla: 5 minutos<\/li>\n<li>Spray: 5\/6 pulverizaciones<\/li>\n<\/ol>\n<\/div>\n<\/div>\n<p>[\/vc_column_text][\/vc_column_inner][vc_column_inner width=\u00bb1\/3&#8243;][vc_column_text]<br \/>\n<strong>Largo: Cabello Largo<\/strong><\/p>\n<div class=\"wpb_text_column wpb_content_element \">\n<div class=\"wpb_wrapper\">\n<ol>\n<li>Champ\u00fa: 3 minutos de actuaci\u00f3n + repetir la acci\u00f3n sin dejar actuar<\/li>\n<li>Tratamiento: 15 minutos bajo una fuente de calor<\/li>\n<li>Mascarilla: 5 minutos<\/li>\n<li>Spray: 7\/8 pulverizaciones<\/li>\n<\/ol>\n<\/div>\n<\/div>\n<p>[\/vc_column_text][\/vc_column_inner][\/vc_row_inner][\/vc_tta_section][\/vc_tta_tabs][\/vc_column][\/vc_row][vc_row css=\u00bb.vc_custom_1595341818903{padding-top: 50px !important;}\u00bb][vc_column]<div class=\"dt-fancy-separator h2-size style-thick\" style=\"width: 100%;\"><div class=\"dt-fancy-title\" style=\"color: #333333;\"><span class=\"separator-holder separator-left\" style=\"border-color: #f0f0f0;\"><\/span>Productos relacionados<span class=\"separator-holder separator-right\" style=\"border-color: #f0f0f0;\"><\/span><\/div><\/div>[vc_raw_html]IFt3cGItcHJvZHVjdC1zbGlkZXItc2hvcnRjb2RlIGlkPSIxNDA2Il0=[\/vc_raw_html][\/vc_column][\/vc_row]<\/p>\n<\/div>","protected":false},"excerpt":{"rendered":"<p><strong>Prepara.\u00a0<\/strong><strong>Hidrata. Nutre<\/strong>. El\u00a0<strong>champ\u00fa reestructurante<\/strong>\u00a0Phibre limpia delicadamente el cuero cabelludo y el cabello, revitalizando y fortaleciendo la estructura capilar.<\/p>\n<p>Perfecto para\u00a0<strong>cabellos muy da\u00f1ados y te\u00f1idos<\/strong>, est\u00e1 enriquecido con el innovador\u00a0<strong>[KRS]<sup>+<\/sup>\u00a0Complex<\/strong>.<\/p>\n<p>Uso profesional<\/p>\n<p>Formato 1000 ml<\/p>\n<p>&nbsp;<\/p>\n<p><span style=\"font-weight: 400\">[vc_row][vc_column][ultimate_exp_section title=\" C\u00f3mo comprar\" new_title=\"Solicita informaci\u00f3n sobre la compra\" text_color=\"#ffffff\" background_color=\"#877650\" text_hovercolor=\"#ffffff\" bghovercolor=\"#877650\" title_active=\"#ffffff\" title_active_bg=\"#877650\" cnt_bg_color=\"#ffffff\" icon=\"icomoon-the7-font-icon-cart-detailed\" new_icon=\"icomoon-the7-font-the7-mail-011\" icon_align=\"left\" icon_size=\"20\" icon_color=\"#ffffff\" icon_hover_color=\"#ffffff\" icon_active_color=\"#ffffff\" title_font_size=\"desktop:16px;\" title_padding=\"padding-top:4px;padding-right:7px;padding-bottom:4px;padding-left:4px;\" icon_margin=\"margin-right:1px;\"][contact-form-7 id=\"496\"][\/ultimate_exp_section][\/vc_column][\/vc_row]<\/span><\/p>\n","protected":false},"featured_media":18233,"template":"","meta":[],"product_brand":[],"product_cat":[493,494],"product_tag":[],"class_list":{"0":"post-6048","1":"product","2":"type-product","3":"status-publish","4":"has-post-thumbnail","6":"product_cat-treatments","7":"product_cat-phibre","8":"description-off","10":"first","11":"instock","12":"shipping-taxable","13":"product-type-simple"},"yoast_head":"<!-- This site is optimized with the Yoast SEO plugin v26.8 - https:\/\/yoast.com\/product\/yoast-seo-wordpress\/ -->\n<title>Phibre | Champ\u00fa Reestructurante de la Fibra Capilar | K-time<\/title>\n<meta name=\"description\" content=\"Prepara. Hidrata. Nutre. El champ\u00fa reestructurante Phibre limpia delicadamente el cuero cabelludo y el cabello, revitalizando y fortaleciendo la estructura capilar.\" \/>\n<meta name=\"robots\" content=\"index, follow, max-snippet:-1, max-image-preview:large, max-video-preview:-1\" \/>\n<link rel=\"canonical\" href=\"https:\/\/k-time.it\/es\/products\/treatments\/phibre\/phibre-champu-reestructurante-de-la-fibra-capilar\/\" \/>\n<meta property=\"og:locale\" content=\"es_ES\" \/>\n<meta property=\"og:type\" content=\"article\" \/>\n<meta property=\"og:title\" content=\"Phibre | Champ\u00fa Reestructurante de la Fibra Capilar | K-time\" \/>\n<meta property=\"og:description\" content=\"Prepara. Hidrata. Nutre. El champ\u00fa reestructurante Phibre limpia delicadamente el cuero cabelludo y el cabello, revitalizando y fortaleciendo la estructura capilar.\" \/>\n<meta property=\"og:url\" content=\"https:\/\/k-time.it\/es\/products\/treatments\/phibre\/phibre-champu-reestructurante-de-la-fibra-capilar\/\" \/>\n<meta property=\"og:site_name\" content=\"K-time\" \/>\n<meta property=\"article:modified_time\" content=\"2021-04-16T09:10:58+00:00\" \/>\n<meta property=\"og:image\" content=\"https:\/\/k-time.it\/wp-content\/uploads\/2020\/07\/22089_k-time_phibre_hair_fibre_restructurin_shampoo_1000ml-1.png\" \/>\n\t<meta property=\"og:image:width\" content=\"600\" \/>\n\t<meta property=\"og:image:height\" content=\"600\" \/>\n\t<meta property=\"og:image:type\" content=\"image\/png\" \/>\n<meta name=\"twitter:card\" content=\"summary_large_image\" \/>\n<meta name=\"twitter:label1\" content=\"Tiempo de lectura\" \/>\n\t<meta name=\"twitter:data1\" content=\"3 minutos\" \/>\n<script type=\"application\/ld+json\" class=\"yoast-schema-graph\">{\"@context\":\"https:\/\/schema.org\",\"@graph\":[{\"@type\":\"WebPage\",\"@id\":\"https:\/\/k-time.it\/es\/products\/treatments\/phibre\/phibre-champu-reestructurante-de-la-fibra-capilar\/\",\"url\":\"https:\/\/k-time.it\/es\/products\/treatments\/phibre\/phibre-champu-reestructurante-de-la-fibra-capilar\/\",\"name\":\"Phibre | Champ\u00fa Reestructurante de la Fibra Capilar | K-time\",\"isPartOf\":{\"@id\":\"https:\/\/k-time.it\/en\/#website\"},\"primaryImageOfPage\":{\"@id\":\"https:\/\/k-time.it\/es\/products\/treatments\/phibre\/phibre-champu-reestructurante-de-la-fibra-capilar\/#primaryimage\"},\"image\":{\"@id\":\"https:\/\/k-time.it\/es\/products\/treatments\/phibre\/phibre-champu-reestructurante-de-la-fibra-capilar\/#primaryimage\"},\"thumbnailUrl\":\"https:\/\/k-time.it\/wp-content\/uploads\/2020\/07\/22089_k-time_phibre_hair_fibre_restructurin_shampoo_1000ml-1.png\",\"datePublished\":\"2020-06-25T14:46:46+00:00\",\"dateModified\":\"2021-04-16T09:10:58+00:00\",\"description\":\"Prepara. Hidrata. Nutre. El champ\u00fa reestructurante Phibre limpia delicadamente el cuero cabelludo y el cabello, revitalizando y fortaleciendo la estructura capilar.\",\"breadcrumb\":{\"@id\":\"https:\/\/k-time.it\/es\/products\/treatments\/phibre\/phibre-champu-reestructurante-de-la-fibra-capilar\/#breadcrumb\"},\"inLanguage\":\"es\",\"potentialAction\":[{\"@type\":\"ReadAction\",\"target\":[\"https:\/\/k-time.it\/es\/products\/treatments\/phibre\/phibre-champu-reestructurante-de-la-fibra-capilar\/\"]}]},{\"@type\":\"ImageObject\",\"inLanguage\":\"es\",\"@id\":\"https:\/\/k-time.it\/es\/products\/treatments\/phibre\/phibre-champu-reestructurante-de-la-fibra-capilar\/#primaryimage\",\"url\":\"https:\/\/k-time.it\/wp-content\/uploads\/2020\/07\/22089_k-time_phibre_hair_fibre_restructurin_shampoo_1000ml-1.png\",\"contentUrl\":\"https:\/\/k-time.it\/wp-content\/uploads\/2020\/07\/22089_k-time_phibre_hair_fibre_restructurin_shampoo_1000ml-1.png\",\"width\":600,\"height\":600,\"caption\":\"Phibre | Shampoo Ristrutturante\"},{\"@type\":\"BreadcrumbList\",\"@id\":\"https:\/\/k-time.it\/es\/products\/treatments\/phibre\/phibre-champu-reestructurante-de-la-fibra-capilar\/#breadcrumb\",\"itemListElement\":[{\"@type\":\"ListItem\",\"position\":1,\"name\":\"Home\",\"item\":\"https:\/\/k-time.it\/es\/\"},{\"@type\":\"ListItem\",\"position\":2,\"name\":\"Shop\",\"item\":\"https:\/\/k-time.it\/en\/negozio\/\"},{\"@type\":\"ListItem\",\"position\":3,\"name\":\"Phibre | Champ\u00fa Reestructurante de la Fibra Capilar\"}]},{\"@type\":\"WebSite\",\"@id\":\"https:\/\/k-time.it\/en\/#website\",\"url\":\"https:\/\/k-time.it\/en\/\",\"name\":\"K-time\",\"description\":\"Hair Spa Treatments\",\"publisher\":{\"@id\":\"https:\/\/k-time.it\/en\/#organization\"},\"potentialAction\":[{\"@type\":\"SearchAction\",\"target\":{\"@type\":\"EntryPoint\",\"urlTemplate\":\"https:\/\/k-time.it\/en\/?s={search_term_string}\"},\"query-input\":{\"@type\":\"PropertyValueSpecification\",\"valueRequired\":true,\"valueName\":\"search_term_string\"}}],\"inLanguage\":\"es\"},{\"@type\":\"Organization\",\"@id\":\"https:\/\/k-time.it\/en\/#organization\",\"name\":\"K-time\",\"url\":\"https:\/\/k-time.it\/en\/\",\"logo\":{\"@type\":\"ImageObject\",\"inLanguage\":\"es\",\"@id\":\"https:\/\/k-time.it\/en\/#\/schema\/logo\/image\/\",\"url\":\"\",\"contentUrl\":\"\",\"caption\":\"K-time\"},\"image\":{\"@id\":\"https:\/\/k-time.it\/en\/#\/schema\/logo\/image\/\"}}]}<\/script>\n<!-- \/ Yoast SEO plugin. -->","yoast_head_json":{"title":"Phibre | Champ\u00fa Reestructurante de la Fibra Capilar | K-time","description":"Prepara. Hidrata. Nutre. El champ\u00fa reestructurante Phibre limpia delicadamente el cuero cabelludo y el cabello, revitalizando y fortaleciendo la estructura capilar.","robots":{"index":"index","follow":"follow","max-snippet":"max-snippet:-1","max-image-preview":"max-image-preview:large","max-video-preview":"max-video-preview:-1"},"canonical":"https:\/\/k-time.it\/es\/products\/treatments\/phibre\/phibre-champu-reestructurante-de-la-fibra-capilar\/","og_locale":"es_ES","og_type":"article","og_title":"Phibre | Champ\u00fa Reestructurante de la Fibra Capilar | K-time","og_description":"Prepara. Hidrata. Nutre. El champ\u00fa reestructurante Phibre limpia delicadamente el cuero cabelludo y el cabello, revitalizando y fortaleciendo la estructura capilar.","og_url":"https:\/\/k-time.it\/es\/products\/treatments\/phibre\/phibre-champu-reestructurante-de-la-fibra-capilar\/","og_site_name":"K-time","article_modified_time":"2021-04-16T09:10:58+00:00","og_image":[{"width":600,"height":600,"url":"https:\/\/k-time.it\/wp-content\/uploads\/2020\/07\/22089_k-time_phibre_hair_fibre_restructurin_shampoo_1000ml-1.png","type":"image\/png"}],"twitter_card":"summary_large_image","twitter_misc":{"Tiempo de lectura":"3 minutos"},"schema":{"@context":"https:\/\/schema.org","@graph":[{"@type":"WebPage","@id":"https:\/\/k-time.it\/es\/products\/treatments\/phibre\/phibre-champu-reestructurante-de-la-fibra-capilar\/","url":"https:\/\/k-time.it\/es\/products\/treatments\/phibre\/phibre-champu-reestructurante-de-la-fibra-capilar\/","name":"Phibre | Champ\u00fa Reestructurante de la Fibra Capilar | K-time","isPartOf":{"@id":"https:\/\/k-time.it\/en\/#website"},"primaryImageOfPage":{"@id":"https:\/\/k-time.it\/es\/products\/treatments\/phibre\/phibre-champu-reestructurante-de-la-fibra-capilar\/#primaryimage"},"image":{"@id":"https:\/\/k-time.it\/es\/products\/treatments\/phibre\/phibre-champu-reestructurante-de-la-fibra-capilar\/#primaryimage"},"thumbnailUrl":"https:\/\/k-time.it\/wp-content\/uploads\/2020\/07\/22089_k-time_phibre_hair_fibre_restructurin_shampoo_1000ml-1.png","datePublished":"2020-06-25T14:46:46+00:00","dateModified":"2021-04-16T09:10:58+00:00","description":"Prepara. Hidrata. Nutre. El champ\u00fa reestructurante Phibre limpia delicadamente el cuero cabelludo y el cabello, revitalizando y fortaleciendo la estructura capilar.","breadcrumb":{"@id":"https:\/\/k-time.it\/es\/products\/treatments\/phibre\/phibre-champu-reestructurante-de-la-fibra-capilar\/#breadcrumb"},"inLanguage":"es","potentialAction":[{"@type":"ReadAction","target":["https:\/\/k-time.it\/es\/products\/treatments\/phibre\/phibre-champu-reestructurante-de-la-fibra-capilar\/"]}]},{"@type":"ImageObject","inLanguage":"es","@id":"https:\/\/k-time.it\/es\/products\/treatments\/phibre\/phibre-champu-reestructurante-de-la-fibra-capilar\/#primaryimage","url":"https:\/\/k-time.it\/wp-content\/uploads\/2020\/07\/22089_k-time_phibre_hair_fibre_restructurin_shampoo_1000ml-1.png","contentUrl":"https:\/\/k-time.it\/wp-content\/uploads\/2020\/07\/22089_k-time_phibre_hair_fibre_restructurin_shampoo_1000ml-1.png","width":600,"height":600,"caption":"Phibre | Shampoo Ristrutturante"},{"@type":"BreadcrumbList","@id":"https:\/\/k-time.it\/es\/products\/treatments\/phibre\/phibre-champu-reestructurante-de-la-fibra-capilar\/#breadcrumb","itemListElement":[{"@type":"ListItem","position":1,"name":"Home","item":"https:\/\/k-time.it\/es\/"},{"@type":"ListItem","position":2,"name":"Shop","item":"https:\/\/k-time.it\/en\/negozio\/"},{"@type":"ListItem","position":3,"name":"Phibre | Champ\u00fa Reestructurante de la Fibra Capilar"}]},{"@type":"WebSite","@id":"https:\/\/k-time.it\/en\/#website","url":"https:\/\/k-time.it\/en\/","name":"K-time","description":"Hair Spa Treatments","publisher":{"@id":"https:\/\/k-time.it\/en\/#organization"},"potentialAction":[{"@type":"SearchAction","target":{"@type":"EntryPoint","urlTemplate":"https:\/\/k-time.it\/en\/?s={search_term_string}"},"query-input":{"@type":"PropertyValueSpecification","valueRequired":true,"valueName":"search_term_string"}}],"inLanguage":"es"},{"@type":"Organization","@id":"https:\/\/k-time.it\/en\/#organization","name":"K-time","url":"https:\/\/k-time.it\/en\/","logo":{"@type":"ImageObject","inLanguage":"es","@id":"https:\/\/k-time.it\/en\/#\/schema\/logo\/image\/","url":"","contentUrl":"","caption":"K-time"},"image":{"@id":"https:\/\/k-time.it\/en\/#\/schema\/logo\/image\/"}}]}},"_links":{"self":[{"href":"https:\/\/k-time.it\/es\/wp-json\/wp\/v2\/product\/6048","targetHints":{"allow":["GET"]}}],"collection":[{"href":"https:\/\/k-time.it\/es\/wp-json\/wp\/v2\/product"}],"about":[{"href":"https:\/\/k-time.it\/es\/wp-json\/wp\/v2\/types\/product"}],"wp:featuredmedia":[{"embeddable":true,"href":"https:\/\/k-time.it\/es\/wp-json\/wp\/v2\/media\/18233"}],"wp:attachment":[{"href":"https:\/\/k-time.it\/es\/wp-json\/wp\/v2\/media?parent=6048"}],"wp:term":[{"taxonomy":"product_brand","embeddable":true,"href":"https:\/\/k-time.it\/es\/wp-json\/wp\/v2\/product_brand?post=6048"},{"taxonomy":"product_cat","embeddable":true,"href":"https:\/\/k-time.it\/es\/wp-json\/wp\/v2\/product_cat?post=6048"},{"taxonomy":"product_tag","embeddable":true,"href":"https:\/\/k-time.it\/es\/wp-json\/wp\/v2\/product_tag?post=6048"}],"curies":[{"name":"wp","href":"https:\/\/api.w.org\/{rel}","templated":true}]}}