{"id":5879,"date":"2020-06-25T16:46:47","date_gmt":"2020-06-25T14:46:47","guid":{"rendered":"https:\/\/k-time.it\/products\/sin%20categor\u00eda\/phibre-champu-reestructurante-de-la-fibra-capilar-home-treatment\/"},"modified":"2021-04-16T10:33:54","modified_gmt":"2021-04-16T08:33:54","slug":"phibre-champu-reestructurante-de-la-fibra-capilar-home-treatment","status":"publish","type":"product","link":"https:\/\/k-time.it\/es\/products\/treatments\/phibre\/phibre-champu-reestructurante-de-la-fibra-capilar-home-treatment\/","title":{"rendered":"Phibre | Champ\u00fa Reestructurante de la Fibra Capilar \u2013 Home Treatment"},"content":{"rendered":"<div class=\"wpb-content-wrapper\"><p>[vc_row disable_element=\u00bbyes\u00bb][vc_column][\/vc_column][\/vc_row][vc_row][vc_column width=\u00bb1\/2&#8243;]<div class=\"standard-arrow list-divider bullet-top\"><h2>Formulaci\u00f3n<\/h2>\n<ul>\n<li><strong>Fitoqueratina<\/strong>: formada por prote\u00ednas hidrolizadas de bajo y medio peso molecular, derivada del c\u00e1\u00f1amo y del arroz<\/li>\n<li><strong>Termoprote\u00edna del S\u00e9samo<\/strong>: aporta suavidad y elasticidad al tallo, permite mantener una hidrataci\u00f3n superior del cabello y compacta la cut\u00edcula con un efecto de larga duraci\u00f3n<\/li>\n<\/ul>\n<\/div>[\/vc_column][vc_column width=\u00bb1\/2&#8243;]<div class=\"standard-arrow list-divider bullet-top\"><h2>Beneficios<\/h2>\n<div id=\"tab-benefits\">\n<div id=\"tab-benefits\">\n<div id=\"tab-benefits\">\n<div id=\"tab-benefits\">\n<div id=\"tab-benefits\">\n<ul>\n<li>Limpia delicadamente el cuero cabelludo y el cabello<\/li>\n<li>Prolonga los efectos cosm\u00e9ticos del tratamiento<\/li>\n<li>El cabello est\u00e1 m\u00e1s fuerte durante m\u00e1s tiempo<\/li>\n<li>Eficacia probada*<\/li>\n<\/ul>\n<p>*La eficacia del tratamiento ha sido probada en vivo en centros universitarios italianos<\/p>\n<\/div>\n<\/div>\n<\/div>\n<\/div>\n<\/div>\n<\/div>[\/vc_column][\/vc_row][vc_row css=\u00bb.vc_custom_1595341806516{padding-top: 50px !important;}\u00bb][vc_column]<div class=\"dt-fancy-separator h2-size style-thick\" style=\"width: 100%;\"><div class=\"dt-fancy-title\" style=\"color: #333333;\"><span class=\"separator-holder separator-left\" style=\"border-color: #f0f0f0;\"><\/span>Rituales<span class=\"separator-holder separator-right\" style=\"border-color: #f0f0f0;\"><\/span><\/div><\/div>[vc_row_inner][vc_column_inner width=\u00bb1\/2&#8243;][vc_empty_space height=\u00bb15px\u00bb]<div class=\"standard-number-list list-divider bullet-top\"><ul>\n<li>\n<h5>Champ\u00fa Reestructurante<\/h5>\n<p>Aplicar el Champ\u00fa Reestructurante para eliminar delicadamente las impurezas del cabello y prepararlo para el Tratamiento Reestructurante Intensivo. Masajear delicadamente y aclarar. Repetir la aplicaci\u00f3n en caso necesario.<\/li>\n<li>\n<h5>Tratamiento Reestructurante<\/h5>\n<p>Despu\u00e9s de haber aplicado el champ\u00fa y secado bien el cabello con una toalla para eliminar el exceso de agua, dividir el cabello en secciones y aplicar el Tratamiento Reestructurante Intensivo con una brocha a lo largo del cabello. Masajear para hacer que los activos penetren en profundidad. Dejar actuar bajo una fuente de calor, tal y como se recomienda en la tabla dedicada (ver a continuaci\u00f3n).Aclarar.<\/li>\n<li>\n<h5>Mascarilla Suavizante Iluminadora<\/h5>\n<p>Aplicar la Mascarilla Suavizante Iluminadora sobre el cabello mojado y dejar actuar durante 3\/5 minutos. Peinar y masajear para distribuir bien el producto y hacer que penetre en profundidad. Aclarar bien. Secar y continuar con el siguiente paso.<\/li>\n<li>\n<h5>Spray Reestructurante Sellador<strong><br \/>\n<\/strong><\/h5>\n<p>Vaporizar el Spray Reestructurante Sellador sobre el cabello a una distancia de 20-30 cm. No aclarar y proceder al secado. Tambi\u00e9n se puede utilizar sobre el cabello seco.<\/li>\n<\/ul>\n<\/div>[\/vc_column_inner][vc_column_inner width=\u00bb1\/2&#8243;][vc_empty_space height=\u00bb15px\u00bb][vc_column_text]<\/p>\n<div class=\"wpb_text_column wpb_content_element \">\n<div class=\"wpb_wrapper\">\n<p>Phibre es el innovador tratamiento reestructurante para cabellos deshidratados, da\u00f1ados y castigados.<\/p>\n<\/div>\n<\/div>\n<p>[\/vc_column_text][vc_video link=\u00bbhttps:\/\/www.youtube.com\/watch?v=mUJza4n2Yzw&amp;feature=emb_title\u00bb align=\u00bbcenter\u00bb][\/vc_column_inner][\/vc_row_inner][\/vc_column][\/vc_row][vc_row css=\u00bb.vc_custom_1595341818903{padding-top: 50px !important;}\u00bb][vc_column]<div class=\"dt-fancy-separator h2-size style-thick\" style=\"width: 100%;\"><div class=\"dt-fancy-title\" style=\"color: #333333;\"><span class=\"separator-holder separator-left\" style=\"border-color: #f0f0f0;\"><\/span>Productos relacionados<span class=\"separator-holder separator-right\" style=\"border-color: #f0f0f0;\"><\/span><\/div><\/div>[vc_raw_html]W3dwYi1wcm9kdWN0LXNsaWRlci1zaG9ydGNvZGUgaWQ9IjEzNjUiXQ==[\/vc_raw_html][\/vc_column][\/vc_row]<\/p>\n<\/div>","protected":false},"excerpt":{"rendered":"<p>Conserva los efectos del\u00a0<em>ritual\u00a0<\/em>Phibre con el Home Treatment.<\/p>\n<p>El<strong>\u00a0champ\u00fa reestructurante<\/strong>\u00a0limpia delicadamente el cuero cabelludo y el cabello, revitalizando y fortaleciendo la estructura de la fibra. Protege y prolonga los beneficios del Salon Treatment Phibre, para un\u00a0<strong>cabello luminoso y con vida durante m\u00e1s tiempo<\/strong>.<\/p>\n<p>Formato 300 ml<\/p>\n<p><span style=\"font-weight: 400\">[vc_row][vc_column][ultimate_exp_section title=\" C\u00f3mo comprar\" new_title=\"Solicita informaci\u00f3n sobre la compra\" text_color=\"#ffffff\" background_color=\"#877650\" text_hovercolor=\"#ffffff\" bghovercolor=\"#877650\" title_active=\"#ffffff\" title_active_bg=\"#877650\" cnt_bg_color=\"#ffffff\" icon=\"icomoon-the7-font-icon-cart-detailed\" new_icon=\"icomoon-the7-font-the7-mail-011\" icon_align=\"left\" icon_size=\"20\" icon_color=\"#ffffff\" icon_hover_color=\"#ffffff\" icon_active_color=\"#ffffff\" title_font_size=\"desktop:16px;\" title_padding=\"padding-top:4px;padding-right:7px;padding-bottom:4px;padding-left:4px;\" icon_margin=\"margin-right:1px;\"][contact-form-7 id=\"496\"][\/ultimate_exp_section][\/vc_column][\/vc_row]<\/span><\/p>\n","protected":false},"featured_media":18240,"template":"","meta":[],"product_brand":[],"product_cat":[493,494],"product_tag":[],"class_list":{"0":"post-5879","1":"product","2":"type-product","3":"status-publish","4":"has-post-thumbnail","6":"product_cat-treatments","7":"product_cat-phibre","8":"description-off","10":"first","11":"instock","12":"shipping-taxable","13":"product-type-simple"},"yoast_head":"<!-- This site is optimized with the Yoast SEO plugin v26.8 - https:\/\/yoast.com\/product\/yoast-seo-wordpress\/ -->\n<title>Phibre | Champ\u00fa Reestructurante de la Fibra Capilar \u2013 Home Treatment - K-time<\/title>\n<meta name=\"description\" content=\"Conserva los efectos del\u00a0ritual\u00a0Phibre con el Home Treatment.\" \/>\n<meta name=\"robots\" content=\"index, follow, max-snippet:-1, max-image-preview:large, max-video-preview:-1\" \/>\n<link rel=\"canonical\" href=\"https:\/\/k-time.it\/products\/treatments\/phibre\/phibre-shampoo-ristrutturante-fibra-capillare-home-treatment\/\" \/>\n<meta property=\"og:locale\" content=\"es_ES\" \/>\n<meta property=\"og:type\" content=\"article\" \/>\n<meta property=\"og:title\" content=\"Phibre | Champ\u00fa Reestructurante de la Fibra Capilar \u2013 Home Treatment - K-time\" \/>\n<meta property=\"og:description\" content=\"Conserva los efectos del\u00a0ritual\u00a0Phibre con el Home Treatment.\" \/>\n<meta property=\"og:url\" content=\"https:\/\/k-time.it\/products\/treatments\/phibre\/phibre-shampoo-ristrutturante-fibra-capillare-home-treatment\/\" \/>\n<meta property=\"og:site_name\" content=\"K-time\" \/>\n<meta property=\"article:modified_time\" content=\"2021-04-16T08:33:54+00:00\" \/>\n<meta property=\"og:image\" content=\"https:\/\/k-time.it\/wp-content\/uploads\/2020\/07\/22090_k-time_phibre_hair_fibre_restructurin_shampoo_300ml-1.png\" \/>\n\t<meta property=\"og:image:width\" content=\"600\" \/>\n\t<meta property=\"og:image:height\" content=\"600\" \/>\n\t<meta property=\"og:image:type\" content=\"image\/png\" \/>\n<meta name=\"twitter:card\" content=\"summary_large_image\" \/>\n<meta name=\"twitter:label1\" content=\"Tiempo de lectura\" \/>\n\t<meta name=\"twitter:data1\" content=\"2 minutos\" \/>\n<script type=\"application\/ld+json\" class=\"yoast-schema-graph\">{\"@context\":\"https:\/\/schema.org\",\"@graph\":[{\"@type\":\"WebPage\",\"@id\":\"https:\/\/k-time.it\/products\/treatments\/phibre\/phibre-shampoo-ristrutturante-fibra-capillare-home-treatment\/\",\"url\":\"https:\/\/k-time.it\/products\/treatments\/phibre\/phibre-shampoo-ristrutturante-fibra-capillare-home-treatment\/\",\"name\":\"Phibre | Champ\u00fa Reestructurante de la Fibra Capilar \u2013 Home Treatment - K-time\",\"isPartOf\":{\"@id\":\"https:\/\/k-time.it\/en\/#website\"},\"primaryImageOfPage\":{\"@id\":\"https:\/\/k-time.it\/products\/treatments\/phibre\/phibre-shampoo-ristrutturante-fibra-capillare-home-treatment\/#primaryimage\"},\"image\":{\"@id\":\"https:\/\/k-time.it\/products\/treatments\/phibre\/phibre-shampoo-ristrutturante-fibra-capillare-home-treatment\/#primaryimage\"},\"thumbnailUrl\":\"https:\/\/k-time.it\/wp-content\/uploads\/2020\/07\/22090_k-time_phibre_hair_fibre_restructurin_shampoo_300ml-1.png\",\"datePublished\":\"2020-06-25T14:46:47+00:00\",\"dateModified\":\"2021-04-16T08:33:54+00:00\",\"description\":\"Conserva los efectos del\u00a0ritual\u00a0Phibre con el Home Treatment.\",\"breadcrumb\":{\"@id\":\"https:\/\/k-time.it\/products\/treatments\/phibre\/phibre-shampoo-ristrutturante-fibra-capillare-home-treatment\/#breadcrumb\"},\"inLanguage\":\"es\",\"potentialAction\":[{\"@type\":\"ReadAction\",\"target\":[\"https:\/\/k-time.it\/products\/treatments\/phibre\/phibre-shampoo-ristrutturante-fibra-capillare-home-treatment\/\"]}]},{\"@type\":\"ImageObject\",\"inLanguage\":\"es\",\"@id\":\"https:\/\/k-time.it\/products\/treatments\/phibre\/phibre-shampoo-ristrutturante-fibra-capillare-home-treatment\/#primaryimage\",\"url\":\"https:\/\/k-time.it\/wp-content\/uploads\/2020\/07\/22090_k-time_phibre_hair_fibre_restructurin_shampoo_300ml-1.png\",\"contentUrl\":\"https:\/\/k-time.it\/wp-content\/uploads\/2020\/07\/22090_k-time_phibre_hair_fibre_restructurin_shampoo_300ml-1.png\",\"width\":600,\"height\":600,\"caption\":\"Phibre | Shampoo Ristrutturante - Home Treatment\"},{\"@type\":\"BreadcrumbList\",\"@id\":\"https:\/\/k-time.it\/products\/treatments\/phibre\/phibre-shampoo-ristrutturante-fibra-capillare-home-treatment\/#breadcrumb\",\"itemListElement\":[{\"@type\":\"ListItem\",\"position\":1,\"name\":\"Home\",\"item\":\"https:\/\/k-time.it\/es\/\"},{\"@type\":\"ListItem\",\"position\":2,\"name\":\"Shop\",\"item\":\"https:\/\/k-time.it\/en\/negozio\/\"},{\"@type\":\"ListItem\",\"position\":3,\"name\":\"Phibre | Champ\u00fa Reestructurante de la Fibra Capilar \u2013 Home Treatment\"}]},{\"@type\":\"WebSite\",\"@id\":\"https:\/\/k-time.it\/en\/#website\",\"url\":\"https:\/\/k-time.it\/en\/\",\"name\":\"K-time\",\"description\":\"Hair Spa Treatments\",\"publisher\":{\"@id\":\"https:\/\/k-time.it\/en\/#organization\"},\"potentialAction\":[{\"@type\":\"SearchAction\",\"target\":{\"@type\":\"EntryPoint\",\"urlTemplate\":\"https:\/\/k-time.it\/en\/?s={search_term_string}\"},\"query-input\":{\"@type\":\"PropertyValueSpecification\",\"valueRequired\":true,\"valueName\":\"search_term_string\"}}],\"inLanguage\":\"es\"},{\"@type\":\"Organization\",\"@id\":\"https:\/\/k-time.it\/en\/#organization\",\"name\":\"K-time\",\"url\":\"https:\/\/k-time.it\/en\/\",\"logo\":{\"@type\":\"ImageObject\",\"inLanguage\":\"es\",\"@id\":\"https:\/\/k-time.it\/en\/#\/schema\/logo\/image\/\",\"url\":\"\",\"contentUrl\":\"\",\"caption\":\"K-time\"},\"image\":{\"@id\":\"https:\/\/k-time.it\/en\/#\/schema\/logo\/image\/\"}}]}<\/script>\n<!-- \/ Yoast SEO plugin. -->","yoast_head_json":{"title":"Phibre | Champ\u00fa Reestructurante de la Fibra Capilar \u2013 Home Treatment - K-time","description":"Conserva los efectos del\u00a0ritual\u00a0Phibre con el Home Treatment.","robots":{"index":"index","follow":"follow","max-snippet":"max-snippet:-1","max-image-preview":"max-image-preview:large","max-video-preview":"max-video-preview:-1"},"canonical":"https:\/\/k-time.it\/products\/treatments\/phibre\/phibre-shampoo-ristrutturante-fibra-capillare-home-treatment\/","og_locale":"es_ES","og_type":"article","og_title":"Phibre | Champ\u00fa Reestructurante de la Fibra Capilar \u2013 Home Treatment - K-time","og_description":"Conserva los efectos del\u00a0ritual\u00a0Phibre con el Home Treatment.","og_url":"https:\/\/k-time.it\/products\/treatments\/phibre\/phibre-shampoo-ristrutturante-fibra-capillare-home-treatment\/","og_site_name":"K-time","article_modified_time":"2021-04-16T08:33:54+00:00","og_image":[{"width":600,"height":600,"url":"https:\/\/k-time.it\/wp-content\/uploads\/2020\/07\/22090_k-time_phibre_hair_fibre_restructurin_shampoo_300ml-1.png","type":"image\/png"}],"twitter_card":"summary_large_image","twitter_misc":{"Tiempo de lectura":"2 minutos"},"schema":{"@context":"https:\/\/schema.org","@graph":[{"@type":"WebPage","@id":"https:\/\/k-time.it\/products\/treatments\/phibre\/phibre-shampoo-ristrutturante-fibra-capillare-home-treatment\/","url":"https:\/\/k-time.it\/products\/treatments\/phibre\/phibre-shampoo-ristrutturante-fibra-capillare-home-treatment\/","name":"Phibre | Champ\u00fa Reestructurante de la Fibra Capilar \u2013 Home Treatment - K-time","isPartOf":{"@id":"https:\/\/k-time.it\/en\/#website"},"primaryImageOfPage":{"@id":"https:\/\/k-time.it\/products\/treatments\/phibre\/phibre-shampoo-ristrutturante-fibra-capillare-home-treatment\/#primaryimage"},"image":{"@id":"https:\/\/k-time.it\/products\/treatments\/phibre\/phibre-shampoo-ristrutturante-fibra-capillare-home-treatment\/#primaryimage"},"thumbnailUrl":"https:\/\/k-time.it\/wp-content\/uploads\/2020\/07\/22090_k-time_phibre_hair_fibre_restructurin_shampoo_300ml-1.png","datePublished":"2020-06-25T14:46:47+00:00","dateModified":"2021-04-16T08:33:54+00:00","description":"Conserva los efectos del\u00a0ritual\u00a0Phibre con el Home Treatment.","breadcrumb":{"@id":"https:\/\/k-time.it\/products\/treatments\/phibre\/phibre-shampoo-ristrutturante-fibra-capillare-home-treatment\/#breadcrumb"},"inLanguage":"es","potentialAction":[{"@type":"ReadAction","target":["https:\/\/k-time.it\/products\/treatments\/phibre\/phibre-shampoo-ristrutturante-fibra-capillare-home-treatment\/"]}]},{"@type":"ImageObject","inLanguage":"es","@id":"https:\/\/k-time.it\/products\/treatments\/phibre\/phibre-shampoo-ristrutturante-fibra-capillare-home-treatment\/#primaryimage","url":"https:\/\/k-time.it\/wp-content\/uploads\/2020\/07\/22090_k-time_phibre_hair_fibre_restructurin_shampoo_300ml-1.png","contentUrl":"https:\/\/k-time.it\/wp-content\/uploads\/2020\/07\/22090_k-time_phibre_hair_fibre_restructurin_shampoo_300ml-1.png","width":600,"height":600,"caption":"Phibre | Shampoo Ristrutturante - Home Treatment"},{"@type":"BreadcrumbList","@id":"https:\/\/k-time.it\/products\/treatments\/phibre\/phibre-shampoo-ristrutturante-fibra-capillare-home-treatment\/#breadcrumb","itemListElement":[{"@type":"ListItem","position":1,"name":"Home","item":"https:\/\/k-time.it\/es\/"},{"@type":"ListItem","position":2,"name":"Shop","item":"https:\/\/k-time.it\/en\/negozio\/"},{"@type":"ListItem","position":3,"name":"Phibre | Champ\u00fa Reestructurante de la Fibra Capilar \u2013 Home Treatment"}]},{"@type":"WebSite","@id":"https:\/\/k-time.it\/en\/#website","url":"https:\/\/k-time.it\/en\/","name":"K-time","description":"Hair Spa Treatments","publisher":{"@id":"https:\/\/k-time.it\/en\/#organization"},"potentialAction":[{"@type":"SearchAction","target":{"@type":"EntryPoint","urlTemplate":"https:\/\/k-time.it\/en\/?s={search_term_string}"},"query-input":{"@type":"PropertyValueSpecification","valueRequired":true,"valueName":"search_term_string"}}],"inLanguage":"es"},{"@type":"Organization","@id":"https:\/\/k-time.it\/en\/#organization","name":"K-time","url":"https:\/\/k-time.it\/en\/","logo":{"@type":"ImageObject","inLanguage":"es","@id":"https:\/\/k-time.it\/en\/#\/schema\/logo\/image\/","url":"","contentUrl":"","caption":"K-time"},"image":{"@id":"https:\/\/k-time.it\/en\/#\/schema\/logo\/image\/"}}]}},"_links":{"self":[{"href":"https:\/\/k-time.it\/es\/wp-json\/wp\/v2\/product\/5879","targetHints":{"allow":["GET"]}}],"collection":[{"href":"https:\/\/k-time.it\/es\/wp-json\/wp\/v2\/product"}],"about":[{"href":"https:\/\/k-time.it\/es\/wp-json\/wp\/v2\/types\/product"}],"wp:featuredmedia":[{"embeddable":true,"href":"https:\/\/k-time.it\/es\/wp-json\/wp\/v2\/media\/18240"}],"wp:attachment":[{"href":"https:\/\/k-time.it\/es\/wp-json\/wp\/v2\/media?parent=5879"}],"wp:term":[{"taxonomy":"product_brand","embeddable":true,"href":"https:\/\/k-time.it\/es\/wp-json\/wp\/v2\/product_brand?post=5879"},{"taxonomy":"product_cat","embeddable":true,"href":"https:\/\/k-time.it\/es\/wp-json\/wp\/v2\/product_cat?post=5879"},{"taxonomy":"product_tag","embeddable":true,"href":"https:\/\/k-time.it\/es\/wp-json\/wp\/v2\/product_tag?post=5879"}],"curies":[{"name":"wp","href":"https:\/\/api.w.org\/{rel}","templated":true}]}}