{"id":5552,"date":"2020-06-25T16:46:47","date_gmt":"2020-06-25T14:46:47","guid":{"rendered":"https:\/\/k-time.it\/products\/sin%20categor\u00eda\/gelee-colorazione-demi-permanente\/"},"modified":"2023-11-30T17:10:26","modified_gmt":"2023-11-30T16:10:26","slug":"gelee-coloracion-demipermanente-sin-amoniaco","status":"publish","type":"product","link":"https:\/\/k-time.it\/es\/products\/colouring\/gelee\/gelee-coloracion-demipermanente-sin-amoniaco\/","title":{"rendered":"Gel\u00e9e | Coloraci\u00f3n Demipermanente sin Amon\u00edaco"},"content":{"rendered":"<div class=\"wpb-content-wrapper\"><p>[vc_row disable_element=\u00bbyes\u00bb][vc_column][\/vc_column][\/vc_row][vc_row][vc_column width=\u00bb1\/2&#8243;]<div class=\"standard-arrow list-divider bullet-top\"><h2>Formulaci\u00f3n<\/h2>\n<ul>\n<li><strong>Aceite de\u00a0Aguacate<\/strong>: regenera las c\u00e9lulas pilosas, hidrata y nutre el cuero cabelludo<\/li>\n<li><strong>Extracto de Vid roja<\/strong>: es rico en flavonoides, reconstruye el tallo y da luz al color<\/li>\n<li><strong>Sin amon\u00edaco<\/strong><\/li>\n<\/ul>\n<\/div>[\/vc_column][vc_column width=\u00bb1\/2&#8243;]<div class=\"standard-arrow list-divider bullet-top\"><h2>Beneficios<\/h2>\n<div id=\"tab-benefits\">\n<ul>\n<li>Doble uso<\/li>\n<li>Cobertura delicada<\/li>\n<li>Tonaliza y recrea el color natural<\/li>\n<li>Valiosos activos funcionales<\/li>\n<\/ul>\n<\/div>\n<\/div>[\/vc_column][\/vc_row][vc_row][vc_column width=\u00bb1\/2&#8243;][vc_empty_space height=\u00bb20px\u00bb]<div class=\"dt-fancy-separator title-left h2-size style-thick\" style=\"width: 100%;\"><div class=\"dt-fancy-title\" style=\"color: #333333;\"><span class=\"separator-holder separator-left\" style=\"border-color: #f0f0f0;\"><\/span>Cobertura<span class=\"separator-holder separator-right\" style=\"border-color: #f0f0f0;\"><\/span><\/div><\/div>[vc_empty_space height=\u00bb20px\u00bb][vc_video link=\u00bbhttps:\/\/youtu.be\/3yjVBC2lHvs\u00bb align=\u00bbcenter\u00bb][\/vc_column][vc_column width=\u00bb1\/2&#8243;][vc_empty_space height=\u00bb20px\u00bb]<div class=\"dt-fancy-separator title-left h2-size style-thick\" style=\"width: 100%;\"><div class=\"dt-fancy-title\" style=\"color: #333333;\"><span class=\"separator-holder separator-left\" style=\"border-color: #f0f0f0;\"><\/span>Tono sobre tono<span class=\"separator-holder separator-right\" style=\"border-color: #f0f0f0;\"><\/span><\/div><\/div>[vc_empty_space height=\u00bb20px\u00bb][vc_video link=\u00bbhttps:\/\/youtu.be\/fsVb-PbF_dw\u00bb align=\u00bbcenter\u00bb][\/vc_column][\/vc_row][vc_row css=\u00bb.vc_custom_1595317695114{padding-top: 50px !important;}\u00bb][vc_column]<div class=\"dt-fancy-separator h2-size style-thick\" style=\"width: 100%;\"><div class=\"dt-fancy-title\" style=\"color: #333333;\"><span class=\"separator-holder separator-left\" style=\"border-color: #f0f0f0;\"><\/span>Productos relacionados<span class=\"separator-holder separator-right\" style=\"border-color: #f0f0f0;\"><\/span><\/div><\/div>[vc_raw_html]W3dwYi1wcm9kdWN0LXNsaWRlci1zaG9ydGNvZGUgaWQ9Ijc2NiJd[\/vc_raw_html][\/vc_column][\/vc_row]<\/p>\n<\/div>","protected":false},"excerpt":{"rendered":"<p><strong>Gel\u00e9e<\/strong>\u00a0es la<strong>\u00a0coloraci\u00f3n demipermanente<\/strong>\u00a0con la revolucionaria formulaci\u00f3n aceite\/gel \u201cdin\u00e1mica\u201d: gracias al\u00a0<strong>Dual Color System<\/strong>, es adecuada tanto para una\u00a0<strong>coloraci\u00f3n delicada de cobertura<\/strong>\u00a0(1:1), como para t\u00e9cnicas de\u00a0<strong>coloraci\u00f3n tono sobre tono<\/strong>\u00a0(1:2).<\/p>\n<p>No contiene amoniaco y est\u00e1 enriquecida con\u00a0[glossary_exclude]<strong>Aceite de Aguacate<\/strong>\u00a0y\u00a0<strong>Extracto de Vid roja<\/strong>[\/glossary_exclude].<\/p>\n<p>Uso profesional<\/p>\n<p>Formato 60 ml<\/p>\n<p>37 matices<\/p>\n<p><span style=\"font-weight: 400;\">[vc_row][vc_column][ultimate_exp_section title=\" C\u00f3mo comprar\" new_title=\"Solicita informaci\u00f3n sobre la compra\" text_color=\"#ffffff\" background_color=\"#877650\" text_hovercolor=\"#ffffff\" bghovercolor=\"#877650\" title_active=\"#ffffff\" title_active_bg=\"#877650\" cnt_bg_color=\"#ffffff\" icon=\"icomoon-the7-font-icon-cart-detailed\" new_icon=\"icomoon-the7-font-the7-mail-011\" icon_align=\"left\" icon_size=\"20\" icon_color=\"#ffffff\" icon_hover_color=\"#ffffff\" icon_active_color=\"#ffffff\" title_font_size=\"desktop:16px;\" title_padding=\"padding-top:4px;padding-right:7px;padding-bottom:4px;padding-left:4px;\" icon_margin=\"margin-right:1px;\"][contact-form-7 id=\"496\"][\/ultimate_exp_section][\/vc_column][\/vc_row]<\/span><\/p>\n","protected":false},"featured_media":17433,"template":"","meta":[],"product_brand":[],"product_cat":[1019,1021],"product_tag":[],"class_list":{"0":"post-5552","1":"product","2":"type-product","3":"status-publish","4":"has-post-thumbnail","6":"product_cat-colouring","7":"product_cat-gelee","8":"description-off","10":"first","11":"instock","12":"shipping-taxable","13":"purchasable","14":"product-type-variable"},"yoast_head":"<!-- This site is optimized with the Yoast SEO plugin v26.8 - https:\/\/yoast.com\/product\/yoast-seo-wordpress\/ -->\n<title>Gel\u00e9e | Coloraci\u00f3n Demipermanente sin Amon\u00edaco - K-time<\/title>\n<meta name=\"description\" content=\"Gel\u00e9e es adecuada tanto para una coloraci\u00f3n delicada de cobertura (1:1), como para t\u00e9cnicas de coloraci\u00f3n tono sobre tono (1:2).\" \/>\n<meta name=\"robots\" content=\"index, follow, max-snippet:-1, max-image-preview:large, max-video-preview:-1\" \/>\n<link rel=\"canonical\" href=\"https:\/\/k-time.it\/products\/colouring\/gelee\/gelee-colorazione-demi-permanente\/\" \/>\n<meta property=\"og:locale\" content=\"es_ES\" \/>\n<meta property=\"og:type\" content=\"article\" \/>\n<meta property=\"og:title\" content=\"Gel\u00e9e | Coloraci\u00f3n Demipermanente sin Amon\u00edaco - K-time\" \/>\n<meta property=\"og:description\" content=\"Gel\u00e9e es adecuada tanto para una coloraci\u00f3n delicada de cobertura (1:1), como para t\u00e9cnicas de coloraci\u00f3n tono sobre tono (1:2).\" \/>\n<meta property=\"og:url\" content=\"https:\/\/k-time.it\/products\/colouring\/gelee\/gelee-colorazione-demi-permanente\/\" \/>\n<meta property=\"og:site_name\" content=\"K-time\" \/>\n<meta property=\"article:modified_time\" content=\"2023-11-30T16:10:26+00:00\" \/>\n<meta property=\"og:image\" content=\"https:\/\/k-time.it\/wp-content\/uploads\/2020\/06\/204002_k-time_gelee_demi_permanent_hair_colouring_60ml_.png\" \/>\n\t<meta property=\"og:image:width\" content=\"600\" \/>\n\t<meta property=\"og:image:height\" content=\"600\" \/>\n\t<meta property=\"og:image:type\" content=\"image\/png\" \/>\n<meta name=\"twitter:card\" content=\"summary_large_image\" \/>\n<meta name=\"twitter:label1\" content=\"Tiempo de lectura\" \/>\n\t<meta name=\"twitter:data1\" content=\"1 minuto\" \/>\n<script type=\"application\/ld+json\" class=\"yoast-schema-graph\">{\"@context\":\"https:\/\/schema.org\",\"@graph\":[{\"@type\":\"WebPage\",\"@id\":\"https:\/\/k-time.it\/products\/colouring\/gelee\/gelee-colorazione-demi-permanente\/\",\"url\":\"https:\/\/k-time.it\/products\/colouring\/gelee\/gelee-colorazione-demi-permanente\/\",\"name\":\"Gel\u00e9e | Coloraci\u00f3n Demipermanente sin Amon\u00edaco - K-time\",\"isPartOf\":{\"@id\":\"https:\/\/k-time.it\/en\/#website\"},\"primaryImageOfPage\":{\"@id\":\"https:\/\/k-time.it\/products\/colouring\/gelee\/gelee-colorazione-demi-permanente\/#primaryimage\"},\"image\":{\"@id\":\"https:\/\/k-time.it\/products\/colouring\/gelee\/gelee-colorazione-demi-permanente\/#primaryimage\"},\"thumbnailUrl\":\"https:\/\/k-time.it\/wp-content\/uploads\/2020\/06\/204002_k-time_gelee_demi_permanent_hair_colouring_60ml_.png\",\"datePublished\":\"2020-06-25T14:46:47+00:00\",\"dateModified\":\"2023-11-30T16:10:26+00:00\",\"description\":\"Gel\u00e9e es adecuada tanto para una coloraci\u00f3n delicada de cobertura (1:1), como para t\u00e9cnicas de coloraci\u00f3n tono sobre tono (1:2).\",\"breadcrumb\":{\"@id\":\"https:\/\/k-time.it\/products\/colouring\/gelee\/gelee-colorazione-demi-permanente\/#breadcrumb\"},\"inLanguage\":\"es\",\"potentialAction\":[{\"@type\":\"ReadAction\",\"target\":[\"https:\/\/k-time.it\/products\/colouring\/gelee\/gelee-colorazione-demi-permanente\/\"]}]},{\"@type\":\"ImageObject\",\"inLanguage\":\"es\",\"@id\":\"https:\/\/k-time.it\/products\/colouring\/gelee\/gelee-colorazione-demi-permanente\/#primaryimage\",\"url\":\"https:\/\/k-time.it\/wp-content\/uploads\/2020\/06\/204002_k-time_gelee_demi_permanent_hair_colouring_60ml_.png\",\"contentUrl\":\"https:\/\/k-time.it\/wp-content\/uploads\/2020\/06\/204002_k-time_gelee_demi_permanent_hair_colouring_60ml_.png\",\"width\":600,\"height\":600,\"caption\":\"Gel\u00e9e | Colorazione Demi-permanente\"},{\"@type\":\"BreadcrumbList\",\"@id\":\"https:\/\/k-time.it\/products\/colouring\/gelee\/gelee-colorazione-demi-permanente\/#breadcrumb\",\"itemListElement\":[{\"@type\":\"ListItem\",\"position\":1,\"name\":\"Home\",\"item\":\"https:\/\/k-time.it\/es\/\"},{\"@type\":\"ListItem\",\"position\":2,\"name\":\"Shop\",\"item\":\"https:\/\/k-time.it\/en\/negozio\/\"},{\"@type\":\"ListItem\",\"position\":3,\"name\":\"Gel\u00e9e | Coloraci\u00f3n Demipermanente sin Amon\u00edaco\"}]},{\"@type\":\"WebSite\",\"@id\":\"https:\/\/k-time.it\/en\/#website\",\"url\":\"https:\/\/k-time.it\/en\/\",\"name\":\"K-time\",\"description\":\"Hair Spa Treatments\",\"publisher\":{\"@id\":\"https:\/\/k-time.it\/en\/#organization\"},\"potentialAction\":[{\"@type\":\"SearchAction\",\"target\":{\"@type\":\"EntryPoint\",\"urlTemplate\":\"https:\/\/k-time.it\/en\/?s={search_term_string}\"},\"query-input\":{\"@type\":\"PropertyValueSpecification\",\"valueRequired\":true,\"valueName\":\"search_term_string\"}}],\"inLanguage\":\"es\"},{\"@type\":\"Organization\",\"@id\":\"https:\/\/k-time.it\/en\/#organization\",\"name\":\"K-time\",\"url\":\"https:\/\/k-time.it\/en\/\",\"logo\":{\"@type\":\"ImageObject\",\"inLanguage\":\"es\",\"@id\":\"https:\/\/k-time.it\/en\/#\/schema\/logo\/image\/\",\"url\":\"\",\"contentUrl\":\"\",\"caption\":\"K-time\"},\"image\":{\"@id\":\"https:\/\/k-time.it\/en\/#\/schema\/logo\/image\/\"}}]}<\/script>\n<!-- \/ Yoast SEO plugin. -->","yoast_head_json":{"title":"Gel\u00e9e | Coloraci\u00f3n Demipermanente sin Amon\u00edaco - K-time","description":"Gel\u00e9e es adecuada tanto para una coloraci\u00f3n delicada de cobertura (1:1), como para t\u00e9cnicas de coloraci\u00f3n tono sobre tono (1:2).","robots":{"index":"index","follow":"follow","max-snippet":"max-snippet:-1","max-image-preview":"max-image-preview:large","max-video-preview":"max-video-preview:-1"},"canonical":"https:\/\/k-time.it\/products\/colouring\/gelee\/gelee-colorazione-demi-permanente\/","og_locale":"es_ES","og_type":"article","og_title":"Gel\u00e9e | Coloraci\u00f3n Demipermanente sin Amon\u00edaco - K-time","og_description":"Gel\u00e9e es adecuada tanto para una coloraci\u00f3n delicada de cobertura (1:1), como para t\u00e9cnicas de coloraci\u00f3n tono sobre tono (1:2).","og_url":"https:\/\/k-time.it\/products\/colouring\/gelee\/gelee-colorazione-demi-permanente\/","og_site_name":"K-time","article_modified_time":"2023-11-30T16:10:26+00:00","og_image":[{"width":600,"height":600,"url":"https:\/\/k-time.it\/wp-content\/uploads\/2020\/06\/204002_k-time_gelee_demi_permanent_hair_colouring_60ml_.png","type":"image\/png"}],"twitter_card":"summary_large_image","twitter_misc":{"Tiempo de lectura":"1 minuto"},"schema":{"@context":"https:\/\/schema.org","@graph":[{"@type":"WebPage","@id":"https:\/\/k-time.it\/products\/colouring\/gelee\/gelee-colorazione-demi-permanente\/","url":"https:\/\/k-time.it\/products\/colouring\/gelee\/gelee-colorazione-demi-permanente\/","name":"Gel\u00e9e | Coloraci\u00f3n Demipermanente sin Amon\u00edaco - K-time","isPartOf":{"@id":"https:\/\/k-time.it\/en\/#website"},"primaryImageOfPage":{"@id":"https:\/\/k-time.it\/products\/colouring\/gelee\/gelee-colorazione-demi-permanente\/#primaryimage"},"image":{"@id":"https:\/\/k-time.it\/products\/colouring\/gelee\/gelee-colorazione-demi-permanente\/#primaryimage"},"thumbnailUrl":"https:\/\/k-time.it\/wp-content\/uploads\/2020\/06\/204002_k-time_gelee_demi_permanent_hair_colouring_60ml_.png","datePublished":"2020-06-25T14:46:47+00:00","dateModified":"2023-11-30T16:10:26+00:00","description":"Gel\u00e9e es adecuada tanto para una coloraci\u00f3n delicada de cobertura (1:1), como para t\u00e9cnicas de coloraci\u00f3n tono sobre tono (1:2).","breadcrumb":{"@id":"https:\/\/k-time.it\/products\/colouring\/gelee\/gelee-colorazione-demi-permanente\/#breadcrumb"},"inLanguage":"es","potentialAction":[{"@type":"ReadAction","target":["https:\/\/k-time.it\/products\/colouring\/gelee\/gelee-colorazione-demi-permanente\/"]}]},{"@type":"ImageObject","inLanguage":"es","@id":"https:\/\/k-time.it\/products\/colouring\/gelee\/gelee-colorazione-demi-permanente\/#primaryimage","url":"https:\/\/k-time.it\/wp-content\/uploads\/2020\/06\/204002_k-time_gelee_demi_permanent_hair_colouring_60ml_.png","contentUrl":"https:\/\/k-time.it\/wp-content\/uploads\/2020\/06\/204002_k-time_gelee_demi_permanent_hair_colouring_60ml_.png","width":600,"height":600,"caption":"Gel\u00e9e | Colorazione Demi-permanente"},{"@type":"BreadcrumbList","@id":"https:\/\/k-time.it\/products\/colouring\/gelee\/gelee-colorazione-demi-permanente\/#breadcrumb","itemListElement":[{"@type":"ListItem","position":1,"name":"Home","item":"https:\/\/k-time.it\/es\/"},{"@type":"ListItem","position":2,"name":"Shop","item":"https:\/\/k-time.it\/en\/negozio\/"},{"@type":"ListItem","position":3,"name":"Gel\u00e9e | Coloraci\u00f3n Demipermanente sin Amon\u00edaco"}]},{"@type":"WebSite","@id":"https:\/\/k-time.it\/en\/#website","url":"https:\/\/k-time.it\/en\/","name":"K-time","description":"Hair Spa Treatments","publisher":{"@id":"https:\/\/k-time.it\/en\/#organization"},"potentialAction":[{"@type":"SearchAction","target":{"@type":"EntryPoint","urlTemplate":"https:\/\/k-time.it\/en\/?s={search_term_string}"},"query-input":{"@type":"PropertyValueSpecification","valueRequired":true,"valueName":"search_term_string"}}],"inLanguage":"es"},{"@type":"Organization","@id":"https:\/\/k-time.it\/en\/#organization","name":"K-time","url":"https:\/\/k-time.it\/en\/","logo":{"@type":"ImageObject","inLanguage":"es","@id":"https:\/\/k-time.it\/en\/#\/schema\/logo\/image\/","url":"","contentUrl":"","caption":"K-time"},"image":{"@id":"https:\/\/k-time.it\/en\/#\/schema\/logo\/image\/"}}]}},"_links":{"self":[{"href":"https:\/\/k-time.it\/es\/wp-json\/wp\/v2\/product\/5552","targetHints":{"allow":["GET"]}}],"collection":[{"href":"https:\/\/k-time.it\/es\/wp-json\/wp\/v2\/product"}],"about":[{"href":"https:\/\/k-time.it\/es\/wp-json\/wp\/v2\/types\/product"}],"wp:featuredmedia":[{"embeddable":true,"href":"https:\/\/k-time.it\/es\/wp-json\/wp\/v2\/media\/17433"}],"wp:attachment":[{"href":"https:\/\/k-time.it\/es\/wp-json\/wp\/v2\/media?parent=5552"}],"wp:term":[{"taxonomy":"product_brand","embeddable":true,"href":"https:\/\/k-time.it\/es\/wp-json\/wp\/v2\/product_brand?post=5552"},{"taxonomy":"product_cat","embeddable":true,"href":"https:\/\/k-time.it\/es\/wp-json\/wp\/v2\/product_cat?post=5552"},{"taxonomy":"product_tag","embeddable":true,"href":"https:\/\/k-time.it\/es\/wp-json\/wp\/v2\/product_tag?post=5552"}],"curies":[{"name":"wp","href":"https:\/\/api.w.org\/{rel}","templated":true}]}}