{"id":5511,"date":"2020-07-03T08:59:33","date_gmt":"2020-07-03T06:59:33","guid":{"rendered":"https:\/\/k-time.it\/products\/sin%20categor\u00eda\/glam-high-heels-lacca-ecologica-lunga-tenuta\/"},"modified":"2021-04-15T14:30:16","modified_gmt":"2021-04-15T12:30:16","slug":"glam-high-heels-laca-ecologica","status":"publish","type":"product","link":"https:\/\/k-time.it\/es\/products\/finish-styling\/glam-high-heels-laca-ecologica\/","title":{"rendered":"Glam | High Heels \u2013 Laca Ecol\u00f3gica"},"content":{"rendered":"<div class=\"wpb-content-wrapper\"><p>[vc_row disable_element=\u00bbyes\u00bb][vc_column][\/vc_column][\/vc_row][vc_row][vc_column width=\u00bb1\/2&#8243;]<div class=\"standard-arrow list-divider bullet-top\"><h2>Formulaci\u00f3n<\/h2>\n<ul>\n<li>Textura el\u00e1stica\u00a0y ligera<\/li>\n<li>Micropel\u00edcula que\u00a0envuelve la cabellera<\/li>\n<li>F\u00f3rmula de\u00a0alta fijaci\u00f3n<\/li>\n<\/ul>\n<\/div>[\/vc_column][vc_column width=\u00bb1\/2&#8243;]<div class=\"standard-arrow list-divider bullet-top\"><h2>Beneficios<\/h2>\n<ul>\n<li>Fija\u00a0todo tipo de peinados<\/li>\n<li>Ideal para todo\u00a0tipo de cabello<\/li>\n<li>Aporta\u00a0suavidad y brillo<\/li>\n<li>No apelmaza\u00a0la cabellera y se elimina\u00a0f\u00e1cilmente<\/li>\n<\/ul>\n<\/div>[\/vc_column][\/vc_row][vc_row css=\u00bb.vc_custom_1595317695114{padding-top: 50px !important;}\u00bb][vc_column]<div class=\"dt-fancy-separator h2-size style-thick\" style=\"width: 100%;\"><div class=\"dt-fancy-title\" style=\"color: #333333;\"><span class=\"separator-holder separator-left\" style=\"border-color: #f0f0f0;\"><\/span>Productos relacionados<span class=\"separator-holder separator-right\" style=\"border-color: #f0f0f0;\"><\/span><\/div><\/div>[vc_raw_html]JTVCd3BiLXByb2R1Y3Qtc2xpZGVyLXNob3J0Y29kZSUyMGlkJTNEJTIyMjI3NiUyMiU1RA==[\/vc_raw_html][\/vc_column][\/vc_row]<\/p>\n<\/div>","protected":false},"excerpt":{"rendered":"<p><strong>High Heels<\/strong>\u00a0es\u00a0la\u00a0<strong>laca ecol\u00f3gica<\/strong>\u00a0para fijar tu estilo de la forma que imagines.<\/p>\n<p>High Heels confiere brillo y\u00a0<strong>fijaci\u00f3n duradera y decisiva<\/strong>, favoreciendo la creaci\u00f3n de los peinados m\u00e1s caprichosos. Para lucir un\u00a0<strong>look sin imperfecciones,<\/strong>\u00a0ligero y que\u00a0<strong>dure todo el d\u00eda<\/strong>, la laca K-time\u00a0 es el producto irremplazable recomendado a todos los especialistas del peinado.<\/p>\n<p>Formato 300 ml<\/p>\n<p>&nbsp;<\/p>\n<p><span style=\"font-weight: 400\">[vc_row][vc_column][ultimate_exp_section title=\" C\u00f3mo comprar\" new_title=\"Solicita informaci\u00f3n sobre la compra\" text_color=\"#ffffff\" background_color=\"#877650\" text_hovercolor=\"#ffffff\" bghovercolor=\"#877650\" title_active=\"#ffffff\" title_active_bg=\"#877650\" cnt_bg_color=\"#ffffff\" icon=\"icomoon-the7-font-icon-cart-detailed\" new_icon=\"icomoon-the7-font-the7-mail-011\" icon_align=\"left\" icon_size=\"20\" icon_color=\"#ffffff\" icon_hover_color=\"#ffffff\" icon_active_color=\"#ffffff\" title_font_size=\"desktop:16px;\" title_padding=\"padding-top:4px;padding-right:7px;padding-bottom:4px;padding-left:4px;\" icon_margin=\"margin-right:1px;\"][contact-form-7 id=\"496\"][\/ultimate_exp_section][\/vc_column][\/vc_row]<\/span><\/p>\n<p style=\"text-align: justify\">\n","protected":false},"featured_media":17937,"template":"","meta":[],"product_brand":[],"product_cat":[1018],"product_tag":[],"class_list":{"0":"post-5511","1":"product","2":"type-product","3":"status-publish","4":"has-post-thumbnail","6":"product_cat-finish-styling","7":"description-off","9":"first","10":"instock","11":"shipping-taxable","12":"product-type-simple"},"yoast_head":"<!-- This site is optimized with the Yoast SEO plugin v26.8 - https:\/\/yoast.com\/product\/yoast-seo-wordpress\/ -->\n<title>Glam | High Heels \u2013 Laca Ecol\u00f3gica - K-time<\/title>\n<meta name=\"description\" content=\"High Heels confiere brillo y\u00a0fijaci\u00f3n duradera y decisiva, favoreciendo la creaci\u00f3n de los peinados m\u00e1s caprichosos.\" \/>\n<meta name=\"robots\" content=\"index, follow, max-snippet:-1, max-image-preview:large, max-video-preview:-1\" \/>\n<link rel=\"canonical\" href=\"https:\/\/k-time.it\/products\/finish-styling\/glam-high-heels-lacca-ecologica-lunga-tenuta\/\" \/>\n<meta property=\"og:locale\" content=\"es_ES\" \/>\n<meta property=\"og:type\" content=\"article\" \/>\n<meta property=\"og:title\" content=\"Glam | High Heels \u2013 Laca Ecol\u00f3gica - K-time\" \/>\n<meta property=\"og:description\" content=\"High Heels confiere brillo y\u00a0fijaci\u00f3n duradera y decisiva, favoreciendo la creaci\u00f3n de los peinados m\u00e1s caprichosos.\" \/>\n<meta property=\"og:url\" content=\"https:\/\/k-time.it\/products\/finish-styling\/glam-high-heels-lacca-ecologica-lunga-tenuta\/\" \/>\n<meta property=\"og:site_name\" content=\"K-time\" \/>\n<meta property=\"article:modified_time\" content=\"2021-04-15T12:30:16+00:00\" \/>\n<meta property=\"og:image\" content=\"https:\/\/k-time.it\/wp-content\/uploads\/2020\/07\/23007_k-time_glam_high_heels_ecological_hairspray_300ml-2.png\" \/>\n\t<meta property=\"og:image:width\" content=\"600\" \/>\n\t<meta property=\"og:image:height\" content=\"600\" \/>\n\t<meta property=\"og:image:type\" content=\"image\/png\" \/>\n<meta name=\"twitter:card\" content=\"summary_large_image\" \/>\n<meta name=\"twitter:label1\" content=\"Tiempo de lectura\" \/>\n\t<meta name=\"twitter:data1\" content=\"1 minuto\" \/>\n<script type=\"application\/ld+json\" class=\"yoast-schema-graph\">{\"@context\":\"https:\/\/schema.org\",\"@graph\":[{\"@type\":\"WebPage\",\"@id\":\"https:\/\/k-time.it\/products\/finish-styling\/glam-high-heels-lacca-ecologica-lunga-tenuta\/\",\"url\":\"https:\/\/k-time.it\/products\/finish-styling\/glam-high-heels-lacca-ecologica-lunga-tenuta\/\",\"name\":\"Glam | High Heels \u2013 Laca Ecol\u00f3gica - K-time\",\"isPartOf\":{\"@id\":\"https:\/\/k-time.it\/en\/#website\"},\"primaryImageOfPage\":{\"@id\":\"https:\/\/k-time.it\/products\/finish-styling\/glam-high-heels-lacca-ecologica-lunga-tenuta\/#primaryimage\"},\"image\":{\"@id\":\"https:\/\/k-time.it\/products\/finish-styling\/glam-high-heels-lacca-ecologica-lunga-tenuta\/#primaryimage\"},\"thumbnailUrl\":\"https:\/\/k-time.it\/wp-content\/uploads\/2020\/07\/23007_k-time_glam_high_heels_ecological_hairspray_300ml-2.png\",\"datePublished\":\"2020-07-03T06:59:33+00:00\",\"dateModified\":\"2021-04-15T12:30:16+00:00\",\"description\":\"High Heels confiere brillo y\u00a0fijaci\u00f3n duradera y decisiva, favoreciendo la creaci\u00f3n de los peinados m\u00e1s caprichosos.\",\"breadcrumb\":{\"@id\":\"https:\/\/k-time.it\/products\/finish-styling\/glam-high-heels-lacca-ecologica-lunga-tenuta\/#breadcrumb\"},\"inLanguage\":\"es\",\"potentialAction\":[{\"@type\":\"ReadAction\",\"target\":[\"https:\/\/k-time.it\/products\/finish-styling\/glam-high-heels-lacca-ecologica-lunga-tenuta\/\"]}]},{\"@type\":\"ImageObject\",\"inLanguage\":\"es\",\"@id\":\"https:\/\/k-time.it\/products\/finish-styling\/glam-high-heels-lacca-ecologica-lunga-tenuta\/#primaryimage\",\"url\":\"https:\/\/k-time.it\/wp-content\/uploads\/2020\/07\/23007_k-time_glam_high_heels_ecological_hairspray_300ml-2.png\",\"contentUrl\":\"https:\/\/k-time.it\/wp-content\/uploads\/2020\/07\/23007_k-time_glam_high_heels_ecological_hairspray_300ml-2.png\",\"width\":600,\"height\":600,\"caption\":\"Glam | High Heels - Lacca Ecologica Lunga Tenuta\"},{\"@type\":\"BreadcrumbList\",\"@id\":\"https:\/\/k-time.it\/products\/finish-styling\/glam-high-heels-lacca-ecologica-lunga-tenuta\/#breadcrumb\",\"itemListElement\":[{\"@type\":\"ListItem\",\"position\":1,\"name\":\"Home\",\"item\":\"https:\/\/k-time.it\/es\/\"},{\"@type\":\"ListItem\",\"position\":2,\"name\":\"Shop\",\"item\":\"https:\/\/k-time.it\/en\/negozio\/\"},{\"@type\":\"ListItem\",\"position\":3,\"name\":\"Glam | High Heels \u2013 Laca Ecol\u00f3gica\"}]},{\"@type\":\"WebSite\",\"@id\":\"https:\/\/k-time.it\/en\/#website\",\"url\":\"https:\/\/k-time.it\/en\/\",\"name\":\"K-time\",\"description\":\"Hair Spa Treatments\",\"publisher\":{\"@id\":\"https:\/\/k-time.it\/en\/#organization\"},\"potentialAction\":[{\"@type\":\"SearchAction\",\"target\":{\"@type\":\"EntryPoint\",\"urlTemplate\":\"https:\/\/k-time.it\/en\/?s={search_term_string}\"},\"query-input\":{\"@type\":\"PropertyValueSpecification\",\"valueRequired\":true,\"valueName\":\"search_term_string\"}}],\"inLanguage\":\"es\"},{\"@type\":\"Organization\",\"@id\":\"https:\/\/k-time.it\/en\/#organization\",\"name\":\"K-time\",\"url\":\"https:\/\/k-time.it\/en\/\",\"logo\":{\"@type\":\"ImageObject\",\"inLanguage\":\"es\",\"@id\":\"https:\/\/k-time.it\/en\/#\/schema\/logo\/image\/\",\"url\":\"\",\"contentUrl\":\"\",\"caption\":\"K-time\"},\"image\":{\"@id\":\"https:\/\/k-time.it\/en\/#\/schema\/logo\/image\/\"}}]}<\/script>\n<!-- \/ Yoast SEO plugin. -->","yoast_head_json":{"title":"Glam | High Heels \u2013 Laca Ecol\u00f3gica - K-time","description":"High Heels confiere brillo y\u00a0fijaci\u00f3n duradera y decisiva, favoreciendo la creaci\u00f3n de los peinados m\u00e1s caprichosos.","robots":{"index":"index","follow":"follow","max-snippet":"max-snippet:-1","max-image-preview":"max-image-preview:large","max-video-preview":"max-video-preview:-1"},"canonical":"https:\/\/k-time.it\/products\/finish-styling\/glam-high-heels-lacca-ecologica-lunga-tenuta\/","og_locale":"es_ES","og_type":"article","og_title":"Glam | High Heels \u2013 Laca Ecol\u00f3gica - K-time","og_description":"High Heels confiere brillo y\u00a0fijaci\u00f3n duradera y decisiva, favoreciendo la creaci\u00f3n de los peinados m\u00e1s caprichosos.","og_url":"https:\/\/k-time.it\/products\/finish-styling\/glam-high-heels-lacca-ecologica-lunga-tenuta\/","og_site_name":"K-time","article_modified_time":"2021-04-15T12:30:16+00:00","og_image":[{"width":600,"height":600,"url":"https:\/\/k-time.it\/wp-content\/uploads\/2020\/07\/23007_k-time_glam_high_heels_ecological_hairspray_300ml-2.png","type":"image\/png"}],"twitter_card":"summary_large_image","twitter_misc":{"Tiempo de lectura":"1 minuto"},"schema":{"@context":"https:\/\/schema.org","@graph":[{"@type":"WebPage","@id":"https:\/\/k-time.it\/products\/finish-styling\/glam-high-heels-lacca-ecologica-lunga-tenuta\/","url":"https:\/\/k-time.it\/products\/finish-styling\/glam-high-heels-lacca-ecologica-lunga-tenuta\/","name":"Glam | High Heels \u2013 Laca Ecol\u00f3gica - K-time","isPartOf":{"@id":"https:\/\/k-time.it\/en\/#website"},"primaryImageOfPage":{"@id":"https:\/\/k-time.it\/products\/finish-styling\/glam-high-heels-lacca-ecologica-lunga-tenuta\/#primaryimage"},"image":{"@id":"https:\/\/k-time.it\/products\/finish-styling\/glam-high-heels-lacca-ecologica-lunga-tenuta\/#primaryimage"},"thumbnailUrl":"https:\/\/k-time.it\/wp-content\/uploads\/2020\/07\/23007_k-time_glam_high_heels_ecological_hairspray_300ml-2.png","datePublished":"2020-07-03T06:59:33+00:00","dateModified":"2021-04-15T12:30:16+00:00","description":"High Heels confiere brillo y\u00a0fijaci\u00f3n duradera y decisiva, favoreciendo la creaci\u00f3n de los peinados m\u00e1s caprichosos.","breadcrumb":{"@id":"https:\/\/k-time.it\/products\/finish-styling\/glam-high-heels-lacca-ecologica-lunga-tenuta\/#breadcrumb"},"inLanguage":"es","potentialAction":[{"@type":"ReadAction","target":["https:\/\/k-time.it\/products\/finish-styling\/glam-high-heels-lacca-ecologica-lunga-tenuta\/"]}]},{"@type":"ImageObject","inLanguage":"es","@id":"https:\/\/k-time.it\/products\/finish-styling\/glam-high-heels-lacca-ecologica-lunga-tenuta\/#primaryimage","url":"https:\/\/k-time.it\/wp-content\/uploads\/2020\/07\/23007_k-time_glam_high_heels_ecological_hairspray_300ml-2.png","contentUrl":"https:\/\/k-time.it\/wp-content\/uploads\/2020\/07\/23007_k-time_glam_high_heels_ecological_hairspray_300ml-2.png","width":600,"height":600,"caption":"Glam | High Heels - Lacca Ecologica Lunga Tenuta"},{"@type":"BreadcrumbList","@id":"https:\/\/k-time.it\/products\/finish-styling\/glam-high-heels-lacca-ecologica-lunga-tenuta\/#breadcrumb","itemListElement":[{"@type":"ListItem","position":1,"name":"Home","item":"https:\/\/k-time.it\/es\/"},{"@type":"ListItem","position":2,"name":"Shop","item":"https:\/\/k-time.it\/en\/negozio\/"},{"@type":"ListItem","position":3,"name":"Glam | High Heels \u2013 Laca Ecol\u00f3gica"}]},{"@type":"WebSite","@id":"https:\/\/k-time.it\/en\/#website","url":"https:\/\/k-time.it\/en\/","name":"K-time","description":"Hair Spa Treatments","publisher":{"@id":"https:\/\/k-time.it\/en\/#organization"},"potentialAction":[{"@type":"SearchAction","target":{"@type":"EntryPoint","urlTemplate":"https:\/\/k-time.it\/en\/?s={search_term_string}"},"query-input":{"@type":"PropertyValueSpecification","valueRequired":true,"valueName":"search_term_string"}}],"inLanguage":"es"},{"@type":"Organization","@id":"https:\/\/k-time.it\/en\/#organization","name":"K-time","url":"https:\/\/k-time.it\/en\/","logo":{"@type":"ImageObject","inLanguage":"es","@id":"https:\/\/k-time.it\/en\/#\/schema\/logo\/image\/","url":"","contentUrl":"","caption":"K-time"},"image":{"@id":"https:\/\/k-time.it\/en\/#\/schema\/logo\/image\/"}}]}},"_links":{"self":[{"href":"https:\/\/k-time.it\/es\/wp-json\/wp\/v2\/product\/5511","targetHints":{"allow":["GET"]}}],"collection":[{"href":"https:\/\/k-time.it\/es\/wp-json\/wp\/v2\/product"}],"about":[{"href":"https:\/\/k-time.it\/es\/wp-json\/wp\/v2\/types\/product"}],"wp:featuredmedia":[{"embeddable":true,"href":"https:\/\/k-time.it\/es\/wp-json\/wp\/v2\/media\/17937"}],"wp:attachment":[{"href":"https:\/\/k-time.it\/es\/wp-json\/wp\/v2\/media?parent=5511"}],"wp:term":[{"taxonomy":"product_brand","embeddable":true,"href":"https:\/\/k-time.it\/es\/wp-json\/wp\/v2\/product_brand?post=5511"},{"taxonomy":"product_cat","embeddable":true,"href":"https:\/\/k-time.it\/es\/wp-json\/wp\/v2\/product_cat?post=5511"},{"taxonomy":"product_tag","embeddable":true,"href":"https:\/\/k-time.it\/es\/wp-json\/wp\/v2\/product_tag?post=5511"}],"curies":[{"name":"wp","href":"https:\/\/api.w.org\/{rel}","templated":true}]}}