{"id":5345,"date":"2020-07-03T12:38:32","date_gmt":"2020-07-03T10:38:32","guid":{"rendered":"https:\/\/k-time.it\/products\/sin%20categor\u00eda\/shampoo-riattivante\/"},"modified":"2021-04-15T14:27:17","modified_gmt":"2021-04-15T12:27:17","slug":"champu-reactivador","status":"publish","type":"product","link":"https:\/\/k-time.it\/es\/products\/treatments\/champu-reactivador\/","title":{"rendered":"Keratin | Champ\u00fa Reactivador"},"content":{"rendered":"<div class=\"wpb-content-wrapper\"><p>[vc_row disable_element=\u00bbyes\u00bb][vc_column][\/vc_column][\/vc_row][vc_row][vc_column width=\u00bb1\/2&#8243;]<div class=\"standard-arrow list-divider bullet-top\"><h2>Formulaci\u00f3n<\/h2>\n<div id=\"tab-altre-info\">\n<ul>\n<li><strong>Queratina\u00a0natural<\/strong>: nutre y fortalece la estructura capilar<\/li>\n<li><strong>Extracto de\u00a0semillas de Cacao<\/strong>: sellan las cut\u00edculas<\/li>\n<li>No contiene\u00a0<strong>cloruro de sodio, sulfatos, alcohol ni formaldeh\u00eddo<\/strong><\/li>\n<\/ul>\n<\/div>\n<\/div>[\/vc_column][vc_column width=\u00bb1\/2&#8243;]<div class=\"standard-arrow list-divider bullet-top\"><h2>Beneficios<\/h2>\n<div id=\"tab-benefits\">\n<ul>\n<li>Apto para\u00a0el lavado frecuente<\/li>\n<li>Acci\u00f3n delicada<\/li>\n<li>Evita el envejecimiento del cabello<\/li>\n<li>Hidrata el cuero cabelludo<\/li>\n<\/ul>\n<\/div>\n<\/div>[\/vc_column][\/vc_row][vc_row css=\u00bb.vc_custom_1595341818903{padding-top: 50px !important;}\u00bb][vc_column]<div class=\"dt-fancy-separator h2-size style-thick\" style=\"width: 100%;\"><div class=\"dt-fancy-title\" style=\"color: #333333;\"><span class=\"separator-holder separator-left\" style=\"border-color: #f0f0f0;\"><\/span>Productos relacionados<span class=\"separator-holder separator-right\" style=\"border-color: #f0f0f0;\"><\/span><\/div><\/div>[\/vc_column][\/vc_row]<\/p>\n<\/div>","protected":false},"excerpt":{"rendered":"<div class=\"woocommerce-product-details__short-description\">\n<div class=\"woocommerce-product-details__short-description\">\n<p>Formulado para prolongar los efectos beneficiosos de\u00a0<strong>Keratin<\/strong>, el<strong>\u00a0champ\u00fa reactivador<\/strong>\u00a0es el limpiador ideal para el proceso de reconstrucci\u00f3n a base de\u00a0<strong>[glossary_exclude]Queratina[\/glossary_exclude] natural<\/strong>.<\/p>\n<p>En combinaci\u00f3n con el tratamiento, reaviva y prolonga su efecto para recuperar el\u00a0<strong>bienestar esencial del cabello<\/strong>. La ausencia de cloruro de sodio, formaldeh\u00eddo y alcohol garantiza una\u00a0<strong>formulaci\u00f3n delicada<\/strong>, particularmente adecuada para el lavado frecuente.<\/p>\n<p>Formato 250 ml<\/p>\n<\/div>\n<\/div>\n<p>&nbsp;<\/p>\n<p><span style=\"font-weight: 400\">[vc_row][vc_column][ultimate_exp_section title=\" C\u00f3mo comprar\" new_title=\"Solicita informaci\u00f3n sobre la compra\" text_color=\"#ffffff\" background_color=\"#877650\" text_hovercolor=\"#ffffff\" bghovercolor=\"#877650\" title_active=\"#ffffff\" title_active_bg=\"#877650\" cnt_bg_color=\"#ffffff\" icon=\"icomoon-the7-font-icon-cart-detailed\" new_icon=\"icomoon-the7-font-the7-mail-011\" icon_align=\"left\" icon_size=\"20\" icon_color=\"#ffffff\" icon_hover_color=\"#ffffff\" icon_active_color=\"#ffffff\" title_font_size=\"desktop:16px;\" title_padding=\"padding-top:4px;padding-right:7px;padding-bottom:4px;padding-left:4px;\" icon_margin=\"margin-right:1px;\"][contact-form-7 id=\"496\"][\/ultimate_exp_section][\/vc_column][\/vc_row]<\/span><\/p>\n","protected":false},"featured_media":18093,"template":"","meta":[],"product_brand":[],"product_cat":[493],"product_tag":[],"class_list":{"0":"post-5345","1":"product","2":"type-product","3":"status-publish","4":"has-post-thumbnail","6":"product_cat-treatments","7":"description-off","9":"first","10":"instock","11":"shipping-taxable","12":"product-type-simple"},"yoast_head":"<!-- This site is optimized with the Yoast SEO plugin v26.8 - https:\/\/yoast.com\/product\/yoast-seo-wordpress\/ -->\n<title>Keratin | Champ\u00fa Reactivador - K-time<\/title>\n<meta name=\"description\" content=\"Formulado para prolongar los efectos beneficiosos de Keratin, el champ\u00fa reactivador es el limpiador ideal para el proceso de reconstrucci\u00f3n a base de Queratina natural.\" \/>\n<meta name=\"robots\" content=\"index, follow, max-snippet:-1, max-image-preview:large, max-video-preview:-1\" \/>\n<link rel=\"canonical\" href=\"https:\/\/k-time.it\/?post_type=product&p=555\" \/>\n<meta property=\"og:locale\" content=\"es_ES\" \/>\n<meta property=\"og:type\" content=\"article\" \/>\n<meta property=\"og:title\" content=\"Keratin | Champ\u00fa Reactivador - K-time\" \/>\n<meta property=\"og:description\" content=\"Formulado para prolongar los efectos beneficiosos de Keratin, el champ\u00fa reactivador es el limpiador ideal para el proceso de reconstrucci\u00f3n a base de Queratina natural.\" \/>\n<meta property=\"og:url\" content=\"https:\/\/k-time.it\/?post_type=product&amp;p=555\" \/>\n<meta property=\"og:site_name\" content=\"K-time\" \/>\n<meta property=\"article:modified_time\" content=\"2021-04-15T12:27:17+00:00\" \/>\n<meta property=\"og:image\" content=\"https:\/\/k-time.it\/wp-content\/uploads\/2020\/07\/22002_k-time_keratin_time_reactivating_shampoo_250ml-1.png\" \/>\n\t<meta property=\"og:image:width\" content=\"600\" \/>\n\t<meta property=\"og:image:height\" content=\"600\" \/>\n\t<meta property=\"og:image:type\" content=\"image\/png\" \/>\n<meta name=\"twitter:card\" content=\"summary_large_image\" \/>\n<meta name=\"twitter:label1\" content=\"Tiempo de lectura\" \/>\n\t<meta name=\"twitter:data1\" content=\"1 minuto\" \/>\n<script type=\"application\/ld+json\" class=\"yoast-schema-graph\">{\"@context\":\"https:\/\/schema.org\",\"@graph\":[{\"@type\":\"WebPage\",\"@id\":\"https:\/\/k-time.it\/?post_type=product&p=555\",\"url\":\"https:\/\/k-time.it\/?post_type=product&p=555\",\"name\":\"Keratin | Champ\u00fa Reactivador - K-time\",\"isPartOf\":{\"@id\":\"https:\/\/k-time.it\/en\/#website\"},\"primaryImageOfPage\":{\"@id\":\"https:\/\/k-time.it\/?post_type=product&p=555#primaryimage\"},\"image\":{\"@id\":\"https:\/\/k-time.it\/?post_type=product&p=555#primaryimage\"},\"thumbnailUrl\":\"https:\/\/k-time.it\/wp-content\/uploads\/2020\/07\/22002_k-time_keratin_time_reactivating_shampoo_250ml-1.png\",\"datePublished\":\"2020-07-03T10:38:32+00:00\",\"dateModified\":\"2021-04-15T12:27:17+00:00\",\"description\":\"Formulado para prolongar los efectos beneficiosos de Keratin, el champ\u00fa reactivador es el limpiador ideal para el proceso de reconstrucci\u00f3n a base de Queratina natural.\",\"breadcrumb\":{\"@id\":\"https:\/\/k-time.it\/?post_type=product&p=555#breadcrumb\"},\"inLanguage\":\"es\",\"potentialAction\":[{\"@type\":\"ReadAction\",\"target\":[\"https:\/\/k-time.it\/?post_type=product&p=555\"]}]},{\"@type\":\"ImageObject\",\"inLanguage\":\"es\",\"@id\":\"https:\/\/k-time.it\/?post_type=product&p=555#primaryimage\",\"url\":\"https:\/\/k-time.it\/wp-content\/uploads\/2020\/07\/22002_k-time_keratin_time_reactivating_shampoo_250ml-1.png\",\"contentUrl\":\"https:\/\/k-time.it\/wp-content\/uploads\/2020\/07\/22002_k-time_keratin_time_reactivating_shampoo_250ml-1.png\",\"width\":600,\"height\":600,\"caption\":\"Keratin | Shampoo Riattivante\"},{\"@type\":\"BreadcrumbList\",\"@id\":\"https:\/\/k-time.it\/?post_type=product&p=555#breadcrumb\",\"itemListElement\":[{\"@type\":\"ListItem\",\"position\":1,\"name\":\"Home\",\"item\":\"https:\/\/k-time.it\/es\/\"},{\"@type\":\"ListItem\",\"position\":2,\"name\":\"Shop\",\"item\":\"https:\/\/k-time.it\/en\/negozio\/\"},{\"@type\":\"ListItem\",\"position\":3,\"name\":\"Keratin | Champ\u00fa Reactivador\"}]},{\"@type\":\"WebSite\",\"@id\":\"https:\/\/k-time.it\/en\/#website\",\"url\":\"https:\/\/k-time.it\/en\/\",\"name\":\"K-time\",\"description\":\"Hair Spa Treatments\",\"publisher\":{\"@id\":\"https:\/\/k-time.it\/en\/#organization\"},\"potentialAction\":[{\"@type\":\"SearchAction\",\"target\":{\"@type\":\"EntryPoint\",\"urlTemplate\":\"https:\/\/k-time.it\/en\/?s={search_term_string}\"},\"query-input\":{\"@type\":\"PropertyValueSpecification\",\"valueRequired\":true,\"valueName\":\"search_term_string\"}}],\"inLanguage\":\"es\"},{\"@type\":\"Organization\",\"@id\":\"https:\/\/k-time.it\/en\/#organization\",\"name\":\"K-time\",\"url\":\"https:\/\/k-time.it\/en\/\",\"logo\":{\"@type\":\"ImageObject\",\"inLanguage\":\"es\",\"@id\":\"https:\/\/k-time.it\/en\/#\/schema\/logo\/image\/\",\"url\":\"\",\"contentUrl\":\"\",\"caption\":\"K-time\"},\"image\":{\"@id\":\"https:\/\/k-time.it\/en\/#\/schema\/logo\/image\/\"}}]}<\/script>\n<!-- \/ Yoast SEO plugin. -->","yoast_head_json":{"title":"Keratin | Champ\u00fa Reactivador - K-time","description":"Formulado para prolongar los efectos beneficiosos de Keratin, el champ\u00fa reactivador es el limpiador ideal para el proceso de reconstrucci\u00f3n a base de Queratina natural.","robots":{"index":"index","follow":"follow","max-snippet":"max-snippet:-1","max-image-preview":"max-image-preview:large","max-video-preview":"max-video-preview:-1"},"canonical":"https:\/\/k-time.it\/?post_type=product&p=555","og_locale":"es_ES","og_type":"article","og_title":"Keratin | Champ\u00fa Reactivador - K-time","og_description":"Formulado para prolongar los efectos beneficiosos de Keratin, el champ\u00fa reactivador es el limpiador ideal para el proceso de reconstrucci\u00f3n a base de Queratina natural.","og_url":"https:\/\/k-time.it\/?post_type=product&p=555","og_site_name":"K-time","article_modified_time":"2021-04-15T12:27:17+00:00","og_image":[{"width":600,"height":600,"url":"https:\/\/k-time.it\/wp-content\/uploads\/2020\/07\/22002_k-time_keratin_time_reactivating_shampoo_250ml-1.png","type":"image\/png"}],"twitter_card":"summary_large_image","twitter_misc":{"Tiempo de lectura":"1 minuto"},"schema":{"@context":"https:\/\/schema.org","@graph":[{"@type":"WebPage","@id":"https:\/\/k-time.it\/?post_type=product&p=555","url":"https:\/\/k-time.it\/?post_type=product&p=555","name":"Keratin | Champ\u00fa Reactivador - K-time","isPartOf":{"@id":"https:\/\/k-time.it\/en\/#website"},"primaryImageOfPage":{"@id":"https:\/\/k-time.it\/?post_type=product&p=555#primaryimage"},"image":{"@id":"https:\/\/k-time.it\/?post_type=product&p=555#primaryimage"},"thumbnailUrl":"https:\/\/k-time.it\/wp-content\/uploads\/2020\/07\/22002_k-time_keratin_time_reactivating_shampoo_250ml-1.png","datePublished":"2020-07-03T10:38:32+00:00","dateModified":"2021-04-15T12:27:17+00:00","description":"Formulado para prolongar los efectos beneficiosos de Keratin, el champ\u00fa reactivador es el limpiador ideal para el proceso de reconstrucci\u00f3n a base de Queratina natural.","breadcrumb":{"@id":"https:\/\/k-time.it\/?post_type=product&p=555#breadcrumb"},"inLanguage":"es","potentialAction":[{"@type":"ReadAction","target":["https:\/\/k-time.it\/?post_type=product&p=555"]}]},{"@type":"ImageObject","inLanguage":"es","@id":"https:\/\/k-time.it\/?post_type=product&p=555#primaryimage","url":"https:\/\/k-time.it\/wp-content\/uploads\/2020\/07\/22002_k-time_keratin_time_reactivating_shampoo_250ml-1.png","contentUrl":"https:\/\/k-time.it\/wp-content\/uploads\/2020\/07\/22002_k-time_keratin_time_reactivating_shampoo_250ml-1.png","width":600,"height":600,"caption":"Keratin | Shampoo Riattivante"},{"@type":"BreadcrumbList","@id":"https:\/\/k-time.it\/?post_type=product&p=555#breadcrumb","itemListElement":[{"@type":"ListItem","position":1,"name":"Home","item":"https:\/\/k-time.it\/es\/"},{"@type":"ListItem","position":2,"name":"Shop","item":"https:\/\/k-time.it\/en\/negozio\/"},{"@type":"ListItem","position":3,"name":"Keratin | Champ\u00fa Reactivador"}]},{"@type":"WebSite","@id":"https:\/\/k-time.it\/en\/#website","url":"https:\/\/k-time.it\/en\/","name":"K-time","description":"Hair Spa Treatments","publisher":{"@id":"https:\/\/k-time.it\/en\/#organization"},"potentialAction":[{"@type":"SearchAction","target":{"@type":"EntryPoint","urlTemplate":"https:\/\/k-time.it\/en\/?s={search_term_string}"},"query-input":{"@type":"PropertyValueSpecification","valueRequired":true,"valueName":"search_term_string"}}],"inLanguage":"es"},{"@type":"Organization","@id":"https:\/\/k-time.it\/en\/#organization","name":"K-time","url":"https:\/\/k-time.it\/en\/","logo":{"@type":"ImageObject","inLanguage":"es","@id":"https:\/\/k-time.it\/en\/#\/schema\/logo\/image\/","url":"","contentUrl":"","caption":"K-time"},"image":{"@id":"https:\/\/k-time.it\/en\/#\/schema\/logo\/image\/"}}]}},"_links":{"self":[{"href":"https:\/\/k-time.it\/es\/wp-json\/wp\/v2\/product\/5345","targetHints":{"allow":["GET"]}}],"collection":[{"href":"https:\/\/k-time.it\/es\/wp-json\/wp\/v2\/product"}],"about":[{"href":"https:\/\/k-time.it\/es\/wp-json\/wp\/v2\/types\/product"}],"wp:featuredmedia":[{"embeddable":true,"href":"https:\/\/k-time.it\/es\/wp-json\/wp\/v2\/media\/18093"}],"wp:attachment":[{"href":"https:\/\/k-time.it\/es\/wp-json\/wp\/v2\/media?parent=5345"}],"wp:term":[{"taxonomy":"product_brand","embeddable":true,"href":"https:\/\/k-time.it\/es\/wp-json\/wp\/v2\/product_brand?post=5345"},{"taxonomy":"product_cat","embeddable":true,"href":"https:\/\/k-time.it\/es\/wp-json\/wp\/v2\/product_cat?post=5345"},{"taxonomy":"product_tag","embeddable":true,"href":"https:\/\/k-time.it\/es\/wp-json\/wp\/v2\/product_tag?post=5345"}],"curies":[{"name":"wp","href":"https:\/\/api.w.org\/{rel}","templated":true}]}}