{"id":26121,"date":"2025-06-26T11:20:22","date_gmt":"2025-06-26T09:20:26","guid":{"rendered":"https:\/\/k-time.it\/?post_type=product&#038;p=26121"},"modified":"2025-06-26T12:41:25","modified_gmt":"2025-06-26T10:41:25","slug":"blonde-allure-radyca-capsule-collection","status":"publish","type":"product","link":"https:\/\/k-time.it\/es\/products\/colouring\/radyca\/blonde-allure-radyca-capsule-collection\/","title":{"rendered":"Blonde Allure \u2013 Radyca Capsule Collection"},"content":{"rendered":"<div class=\"wpb-content-wrapper\"><p>[vc_row disable_element=\u00bbyes\u00bb][vc_column][\/vc_column][\/vc_row][vc_row][vc_column width=\u00bb1\/2&#8243;]<div class=\"standard-arrow list-divider bullet-top\"><h2>Formulaci\u00f3n<\/h2>\n<div id=\"tab-altre-info\">\n<ul>\n<li><strong>Quinoa<\/strong>: la \u201cmadre de los cereales\u201d es uno de los ingredientes alimentarios naturales m\u00e1s potentes del mundo, tan rico en propiedades que podemos hablar de un superalimento<\/li>\n<li><strong>Niosomas<\/strong>: innovador sistema de principios activos para proteger la piel y el cabello de las agresiones ambientales<\/li>\n<li><strong>Aceite de Coco<\/strong>: contiene alrededor del 50% de \u00e1cido l\u00e1urico, un \u00e1cido graso saturado<\/li>\n<li><strong>Isopentildiol<\/strong>: agente humectante multifuncional que act\u00faa como emoliente y nutriente<\/li>\n<li>Sin siliconas y sin PPD<\/li>\n<\/ul>\n<\/div>\n<\/div>[\/vc_column][vc_column width=\u00bb1\/2&#8243;]<div class=\"standard-arrow list-divider bullet-top\"><h2>Beneficios<\/h2>\n<div id=\"tab-benefits\">\n<ul>\n<li>Maravillosa textura cremosa<\/li>\n<li>F\u00e1cil de mezclar y aplicar sobre el cabello<\/li>\n<li>Color reluciente, homog\u00e9neo y duradero<\/li>\n<li>Fuerza acondicionadora\u00a0extrema<\/li>\n<li>La cabellera se nutre, hidrata y protege<\/li>\n<li>Cobertura total\u00a0de las canas<\/li>\n<\/ul>\n<\/div>\n<\/div>[\/vc_column][\/vc_row][vc_row css=\u00bb.vc_custom_1595334473695{padding-top: 50px !important;}\u00bb][vc_column]<div class=\"dt-fancy-separator h2-size style-thick\" style=\"width: 100%;\"><div class=\"dt-fancy-title\" style=\"color: #333333;\"><span class=\"separator-holder separator-left\" style=\"border-color: #f0f0f0;\"><\/span>Productos relacionados<span class=\"separator-holder separator-right\" style=\"border-color: #f0f0f0;\"><\/span><\/div><\/div>[vc_raw_html]W3dwYi1wcm9kdWN0LXNsaWRlci1zaG9ydGNvZGUgaWQ9IjY1MyJd[\/vc_raw_html][\/vc_column][\/vc_row]<\/p>\n<div id=\"tab-altre-info\"><\/div>\n<p>&nbsp;<\/p>\n<\/div>","protected":false},"excerpt":{"rendered":"<p><span style=\"font-weight: 400;\">Blonde Allure es la colecci\u00f3n c\u00e1psula de Radyca, compuesta por 6 extraordinarios matices rubios ros\u00e1ceos.<\/span><\/p>\n<p><span style=\"font-weight: 400;\">Una colecci\u00f3n que no solo representa una mera paleta de colores, sino una verdadera celebraci\u00f3n de la elegancia y la sofisticaci\u00f3n. Los matices crean un equilibrio perfecto entre tonos rubios fr\u00edos y delicados matices rosados, aportando al cabello un brillo natural y un estilo refinado sin renunciar al efecto actual y de tendencia.<\/span><\/p>\n<p>100 ml<\/p>\n<p><span style=\"font-weight: 400;\">[vc_row][vc_column][ultimate_exp_section title=\" C\u00f3mo comprar\" new_title=\"Solicita informaci\u00f3n sobre la compra\" text_color=\"#ffffff\" background_color=\"#877650\" text_hovercolor=\"#ffffff\" bghovercolor=\"#877650\" title_active=\"#ffffff\" title_active_bg=\"#877650\" cnt_bg_color=\"#ffffff\" icon=\"icomoon-the7-font-icon-cart-detailed\" new_icon=\"icomoon-the7-font-the7-mail-011\" icon_align=\"left\" icon_size=\"20\" icon_color=\"#ffffff\" icon_hover_color=\"#ffffff\" icon_active_color=\"#ffffff\" title_font_size=\"desktop:16px;\" title_padding=\"padding-top:4px;padding-right:7px;padding-bottom:4px;padding-left:4px;\" icon_margin=\"margin-right:1px;\"][contact-form-7 id=\"496\"][\/ultimate_exp_section][\/vc_column][\/vc_row]<\/span><\/p>\n","protected":false},"featured_media":26205,"template":"","meta":[],"product_brand":[],"product_cat":[1019,1039],"product_tag":[],"class_list":{"0":"post-26121","1":"product","2":"type-product","3":"status-publish","4":"has-post-thumbnail","6":"product_cat-colouring","7":"product_cat-radyca","8":"description-off","10":"first","11":"instock","12":"shipping-taxable","13":"purchasable","14":"product-type-variable"},"yoast_head":"<!-- This site is optimized with the Yoast SEO plugin v26.8 - https:\/\/yoast.com\/product\/yoast-seo-wordpress\/ -->\n<title>Blonde Allure \u2013 Radyca Capsule Collection - K-time<\/title>\n<meta name=\"description\" content=\"Blonde Allure es la colecci\u00f3n c\u00e1psula de Radyca, compuesta por 6 extraordinarios matices rubios ros\u00e1ceos.\" \/>\n<meta name=\"robots\" content=\"index, follow, max-snippet:-1, max-image-preview:large, max-video-preview:-1\" \/>\n<link rel=\"canonical\" href=\"https:\/\/k-time.it\/products\/colouring\/radyca\/blonde-allure-radyca-capsule-collection\/\" \/>\n<meta property=\"og:locale\" content=\"es_ES\" \/>\n<meta property=\"og:type\" content=\"article\" \/>\n<meta property=\"og:title\" content=\"Blonde Allure \u2013 Radyca Capsule Collection - K-time\" \/>\n<meta property=\"og:description\" content=\"Blonde Allure es la colecci\u00f3n c\u00e1psula de Radyca, compuesta por 6 extraordinarios matices rubios ros\u00e1ceos.\" \/>\n<meta property=\"og:url\" content=\"https:\/\/k-time.it\/products\/colouring\/radyca\/blonde-allure-radyca-capsule-collection\/\" \/>\n<meta property=\"og:site_name\" content=\"K-time\" \/>\n<meta property=\"article:modified_time\" content=\"2025-06-26T10:41:25+00:00\" \/>\n<meta property=\"og:image\" content=\"https:\/\/k-time.it\/wp-content\/uploads\/2025\/06\/20700_k-time_radyca_oxidative_permanent_hair_color_100ml_8_29.png\" \/>\n\t<meta property=\"og:image:width\" content=\"800\" \/>\n\t<meta property=\"og:image:height\" content=\"800\" \/>\n\t<meta property=\"og:image:type\" content=\"image\/png\" \/>\n<meta name=\"twitter:card\" content=\"summary_large_image\" \/>\n<meta name=\"twitter:label1\" content=\"Tiempo de lectura\" \/>\n\t<meta name=\"twitter:data1\" content=\"1 minuto\" \/>\n<script type=\"application\/ld+json\" class=\"yoast-schema-graph\">{\"@context\":\"https:\/\/schema.org\",\"@graph\":[{\"@type\":\"WebPage\",\"@id\":\"https:\/\/k-time.it\/products\/colouring\/radyca\/blonde-allure-radyca-capsule-collection\/\",\"url\":\"https:\/\/k-time.it\/products\/colouring\/radyca\/blonde-allure-radyca-capsule-collection\/\",\"name\":\"Blonde Allure \u2013 Radyca Capsule Collection - K-time\",\"isPartOf\":{\"@id\":\"https:\/\/k-time.it\/en\/#website\"},\"primaryImageOfPage\":{\"@id\":\"https:\/\/k-time.it\/products\/colouring\/radyca\/blonde-allure-radyca-capsule-collection\/#primaryimage\"},\"image\":{\"@id\":\"https:\/\/k-time.it\/products\/colouring\/radyca\/blonde-allure-radyca-capsule-collection\/#primaryimage\"},\"thumbnailUrl\":\"https:\/\/k-time.it\/wp-content\/uploads\/2025\/06\/20700_k-time_radyca_oxidative_permanent_hair_color_100ml_8_29.png\",\"datePublished\":\"2025-06-26T09:20:26+00:00\",\"dateModified\":\"2025-06-26T10:41:25+00:00\",\"description\":\"Blonde Allure es la colecci\u00f3n c\u00e1psula de Radyca, compuesta por 6 extraordinarios matices rubios ros\u00e1ceos.\",\"breadcrumb\":{\"@id\":\"https:\/\/k-time.it\/products\/colouring\/radyca\/blonde-allure-radyca-capsule-collection\/#breadcrumb\"},\"inLanguage\":\"es\",\"potentialAction\":[{\"@type\":\"ReadAction\",\"target\":[\"https:\/\/k-time.it\/products\/colouring\/radyca\/blonde-allure-radyca-capsule-collection\/\"]}]},{\"@type\":\"ImageObject\",\"inLanguage\":\"es\",\"@id\":\"https:\/\/k-time.it\/products\/colouring\/radyca\/blonde-allure-radyca-capsule-collection\/#primaryimage\",\"url\":\"https:\/\/k-time.it\/wp-content\/uploads\/2025\/06\/20700_k-time_radyca_oxidative_permanent_hair_color_100ml_8_29.png\",\"contentUrl\":\"https:\/\/k-time.it\/wp-content\/uploads\/2025\/06\/20700_k-time_radyca_oxidative_permanent_hair_color_100ml_8_29.png\",\"width\":800,\"height\":800},{\"@type\":\"BreadcrumbList\",\"@id\":\"https:\/\/k-time.it\/products\/colouring\/radyca\/blonde-allure-radyca-capsule-collection\/#breadcrumb\",\"itemListElement\":[{\"@type\":\"ListItem\",\"position\":1,\"name\":\"Home\",\"item\":\"https:\/\/k-time.it\/es\/\"},{\"@type\":\"ListItem\",\"position\":2,\"name\":\"Shop\",\"item\":\"https:\/\/k-time.it\/en\/negozio\/\"},{\"@type\":\"ListItem\",\"position\":3,\"name\":\"Blonde Allure \u2013 Radyca Capsule Collection\"}]},{\"@type\":\"WebSite\",\"@id\":\"https:\/\/k-time.it\/en\/#website\",\"url\":\"https:\/\/k-time.it\/en\/\",\"name\":\"K-time\",\"description\":\"Hair Spa Treatments\",\"publisher\":{\"@id\":\"https:\/\/k-time.it\/en\/#organization\"},\"potentialAction\":[{\"@type\":\"SearchAction\",\"target\":{\"@type\":\"EntryPoint\",\"urlTemplate\":\"https:\/\/k-time.it\/en\/?s={search_term_string}\"},\"query-input\":{\"@type\":\"PropertyValueSpecification\",\"valueRequired\":true,\"valueName\":\"search_term_string\"}}],\"inLanguage\":\"es\"},{\"@type\":\"Organization\",\"@id\":\"https:\/\/k-time.it\/en\/#organization\",\"name\":\"K-time\",\"url\":\"https:\/\/k-time.it\/en\/\",\"logo\":{\"@type\":\"ImageObject\",\"inLanguage\":\"es\",\"@id\":\"https:\/\/k-time.it\/en\/#\/schema\/logo\/image\/\",\"url\":\"\",\"contentUrl\":\"\",\"caption\":\"K-time\"},\"image\":{\"@id\":\"https:\/\/k-time.it\/en\/#\/schema\/logo\/image\/\"}}]}<\/script>\n<!-- \/ Yoast SEO plugin. -->","yoast_head_json":{"title":"Blonde Allure \u2013 Radyca Capsule Collection - K-time","description":"Blonde Allure es la colecci\u00f3n c\u00e1psula de Radyca, compuesta por 6 extraordinarios matices rubios ros\u00e1ceos.","robots":{"index":"index","follow":"follow","max-snippet":"max-snippet:-1","max-image-preview":"max-image-preview:large","max-video-preview":"max-video-preview:-1"},"canonical":"https:\/\/k-time.it\/products\/colouring\/radyca\/blonde-allure-radyca-capsule-collection\/","og_locale":"es_ES","og_type":"article","og_title":"Blonde Allure \u2013 Radyca Capsule Collection - K-time","og_description":"Blonde Allure es la colecci\u00f3n c\u00e1psula de Radyca, compuesta por 6 extraordinarios matices rubios ros\u00e1ceos.","og_url":"https:\/\/k-time.it\/products\/colouring\/radyca\/blonde-allure-radyca-capsule-collection\/","og_site_name":"K-time","article_modified_time":"2025-06-26T10:41:25+00:00","og_image":[{"width":800,"height":800,"url":"https:\/\/k-time.it\/wp-content\/uploads\/2025\/06\/20700_k-time_radyca_oxidative_permanent_hair_color_100ml_8_29.png","type":"image\/png"}],"twitter_card":"summary_large_image","twitter_misc":{"Tiempo de lectura":"1 minuto"},"schema":{"@context":"https:\/\/schema.org","@graph":[{"@type":"WebPage","@id":"https:\/\/k-time.it\/products\/colouring\/radyca\/blonde-allure-radyca-capsule-collection\/","url":"https:\/\/k-time.it\/products\/colouring\/radyca\/blonde-allure-radyca-capsule-collection\/","name":"Blonde Allure \u2013 Radyca Capsule Collection - K-time","isPartOf":{"@id":"https:\/\/k-time.it\/en\/#website"},"primaryImageOfPage":{"@id":"https:\/\/k-time.it\/products\/colouring\/radyca\/blonde-allure-radyca-capsule-collection\/#primaryimage"},"image":{"@id":"https:\/\/k-time.it\/products\/colouring\/radyca\/blonde-allure-radyca-capsule-collection\/#primaryimage"},"thumbnailUrl":"https:\/\/k-time.it\/wp-content\/uploads\/2025\/06\/20700_k-time_radyca_oxidative_permanent_hair_color_100ml_8_29.png","datePublished":"2025-06-26T09:20:26+00:00","dateModified":"2025-06-26T10:41:25+00:00","description":"Blonde Allure es la colecci\u00f3n c\u00e1psula de Radyca, compuesta por 6 extraordinarios matices rubios ros\u00e1ceos.","breadcrumb":{"@id":"https:\/\/k-time.it\/products\/colouring\/radyca\/blonde-allure-radyca-capsule-collection\/#breadcrumb"},"inLanguage":"es","potentialAction":[{"@type":"ReadAction","target":["https:\/\/k-time.it\/products\/colouring\/radyca\/blonde-allure-radyca-capsule-collection\/"]}]},{"@type":"ImageObject","inLanguage":"es","@id":"https:\/\/k-time.it\/products\/colouring\/radyca\/blonde-allure-radyca-capsule-collection\/#primaryimage","url":"https:\/\/k-time.it\/wp-content\/uploads\/2025\/06\/20700_k-time_radyca_oxidative_permanent_hair_color_100ml_8_29.png","contentUrl":"https:\/\/k-time.it\/wp-content\/uploads\/2025\/06\/20700_k-time_radyca_oxidative_permanent_hair_color_100ml_8_29.png","width":800,"height":800},{"@type":"BreadcrumbList","@id":"https:\/\/k-time.it\/products\/colouring\/radyca\/blonde-allure-radyca-capsule-collection\/#breadcrumb","itemListElement":[{"@type":"ListItem","position":1,"name":"Home","item":"https:\/\/k-time.it\/es\/"},{"@type":"ListItem","position":2,"name":"Shop","item":"https:\/\/k-time.it\/en\/negozio\/"},{"@type":"ListItem","position":3,"name":"Blonde Allure \u2013 Radyca Capsule Collection"}]},{"@type":"WebSite","@id":"https:\/\/k-time.it\/en\/#website","url":"https:\/\/k-time.it\/en\/","name":"K-time","description":"Hair Spa Treatments","publisher":{"@id":"https:\/\/k-time.it\/en\/#organization"},"potentialAction":[{"@type":"SearchAction","target":{"@type":"EntryPoint","urlTemplate":"https:\/\/k-time.it\/en\/?s={search_term_string}"},"query-input":{"@type":"PropertyValueSpecification","valueRequired":true,"valueName":"search_term_string"}}],"inLanguage":"es"},{"@type":"Organization","@id":"https:\/\/k-time.it\/en\/#organization","name":"K-time","url":"https:\/\/k-time.it\/en\/","logo":{"@type":"ImageObject","inLanguage":"es","@id":"https:\/\/k-time.it\/en\/#\/schema\/logo\/image\/","url":"","contentUrl":"","caption":"K-time"},"image":{"@id":"https:\/\/k-time.it\/en\/#\/schema\/logo\/image\/"}}]}},"_links":{"self":[{"href":"https:\/\/k-time.it\/es\/wp-json\/wp\/v2\/product\/26121","targetHints":{"allow":["GET"]}}],"collection":[{"href":"https:\/\/k-time.it\/es\/wp-json\/wp\/v2\/product"}],"about":[{"href":"https:\/\/k-time.it\/es\/wp-json\/wp\/v2\/types\/product"}],"wp:featuredmedia":[{"embeddable":true,"href":"https:\/\/k-time.it\/es\/wp-json\/wp\/v2\/media\/26205"}],"wp:attachment":[{"href":"https:\/\/k-time.it\/es\/wp-json\/wp\/v2\/media?parent=26121"}],"wp:term":[{"taxonomy":"product_brand","embeddable":true,"href":"https:\/\/k-time.it\/es\/wp-json\/wp\/v2\/product_brand?post=26121"},{"taxonomy":"product_cat","embeddable":true,"href":"https:\/\/k-time.it\/es\/wp-json\/wp\/v2\/product_cat?post=26121"},{"taxonomy":"product_tag","embeddable":true,"href":"https:\/\/k-time.it\/es\/wp-json\/wp\/v2\/product_tag?post=26121"}],"curies":[{"name":"wp","href":"https:\/\/api.w.org\/{rel}","templated":true}]}}