{"id":24467,"date":"2024-06-04T17:17:19","date_gmt":"2024-06-04T15:17:20","guid":{"rendered":"https:\/\/k-time.it\/?post_type=product&#038;p=24467"},"modified":"2024-07-22T16:32:27","modified_gmt":"2024-07-22T14:32:27","slug":"keratin-code-pro-fluido-alisador","status":"publish","type":"product","link":"https:\/\/k-time.it\/es\/products\/treatments\/keratin-code-pro-es\/keratin-code-pro-fluido-alisador\/","title":{"rendered":"Keratin Code Pro | Fluido alisador"},"content":{"rendered":"<div class=\"wpb-content-wrapper\"><p>[vc_row disable_element=\u00bbyes\u00bb][vc_column]<div class=\"ult_exp_section_layer ult-adjust-bottom-margin  \" >\n\t\t<div id=\"uvc-exp-wrap-2558\" role=\"button\" tabindex=\"0\" aria-pressed=\"false\"  data-ultimate-target='#uvc-exp-wrap-2558'  data-responsive-json-new='{\"font-size\":\"desktop:16px;\",\"line-height\":\"desktop:20px;\"}'  class=\"ult_exp_section  ult-responsive \" style=\"color:#ffffff;background-color:#877650; font-weight:normal; padding-top:4px;padding-right:7px;padding-bottom:4px;padding-left:4px;text-align:center;\" data-textcolor=\"#ffffff\"data-texthover=\"#ffffff\"data-icncolor=\"#ffffff\"data-ihover=\"#ffffff\"data-height=\"0\"data-cntbg=\"#877650\"data-cnthvrbg=\"#877650\"data-headerbg=\"#877650\"data-headerhover=\"#877650\"data-title=\"Come acquistare\"data-newtitle=\"Richiedi info sull&#039;acquisto\"data-icon=\"icomoon-the7-font-icon-cart-detailed\"data-newicon=\"icomoon-the7-font-the7-mail-011\"data-activeicon=\"#ffffff\"data-effect=\"slideToggle\"data-override=\"0\"data-activetitle=\"#ffffff\"data-activebg=\"#877650\"data-img=\"\"data-newimg=\"\"><div class=\"ult_exp_section-main ult_expleft_icon\">\t<div class=\"ult-just-icon-wrapper ult_exp_icon\">\n\t\t\t\t\t<div class=\"align-icon \">\n\t\t\t\t\t\t\n<span class=\"aio-icon  none  ult_expsection_icon \"  style=\"color:#ffffff;font-size:20px;\">\n\t<i class=\"icomoon-the7-font-icon-cart-detailed ult_ex_icon\"  ><\/i>\n<\/span>\n\t\t\t\t\t<\/div>\n\t\t\t\t<\/div>\n\t\t\t\t<div class=\"ult_expheader\" >Come acquistare\n\t\t\t\t<\/div>\n\t\t\t<\/div>\n\t\t<\/div><div class=\"ult_exp_content \" style=\"background-color:#ffffff;  \"><div class=\"ult_ecpsub_cont\" style=\" \" >\n<div class=\"wpcf7 no-js\" id=\"wpcf7-f5341-o1\" lang=\"es-ES\" dir=\"ltr\" data-wpcf7-id=\"5341\">\n<div class=\"screen-reader-response\"><p role=\"status\" aria-live=\"polite\" aria-atomic=\"true\"><\/p> <ul><\/ul><\/div>\n<form action=\"\/es\/wp-json\/wp\/v2\/product\/24467#wpcf7-f5341-o1\" method=\"post\" class=\"wpcf7-form init\" aria-label=\"Formulario de contacto\" novalidate=\"novalidate\" data-status=\"init\">\n<fieldset class=\"hidden-fields-container\"><input type=\"hidden\" name=\"_wpcf7\" value=\"5341\" \/><input type=\"hidden\" name=\"_wpcf7_version\" value=\"6.1.4\" \/><input type=\"hidden\" name=\"_wpcf7_locale\" value=\"es_ES\" \/><input type=\"hidden\" name=\"_wpcf7_unit_tag\" value=\"wpcf7-f5341-o1\" \/><input type=\"hidden\" name=\"_wpcf7_container_post\" value=\"0\" \/><input type=\"hidden\" name=\"_wpcf7_posted_data_hash\" value=\"\" \/><input type=\"hidden\" name=\"_wpcf7_recaptcha_response\" value=\"\" \/>\n<\/fieldset>\n<p>Nombre\/Apellido*\n<\/p>\n<p><span class=\"wpcf7-form-control-wrap\" data-name=\"your-name\"><input size=\"40\" maxlength=\"400\" class=\"wpcf7-form-control wpcf7-text wpcf7-validates-as-required\" aria-required=\"true\" aria-invalid=\"false\" value=\"\" type=\"text\" name=\"your-name\" \/><\/span>\n<\/p>\n<p>Correo electr\u00f3nico*\n<\/p>\n<p><span class=\"wpcf7-form-control-wrap\" data-name=\"your-email\"><input size=\"40\" maxlength=\"400\" class=\"wpcf7-form-control wpcf7-email wpcf7-validates-as-required wpcf7-text wpcf7-validates-as-email\" aria-required=\"true\" aria-invalid=\"false\" value=\"\" type=\"email\" name=\"your-email\" \/><\/span>\n<\/p>\n<p>Estatus:*\n<\/p>\n<p><span class=\"wpcf7-form-control-wrap\" data-name=\"status\"><span class=\"wpcf7-form-control wpcf7-checkbox wpcf7-validates-as-required wpcf7-exclusive-checkbox\"><span class=\"wpcf7-list-item first\"><span class=\"wpcf7-list-item-label\">Profesional<\/span><input type=\"checkbox\" name=\"status\" value=\"Profesional\" \/><\/span><span class=\"wpcf7-list-item\"><span class=\"wpcf7-list-item-label\">Distribuidor<\/span><input type=\"checkbox\" name=\"status\" value=\"Distribuidor\" \/><\/span><span class=\"wpcf7-list-item last\"><span class=\"wpcf7-list-item-label\">Otro<\/span><input type=\"checkbox\" name=\"status\" value=\"Otro\" \/><\/span><\/span><\/span>\n<\/p>\n<p>Pa\u00eds*\n<\/p>\n<p><span class=\"wpcf7-form-control-wrap\" data-name=\"country\"><input size=\"40\" maxlength=\"400\" class=\"wpcf7-form-control wpcf7-text wpcf7-validates-as-required\" aria-required=\"true\" aria-invalid=\"false\" value=\"\" type=\"text\" name=\"country\" \/><\/span>\n<\/p>\n<p>Mensaje*\n<\/p>\n<p><span class=\"wpcf7-form-control-wrap\" data-name=\"your-message\"><textarea cols=\"40\" rows=\"10\" maxlength=\"2000\" class=\"wpcf7-form-control wpcf7-textarea wpcf7-validates-as-required\" aria-required=\"true\" aria-invalid=\"false\" name=\"your-message\"><\/textarea><\/span>\n<\/p>\n<p><span class=\"wpcf7-form-control-wrap\" data-name=\"acceptance-20\"><span class=\"wpcf7-form-control wpcf7-acceptance\"><span class=\"wpcf7-list-item\"><input type=\"checkbox\" name=\"acceptance-20\" value=\"1\" aria-invalid=\"false\" \/><\/span><\/span><\/span> I express my informed, specific and unconditional consent for the company Comprof Milano Srl to proceed with the processing of my personal data to process the requests for information transmitted, as better described in the <a href=\"https:\/\/k-time.it\/es\/privacy-policy\/\" target=\"_blank\" rel=\"noopener\">Privacy Policy<\/a>*\n<\/p>\n<p><small> Este sitio est\u00e1 protegido por Google reCAPTCHA <a href=\"https:\/\/policies.google.com\/privacy\"> Pol\u00edtica de privacidad <\/a> y <a href = \"https:\/\/policies.google.com\/ terms \"> Condiciones de servicio <\/a>. <\/small>\n<\/p>\n<p><input class=\"wpcf7-form-control wpcf7-submit has-spinner\" type=\"submit\" value=\"Enviar\" \/>\n<\/p><div class=\"wpcf7-response-output\" aria-hidden=\"true\"><\/div>\n<\/form>\n<\/div>\n<\/div><\/div>\n\n\t\t\t<\/div>[\/vc_column][\/vc_row][vc_row][vc_column width=\u00bb1\/2&#8243;]<div class=\"standard-arrow list-divider bullet-top\"><h2>F\u00f3rmula<\/h2>\n<ul>\n<li><strong>Queratina Natural<\/strong>: con sus 18 amino\u00e1cidos mejora la elasticidad y resistencia del cabello, aportando brillo y suavidad al tacto.<\/li>\n<li><strong>Extracto de semilla de cacao<\/strong>: naturalmente ricas en antioxidantes y \u00e1cidos grasos, hidratan y nutren el cabello en profundidad.<\/li>\n<li>No contiene formaldeh\u00eddo.<\/li>\n<\/ul>\n<\/div>[\/vc_column][vc_column width=\u00bb1\/2&#8243;]<div class=\"standard-arrow list-divider bullet-top\"><h2>Beneficios<\/h2>\n<p>La <strong>Tecnolog\u00eda K&amp;C<\/strong>permite:<\/p>\n<ul>\n<li><strong>sellar<\/strong> las cut\u00edculas del cabello<\/li>\n<li><strong>alisar<\/strong> y suavizar la superficie de la fibra capilar<\/li>\n<li><strong>reducir<\/strong> al m\u00ednimo el<strong> efecto encrespamiento<\/strong> y el<strong> volumen<\/strong><\/li>\n<\/ul>\n<\/div>[\/vc_column][\/vc_row][vc_row][vc_column css=\u00bb.vc_custom_1717590970933{padding-top: 5px !important;padding-bottom: 5px !important;}\u00bb][vc_column_text css=\u00bb.vc_custom_1721658635152{padding-top: 5px !important;padding-bottom: 5px !important;}\u00bb]<\/p>\n<p style=\"text-align: center;\"><strong>EL RITUAL<\/strong><\/p>\n<p style=\"text-align: center;\">Keratin Code Pro es el tratamiento reestructurante con Queratina Natural que gracias a la innovadora<strong> Tecnolog\u00eda K&amp;C<\/strong> aporta al cabello un brillo envidiable.<\/p>\n<p style=\"text-align: center;\"><a href=\"https:\/\/k-time.it\/wp-content\/uploads\/2024\/06\/keratinepro_protocollo-EN.pdf\" target=\"_blank\" rel=\"noopener\"><strong><u>Consulta el protocolo de aplicaci\u00f3n<\/u><\/strong><\/a><\/p>\n<p>[\/vc_column_text][\/vc_column][\/vc_row][vc_row css=\u00bb.vc_custom_1595341818903{padding-top: 50px !important;}\u00bb][vc_column]<div class=\"dt-fancy-separator h2-size style-thick\" style=\"width: 100%;\"><div class=\"dt-fancy-title\" style=\"color: #333333;\"><span class=\"separator-holder separator-left\" style=\"border-color: #f0f0f0;\"><\/span>Productos relacionados<span class=\"separator-holder separator-right\" style=\"border-color: #f0f0f0;\"><\/span><\/div><\/div>[vc_raw_html css=\u00bb\u00bb]W3dwYi1wcm9kdWN0LXNsaWRlci1zaG9ydGNvZGUgaWQ9IjI1MTgxIl0=[\/vc_raw_html][\/vc_column][\/vc_row]<\/p>\n<\/div>","protected":false},"excerpt":{"rendered":"<p>El <strong>Fluido Alisador<\/strong> es el <strong>paso fundamental<\/strong> del tratamiento Keratin Code Pro. Gracias a la <strong>Tecnolog\u00eda K&amp;C<\/strong> nacida de la uni\u00f3n sin\u00e9rgica de la <strong>Queratina<\/strong> con los <strong>Extractos de semilla de cacao<\/strong>, el fluido<strong> remodela la ra\u00edz del cabello sin da\u00f1arlo<\/strong> y, en funci\u00f3n del ritual elegido, garantiza:<\/p>\n<ul>\n<li><strong>cabello perfectamente liso<\/strong> (Perfect Liss Ritual)<\/li>\n<li><strong>reducci\u00f3n de volumen <\/strong>(Volume Control Ritual)<\/li>\n<li><strong> efecto antiencrespamiento <\/strong>(Anti-Frizz Ritual)<\/li>\n<\/ul>\n<p>1000 ml<\/p>\n<p>&nbsp;<\/p>\n<p><span style=\"font-weight: 400;\">[vc_row][vc_column][ultimate_exp_section title=\" C\u00f3mo comprar\" new_title=\"Solicita informaci\u00f3n sobre la compra\" text_color=\"#ffffff\" background_color=\"#877650\" text_hovercolor=\"#ffffff\" bghovercolor=\"#877650\" title_active=\"#ffffff\" title_active_bg=\"#877650\" cnt_bg_color=\"#ffffff\" icon=\"icomoon-the7-font-icon-cart-detailed\" new_icon=\"icomoon-the7-font-the7-mail-011\" icon_align=\"left\" icon_size=\"20\" icon_color=\"#ffffff\" icon_hover_color=\"#ffffff\" icon_active_color=\"#ffffff\" title_font_size=\"desktop:16px;\" title_padding=\"padding-top:4px;padding-right:7px;padding-bottom:4px;padding-left:4px;\" icon_margin=\"margin-right:1px;\"][contact-form-7 id=\"496\"][\/ultimate_exp_section][\/vc_column][\/vc_row]<\/span><\/p>\n","protected":false},"featured_media":25617,"template":"","meta":[],"product_brand":[],"product_cat":[2866,493],"product_tag":[],"class_list":{"0":"post-24467","1":"product","2":"type-product","3":"status-publish","4":"has-post-thumbnail","6":"product_cat-keratin-code-pro-es","7":"product_cat-treatments","8":"description-off","10":"first","11":"instock","12":"shipping-taxable","13":"product-type-simple"},"yoast_head":"<!-- This site is optimized with the Yoast SEO plugin v26.8 - https:\/\/yoast.com\/product\/yoast-seo-wordpress\/ -->\n<title>Keratin Code Pro | Fluido alisador<\/title>\n<meta name=\"description\" content=\"Gracias a la Tecnolog\u00eda K&amp;C nacida de la uni\u00f3n sin\u00e9rgica de la Queratina con los Extractos de semilla de cacao, el fluido remodela la ra\u00edz del cabello sin da\u00f1arlo\" \/>\n<meta name=\"robots\" content=\"index, follow, max-snippet:-1, max-image-preview:large, max-video-preview:-1\" \/>\n<link rel=\"canonical\" href=\"https:\/\/k-time.it\/products\/treatments\/keratin-code-pro\/keratin-code-pro-fluido-lisciante\/\" \/>\n<meta property=\"og:locale\" content=\"es_ES\" \/>\n<meta property=\"og:type\" content=\"article\" \/>\n<meta property=\"og:title\" content=\"Keratin Code Pro | Fluido alisador\" \/>\n<meta property=\"og:description\" content=\"Gracias a la Tecnolog\u00eda K&amp;C nacida de la uni\u00f3n sin\u00e9rgica de la Queratina con los Extractos de semilla de cacao, el fluido remodela la ra\u00edz del cabello sin da\u00f1arlo\" \/>\n<meta property=\"og:url\" content=\"https:\/\/k-time.it\/products\/treatments\/keratin-code-pro\/keratin-code-pro-fluido-lisciante\/\" \/>\n<meta property=\"og:site_name\" content=\"K-time\" \/>\n<meta property=\"article:modified_time\" content=\"2024-07-22T14:32:27+00:00\" \/>\n<meta property=\"og:image\" content=\"https:\/\/k-time.it\/wp-content\/uploads\/2024\/06\/21997_ktime_keratin_fluid-1.png\" \/>\n\t<meta property=\"og:image:width\" content=\"800\" \/>\n\t<meta property=\"og:image:height\" content=\"800\" \/>\n\t<meta property=\"og:image:type\" content=\"image\/png\" \/>\n<meta name=\"twitter:card\" content=\"summary_large_image\" \/>\n<meta name=\"twitter:label1\" content=\"Tiempo de lectura\" \/>\n\t<meta name=\"twitter:data1\" content=\"2 minutos\" \/>\n<script type=\"application\/ld+json\" class=\"yoast-schema-graph\">{\"@context\":\"https:\/\/schema.org\",\"@graph\":[{\"@type\":\"WebPage\",\"@id\":\"https:\/\/k-time.it\/products\/treatments\/keratin-code-pro\/keratin-code-pro-fluido-lisciante\/\",\"url\":\"https:\/\/k-time.it\/products\/treatments\/keratin-code-pro\/keratin-code-pro-fluido-lisciante\/\",\"name\":\"Keratin Code Pro | Fluido alisador\",\"isPartOf\":{\"@id\":\"https:\/\/k-time.it\/en\/#website\"},\"primaryImageOfPage\":{\"@id\":\"https:\/\/k-time.it\/products\/treatments\/keratin-code-pro\/keratin-code-pro-fluido-lisciante\/#primaryimage\"},\"image\":{\"@id\":\"https:\/\/k-time.it\/products\/treatments\/keratin-code-pro\/keratin-code-pro-fluido-lisciante\/#primaryimage\"},\"thumbnailUrl\":\"https:\/\/k-time.it\/wp-content\/uploads\/2024\/06\/21997_ktime_keratin_fluid-1.png\",\"datePublished\":\"2024-06-04T15:17:20+00:00\",\"dateModified\":\"2024-07-22T14:32:27+00:00\",\"description\":\"Gracias a la Tecnolog\u00eda K&C nacida de la uni\u00f3n sin\u00e9rgica de la Queratina con los Extractos de semilla de cacao, el fluido remodela la ra\u00edz del cabello sin da\u00f1arlo\",\"breadcrumb\":{\"@id\":\"https:\/\/k-time.it\/products\/treatments\/keratin-code-pro\/keratin-code-pro-fluido-lisciante\/#breadcrumb\"},\"inLanguage\":\"es\",\"potentialAction\":[{\"@type\":\"ReadAction\",\"target\":[\"https:\/\/k-time.it\/products\/treatments\/keratin-code-pro\/keratin-code-pro-fluido-lisciante\/\"]}]},{\"@type\":\"ImageObject\",\"inLanguage\":\"es\",\"@id\":\"https:\/\/k-time.it\/products\/treatments\/keratin-code-pro\/keratin-code-pro-fluido-lisciante\/#primaryimage\",\"url\":\"https:\/\/k-time.it\/wp-content\/uploads\/2024\/06\/21997_ktime_keratin_fluid-1.png\",\"contentUrl\":\"https:\/\/k-time.it\/wp-content\/uploads\/2024\/06\/21997_ktime_keratin_fluid-1.png\",\"width\":800,\"height\":800},{\"@type\":\"BreadcrumbList\",\"@id\":\"https:\/\/k-time.it\/products\/treatments\/keratin-code-pro\/keratin-code-pro-fluido-lisciante\/#breadcrumb\",\"itemListElement\":[{\"@type\":\"ListItem\",\"position\":1,\"name\":\"Home\",\"item\":\"https:\/\/k-time.it\/es\/\"},{\"@type\":\"ListItem\",\"position\":2,\"name\":\"Shop\",\"item\":\"https:\/\/k-time.it\/en\/negozio\/\"},{\"@type\":\"ListItem\",\"position\":3,\"name\":\"Keratin Code Pro | Fluido alisador\"}]},{\"@type\":\"WebSite\",\"@id\":\"https:\/\/k-time.it\/en\/#website\",\"url\":\"https:\/\/k-time.it\/en\/\",\"name\":\"K-time\",\"description\":\"Hair Spa Treatments\",\"publisher\":{\"@id\":\"https:\/\/k-time.it\/en\/#organization\"},\"potentialAction\":[{\"@type\":\"SearchAction\",\"target\":{\"@type\":\"EntryPoint\",\"urlTemplate\":\"https:\/\/k-time.it\/en\/?s={search_term_string}\"},\"query-input\":{\"@type\":\"PropertyValueSpecification\",\"valueRequired\":true,\"valueName\":\"search_term_string\"}}],\"inLanguage\":\"es\"},{\"@type\":\"Organization\",\"@id\":\"https:\/\/k-time.it\/en\/#organization\",\"name\":\"K-time\",\"url\":\"https:\/\/k-time.it\/en\/\",\"logo\":{\"@type\":\"ImageObject\",\"inLanguage\":\"es\",\"@id\":\"https:\/\/k-time.it\/en\/#\/schema\/logo\/image\/\",\"url\":\"\",\"contentUrl\":\"\",\"caption\":\"K-time\"},\"image\":{\"@id\":\"https:\/\/k-time.it\/en\/#\/schema\/logo\/image\/\"}}]}<\/script>\n<!-- \/ Yoast SEO plugin. -->","yoast_head_json":{"title":"Keratin Code Pro | Fluido alisador","description":"Gracias a la Tecnolog\u00eda K&C nacida de la uni\u00f3n sin\u00e9rgica de la Queratina con los Extractos de semilla de cacao, el fluido remodela la ra\u00edz del cabello sin da\u00f1arlo","robots":{"index":"index","follow":"follow","max-snippet":"max-snippet:-1","max-image-preview":"max-image-preview:large","max-video-preview":"max-video-preview:-1"},"canonical":"https:\/\/k-time.it\/products\/treatments\/keratin-code-pro\/keratin-code-pro-fluido-lisciante\/","og_locale":"es_ES","og_type":"article","og_title":"Keratin Code Pro | Fluido alisador","og_description":"Gracias a la Tecnolog\u00eda K&C nacida de la uni\u00f3n sin\u00e9rgica de la Queratina con los Extractos de semilla de cacao, el fluido remodela la ra\u00edz del cabello sin da\u00f1arlo","og_url":"https:\/\/k-time.it\/products\/treatments\/keratin-code-pro\/keratin-code-pro-fluido-lisciante\/","og_site_name":"K-time","article_modified_time":"2024-07-22T14:32:27+00:00","og_image":[{"width":800,"height":800,"url":"https:\/\/k-time.it\/wp-content\/uploads\/2024\/06\/21997_ktime_keratin_fluid-1.png","type":"image\/png"}],"twitter_card":"summary_large_image","twitter_misc":{"Tiempo de lectura":"2 minutos"},"schema":{"@context":"https:\/\/schema.org","@graph":[{"@type":"WebPage","@id":"https:\/\/k-time.it\/products\/treatments\/keratin-code-pro\/keratin-code-pro-fluido-lisciante\/","url":"https:\/\/k-time.it\/products\/treatments\/keratin-code-pro\/keratin-code-pro-fluido-lisciante\/","name":"Keratin Code Pro | Fluido alisador","isPartOf":{"@id":"https:\/\/k-time.it\/en\/#website"},"primaryImageOfPage":{"@id":"https:\/\/k-time.it\/products\/treatments\/keratin-code-pro\/keratin-code-pro-fluido-lisciante\/#primaryimage"},"image":{"@id":"https:\/\/k-time.it\/products\/treatments\/keratin-code-pro\/keratin-code-pro-fluido-lisciante\/#primaryimage"},"thumbnailUrl":"https:\/\/k-time.it\/wp-content\/uploads\/2024\/06\/21997_ktime_keratin_fluid-1.png","datePublished":"2024-06-04T15:17:20+00:00","dateModified":"2024-07-22T14:32:27+00:00","description":"Gracias a la Tecnolog\u00eda K&C nacida de la uni\u00f3n sin\u00e9rgica de la Queratina con los Extractos de semilla de cacao, el fluido remodela la ra\u00edz del cabello sin da\u00f1arlo","breadcrumb":{"@id":"https:\/\/k-time.it\/products\/treatments\/keratin-code-pro\/keratin-code-pro-fluido-lisciante\/#breadcrumb"},"inLanguage":"es","potentialAction":[{"@type":"ReadAction","target":["https:\/\/k-time.it\/products\/treatments\/keratin-code-pro\/keratin-code-pro-fluido-lisciante\/"]}]},{"@type":"ImageObject","inLanguage":"es","@id":"https:\/\/k-time.it\/products\/treatments\/keratin-code-pro\/keratin-code-pro-fluido-lisciante\/#primaryimage","url":"https:\/\/k-time.it\/wp-content\/uploads\/2024\/06\/21997_ktime_keratin_fluid-1.png","contentUrl":"https:\/\/k-time.it\/wp-content\/uploads\/2024\/06\/21997_ktime_keratin_fluid-1.png","width":800,"height":800},{"@type":"BreadcrumbList","@id":"https:\/\/k-time.it\/products\/treatments\/keratin-code-pro\/keratin-code-pro-fluido-lisciante\/#breadcrumb","itemListElement":[{"@type":"ListItem","position":1,"name":"Home","item":"https:\/\/k-time.it\/es\/"},{"@type":"ListItem","position":2,"name":"Shop","item":"https:\/\/k-time.it\/en\/negozio\/"},{"@type":"ListItem","position":3,"name":"Keratin Code Pro | Fluido alisador"}]},{"@type":"WebSite","@id":"https:\/\/k-time.it\/en\/#website","url":"https:\/\/k-time.it\/en\/","name":"K-time","description":"Hair Spa Treatments","publisher":{"@id":"https:\/\/k-time.it\/en\/#organization"},"potentialAction":[{"@type":"SearchAction","target":{"@type":"EntryPoint","urlTemplate":"https:\/\/k-time.it\/en\/?s={search_term_string}"},"query-input":{"@type":"PropertyValueSpecification","valueRequired":true,"valueName":"search_term_string"}}],"inLanguage":"es"},{"@type":"Organization","@id":"https:\/\/k-time.it\/en\/#organization","name":"K-time","url":"https:\/\/k-time.it\/en\/","logo":{"@type":"ImageObject","inLanguage":"es","@id":"https:\/\/k-time.it\/en\/#\/schema\/logo\/image\/","url":"","contentUrl":"","caption":"K-time"},"image":{"@id":"https:\/\/k-time.it\/en\/#\/schema\/logo\/image\/"}}]}},"_links":{"self":[{"href":"https:\/\/k-time.it\/es\/wp-json\/wp\/v2\/product\/24467","targetHints":{"allow":["GET"]}}],"collection":[{"href":"https:\/\/k-time.it\/es\/wp-json\/wp\/v2\/product"}],"about":[{"href":"https:\/\/k-time.it\/es\/wp-json\/wp\/v2\/types\/product"}],"wp:featuredmedia":[{"embeddable":true,"href":"https:\/\/k-time.it\/es\/wp-json\/wp\/v2\/media\/25617"}],"wp:attachment":[{"href":"https:\/\/k-time.it\/es\/wp-json\/wp\/v2\/media?parent=24467"}],"wp:term":[{"taxonomy":"product_brand","embeddable":true,"href":"https:\/\/k-time.it\/es\/wp-json\/wp\/v2\/product_brand?post=24467"},{"taxonomy":"product_cat","embeddable":true,"href":"https:\/\/k-time.it\/es\/wp-json\/wp\/v2\/product_cat?post=24467"},{"taxonomy":"product_tag","embeddable":true,"href":"https:\/\/k-time.it\/es\/wp-json\/wp\/v2\/product_tag?post=24467"}],"curies":[{"name":"wp","href":"https:\/\/api.w.org\/{rel}","templated":true}]}}