{"id":24168,"date":"2024-04-10T09:01:20","date_gmt":"2024-04-10T07:01:21","guid":{"rendered":"https:\/\/k-time.it\/?post_type=product&#038;p=24168"},"modified":"2024-04-10T09:51:56","modified_gmt":"2024-04-10T07:51:56","slug":"secret-mascarilla-en-espray-multiaccion-10-en-1-limited-edition","status":"publish","type":"product","link":"https:\/\/k-time.it\/es\/products\/treatments\/secret\/secret-mascarilla-en-espray-multiaccion-10-en-1-limited-edition\/","title":{"rendered":"Secret | Mascarilla en espray multiacci\u00f3n 10 en 1 \u2013 Limited Edition"},"content":{"rendered":"<div class=\"wpb-content-wrapper\"><p>[vc_row][vc_column width=\u00bb1\/2&#8243;]<div class=\"standard-arrow list-divider bullet-top\"><h2>Ventajas<\/h2>\n<ul>\n<li>Tama\u00f1o de viaje compacto y de bolsillo, perfecto para tus vacaciones<\/li>\n<li>Misma f\u00f3rmula perfumada y de alto rendimiento<\/li>\n<li>Nuevo dise\u00f1o elegante y exclusivo<\/li>\n<li>Estuche moderno de estilo veraniego<\/li>\n<\/ul>\n<\/div>[\/vc_column][vc_column width=\u00bb1\/2&#8243;]<div class=\"standard-number-list list-divider bullet-top\"><h2>Beneficios<\/h2>\n<div id=\"tab-benefici\" role=\"tabpanel\" aria-labelledby=\"tab-title-benefici\">\n<ol>\n<li>Regenerador<\/li>\n<li>Reducci\u00f3n del encrespamiento<\/li>\n<li>Protecci\u00f3n del calor<\/li>\n<li>Ultrasuave<\/li>\n<li>Filtros que protegen el color<\/li>\n<li>Modelado r\u00e1pido<\/li>\n<li>M\u00e1xima fijaci\u00f3n del peinado<\/li>\n<li>Efecto desenredador<\/li>\n<li>Detiene las puntas abiertas<\/li>\n<li>Da cuerpo y volumen al cabello<\/li>\n<\/ol>\n<\/div>\n<\/div>[\/vc_column][\/vc_row]<\/p>\n<\/div>","protected":false},"excerpt":{"rendered":"<p style=\"margin: 0cm; background: white;\" data-mce-style=\"margin: 0cm; background: white;\"><span style=\"font-family: 'Calibri',sans-serif; color: #4c4c4c;\" data-mce-style=\"font-family: 'Calibri',sans-serif; color: #4c4c4c;\">La<strong><span style=\"font-family: 'Calibri',sans-serif;\" data-mce-style=\"font-family: 'Calibri',sans-serif;\"> mascarilla en espray multiacci\u00f3n intensiva<\/span><\/strong> es un tratamiento sin aclarado para cubrir las necesidades m\u00e1s frecuentes de todo tipo de cabello.<\/span><\/p>\n<p style=\"margin: 0cm; background: white;\" data-mce-style=\"margin: 0cm; background: white;\"><span style=\"font-family: 'Calibri',sans-serif; color: #4c4c4c;\" data-mce-style=\"font-family: 'Calibri',sans-serif; color: #4c4c4c;\">&nbsp;<\/span><\/p>\n<p style=\"margin: 0cm; background: white;\" data-mce-style=\"margin: 0cm; background: white;\"><span style=\"font-family: 'Calibri',sans-serif; color: #4c4c4c;\" data-mce-style=\"font-family: 'Calibri',sans-serif; color: #4c4c4c;\">Ofrece<b> 10 acciones \u00fanicas<\/b>, realiza una acci\u00f3n <strong><span style=\"font-family: 'Calibri',sans-serif;\" data-mce-style=\"font-family: 'Calibri',sans-serif;\">desenredante, reduce las puntas abiertas<\/span><\/strong> y el <strong><span style=\"font-family: 'Calibri',sans-serif;\" data-mce-style=\"font-family: 'Calibri',sans-serif;\">encrespamiento y protege del calor.<\/span><\/strong>El cabello queda<strong><span style=\"font-family: 'Calibri',sans-serif;\" data-mce-style=\"font-family: 'Calibri',sans-serif;\"> regenerado, suave y voluminoso<\/span><\/strong>.<\/span><\/p>\n<p style=\"margin: 0cm; background: white;\" data-mce-style=\"margin: 0cm; background: white;\"><span style=\"font-family: 'Calibri',sans-serif; color: #4c4c4c;\" data-mce-style=\"font-family: 'Calibri',sans-serif; color: #4c4c4c;\">&nbsp;<\/span><\/p>\n<p style=\"margin: 0cm; background: white;\" data-mce-style=\"margin: 0cm; background: white;\"><span style=\"font-family: 'Calibri',sans-serif; color: #4c4c4c;\" data-mce-style=\"font-family: 'Calibri',sans-serif; color: #4c4c4c;\">Formato 100 ml<\/span><\/p>\n","protected":false},"featured_media":24164,"template":"","meta":[],"product_brand":[],"product_cat":[1066],"product_tag":[],"class_list":{"0":"post-24168","1":"product","2":"type-product","3":"status-publish","4":"has-post-thumbnail","6":"product_cat-secret","7":"description-off","9":"first","10":"instock","11":"shipping-taxable","12":"product-type-simple"},"yoast_head":"<!-- This site is optimized with the Yoast SEO plugin v26.8 - https:\/\/yoast.com\/product\/yoast-seo-wordpress\/ -->\n<title>Secret | Mascarilla en espray multiacci\u00f3n 10 en 1 \u2013 Limited Edition - K-time<\/title>\n<meta name=\"description\" content=\"M\u00e1scara Spray multiacci\u00f3n: en un solo producto sorprendente un tratamiento completo para satisfacer las necesidades m\u00e1s frecuentes de todo tipo de cabello.\" \/>\n<meta name=\"robots\" content=\"index, follow, max-snippet:-1, max-image-preview:large, max-video-preview:-1\" \/>\n<link rel=\"canonical\" href=\"https:\/\/k-time.it\/products\/treatments\/secret\/secret-maschera-spray-multiazione-10-in-1-limited-edition\/\" \/>\n<meta property=\"og:locale\" content=\"es_ES\" \/>\n<meta property=\"og:type\" content=\"article\" \/>\n<meta property=\"og:title\" content=\"Secret | Mascarilla en espray multiacci\u00f3n 10 en 1 \u2013 Limited Edition - K-time\" \/>\n<meta property=\"og:description\" content=\"M\u00e1scara Spray multiacci\u00f3n: en un solo producto sorprendente un tratamiento completo para satisfacer las necesidades m\u00e1s frecuentes de todo tipo de cabello.\" \/>\n<meta property=\"og:url\" content=\"https:\/\/k-time.it\/products\/treatments\/secret\/secret-maschera-spray-multiazione-10-in-1-limited-edition\/\" \/>\n<meta property=\"og:site_name\" content=\"K-time\" \/>\n<meta property=\"article:modified_time\" content=\"2024-04-10T07:51:56+00:00\" \/>\n<meta property=\"og:image\" content=\"https:\/\/k-time.it\/wp-content\/uploads\/2024\/04\/25118_k-time_secret_spray_limited_edition_100ml.png\" \/>\n\t<meta property=\"og:image:width\" content=\"800\" \/>\n\t<meta property=\"og:image:height\" content=\"800\" \/>\n\t<meta property=\"og:image:type\" content=\"image\/png\" \/>\n<meta name=\"twitter:card\" content=\"summary_large_image\" \/>\n<meta name=\"twitter:label1\" content=\"Tiempo de lectura\" \/>\n\t<meta name=\"twitter:data1\" content=\"1 minuto\" \/>\n<script type=\"application\/ld+json\" class=\"yoast-schema-graph\">{\"@context\":\"https:\/\/schema.org\",\"@graph\":[{\"@type\":\"WebPage\",\"@id\":\"https:\/\/k-time.it\/products\/treatments\/secret\/secret-maschera-spray-multiazione-10-in-1-limited-edition\/\",\"url\":\"https:\/\/k-time.it\/products\/treatments\/secret\/secret-maschera-spray-multiazione-10-in-1-limited-edition\/\",\"name\":\"Secret | Mascarilla en espray multiacci\u00f3n 10 en 1 \u2013 Limited Edition - K-time\",\"isPartOf\":{\"@id\":\"https:\/\/k-time.it\/en\/#website\"},\"primaryImageOfPage\":{\"@id\":\"https:\/\/k-time.it\/products\/treatments\/secret\/secret-maschera-spray-multiazione-10-in-1-limited-edition\/#primaryimage\"},\"image\":{\"@id\":\"https:\/\/k-time.it\/products\/treatments\/secret\/secret-maschera-spray-multiazione-10-in-1-limited-edition\/#primaryimage\"},\"thumbnailUrl\":\"https:\/\/k-time.it\/wp-content\/uploads\/2024\/04\/25118_k-time_secret_spray_limited_edition_100ml.png\",\"datePublished\":\"2024-04-10T07:01:21+00:00\",\"dateModified\":\"2024-04-10T07:51:56+00:00\",\"description\":\"M\u00e1scara Spray multiacci\u00f3n: en un solo producto sorprendente un tratamiento completo para satisfacer las necesidades m\u00e1s frecuentes de todo tipo de cabello.\",\"breadcrumb\":{\"@id\":\"https:\/\/k-time.it\/products\/treatments\/secret\/secret-maschera-spray-multiazione-10-in-1-limited-edition\/#breadcrumb\"},\"inLanguage\":\"es\",\"potentialAction\":[{\"@type\":\"ReadAction\",\"target\":[\"https:\/\/k-time.it\/products\/treatments\/secret\/secret-maschera-spray-multiazione-10-in-1-limited-edition\/\"]}]},{\"@type\":\"ImageObject\",\"inLanguage\":\"es\",\"@id\":\"https:\/\/k-time.it\/products\/treatments\/secret\/secret-maschera-spray-multiazione-10-in-1-limited-edition\/#primaryimage\",\"url\":\"https:\/\/k-time.it\/wp-content\/uploads\/2024\/04\/25118_k-time_secret_spray_limited_edition_100ml.png\",\"contentUrl\":\"https:\/\/k-time.it\/wp-content\/uploads\/2024\/04\/25118_k-time_secret_spray_limited_edition_100ml.png\",\"width\":800,\"height\":800},{\"@type\":\"BreadcrumbList\",\"@id\":\"https:\/\/k-time.it\/products\/treatments\/secret\/secret-maschera-spray-multiazione-10-in-1-limited-edition\/#breadcrumb\",\"itemListElement\":[{\"@type\":\"ListItem\",\"position\":1,\"name\":\"Home\",\"item\":\"https:\/\/k-time.it\/es\/\"},{\"@type\":\"ListItem\",\"position\":2,\"name\":\"Shop\",\"item\":\"https:\/\/k-time.it\/en\/negozio\/\"},{\"@type\":\"ListItem\",\"position\":3,\"name\":\"Secret | Mascarilla en espray multiacci\u00f3n 10 en 1 \u2013 Limited Edition\"}]},{\"@type\":\"WebSite\",\"@id\":\"https:\/\/k-time.it\/en\/#website\",\"url\":\"https:\/\/k-time.it\/en\/\",\"name\":\"K-time\",\"description\":\"Hair Spa Treatments\",\"publisher\":{\"@id\":\"https:\/\/k-time.it\/en\/#organization\"},\"potentialAction\":[{\"@type\":\"SearchAction\",\"target\":{\"@type\":\"EntryPoint\",\"urlTemplate\":\"https:\/\/k-time.it\/en\/?s={search_term_string}\"},\"query-input\":{\"@type\":\"PropertyValueSpecification\",\"valueRequired\":true,\"valueName\":\"search_term_string\"}}],\"inLanguage\":\"es\"},{\"@type\":\"Organization\",\"@id\":\"https:\/\/k-time.it\/en\/#organization\",\"name\":\"K-time\",\"url\":\"https:\/\/k-time.it\/en\/\",\"logo\":{\"@type\":\"ImageObject\",\"inLanguage\":\"es\",\"@id\":\"https:\/\/k-time.it\/en\/#\/schema\/logo\/image\/\",\"url\":\"\",\"contentUrl\":\"\",\"caption\":\"K-time\"},\"image\":{\"@id\":\"https:\/\/k-time.it\/en\/#\/schema\/logo\/image\/\"}}]}<\/script>\n<!-- \/ Yoast SEO plugin. -->","yoast_head_json":{"title":"Secret | Mascarilla en espray multiacci\u00f3n 10 en 1 \u2013 Limited Edition - K-time","description":"M\u00e1scara Spray multiacci\u00f3n: en un solo producto sorprendente un tratamiento completo para satisfacer las necesidades m\u00e1s frecuentes de todo tipo de cabello.","robots":{"index":"index","follow":"follow","max-snippet":"max-snippet:-1","max-image-preview":"max-image-preview:large","max-video-preview":"max-video-preview:-1"},"canonical":"https:\/\/k-time.it\/products\/treatments\/secret\/secret-maschera-spray-multiazione-10-in-1-limited-edition\/","og_locale":"es_ES","og_type":"article","og_title":"Secret | Mascarilla en espray multiacci\u00f3n 10 en 1 \u2013 Limited Edition - K-time","og_description":"M\u00e1scara Spray multiacci\u00f3n: en un solo producto sorprendente un tratamiento completo para satisfacer las necesidades m\u00e1s frecuentes de todo tipo de cabello.","og_url":"https:\/\/k-time.it\/products\/treatments\/secret\/secret-maschera-spray-multiazione-10-in-1-limited-edition\/","og_site_name":"K-time","article_modified_time":"2024-04-10T07:51:56+00:00","og_image":[{"width":800,"height":800,"url":"https:\/\/k-time.it\/wp-content\/uploads\/2024\/04\/25118_k-time_secret_spray_limited_edition_100ml.png","type":"image\/png"}],"twitter_card":"summary_large_image","twitter_misc":{"Tiempo de lectura":"1 minuto"},"schema":{"@context":"https:\/\/schema.org","@graph":[{"@type":"WebPage","@id":"https:\/\/k-time.it\/products\/treatments\/secret\/secret-maschera-spray-multiazione-10-in-1-limited-edition\/","url":"https:\/\/k-time.it\/products\/treatments\/secret\/secret-maschera-spray-multiazione-10-in-1-limited-edition\/","name":"Secret | Mascarilla en espray multiacci\u00f3n 10 en 1 \u2013 Limited Edition - K-time","isPartOf":{"@id":"https:\/\/k-time.it\/en\/#website"},"primaryImageOfPage":{"@id":"https:\/\/k-time.it\/products\/treatments\/secret\/secret-maschera-spray-multiazione-10-in-1-limited-edition\/#primaryimage"},"image":{"@id":"https:\/\/k-time.it\/products\/treatments\/secret\/secret-maschera-spray-multiazione-10-in-1-limited-edition\/#primaryimage"},"thumbnailUrl":"https:\/\/k-time.it\/wp-content\/uploads\/2024\/04\/25118_k-time_secret_spray_limited_edition_100ml.png","datePublished":"2024-04-10T07:01:21+00:00","dateModified":"2024-04-10T07:51:56+00:00","description":"M\u00e1scara Spray multiacci\u00f3n: en un solo producto sorprendente un tratamiento completo para satisfacer las necesidades m\u00e1s frecuentes de todo tipo de cabello.","breadcrumb":{"@id":"https:\/\/k-time.it\/products\/treatments\/secret\/secret-maschera-spray-multiazione-10-in-1-limited-edition\/#breadcrumb"},"inLanguage":"es","potentialAction":[{"@type":"ReadAction","target":["https:\/\/k-time.it\/products\/treatments\/secret\/secret-maschera-spray-multiazione-10-in-1-limited-edition\/"]}]},{"@type":"ImageObject","inLanguage":"es","@id":"https:\/\/k-time.it\/products\/treatments\/secret\/secret-maschera-spray-multiazione-10-in-1-limited-edition\/#primaryimage","url":"https:\/\/k-time.it\/wp-content\/uploads\/2024\/04\/25118_k-time_secret_spray_limited_edition_100ml.png","contentUrl":"https:\/\/k-time.it\/wp-content\/uploads\/2024\/04\/25118_k-time_secret_spray_limited_edition_100ml.png","width":800,"height":800},{"@type":"BreadcrumbList","@id":"https:\/\/k-time.it\/products\/treatments\/secret\/secret-maschera-spray-multiazione-10-in-1-limited-edition\/#breadcrumb","itemListElement":[{"@type":"ListItem","position":1,"name":"Home","item":"https:\/\/k-time.it\/es\/"},{"@type":"ListItem","position":2,"name":"Shop","item":"https:\/\/k-time.it\/en\/negozio\/"},{"@type":"ListItem","position":3,"name":"Secret | Mascarilla en espray multiacci\u00f3n 10 en 1 \u2013 Limited Edition"}]},{"@type":"WebSite","@id":"https:\/\/k-time.it\/en\/#website","url":"https:\/\/k-time.it\/en\/","name":"K-time","description":"Hair Spa Treatments","publisher":{"@id":"https:\/\/k-time.it\/en\/#organization"},"potentialAction":[{"@type":"SearchAction","target":{"@type":"EntryPoint","urlTemplate":"https:\/\/k-time.it\/en\/?s={search_term_string}"},"query-input":{"@type":"PropertyValueSpecification","valueRequired":true,"valueName":"search_term_string"}}],"inLanguage":"es"},{"@type":"Organization","@id":"https:\/\/k-time.it\/en\/#organization","name":"K-time","url":"https:\/\/k-time.it\/en\/","logo":{"@type":"ImageObject","inLanguage":"es","@id":"https:\/\/k-time.it\/en\/#\/schema\/logo\/image\/","url":"","contentUrl":"","caption":"K-time"},"image":{"@id":"https:\/\/k-time.it\/en\/#\/schema\/logo\/image\/"}}]}},"_links":{"self":[{"href":"https:\/\/k-time.it\/es\/wp-json\/wp\/v2\/product\/24168","targetHints":{"allow":["GET"]}}],"collection":[{"href":"https:\/\/k-time.it\/es\/wp-json\/wp\/v2\/product"}],"about":[{"href":"https:\/\/k-time.it\/es\/wp-json\/wp\/v2\/types\/product"}],"wp:featuredmedia":[{"embeddable":true,"href":"https:\/\/k-time.it\/es\/wp-json\/wp\/v2\/media\/24164"}],"wp:attachment":[{"href":"https:\/\/k-time.it\/es\/wp-json\/wp\/v2\/media?parent=24168"}],"wp:term":[{"taxonomy":"product_brand","embeddable":true,"href":"https:\/\/k-time.it\/es\/wp-json\/wp\/v2\/product_brand?post=24168"},{"taxonomy":"product_cat","embeddable":true,"href":"https:\/\/k-time.it\/es\/wp-json\/wp\/v2\/product_cat?post=24168"},{"taxonomy":"product_tag","embeddable":true,"href":"https:\/\/k-time.it\/es\/wp-json\/wp\/v2\/product_tag?post=24168"}],"curies":[{"name":"wp","href":"https:\/\/api.w.org\/{rel}","templated":true}]}}