{"id":23220,"date":"2023-07-17T09:45:39","date_gmt":"2023-06-30T15:32:40","guid":{"rendered":"https:\/\/k-time.it\/?post_type=product&#038;p=23220"},"modified":"2023-07-17T09:48:31","modified_gmt":"2023-07-17T07:48:31","slug":"essentialis-champu-hidratante-delicado-1000ml","status":"publish","type":"product","link":"https:\/\/k-time.it\/es\/products\/treatments\/somnia\/essentialis\/essentialis-champu-hidratante-delicado-1000ml\/","title":{"rendered":"Essentialis Free | Champ\u00fa Hidratante Delicado"},"content":{"rendered":"<div class=\"wpb-content-wrapper\"><p>[vc_row disable_element=\u00bbyes\u00bb][vc_column][\/vc_column][\/vc_row][vc_row][vc_column width=\u00bb1\/2&#8243;]<div class=\"standard-arrow list-divider bullet-top\"><h2>Formulaci\u00f3n<\/h2>\n<ul>\n<li><strong>Prote\u00ednas de la Seda<\/strong>: forman una pel\u00edcula que protege, acondiciona y suaviza el cabello<\/li>\n<li><strong>Amapola<\/strong>: sus extractos vegetales disponen de poderes antioxidantes que preservan el cabello, protegi\u00e9ndolo de la fotooxidaci\u00f3n<\/li>\n<\/ul>\n<\/div>[\/vc_column][vc_column width=\u00bb1\/2&#8243;]<div class=\"standard-arrow list-divider bullet-top\"><h2>Beneficios<\/h2>\n<ul>\n<li style=\"font-weight: 400;\" aria-level=\"1\"><span style=\"font-weight: 400;\">F\u00f3rmula sin SLES ni SLS<\/span><\/li>\n<li style=\"font-weight: 400;\" aria-level=\"1\"><span style=\"font-weight: 400;\">Limpia delicadamente la fibra capilar<\/span><\/li>\n<li style=\"font-weight: 400;\" aria-level=\"1\"><span style=\"font-weight: 400;\">Apto para lavados frecuentes y pieles sensibles<\/span><\/li>\n<li style=\"font-weight: 400;\" aria-level=\"1\"><span style=\"font-weight: 400;\">Excelente capacidad de lavado<\/span><\/li>\n<li style=\"font-weight: 400;\" aria-level=\"1\"><span style=\"font-weight: 400;\">El cabello adquiere una textura m\u00e1s ligera y sedosa.<\/span><\/li>\n<\/ul>\n<\/div>[\/vc_column][\/vc_row][vc_row css=\u00bb.vc_custom_1595317695114{padding-top: 50px !important;}\u00bb][vc_column]<div class=\"dt-fancy-separator h2-size style-thick\" style=\"width: 100%;\"><div class=\"dt-fancy-title\" style=\"color: #333333;\"><span class=\"separator-holder separator-left\" style=\"border-color: #f0f0f0;\"><\/span>Productos relacionados<span class=\"separator-holder separator-right\" style=\"border-color: #f0f0f0;\"><\/span><\/div><\/div>[vc_raw_html]W3dwYi1wcm9kdWN0LXNsaWRlci1zaG9ydGNvZGUgaWQ9IjE4MjUiXQ==[\/vc_raw_html][\/vc_column][\/vc_row]<\/p>\n<\/div>","protected":false},"excerpt":{"rendered":"<p><span style=\"font-weight: 400;\">El <\/span><b>Champ\u00fa hidratante Essentialis Free<\/b><span style=\"font-weight: 400;\"> completa la l<\/span><b>\u00ednea Somnia Essentilis<\/b><span style=\"font-weight: 400;\">. Gracias a su f\u00f3rmula ligera y delicada, <\/span><b>sin SLES ni SLS,<\/b><span style=\"font-weight: 400;\"> resulta ideal para quienes necesitan lavarse el cabello con frecuencia y no desean renunciar a su belleza.\u00a0<\/span><\/p>\n<p><span style=\"font-weight: 400;\">Enriquecido con <\/span><b>Prote\u00ednas de Seda y Amapola<\/b><span style=\"font-weight: 400;\">, limpia suavemente el cabello, proporcion\u00e1ndole forma y brillo. <\/span><\/p>\n<p>Uso profesional<\/p>\n<p>Formato 1000 ml<\/p>\n<p><span style=\"font-weight: 400;\">[vc_row][vc_column][ultimate_exp_section title=\" C\u00f3mo comprar\" new_title=\"Solicita informaci\u00f3n sobre la compra\" text_color=\"#ffffff\" background_color=\"#877650\" text_hovercolor=\"#ffffff\" bghovercolor=\"#877650\" title_active=\"#ffffff\" title_active_bg=\"#877650\" cnt_bg_color=\"#ffffff\" icon=\"icomoon-the7-font-icon-cart-detailed\" new_icon=\"icomoon-the7-font-the7-mail-011\" icon_align=\"left\" icon_size=\"20\" icon_color=\"#ffffff\" icon_hover_color=\"#ffffff\" icon_active_color=\"#ffffff\" title_font_size=\"desktop:16px;\" title_padding=\"padding-top:4px;padding-right:7px;padding-bottom:4px;padding-left:4px;\" icon_margin=\"margin-right:1px;\"][contact-form-7 id=\"496\"][\/ultimate_exp_section][\/vc_column][\/vc_row]<\/span><\/p>\n","protected":false},"featured_media":22928,"template":"","meta":[],"product_brand":[],"product_cat":[493,1030,1054],"product_tag":[],"class_list":{"0":"post-23220","1":"product","2":"type-product","3":"status-publish","4":"has-post-thumbnail","6":"product_cat-treatments","7":"product_cat-somnia","8":"product_cat-essentialis","9":"description-off","11":"first","12":"instock","13":"shipping-taxable","14":"product-type-simple"},"yoast_head":"<!-- This site is optimized with the Yoast SEO plugin v26.8 - https:\/\/yoast.com\/product\/yoast-seo-wordpress\/ -->\n<title>Essentialis Free | Champ\u00fa Hidratante Delicado | K-time<\/title>\n<meta name=\"description\" content=\"El Champ\u00fa hidratante Essentialis Free completa la l\u00ednea Somnia Essentilis.\" \/>\n<meta name=\"robots\" content=\"index, follow, max-snippet:-1, max-image-preview:large, max-video-preview:-1\" \/>\n<link rel=\"canonical\" href=\"https:\/\/k-time.it\/products\/treatments\/somnia\/essentialis\/essentialis-free-shampoo-idratante-delicato-1000ml\/\" \/>\n<meta property=\"og:locale\" content=\"es_ES\" \/>\n<meta property=\"og:type\" content=\"article\" \/>\n<meta property=\"og:title\" content=\"Essentialis Free | Champ\u00fa Hidratante Delicado | K-time\" \/>\n<meta property=\"og:description\" content=\"El Champ\u00fa hidratante Essentialis Free completa la l\u00ednea Somnia Essentilis.\" \/>\n<meta property=\"og:url\" content=\"https:\/\/k-time.it\/products\/treatments\/somnia\/essentialis\/essentialis-free-shampoo-idratante-delicato-1000ml\/\" \/>\n<meta property=\"og:site_name\" content=\"K-time\" \/>\n<meta property=\"article:modified_time\" content=\"2023-07-17T07:48:31+00:00\" \/>\n<meta property=\"og:image\" content=\"https:\/\/k-time.it\/wp-content\/uploads\/2023\/05\/22105_k-time_somnia_essentialis_free_shampoo_1000ml.png\" \/>\n\t<meta property=\"og:image:width\" content=\"600\" \/>\n\t<meta property=\"og:image:height\" content=\"600\" \/>\n\t<meta property=\"og:image:type\" content=\"image\/png\" \/>\n<meta name=\"twitter:card\" content=\"summary_large_image\" \/>\n<meta name=\"twitter:label1\" content=\"Tiempo de lectura\" \/>\n\t<meta name=\"twitter:data1\" content=\"1 minuto\" \/>\n<script type=\"application\/ld+json\" class=\"yoast-schema-graph\">{\"@context\":\"https:\/\/schema.org\",\"@graph\":[{\"@type\":\"WebPage\",\"@id\":\"https:\/\/k-time.it\/products\/treatments\/somnia\/essentialis\/essentialis-free-shampoo-idratante-delicato-1000ml\/\",\"url\":\"https:\/\/k-time.it\/products\/treatments\/somnia\/essentialis\/essentialis-free-shampoo-idratante-delicato-1000ml\/\",\"name\":\"Essentialis Free | Champ\u00fa Hidratante Delicado | K-time\",\"isPartOf\":{\"@id\":\"https:\/\/k-time.it\/en\/#website\"},\"primaryImageOfPage\":{\"@id\":\"https:\/\/k-time.it\/products\/treatments\/somnia\/essentialis\/essentialis-free-shampoo-idratante-delicato-1000ml\/#primaryimage\"},\"image\":{\"@id\":\"https:\/\/k-time.it\/products\/treatments\/somnia\/essentialis\/essentialis-free-shampoo-idratante-delicato-1000ml\/#primaryimage\"},\"thumbnailUrl\":\"https:\/\/k-time.it\/wp-content\/uploads\/2023\/05\/22105_k-time_somnia_essentialis_free_shampoo_1000ml.png\",\"datePublished\":\"2023-06-30T15:32:40+00:00\",\"dateModified\":\"2023-07-17T07:48:31+00:00\",\"description\":\"El Champ\u00fa hidratante Essentialis Free completa la l\u00ednea Somnia Essentilis.\",\"breadcrumb\":{\"@id\":\"https:\/\/k-time.it\/products\/treatments\/somnia\/essentialis\/essentialis-free-shampoo-idratante-delicato-1000ml\/#breadcrumb\"},\"inLanguage\":\"es\",\"potentialAction\":[{\"@type\":\"ReadAction\",\"target\":[\"https:\/\/k-time.it\/products\/treatments\/somnia\/essentialis\/essentialis-free-shampoo-idratante-delicato-1000ml\/\"]}]},{\"@type\":\"ImageObject\",\"inLanguage\":\"es\",\"@id\":\"https:\/\/k-time.it\/products\/treatments\/somnia\/essentialis\/essentialis-free-shampoo-idratante-delicato-1000ml\/#primaryimage\",\"url\":\"https:\/\/k-time.it\/wp-content\/uploads\/2023\/05\/22105_k-time_somnia_essentialis_free_shampoo_1000ml.png\",\"contentUrl\":\"https:\/\/k-time.it\/wp-content\/uploads\/2023\/05\/22105_k-time_somnia_essentialis_free_shampoo_1000ml.png\",\"width\":600,\"height\":600},{\"@type\":\"BreadcrumbList\",\"@id\":\"https:\/\/k-time.it\/products\/treatments\/somnia\/essentialis\/essentialis-free-shampoo-idratante-delicato-1000ml\/#breadcrumb\",\"itemListElement\":[{\"@type\":\"ListItem\",\"position\":1,\"name\":\"Home\",\"item\":\"https:\/\/k-time.it\/es\/\"},{\"@type\":\"ListItem\",\"position\":2,\"name\":\"Shop\",\"item\":\"https:\/\/k-time.it\/en\/negozio\/\"},{\"@type\":\"ListItem\",\"position\":3,\"name\":\"Essentialis Free | Champ\u00fa Hidratante Delicado\"}]},{\"@type\":\"WebSite\",\"@id\":\"https:\/\/k-time.it\/en\/#website\",\"url\":\"https:\/\/k-time.it\/en\/\",\"name\":\"K-time\",\"description\":\"Hair Spa Treatments\",\"publisher\":{\"@id\":\"https:\/\/k-time.it\/en\/#organization\"},\"potentialAction\":[{\"@type\":\"SearchAction\",\"target\":{\"@type\":\"EntryPoint\",\"urlTemplate\":\"https:\/\/k-time.it\/en\/?s={search_term_string}\"},\"query-input\":{\"@type\":\"PropertyValueSpecification\",\"valueRequired\":true,\"valueName\":\"search_term_string\"}}],\"inLanguage\":\"es\"},{\"@type\":\"Organization\",\"@id\":\"https:\/\/k-time.it\/en\/#organization\",\"name\":\"K-time\",\"url\":\"https:\/\/k-time.it\/en\/\",\"logo\":{\"@type\":\"ImageObject\",\"inLanguage\":\"es\",\"@id\":\"https:\/\/k-time.it\/en\/#\/schema\/logo\/image\/\",\"url\":\"\",\"contentUrl\":\"\",\"caption\":\"K-time\"},\"image\":{\"@id\":\"https:\/\/k-time.it\/en\/#\/schema\/logo\/image\/\"}}]}<\/script>\n<!-- \/ Yoast SEO plugin. -->","yoast_head_json":{"title":"Essentialis Free | Champ\u00fa Hidratante Delicado | K-time","description":"El Champ\u00fa hidratante Essentialis Free completa la l\u00ednea Somnia Essentilis.","robots":{"index":"index","follow":"follow","max-snippet":"max-snippet:-1","max-image-preview":"max-image-preview:large","max-video-preview":"max-video-preview:-1"},"canonical":"https:\/\/k-time.it\/products\/treatments\/somnia\/essentialis\/essentialis-free-shampoo-idratante-delicato-1000ml\/","og_locale":"es_ES","og_type":"article","og_title":"Essentialis Free | Champ\u00fa Hidratante Delicado | K-time","og_description":"El Champ\u00fa hidratante Essentialis Free completa la l\u00ednea Somnia Essentilis.","og_url":"https:\/\/k-time.it\/products\/treatments\/somnia\/essentialis\/essentialis-free-shampoo-idratante-delicato-1000ml\/","og_site_name":"K-time","article_modified_time":"2023-07-17T07:48:31+00:00","og_image":[{"width":600,"height":600,"url":"https:\/\/k-time.it\/wp-content\/uploads\/2023\/05\/22105_k-time_somnia_essentialis_free_shampoo_1000ml.png","type":"image\/png"}],"twitter_card":"summary_large_image","twitter_misc":{"Tiempo de lectura":"1 minuto"},"schema":{"@context":"https:\/\/schema.org","@graph":[{"@type":"WebPage","@id":"https:\/\/k-time.it\/products\/treatments\/somnia\/essentialis\/essentialis-free-shampoo-idratante-delicato-1000ml\/","url":"https:\/\/k-time.it\/products\/treatments\/somnia\/essentialis\/essentialis-free-shampoo-idratante-delicato-1000ml\/","name":"Essentialis Free | Champ\u00fa Hidratante Delicado | K-time","isPartOf":{"@id":"https:\/\/k-time.it\/en\/#website"},"primaryImageOfPage":{"@id":"https:\/\/k-time.it\/products\/treatments\/somnia\/essentialis\/essentialis-free-shampoo-idratante-delicato-1000ml\/#primaryimage"},"image":{"@id":"https:\/\/k-time.it\/products\/treatments\/somnia\/essentialis\/essentialis-free-shampoo-idratante-delicato-1000ml\/#primaryimage"},"thumbnailUrl":"https:\/\/k-time.it\/wp-content\/uploads\/2023\/05\/22105_k-time_somnia_essentialis_free_shampoo_1000ml.png","datePublished":"2023-06-30T15:32:40+00:00","dateModified":"2023-07-17T07:48:31+00:00","description":"El Champ\u00fa hidratante Essentialis Free completa la l\u00ednea Somnia Essentilis.","breadcrumb":{"@id":"https:\/\/k-time.it\/products\/treatments\/somnia\/essentialis\/essentialis-free-shampoo-idratante-delicato-1000ml\/#breadcrumb"},"inLanguage":"es","potentialAction":[{"@type":"ReadAction","target":["https:\/\/k-time.it\/products\/treatments\/somnia\/essentialis\/essentialis-free-shampoo-idratante-delicato-1000ml\/"]}]},{"@type":"ImageObject","inLanguage":"es","@id":"https:\/\/k-time.it\/products\/treatments\/somnia\/essentialis\/essentialis-free-shampoo-idratante-delicato-1000ml\/#primaryimage","url":"https:\/\/k-time.it\/wp-content\/uploads\/2023\/05\/22105_k-time_somnia_essentialis_free_shampoo_1000ml.png","contentUrl":"https:\/\/k-time.it\/wp-content\/uploads\/2023\/05\/22105_k-time_somnia_essentialis_free_shampoo_1000ml.png","width":600,"height":600},{"@type":"BreadcrumbList","@id":"https:\/\/k-time.it\/products\/treatments\/somnia\/essentialis\/essentialis-free-shampoo-idratante-delicato-1000ml\/#breadcrumb","itemListElement":[{"@type":"ListItem","position":1,"name":"Home","item":"https:\/\/k-time.it\/es\/"},{"@type":"ListItem","position":2,"name":"Shop","item":"https:\/\/k-time.it\/en\/negozio\/"},{"@type":"ListItem","position":3,"name":"Essentialis Free | Champ\u00fa Hidratante Delicado"}]},{"@type":"WebSite","@id":"https:\/\/k-time.it\/en\/#website","url":"https:\/\/k-time.it\/en\/","name":"K-time","description":"Hair Spa Treatments","publisher":{"@id":"https:\/\/k-time.it\/en\/#organization"},"potentialAction":[{"@type":"SearchAction","target":{"@type":"EntryPoint","urlTemplate":"https:\/\/k-time.it\/en\/?s={search_term_string}"},"query-input":{"@type":"PropertyValueSpecification","valueRequired":true,"valueName":"search_term_string"}}],"inLanguage":"es"},{"@type":"Organization","@id":"https:\/\/k-time.it\/en\/#organization","name":"K-time","url":"https:\/\/k-time.it\/en\/","logo":{"@type":"ImageObject","inLanguage":"es","@id":"https:\/\/k-time.it\/en\/#\/schema\/logo\/image\/","url":"","contentUrl":"","caption":"K-time"},"image":{"@id":"https:\/\/k-time.it\/en\/#\/schema\/logo\/image\/"}}]}},"_links":{"self":[{"href":"https:\/\/k-time.it\/es\/wp-json\/wp\/v2\/product\/23220","targetHints":{"allow":["GET"]}}],"collection":[{"href":"https:\/\/k-time.it\/es\/wp-json\/wp\/v2\/product"}],"about":[{"href":"https:\/\/k-time.it\/es\/wp-json\/wp\/v2\/types\/product"}],"wp:featuredmedia":[{"embeddable":true,"href":"https:\/\/k-time.it\/es\/wp-json\/wp\/v2\/media\/22928"}],"wp:attachment":[{"href":"https:\/\/k-time.it\/es\/wp-json\/wp\/v2\/media?parent=23220"}],"wp:term":[{"taxonomy":"product_brand","embeddable":true,"href":"https:\/\/k-time.it\/es\/wp-json\/wp\/v2\/product_brand?post=23220"},{"taxonomy":"product_cat","embeddable":true,"href":"https:\/\/k-time.it\/es\/wp-json\/wp\/v2\/product_cat?post=23220"},{"taxonomy":"product_tag","embeddable":true,"href":"https:\/\/k-time.it\/es\/wp-json\/wp\/v2\/product_tag?post=23220"}],"curies":[{"name":"wp","href":"https:\/\/api.w.org\/{rel}","templated":true}]}}