{"id":22727,"date":"2023-02-09T14:45:44","date_gmt":"2023-02-09T13:45:44","guid":{"rendered":"https:\/\/k-time.it\/?post_type=product&#038;p=22727"},"modified":"2025-12-19T12:29:43","modified_gmt":"2025-12-19T11:29:43","slug":"gelee-clear-gloss-iluminador","status":"publish","type":"product","link":"https:\/\/k-time.it\/es\/products\/colouring\/gelee\/gelee-clear-gloss-iluminador\/","title":{"rendered":"Gel\u00e9e Clear | Gloss Iluminador"},"content":{"rendered":"<div class=\"wpb-content-wrapper\"><p>[vc_row disable_element=\u00bbyes\u00bb][vc_column][\/vc_column][\/vc_row][vc_row][vc_column width=\u00bb1\/2&#8243;]<div class=\"standard-arrow list-divider bullet-top\"><h2>Formulaci\u00f3n<\/h2>\n<ul>\n<li style=\"font-weight: 400;\" aria-level=\"1\">Aceite De Aguacate: concentrado puro de vitaminas A, D y E que aporta al cabello un efecto antioxidante y nutritivo<\/li>\n<li style=\"font-weight: 400;\" aria-level=\"1\">Extracto de Vid Roja: rico en flavonoides, reconstruye el tallo capilar e ilumina el color<\/li>\n<\/ul>\n<\/div>[\/vc_column][vc_column width=\u00bb1\/2&#8243;]<div class=\"standard-arrow list-divider bullet-top\"><h2>Beneficios<\/h2>\n<ul>\n<li style=\"font-weight: 400;\" aria-level=\"1\"><span style=\"font-weight: 400;\">Alto nivel de personalizaci\u00f3n del color<\/span><\/li>\n<li style=\"font-weight: 400;\" aria-level=\"1\"><span style=\"font-weight: 400;\">Matices suaves y luminosos<\/span><\/li>\n<li style=\"font-weight: 400;\" aria-level=\"1\"><span style=\"font-weight: 400;\">F\u00f3rmula suave sin amoniaco<\/span><\/li>\n<li style=\"font-weight: 400;\" aria-level=\"1\"><span style=\"font-weight: 400;\">Reflejos vibrantes y resultado extrabrillante<\/span><\/li>\n<\/ul>\n<\/div>[\/vc_column][\/vc_row][vc_row css=\u00bb.vc_custom_1595317695114{padding-top: 50px !important;}\u00bb][vc_column]<div class=\"dt-fancy-separator h2-size style-thick\" style=\"width: 100%;\"><div class=\"dt-fancy-title\" style=\"color: #333333;\"><span class=\"separator-holder separator-left\" style=\"border-color: #f0f0f0;\"><\/span>Productos relacionados<span class=\"separator-holder separator-right\" style=\"border-color: #f0f0f0;\"><\/span><\/div><\/div>[vc_raw_html]JTVCd3BiLXByb2R1Y3Qtc2xpZGVyLXNob3J0Y29kZSUyMGlkJTNEJTIyMjI3NDAlMjIlNUQ=[\/vc_raw_html][\/vc_column][\/vc_row]<\/p>\n<\/div>","protected":false},"excerpt":{"rendered":"<p><span style=\"font-weight: 400;\">Un \u00fanico producto para obtener infinitos reflejos: Gel\u00e9e Clear es el gloss iluminador que puede utilizarse tanto puro como mezclado con los tonos Gel\u00e9e.\u00a0<\/span><span style=\"font-weight: 400;\">Gracias a su f\u00f3rmula suave y su textura fluida, act\u00faa de manera eficaz tanto sobre cabellos naturales como te\u00f1idos proporcionando al pelo un efecto gloss extrabrillante y un incre\u00edble poder reacondicionador.<\/span><\/p>\n<p><span style=\"font-weight: 400;\">No contiene amoniaco y est\u00e1 enriquecido con Aceite de aguacate y Extracto de vid roja.<\/span><\/p>\n<p>&nbsp;<\/p>\n<p><span style=\"font-weight: 400;\">[vc_row][vc_column][ultimate_exp_section title=\" C\u00f3mo comprar\" new_title=\"Solicita informaci\u00f3n sobre la compra\" text_color=\"#ffffff\" background_color=\"#877650\" text_hovercolor=\"#ffffff\" bghovercolor=\"#877650\" title_active=\"#ffffff\" title_active_bg=\"#877650\" cnt_bg_color=\"#ffffff\" icon=\"icomoon-the7-font-icon-cart-detailed\" new_icon=\"icomoon-the7-font-the7-mail-011\" icon_align=\"left\" icon_size=\"20\" icon_color=\"#ffffff\" icon_hover_color=\"#ffffff\" icon_active_color=\"#ffffff\" title_font_size=\"desktop:16px;\" title_padding=\"padding-top:4px;padding-right:7px;padding-bottom:4px;padding-left:4px;\" icon_margin=\"margin-right:1px;\"][contact-form-7 id=\"496\"][\/ultimate_exp_section][\/vc_column][\/vc_row]<\/span><\/p>\n","protected":false},"featured_media":26809,"template":"","meta":[],"product_brand":[],"product_cat":[1021],"product_tag":[],"class_list":{"0":"post-22727","1":"product","2":"type-product","3":"status-publish","4":"has-post-thumbnail","6":"product_cat-gelee","7":"description-off","9":"first","10":"instock","11":"shipping-taxable","12":"product-type-simple"},"yoast_head":"<!-- This site is optimized with the Yoast SEO plugin v26.8 - https:\/\/yoast.com\/product\/yoast-seo-wordpress\/ -->\n<title>Gel\u00e9e Clear | Gloss Iluminador - K-time<\/title>\n<meta name=\"description\" content=\"Un \u00fanico producto para obtener infinitos reflejos: Gel\u00e9e Clear es el gloss iluminador que puede utilizarse tanto puro como mezclado con los tonos Gel\u00e9e.\" \/>\n<meta name=\"robots\" content=\"index, follow, max-snippet:-1, max-image-preview:large, max-video-preview:-1\" \/>\n<link rel=\"canonical\" href=\"https:\/\/k-time.it\/es\/products\/colouring\/gelee\/gelee-clear-gloss-iluminador\/\" \/>\n<meta property=\"og:locale\" content=\"es_ES\" \/>\n<meta property=\"og:type\" content=\"article\" \/>\n<meta property=\"og:title\" content=\"Gel\u00e9e Clear | Gloss Iluminador - K-time\" \/>\n<meta property=\"og:description\" content=\"Un \u00fanico producto para obtener infinitos reflejos: Gel\u00e9e Clear es el gloss iluminador que puede utilizarse tanto puro como mezclado con los tonos Gel\u00e9e.\" \/>\n<meta property=\"og:url\" content=\"https:\/\/k-time.it\/es\/products\/colouring\/gelee\/gelee-clear-gloss-iluminador\/\" \/>\n<meta property=\"og:site_name\" content=\"K-time\" \/>\n<meta property=\"article:modified_time\" content=\"2025-12-19T11:29:43+00:00\" \/>\n<meta property=\"og:image\" content=\"https:\/\/k-time.it\/wp-content\/uploads\/2023\/02\/20450_k-time_gelee_clear_60ml.png\" \/>\n\t<meta property=\"og:image:width\" content=\"600\" \/>\n\t<meta property=\"og:image:height\" content=\"600\" \/>\n\t<meta property=\"og:image:type\" content=\"image\/png\" \/>\n<meta name=\"twitter:card\" content=\"summary_large_image\" \/>\n<meta name=\"twitter:label1\" content=\"Tiempo de lectura\" \/>\n\t<meta name=\"twitter:data1\" content=\"1 minuto\" \/>\n<script type=\"application\/ld+json\" class=\"yoast-schema-graph\">{\"@context\":\"https:\/\/schema.org\",\"@graph\":[{\"@type\":\"WebPage\",\"@id\":\"https:\/\/k-time.it\/es\/products\/colouring\/gelee\/gelee-clear-gloss-iluminador\/\",\"url\":\"https:\/\/k-time.it\/es\/products\/colouring\/gelee\/gelee-clear-gloss-iluminador\/\",\"name\":\"Gel\u00e9e Clear | Gloss Iluminador - K-time\",\"isPartOf\":{\"@id\":\"https:\/\/k-time.it\/en\/#website\"},\"primaryImageOfPage\":{\"@id\":\"https:\/\/k-time.it\/es\/products\/colouring\/gelee\/gelee-clear-gloss-iluminador\/#primaryimage\"},\"image\":{\"@id\":\"https:\/\/k-time.it\/es\/products\/colouring\/gelee\/gelee-clear-gloss-iluminador\/#primaryimage\"},\"thumbnailUrl\":\"https:\/\/k-time.it\/wp-content\/uploads\/2023\/02\/20450_k-time_gelee_clear_60ml.png\",\"datePublished\":\"2023-02-09T13:45:44+00:00\",\"dateModified\":\"2025-12-19T11:29:43+00:00\",\"description\":\"Un \u00fanico producto para obtener infinitos reflejos: Gel\u00e9e Clear es el gloss iluminador que puede utilizarse tanto puro como mezclado con los tonos Gel\u00e9e.\",\"breadcrumb\":{\"@id\":\"https:\/\/k-time.it\/es\/products\/colouring\/gelee\/gelee-clear-gloss-iluminador\/#breadcrumb\"},\"inLanguage\":\"es\",\"potentialAction\":[{\"@type\":\"ReadAction\",\"target\":[\"https:\/\/k-time.it\/es\/products\/colouring\/gelee\/gelee-clear-gloss-iluminador\/\"]}]},{\"@type\":\"ImageObject\",\"inLanguage\":\"es\",\"@id\":\"https:\/\/k-time.it\/es\/products\/colouring\/gelee\/gelee-clear-gloss-iluminador\/#primaryimage\",\"url\":\"https:\/\/k-time.it\/wp-content\/uploads\/2023\/02\/20450_k-time_gelee_clear_60ml.png\",\"contentUrl\":\"https:\/\/k-time.it\/wp-content\/uploads\/2023\/02\/20450_k-time_gelee_clear_60ml.png\",\"width\":600,\"height\":600},{\"@type\":\"BreadcrumbList\",\"@id\":\"https:\/\/k-time.it\/es\/products\/colouring\/gelee\/gelee-clear-gloss-iluminador\/#breadcrumb\",\"itemListElement\":[{\"@type\":\"ListItem\",\"position\":1,\"name\":\"Home\",\"item\":\"https:\/\/k-time.it\/es\/\"},{\"@type\":\"ListItem\",\"position\":2,\"name\":\"Shop\",\"item\":\"https:\/\/k-time.it\/en\/negozio\/\"},{\"@type\":\"ListItem\",\"position\":3,\"name\":\"Gel\u00e9e Clear | Gloss Iluminador\"}]},{\"@type\":\"WebSite\",\"@id\":\"https:\/\/k-time.it\/en\/#website\",\"url\":\"https:\/\/k-time.it\/en\/\",\"name\":\"K-time\",\"description\":\"Hair Spa Treatments\",\"publisher\":{\"@id\":\"https:\/\/k-time.it\/en\/#organization\"},\"potentialAction\":[{\"@type\":\"SearchAction\",\"target\":{\"@type\":\"EntryPoint\",\"urlTemplate\":\"https:\/\/k-time.it\/en\/?s={search_term_string}\"},\"query-input\":{\"@type\":\"PropertyValueSpecification\",\"valueRequired\":true,\"valueName\":\"search_term_string\"}}],\"inLanguage\":\"es\"},{\"@type\":\"Organization\",\"@id\":\"https:\/\/k-time.it\/en\/#organization\",\"name\":\"K-time\",\"url\":\"https:\/\/k-time.it\/en\/\",\"logo\":{\"@type\":\"ImageObject\",\"inLanguage\":\"es\",\"@id\":\"https:\/\/k-time.it\/en\/#\/schema\/logo\/image\/\",\"url\":\"\",\"contentUrl\":\"\",\"caption\":\"K-time\"},\"image\":{\"@id\":\"https:\/\/k-time.it\/en\/#\/schema\/logo\/image\/\"}}]}<\/script>\n<!-- \/ Yoast SEO plugin. -->","yoast_head_json":{"title":"Gel\u00e9e Clear | Gloss Iluminador - K-time","description":"Un \u00fanico producto para obtener infinitos reflejos: Gel\u00e9e Clear es el gloss iluminador que puede utilizarse tanto puro como mezclado con los tonos Gel\u00e9e.","robots":{"index":"index","follow":"follow","max-snippet":"max-snippet:-1","max-image-preview":"max-image-preview:large","max-video-preview":"max-video-preview:-1"},"canonical":"https:\/\/k-time.it\/es\/products\/colouring\/gelee\/gelee-clear-gloss-iluminador\/","og_locale":"es_ES","og_type":"article","og_title":"Gel\u00e9e Clear | Gloss Iluminador - K-time","og_description":"Un \u00fanico producto para obtener infinitos reflejos: Gel\u00e9e Clear es el gloss iluminador que puede utilizarse tanto puro como mezclado con los tonos Gel\u00e9e.","og_url":"https:\/\/k-time.it\/es\/products\/colouring\/gelee\/gelee-clear-gloss-iluminador\/","og_site_name":"K-time","article_modified_time":"2025-12-19T11:29:43+00:00","og_image":[{"width":600,"height":600,"url":"https:\/\/k-time.it\/wp-content\/uploads\/2023\/02\/20450_k-time_gelee_clear_60ml.png","type":"image\/png"}],"twitter_card":"summary_large_image","twitter_misc":{"Tiempo de lectura":"1 minuto"},"schema":{"@context":"https:\/\/schema.org","@graph":[{"@type":"WebPage","@id":"https:\/\/k-time.it\/es\/products\/colouring\/gelee\/gelee-clear-gloss-iluminador\/","url":"https:\/\/k-time.it\/es\/products\/colouring\/gelee\/gelee-clear-gloss-iluminador\/","name":"Gel\u00e9e Clear | Gloss Iluminador - K-time","isPartOf":{"@id":"https:\/\/k-time.it\/en\/#website"},"primaryImageOfPage":{"@id":"https:\/\/k-time.it\/es\/products\/colouring\/gelee\/gelee-clear-gloss-iluminador\/#primaryimage"},"image":{"@id":"https:\/\/k-time.it\/es\/products\/colouring\/gelee\/gelee-clear-gloss-iluminador\/#primaryimage"},"thumbnailUrl":"https:\/\/k-time.it\/wp-content\/uploads\/2023\/02\/20450_k-time_gelee_clear_60ml.png","datePublished":"2023-02-09T13:45:44+00:00","dateModified":"2025-12-19T11:29:43+00:00","description":"Un \u00fanico producto para obtener infinitos reflejos: Gel\u00e9e Clear es el gloss iluminador que puede utilizarse tanto puro como mezclado con los tonos Gel\u00e9e.","breadcrumb":{"@id":"https:\/\/k-time.it\/es\/products\/colouring\/gelee\/gelee-clear-gloss-iluminador\/#breadcrumb"},"inLanguage":"es","potentialAction":[{"@type":"ReadAction","target":["https:\/\/k-time.it\/es\/products\/colouring\/gelee\/gelee-clear-gloss-iluminador\/"]}]},{"@type":"ImageObject","inLanguage":"es","@id":"https:\/\/k-time.it\/es\/products\/colouring\/gelee\/gelee-clear-gloss-iluminador\/#primaryimage","url":"https:\/\/k-time.it\/wp-content\/uploads\/2023\/02\/20450_k-time_gelee_clear_60ml.png","contentUrl":"https:\/\/k-time.it\/wp-content\/uploads\/2023\/02\/20450_k-time_gelee_clear_60ml.png","width":600,"height":600},{"@type":"BreadcrumbList","@id":"https:\/\/k-time.it\/es\/products\/colouring\/gelee\/gelee-clear-gloss-iluminador\/#breadcrumb","itemListElement":[{"@type":"ListItem","position":1,"name":"Home","item":"https:\/\/k-time.it\/es\/"},{"@type":"ListItem","position":2,"name":"Shop","item":"https:\/\/k-time.it\/en\/negozio\/"},{"@type":"ListItem","position":3,"name":"Gel\u00e9e Clear | Gloss Iluminador"}]},{"@type":"WebSite","@id":"https:\/\/k-time.it\/en\/#website","url":"https:\/\/k-time.it\/en\/","name":"K-time","description":"Hair Spa Treatments","publisher":{"@id":"https:\/\/k-time.it\/en\/#organization"},"potentialAction":[{"@type":"SearchAction","target":{"@type":"EntryPoint","urlTemplate":"https:\/\/k-time.it\/en\/?s={search_term_string}"},"query-input":{"@type":"PropertyValueSpecification","valueRequired":true,"valueName":"search_term_string"}}],"inLanguage":"es"},{"@type":"Organization","@id":"https:\/\/k-time.it\/en\/#organization","name":"K-time","url":"https:\/\/k-time.it\/en\/","logo":{"@type":"ImageObject","inLanguage":"es","@id":"https:\/\/k-time.it\/en\/#\/schema\/logo\/image\/","url":"","contentUrl":"","caption":"K-time"},"image":{"@id":"https:\/\/k-time.it\/en\/#\/schema\/logo\/image\/"}}]}},"_links":{"self":[{"href":"https:\/\/k-time.it\/es\/wp-json\/wp\/v2\/product\/22727","targetHints":{"allow":["GET"]}}],"collection":[{"href":"https:\/\/k-time.it\/es\/wp-json\/wp\/v2\/product"}],"about":[{"href":"https:\/\/k-time.it\/es\/wp-json\/wp\/v2\/types\/product"}],"wp:featuredmedia":[{"embeddable":true,"href":"https:\/\/k-time.it\/es\/wp-json\/wp\/v2\/media\/26809"}],"wp:attachment":[{"href":"https:\/\/k-time.it\/es\/wp-json\/wp\/v2\/media?parent=22727"}],"wp:term":[{"taxonomy":"product_brand","embeddable":true,"href":"https:\/\/k-time.it\/es\/wp-json\/wp\/v2\/product_brand?post=22727"},{"taxonomy":"product_cat","embeddable":true,"href":"https:\/\/k-time.it\/es\/wp-json\/wp\/v2\/product_cat?post=22727"},{"taxonomy":"product_tag","embeddable":true,"href":"https:\/\/k-time.it\/es\/wp-json\/wp\/v2\/product_tag?post=22727"}],"curies":[{"name":"wp","href":"https:\/\/api.w.org\/{rel}","templated":true}]}}