{"id":4963,"date":"2021-04-14T11:35:56","date_gmt":"2021-04-14T09:35:56","guid":{"rendered":"https:\/\/k-time.it\/philosophy\/"},"modified":"2021-06-10T17:47:55","modified_gmt":"2021-06-10T15:47:55","slug":"philosophy","status":"publish","type":"page","link":"https:\/\/k-time.it\/es\/philosophy\/","title":{"rendered":"Philosophy"},"content":{"rendered":"<div class=\"wpb-content-wrapper\"><p>[vc_row][vc_column]\n\t\t\t<!-- START hero_philosophy REVOLUTION SLIDER 6.7.38 --><p class=\"rs-p-wp-fix\"><\/p>\n\t\t\t<rs-module-wrap id=\"rev_slider_27_1_wrapper\" data-source=\"gallery\" style=\"visibility:hidden;background:transparent;padding:0;margin:0px auto;margin-top:0;margin-bottom:0;\">\n\t\t\t\t<rs-module id=\"rev_slider_27_1\" style=\"\" data-version=\"6.7.38\">\n\t\t\t\t\t<rs-slides style=\"overflow: hidden; position: absolute;\">\n\t\t\t\t\t\t<rs-slide style=\"position: absolute;\" data-key=\"rs-26\" data-title=\"Slide\" data-anim=\"ms:1000;r:0;\" data-in=\"o:0;\" data-out=\"a:false;\">\n\t\t\t\t\t\t\t<img decoding=\"async\" src=\"\/\/k-time.it\/wp-content\/plugins\/revslider\/sr6\/assets\/assets\/dummy.png\" alt=\"\" title=\"k-time_hero_philosophy\" width=\"1240\" height=\"400\" class=\"rev-slidebg tp-rs-img rs-lazyload\" data-lazyload=\"\/\/k-time.it\/wp-content\/uploads\/2020\/07\/k-time_hero_philosophy.png\" data-no-retina>\n<!--\n\t\t\t\t\t\t\t--><rs-layer\n\t\t\t\t\t\t\t\tid=\"slider-27-slide-26-layer-0\" \n\t\t\t\t\t\t\t\tdata-type=\"text\"\n\t\t\t\t\t\t\t\tdata-rsp_ch=\"on\"\n\t\t\t\t\t\t\t\tdata-xy=\"x:c;xo:0,0,2px,0;y:m;\"\n\t\t\t\t\t\t\t\tdata-text=\"w:normal;s:50,50,40,40;l:25,25,40,45;a:center;\"\n\t\t\t\t\t\t\t\tdata-dim=\"w:auto,auto,auto,438px;\"\n\t\t\t\t\t\t\t\tdata-frame_999=\"o:0;st:w;\"\n\t\t\t\t\t\t\t\tstyle=\"z-index:8;font-family:'Montserrat';\"\n\t\t\t\t\t\t\t>PHILOSOPHY \n\t\t\t\t\t\t\t<\/rs-layer><!--\n-->\t\t\t\t\t<\/rs-slide>\n\t\t\t\t\t<\/rs-slides>\n\t\t\t\t<\/rs-module>\n\t\t\t\t<script>\n\t\t\t\t\tsetREVStartSize({c: 'rev_slider_27_1',rl:[1240,1024,778,480],el:[400,400,400,300],gw:[1240,1024,778,460],gh:[400,400,400,300],type:'standard',justify:'',layout:'fullwidth',mh:\"0\"});if (window.RS_MODULES!==undefined && window.RS_MODULES.modules!==undefined && window.RS_MODULES.modules[\"revslider271\"]!==undefined) {window.RS_MODULES.modules[\"revslider271\"].once = false;window.revapi27 = undefined;if (window.RS_MODULES.checkMinimal!==undefined) window.RS_MODULES.checkMinimal()}\n\t\t\t\t<\/script>\n\t\t\t<\/rs-module-wrap>\n\t\t\t<!-- END REVOLUTION SLIDER -->\n[\/vc_column][\/vc_row][vc_row][vc_column][vc_empty_space height=\u00bb80px\u00bb][vc_row_inner][vc_column_inner width=\u00bb2\/3&#8243; offset=\u00bbvc_hidden-sm vc_hidden-xs\u00bb][vc_single_image image=\u00bb4966&#8243; img_size=\u00bbfull\u00bb][\/vc_column_inner][vc_column_inner width=\u00bb1\/3&#8243; css=\u00bb.vc_custom_1596188696673{padding-top: 15% !important;padding-bottom: 15% !important;}\u00bb offset=\u00bbvc_hidden-sm vc_hidden-xs\u00bb][vc_column_text]<\/p>\n<p style=\"text-align: center;\"><span style=\"font-size: 24pt; font-family: montserrat; color: #000000;\"><strong>SALON<br \/>\nEXCELLENCE<\/strong><\/span><\/p>\n<p style=\"text-align: center;\">Tradici\u00f3n e innovaci\u00f3n. Investigaci\u00f3n y Tecnolog\u00eda. Estilo y elegancia. La\u00a0<strong>peluquer\u00eda<\/strong>\u00a0como\u00a0<strong>laboratorio de excelencia<\/strong>\u00a0y templo de belleza, el\u00a0<strong>peluquero<\/strong>\u00a0como\u00a0<strong>experto en quien confiar<\/strong>.<\/p>\n<p style=\"text-align: center;\">Nuestro objetivo es apoyar las peluquer\u00edas de todo el mundo con herramientas,\u00a0<strong>programas de formaci\u00f3n y productos exclusivos<\/strong>. Elegir\u00a0<strong>K-time<\/strong>\u00a0significa\u00a0<strong>construir el futuro<\/strong>\u00a0para aspirar a la perfecci\u00f3n.<\/p>\n<p>[\/vc_column_text][\/vc_column_inner][\/vc_row_inner][vc_row_inner][vc_column_inner offset=\u00bbvc_hidden-lg vc_hidden-md\u00bb][vc_column_text]<\/p>\n<p style=\"text-align: center;\"><span style=\"font-size: 24pt; font-family: montserrat; color: #000000;\"><strong>SALON<br \/>\nEXCELLENCE<\/strong><\/span><\/p>\n<p style=\"text-align: center;\">Tradici\u00f3n e innovaci\u00f3n. Investigaci\u00f3n y Tecnolog\u00eda. Estilo y elegancia. La\u00a0<strong>peluquer\u00eda<\/strong>\u00a0como\u00a0<strong>laboratorio de excelencia<\/strong>\u00a0y templo de belleza, el\u00a0<strong>peluquero<\/strong>\u00a0como\u00a0<strong>experto en quien confiar<\/strong>.<\/p>\n<p style=\"text-align: center;\">Nuestro objetivo es apoyar las peluquer\u00edas de todo el mundo con herramientas,\u00a0<strong>programas de formaci\u00f3n y productos exclusivos<\/strong>. Elegir\u00a0<strong>K-time<\/strong>\u00a0significa\u00a0<strong>construir el futuro<\/strong>\u00a0para aspirar a la perfecci\u00f3n.<\/p>\n<p>[\/vc_column_text][vc_single_image image=\u00bb4966&#8243; img_size=\u00bbfull\u00bb][\/vc_column_inner][\/vc_row_inner][\/vc_column][\/vc_row][vc_row][vc_column][vc_empty_space height=\u00bb40px\u00bb][vc_row_inner][vc_column_inner width=\u00bb1\/3&#8243; css=\u00bb.vc_custom_1596188735463{padding-top: 20% !important;padding-bottom: 20% !important;}\u00bb offset=\u00bbvc_hidden-sm vc_hidden-xs\u00bb][vc_column_text]<\/p>\n<p style=\"text-align: center;\"><span style=\"font-size: 24pt; font-family: montserrat; color: #000000;\"><strong>HAIR SPA<br \/>\nTREATMENTS<\/strong><\/span><\/p>\n<p style=\"text-align: center;\">Nuestros valores, que son sin\u00f3nimo de\u00a0<strong>tecnolog\u00eda y bienestar<\/strong>, se resumen en el concepto de inspiraci\u00f3n\u00a0<em>Hair Spa Treatments.<\/em>\u00a0<strong>Tratamientos revolucionarios<\/strong>\u00a0y de gran calidad,\u00a0<strong>f\u00f3rmulas sublimes<\/strong>\u00a0capaces de impresionar a los clientes m\u00e1s exigentes, que abren las puertas de la belleza.<\/p>\n<p style=\"text-align: center;\">Cada d\u00eda, formamos parte de la\u00a0<em>Haircare<\/em>\u00a0<em>routine<\/em>\u00a0de\u00a0<strong>mujeres y hombres de todo el mundo<\/strong>.<\/p>\n<p>[\/vc_column_text][\/vc_column_inner][vc_column_inner width=\u00bb2\/3&#8243; offset=\u00bbvc_hidden-sm vc_hidden-xs\u00bb][vc_single_image image=\u00bb4991&#8243; img_size=\u00bbfull\u00bb][\/vc_column_inner][\/vc_row_inner][vc_row_inner][vc_column_inner offset=\u00bbvc_hidden-lg vc_hidden-md\u00bb][vc_column_text]<\/p>\n<p style=\"text-align: center;\"><span style=\"font-size: 24pt; font-family: montserrat; color: #000000;\"><strong>HAIR SPA<br \/>\nTREATMENTS<\/strong><\/span><\/p>\n<p style=\"text-align: center;\">Nuestros valores, que son sin\u00f3nimo de\u00a0<strong>tecnolog\u00eda y bienestar<\/strong>, se resumen en el concepto de inspiraci\u00f3n\u00a0<em>Hair Spa Treatments.<\/em>\u00a0<strong>Tratamientos revolucionarios<\/strong>\u00a0y de gran calidad,\u00a0<strong>f\u00f3rmulas sublimes<\/strong>\u00a0capaces de impresionar a los clientes m\u00e1s exigentes, que abren las puertas de la belleza.<\/p>\n<p style=\"text-align: center;\">Cada d\u00eda, formamos parte de la\u00a0<em>Haircare<\/em>\u00a0<em>routine<\/em>\u00a0de\u00a0<strong>mujeres y hombres de todo el mundo<\/strong>.<\/p>\n<p>[\/vc_column_text][vc_single_image image=\u00bb4991&#8243; img_size=\u00bbfull\u00bb][\/vc_column_inner][\/vc_row_inner][\/vc_column][\/vc_row][vc_row][vc_column][vc_empty_space height=\u00bb40px\u00bb][vc_row_inner][vc_column_inner width=\u00bb2\/3&#8243; offset=\u00bbvc_hidden-sm vc_hidden-xs\u00bb][vc_single_image image=\u00bb4986&#8243; img_size=\u00bbfull\u00bb][\/vc_column_inner][vc_column_inner width=\u00bb1\/3&#8243; css=\u00bb.vc_custom_1596188789238{padding-top: 10% !important;padding-bottom: 10% !important;}\u00bb offset=\u00bbvc_hidden-sm vc_hidden-xs\u00bb][vc_column_text]<\/p>\n<p style=\"text-align: center;\"><span style=\"font-size: 24pt; font-family: montserrat; color: #000000;\"><strong>MADE IN ITALY<\/strong><\/span><\/p>\n<p style=\"text-align: center;\">Nuestra visi\u00f3n del cuidado capilar procede del uso de\u00a0<strong>materias primas valiosas<\/strong>, caracterizadas por ingredientes que contribuyen al ritual de belleza. El enfoque de nuestra experimentaci\u00f3n se traduce en\u00a0<strong>productos de calidad superior<\/strong>, desarrollados en perfecta armon\u00eda con la\u00a0<em>tradici\u00f3n cosm\u00e9tica italiana<\/em>.<\/p>\n<p style=\"text-align: center;\">Porque nacimos en\u00a0<strong>Italia<\/strong>. Nuestra historia y nuestras ra\u00edces est\u00e1n aqu\u00ed: para nosotros, made in Italy no es un eslogan, sino el valor fundamental de nuestra\u00a0<strong>filosof\u00eda tricol\u00f3gica<\/strong>.<\/p>\n<p>[\/vc_column_text][\/vc_column_inner][\/vc_row_inner][vc_row_inner][vc_column_inner offset=\u00bbvc_hidden-lg vc_hidden-md\u00bb][vc_column_text]<\/p>\n<p style=\"text-align: center;\"><span style=\"font-size: 24pt; font-family: montserrat; color: #000000;\"><strong>MADE IN ITALY<\/strong><\/span><\/p>\n<p style=\"text-align: center;\">Nuestra visi\u00f3n del cuidado capilar procede del uso de\u00a0<strong>materias primas valiosas<\/strong>, caracterizadas por ingredientes que contribuyen al ritual de belleza. El enfoque de nuestra experimentaci\u00f3n se traduce en\u00a0<strong>productos de calidad superior<\/strong>, desarrollados en perfecta armon\u00eda con la\u00a0<em>tradici\u00f3n cosm\u00e9tica italiana<\/em>.<\/p>\n<p style=\"text-align: center;\">Porque nacimos en\u00a0<strong>Italia<\/strong>. Nuestra historia y nuestras ra\u00edces est\u00e1n aqu\u00ed: para nosotros, made in Italy no es un eslogan, sino el valor fundamental de nuestra\u00a0<strong>filosof\u00eda tricol\u00f3gica<\/strong>.<\/p>\n<p>[\/vc_column_text][vc_single_image image=\u00bb4986&#8243; img_size=\u00bbfull\u00bb][\/vc_column_inner][\/vc_row_inner][\/vc_column][\/vc_row][vc_row][vc_column][vc_empty_space height=\u00bb40px\u00bb][vc_row_inner][vc_column_inner width=\u00bb1\/3&#8243; css=\u00bb.vc_custom_1596122325960{padding-top: 5% !important;}\u00bb offset=\u00bbvc_hidden-sm vc_hidden-xs\u00bb][vc_single_image image=\u00bb4976&#8243; img_size=\u00bbfull\u00bb][\/vc_column_inner][vc_column_inner width=\u00bb1\/3&#8243; offset=\u00bbvc_hidden-sm vc_hidden-xs\u00bb css=\u00bb.vc_custom_1596188832843{padding-top: 25% !important;padding-bottom: 25% !important;}\u00bb][vc_column_text]<\/p>\n<p style=\"text-align: center;\"><span style=\"font-size: 24pt; font-family: montserrat; color: #000000;\"><strong>INSPIRATION<\/strong><\/span><\/p>\n<p style=\"text-align: center;\">El estudio del pasado y la observaci\u00f3n del presente para anticipar el futuro. Los\u00a0<strong>c\u00f3digos est\u00e9ticos<\/strong>\u00a0se descomponen y se reconstruyen en\u00a0<strong>formas nuevas<\/strong>. Surgen tendencias que inspiran y se traducen en los\u00a0<strong>Inspiration Book K-time<\/strong>.<\/p>\n<p style=\"text-align: center;\">Preciosas p\u00e1ginas donde cobran vida corrientes\u00a0<strong>estil\u00edsticas exclusivas<\/strong>: nuestra lupa sobre el mundo de la\u00a0<strong>peluquer\u00eda<\/strong>, una mezcla de creatividad, estilo y excelencia italiana\u00a0<strong>al servicio del estilista.<\/strong><\/p>\n<p>[\/vc_column_text][\/vc_column_inner][vc_column_inner width=\u00bb1\/3&#8243; offset=\u00bbvc_hidden-sm vc_hidden-xs\u00bb][vc_single_image image=\u00bb4981&#8243; img_size=\u00bbfull\u00bb][\/vc_column_inner][\/vc_row_inner][vc_row_inner][vc_column_inner offset=\u00bbvc_hidden-lg vc_hidden-md\u00bb][vc_column_text]<\/p>\n<p style=\"text-align: center;\"><span style=\"font-size: 24pt; font-family: montserrat; color: #000000;\"><strong>INSPIRATION<\/strong><\/span><\/p>\n<p style=\"text-align: center;\">El estudio del pasado y la observaci\u00f3n del presente para anticipar el futuro. Los\u00a0<strong>c\u00f3digos est\u00e9ticos<\/strong>\u00a0se descomponen y se reconstruyen en\u00a0<strong>formas nuevas<\/strong>. Surgen tendencias que inspiran y se traducen en los\u00a0<strong>Inspiration Book K-time<\/strong>.<\/p>\n<p style=\"text-align: center;\">Preciosas p\u00e1ginas donde cobran vida corrientes\u00a0<strong>estil\u00edsticas exclusivas<\/strong>: nuestra lupa sobre el mundo de la\u00a0<strong>peluquer\u00eda<\/strong>, una mezcla de creatividad, estilo y excelencia italiana\u00a0<strong>al servicio del estilista.<\/strong><\/p>\n<p>[\/vc_column_text][vc_single_image image=\u00bb4971&#8243; img_size=\u00bbfull\u00bb][\/vc_column_inner][\/vc_row_inner][\/vc_column][\/vc_row]<\/p>\n<\/div>","protected":false},"excerpt":{"rendered":"<p>[vc_row][vc_column][\/vc_column][\/vc_row][vc_row][vc_column][vc_empty_space height=\u00bb80px\u00bb][vc_row_inner][vc_column_inner width=\u00bb2\/3&#8243; offset=\u00bbvc_hidden-sm vc_hidden-xs\u00bb][vc_single_image image=\u00bb4966&#8243; img_size=\u00bbfull\u00bb][\/vc_column_inner][vc_column_inner width=\u00bb1\/3&#8243; css=\u00bb.vc_custom_1596188696673{padding-top: 15% !important;padding-bottom: 15% !important;}\u00bb offset=\u00bbvc_hidden-sm vc_hidden-xs\u00bb][vc_column_text] SALON EXCELLENCE Tradici\u00f3n e innovaci\u00f3n. Investigaci\u00f3n y Tecnolog\u00eda. Estilo y elegancia. La\u00a0peluquer\u00eda\u00a0como\u00a0laboratorio de excelencia\u00a0y templo de belleza, el\u00a0peluquero\u00a0como\u00a0experto en quien confiar. Nuestro objetivo es apoyar las peluquer\u00edas de todo el mundo con herramientas,\u00a0programas de formaci\u00f3n y productos exclusivos. Elegir\u00a0K-time\u00a0significa\u00a0construir el&hellip;<\/p>\n","protected":false},"author":1,"featured_media":0,"parent":0,"menu_order":0,"comment_status":"closed","ping_status":"open","template":"","meta":{"footnotes":""},"class_list":["post-4963","page","type-page","status-publish","hentry","description-off"],"yoast_head":"<!-- This site is optimized with the Yoast SEO plugin v26.8 - https:\/\/yoast.com\/product\/yoast-seo-wordpress\/ -->\n<title>Nuestros Valores - Philosophy | K-time<\/title>\n<meta name=\"description\" content=\"Tradici\u00f3n e innovaci\u00f3n. La peluquer\u00eda como laboratorio de excelencia y templo de belleza, el peluquero como experto en quien confiar.\" \/>\n<meta name=\"robots\" content=\"index, follow, max-snippet:-1, max-image-preview:large, max-video-preview:-1\" \/>\n<link rel=\"canonical\" href=\"https:\/\/k-time.it\/philosophy\/\" \/>\n<meta property=\"og:locale\" content=\"es_ES\" \/>\n<meta property=\"og:type\" content=\"article\" \/>\n<meta property=\"og:title\" content=\"Nuestros Valores - Philosophy | K-time\" \/>\n<meta property=\"og:description\" content=\"Tradici\u00f3n e innovaci\u00f3n. La peluquer\u00eda como laboratorio de excelencia y templo de belleza, el peluquero como experto en quien confiar.\" \/>\n<meta property=\"og:url\" content=\"https:\/\/k-time.it\/philosophy\/\" \/>\n<meta property=\"og:site_name\" content=\"K-time\" \/>\n<meta property=\"article:modified_time\" content=\"2021-06-10T15:47:55+00:00\" \/>\n<meta name=\"twitter:card\" content=\"summary_large_image\" \/>\n<meta name=\"twitter:label1\" content=\"Tiempo de lectura\" \/>\n\t<meta name=\"twitter:data1\" content=\"3 minutos\" \/>\n<script type=\"application\/ld+json\" class=\"yoast-schema-graph\">{\"@context\":\"https:\/\/schema.org\",\"@graph\":[{\"@type\":\"WebPage\",\"@id\":\"https:\/\/k-time.it\/philosophy\/\",\"url\":\"https:\/\/k-time.it\/philosophy\/\",\"name\":\"Nuestros Valores - Philosophy | K-time\",\"isPartOf\":{\"@id\":\"https:\/\/k-time.it\/en\/#website\"},\"datePublished\":\"2021-04-14T09:35:56+00:00\",\"dateModified\":\"2021-06-10T15:47:55+00:00\",\"description\":\"Tradici\u00f3n e innovaci\u00f3n. La peluquer\u00eda como laboratorio de excelencia y templo de belleza, el peluquero como experto en quien confiar.\",\"breadcrumb\":{\"@id\":\"https:\/\/k-time.it\/philosophy\/#breadcrumb\"},\"inLanguage\":\"es\",\"potentialAction\":[{\"@type\":\"ReadAction\",\"target\":[\"https:\/\/k-time.it\/philosophy\/\"]}]},{\"@type\":\"BreadcrumbList\",\"@id\":\"https:\/\/k-time.it\/philosophy\/#breadcrumb\",\"itemListElement\":[{\"@type\":\"ListItem\",\"position\":1,\"name\":\"Home\",\"item\":\"https:\/\/k-time.it\/es\/\"},{\"@type\":\"ListItem\",\"position\":2,\"name\":\"Philosophy\"}]},{\"@type\":\"WebSite\",\"@id\":\"https:\/\/k-time.it\/en\/#website\",\"url\":\"https:\/\/k-time.it\/en\/\",\"name\":\"K-time\",\"description\":\"Hair Spa Treatments\",\"publisher\":{\"@id\":\"https:\/\/k-time.it\/en\/#organization\"},\"potentialAction\":[{\"@type\":\"SearchAction\",\"target\":{\"@type\":\"EntryPoint\",\"urlTemplate\":\"https:\/\/k-time.it\/en\/?s={search_term_string}\"},\"query-input\":{\"@type\":\"PropertyValueSpecification\",\"valueRequired\":true,\"valueName\":\"search_term_string\"}}],\"inLanguage\":\"es\"},{\"@type\":\"Organization\",\"@id\":\"https:\/\/k-time.it\/en\/#organization\",\"name\":\"K-time\",\"url\":\"https:\/\/k-time.it\/en\/\",\"logo\":{\"@type\":\"ImageObject\",\"inLanguage\":\"es\",\"@id\":\"https:\/\/k-time.it\/en\/#\/schema\/logo\/image\/\",\"url\":\"\",\"contentUrl\":\"\",\"caption\":\"K-time\"},\"image\":{\"@id\":\"https:\/\/k-time.it\/en\/#\/schema\/logo\/image\/\"}}]}<\/script>\n<!-- \/ Yoast SEO plugin. -->","yoast_head_json":{"title":"Nuestros Valores - Philosophy | K-time","description":"Tradici\u00f3n e innovaci\u00f3n. La peluquer\u00eda como laboratorio de excelencia y templo de belleza, el peluquero como experto en quien confiar.","robots":{"index":"index","follow":"follow","max-snippet":"max-snippet:-1","max-image-preview":"max-image-preview:large","max-video-preview":"max-video-preview:-1"},"canonical":"https:\/\/k-time.it\/philosophy\/","og_locale":"es_ES","og_type":"article","og_title":"Nuestros Valores - Philosophy | K-time","og_description":"Tradici\u00f3n e innovaci\u00f3n. La peluquer\u00eda como laboratorio de excelencia y templo de belleza, el peluquero como experto en quien confiar.","og_url":"https:\/\/k-time.it\/philosophy\/","og_site_name":"K-time","article_modified_time":"2021-06-10T15:47:55+00:00","twitter_card":"summary_large_image","twitter_misc":{"Tiempo de lectura":"3 minutos"},"schema":{"@context":"https:\/\/schema.org","@graph":[{"@type":"WebPage","@id":"https:\/\/k-time.it\/philosophy\/","url":"https:\/\/k-time.it\/philosophy\/","name":"Nuestros Valores - Philosophy | K-time","isPartOf":{"@id":"https:\/\/k-time.it\/en\/#website"},"datePublished":"2021-04-14T09:35:56+00:00","dateModified":"2021-06-10T15:47:55+00:00","description":"Tradici\u00f3n e innovaci\u00f3n. La peluquer\u00eda como laboratorio de excelencia y templo de belleza, el peluquero como experto en quien confiar.","breadcrumb":{"@id":"https:\/\/k-time.it\/philosophy\/#breadcrumb"},"inLanguage":"es","potentialAction":[{"@type":"ReadAction","target":["https:\/\/k-time.it\/philosophy\/"]}]},{"@type":"BreadcrumbList","@id":"https:\/\/k-time.it\/philosophy\/#breadcrumb","itemListElement":[{"@type":"ListItem","position":1,"name":"Home","item":"https:\/\/k-time.it\/es\/"},{"@type":"ListItem","position":2,"name":"Philosophy"}]},{"@type":"WebSite","@id":"https:\/\/k-time.it\/en\/#website","url":"https:\/\/k-time.it\/en\/","name":"K-time","description":"Hair Spa Treatments","publisher":{"@id":"https:\/\/k-time.it\/en\/#organization"},"potentialAction":[{"@type":"SearchAction","target":{"@type":"EntryPoint","urlTemplate":"https:\/\/k-time.it\/en\/?s={search_term_string}"},"query-input":{"@type":"PropertyValueSpecification","valueRequired":true,"valueName":"search_term_string"}}],"inLanguage":"es"},{"@type":"Organization","@id":"https:\/\/k-time.it\/en\/#organization","name":"K-time","url":"https:\/\/k-time.it\/en\/","logo":{"@type":"ImageObject","inLanguage":"es","@id":"https:\/\/k-time.it\/en\/#\/schema\/logo\/image\/","url":"","contentUrl":"","caption":"K-time"},"image":{"@id":"https:\/\/k-time.it\/en\/#\/schema\/logo\/image\/"}}]}},"_links":{"self":[{"href":"https:\/\/k-time.it\/es\/wp-json\/wp\/v2\/pages\/4963","targetHints":{"allow":["GET"]}}],"collection":[{"href":"https:\/\/k-time.it\/es\/wp-json\/wp\/v2\/pages"}],"about":[{"href":"https:\/\/k-time.it\/es\/wp-json\/wp\/v2\/types\/page"}],"author":[{"embeddable":true,"href":"https:\/\/k-time.it\/es\/wp-json\/wp\/v2\/users\/1"}],"replies":[{"embeddable":true,"href":"https:\/\/k-time.it\/es\/wp-json\/wp\/v2\/comments?post=4963"}],"version-history":[{"count":0,"href":"https:\/\/k-time.it\/es\/wp-json\/wp\/v2\/pages\/4963\/revisions"}],"wp:attachment":[{"href":"https:\/\/k-time.it\/es\/wp-json\/wp\/v2\/media?parent=4963"}],"curies":[{"name":"wp","href":"https:\/\/api.w.org\/{rel}","templated":true}]}}