{"id":22726,"date":"2023-02-09T14:45:44","date_gmt":"2023-02-09T13:45:44","guid":{"rendered":"https:\/\/k-time.it\/?post_type=product&#038;p=22726"},"modified":"2025-12-19T12:25:41","modified_gmt":"2025-12-19T11:25:41","slug":"gelee-clear-illuminating-gloss","status":"publish","type":"product","link":"https:\/\/k-time.it\/en\/products\/colouring\/gelee\/gelee-clear-illuminating-gloss\/","title":{"rendered":"Gel\u00e9e Clear | Illuminating Gloss"},"content":{"rendered":"<div class=\"wpb-content-wrapper\"><p>[vc_row disable_element=&#8221;yes&#8221;][vc_column]<div class=\"ult_exp_section_layer ult-adjust-bottom-margin  \" >\n\t\t<div id=\"uvc-exp-wrap-2632\" role=\"button\" tabindex=\"0\" aria-pressed=\"false\"  data-ultimate-target='#uvc-exp-wrap-2632'  data-responsive-json-new='{\"font-size\":\"desktop:16px;\",\"line-height\":\"desktop:20px;\"}'  class=\"ult_exp_section  ult-responsive \" style=\"color:#ffffff;background-color:#877650; font-weight:normal; padding-top:4px;padding-right:7px;padding-bottom:4px;padding-left:4px;text-align:center;\" data-textcolor=\"#ffffff\"data-texthover=\"#ffffff\"data-icncolor=\"#ffffff\"data-ihover=\"#ffffff\"data-height=\"0\"data-cntbg=\"#877650\"data-cnthvrbg=\"#877650\"data-headerbg=\"#877650\"data-headerhover=\"#877650\"data-title=\"How to buy\"data-newtitle=\"Request purchase info\"data-icon=\"icomoon-the7-font-icon-cart-detailed\"data-newicon=\"icomoon-the7-font-the7-mail-011\"data-activeicon=\"#ffffff\"data-effect=\"slideToggle\"data-override=\"0\"data-activetitle=\"#ffffff\"data-activebg=\"#877650\"data-img=\"\"data-newimg=\"\"><div class=\"ult_exp_section-main ult_expleft_icon\">\t<div class=\"ult-just-icon-wrapper ult_exp_icon\">\n\t\t\t\t\t<div class=\"align-icon \">\n\t\t\t\t\t\t\n<span class=\"aio-icon  none  ult_expsection_icon \"  style=\"color:#ffffff;font-size:20px;\">\n\t<i class=\"icomoon-the7-font-icon-cart-detailed ult_ex_icon\"  ><\/i>\n<\/span>\n\t\t\t\t\t<\/div>\n\t\t\t\t<\/div>\n\t\t\t\t<div class=\"ult_expheader\" >How to buy\n\t\t\t\t<\/div>\n\t\t\t<\/div>\n\t\t<\/div><div class=\"ult_exp_content \" style=\"background-color:#ffffff;  \"><div class=\"ult_ecpsub_cont\" style=\" \" >\n<div class=\"wpcf7 no-js\" id=\"wpcf7-f9236-o1\" lang=\"en-US\" dir=\"ltr\" data-wpcf7-id=\"9236\">\n<div class=\"screen-reader-response\"><p role=\"status\" aria-live=\"polite\" aria-atomic=\"true\"><\/p> <ul><\/ul><\/div>\n<form action=\"\/en\/wp-json\/wp\/v2\/product\/22726#wpcf7-f9236-o1\" method=\"post\" class=\"wpcf7-form init\" aria-label=\"Contact form\" novalidate=\"novalidate\" data-status=\"init\">\n<fieldset class=\"hidden-fields-container\"><input type=\"hidden\" name=\"_wpcf7\" value=\"9236\" \/><input type=\"hidden\" name=\"_wpcf7_version\" value=\"6.1.4\" \/><input type=\"hidden\" name=\"_wpcf7_locale\" value=\"en_US\" \/><input type=\"hidden\" name=\"_wpcf7_unit_tag\" value=\"wpcf7-f9236-o1\" \/><input type=\"hidden\" name=\"_wpcf7_container_post\" value=\"0\" \/><input type=\"hidden\" name=\"_wpcf7_posted_data_hash\" value=\"\" \/><input type=\"hidden\" name=\"_wpcf7_recaptcha_response\" value=\"\" \/>\n<\/fieldset>\n<p>Name\/Last Name*\n<\/p>\n<p><span class=\"wpcf7-form-control-wrap\" data-name=\"your-name\"><input size=\"40\" maxlength=\"400\" class=\"wpcf7-form-control wpcf7-text wpcf7-validates-as-required\" aria-required=\"true\" aria-invalid=\"false\" value=\"\" type=\"text\" name=\"your-name\" \/><\/span>\n<\/p>\n<p>Email*\n<\/p>\n<p><span class=\"wpcf7-form-control-wrap\" data-name=\"your-email\"><input size=\"40\" maxlength=\"400\" class=\"wpcf7-form-control wpcf7-email wpcf7-validates-as-required wpcf7-text wpcf7-validates-as-email\" aria-required=\"true\" aria-invalid=\"false\" value=\"\" type=\"email\" name=\"your-email\" \/><\/span>\n<\/p>\n<p>Status*\n<\/p>\n<p><span class=\"wpcf7-form-control-wrap\" data-name=\"status\"><span class=\"wpcf7-form-control wpcf7-checkbox wpcf7-validates-as-required wpcf7-exclusive-checkbox\"><span class=\"wpcf7-list-item first\"><span class=\"wpcf7-list-item-label\">Hairstylist<\/span><input type=\"checkbox\" name=\"status\" value=\"Hairstylist\" \/><\/span><span class=\"wpcf7-list-item\"><span class=\"wpcf7-list-item-label\">Distributor<\/span><input type=\"checkbox\" name=\"status\" value=\"Distributor\" \/><\/span><span class=\"wpcf7-list-item last\"><span class=\"wpcf7-list-item-label\">Other<\/span><input type=\"checkbox\" name=\"status\" value=\"Other\" \/><\/span><\/span><\/span>\n<\/p>\n<p>Country*\n<\/p>\n<p><span class=\"wpcf7-form-control-wrap\" data-name=\"country\"><input size=\"40\" maxlength=\"400\" class=\"wpcf7-form-control wpcf7-text wpcf7-validates-as-required\" aria-required=\"true\" aria-invalid=\"false\" value=\"\" type=\"text\" name=\"country\" \/><\/span>\n<\/p>\n<p>Message*\n<\/p>\n<p><span class=\"wpcf7-form-control-wrap\" data-name=\"your-message\"><textarea cols=\"40\" rows=\"10\" maxlength=\"2000\" class=\"wpcf7-form-control wpcf7-textarea wpcf7-validates-as-required\" aria-required=\"true\" aria-invalid=\"false\" name=\"your-message\"><\/textarea><\/span>\n<\/p>\n<p><span class=\"wpcf7-form-control-wrap\" data-name=\"acceptance-20\"><span class=\"wpcf7-form-control wpcf7-acceptance\"><span class=\"wpcf7-list-item\"><input type=\"checkbox\" name=\"acceptance-20\" value=\"1\" aria-invalid=\"false\" \/><\/span><\/span><\/span> I express my informed, specific and unconditional consent for the company Comprof Milano Srl to proceed with the processing of my personal data to process the requests for information transmitted, as better described in the <a href=\"https:\/\/k-time.it\/en\/privacy-policy\/\" target=\"_blank\" rel=\"noopener\">Privacy Policy<\/a>*\n<\/p>\n<p><small> This site is protected by Google reCAPTCHA <a href=\"https:\/\/policies.google.com\/privacy\"> Privacy Policy <\/a> and <a href = \"https:\/\/policies.google.com\/ terms \"> Terms of Service <\/a>. <\/small>\n<\/p>\n<p><input class=\"wpcf7-form-control wpcf7-submit has-spinner\" type=\"submit\" value=\"Send\" \/>\n<\/p><div class=\"wpcf7-response-output\" aria-hidden=\"true\"><\/div>\n<\/form>\n<\/div>\n<\/div><\/div>\n\n\t\t\t<\/div>[\/vc_column][\/vc_row][vc_row][vc_column width=&#8221;1\/2&#8243;]<div class=\"standard-arrow list-divider bullet-top\"><h2>Composition<\/h2>\n<ul>\n<li style=\"font-weight: 400;\" aria-level=\"1\">Avocado Oil<span style=\"font-weight: 400;\">: packed with vitamins A, D, and E, it infuses the hair with antioxidant and nourishing effects<\/span><\/li>\n<li style=\"font-weight: 400;\" aria-level=\"1\">Red Vine Leaf Extract: rich in flavonoids, it restores the hair shaft and injects the colour with new radiance<\/li>\n<\/ul>\n<\/div>[\/vc_column][vc_column width=&#8221;1\/2&#8243;]<div class=\"standard-arrow list-divider bullet-top\"><h2>Benefits<\/h2>\n<ul>\n<li style=\"font-weight: 400;\" aria-level=\"1\"><span style=\"font-weight: 400;\">Incredible colour customisation<\/span><\/li>\n<li style=\"font-weight: 400;\" aria-level=\"1\"><span style=\"font-weight: 400;\">Soft, radiant shades<\/span><\/li>\n<li style=\"font-weight: 400;\" aria-level=\"1\"><span style=\"font-weight: 400;\">Gentle ammonia-free formula<\/span><\/li>\n<li style=\"font-weight: 400;\" aria-level=\"1\"><span style=\"font-weight: 400;\">Vibrant highlights and extra glossy results<\/span><\/li>\n<\/ul>\n<\/div>[\/vc_column][\/vc_row][vc_row css=&#8221;.vc_custom_1595317695114{padding-top: 50px !important;}&#8221;][vc_column]<div class=\"dt-fancy-separator h2-size style-thick\" style=\"width: 100%;\"><div class=\"dt-fancy-title\" style=\"color: #333333;\"><span class=\"separator-holder separator-left\" style=\"border-color: #f0f0f0;\"><\/span>Related products<span class=\"separator-holder separator-right\" style=\"border-color: #f0f0f0;\"><\/span><\/div><\/div>[vc_raw_html]JTVCd3BiLXByb2R1Y3Qtc2xpZGVyLXNob3J0Y29kZSUyMGlkJTNEJTIyMjI3NDAlMjIlNUQ=[\/vc_raw_html][\/vc_column][\/vc_row]<\/p>\n<\/div>","protected":false},"excerpt":{"rendered":"<div class=\"woocommerce-product-details__short-description\">\n<p><span style=\"font-weight: 400;\">A single product for infinite highlights: Gel\u00e9e Clear is an illuminating gloss that can be used either by itself or mixed with the Gel\u00e9e dyes.\u00a0<\/span><span style=\"font-weight: 400;\">Thanks to its gentle formula and fluid texture, it works on both untreated and coloured hair, leaving the hair incredibly glossy and remarkably reconditioned.<\/span><\/p>\n<p><span style=\"font-weight: 400;\">It is also free from ammonia and enriched with Avocado oil and Red Vine Leaf Extract.<\/span><\/p>\n<p>&nbsp;<\/p>\n<\/div>\n<p>&nbsp;<\/p>\n<p>[vc_row][vc_column][ultimate_exp_section title=\"How to buy\" new_title=\"Request purchase info\" text_color=\"#ffffff\" background_color=\"#877650\" text_hovercolor=\"#ffffff\" bghovercolor=\"#877650\" title_active=\"#ffffff\" title_active_bg=\"#877650\" cnt_bg_color=\"#ffffff\" icon=\"icomoon-the7-font-icon-cart-detailed\" new_icon=\"icomoon-the7-font-the7-mail-011\" icon_align=\"left\" icon_size=\"20\" icon_color=\"#ffffff\" icon_hover_color=\"#ffffff\" icon_active_color=\"#ffffff\" title_font_size=\"desktop:16px;\" title_padding=\"padding-top:4px;padding-right:7px;padding-bottom:4px;padding-left:4px;\" icon_margin=\"margin-right:1px;\"][contact-form-7 id=\"496\"][\/ultimate_exp_section][\/vc_column][\/vc_row]<\/p>\n","protected":false},"featured_media":26803,"template":"","meta":[],"product_brand":[],"product_cat":[1260],"product_tag":[],"class_list":{"0":"post-22726","1":"product","2":"type-product","3":"status-publish","4":"has-post-thumbnail","6":"product_cat-gelee","7":"description-off","9":"first","10":"instock","11":"shipping-taxable","12":"product-type-simple"},"yoast_head":"<!-- This site is optimized with the Yoast SEO plugin v26.8 - https:\/\/yoast.com\/product\/yoast-seo-wordpress\/ -->\n<title>Gel\u00e9e Clear | Illuminating Gloss - K-time<\/title>\n<meta name=\"description\" content=\"A single product for infinite highlights: Gel\u00e9e Clear is an illuminating gloss that can be used either by itself or mixed with the Gel\u00e9e dyes.\" \/>\n<meta name=\"robots\" content=\"index, follow, max-snippet:-1, max-image-preview:large, max-video-preview:-1\" \/>\n<link rel=\"canonical\" href=\"https:\/\/k-time.it\/en\/products\/colouring\/gelee\/gelee-clear-illuminating-gloss\/\" \/>\n<meta property=\"og:locale\" content=\"en_US\" \/>\n<meta property=\"og:type\" content=\"article\" \/>\n<meta property=\"og:title\" content=\"Gel\u00e9e Clear | Illuminating Gloss - K-time\" \/>\n<meta property=\"og:description\" content=\"A single product for infinite highlights: Gel\u00e9e Clear is an illuminating gloss that can be used either by itself or mixed with the Gel\u00e9e dyes.\" \/>\n<meta property=\"og:url\" content=\"https:\/\/k-time.it\/en\/products\/colouring\/gelee\/gelee-clear-illuminating-gloss\/\" \/>\n<meta property=\"og:site_name\" content=\"K-time\" \/>\n<meta property=\"article:modified_time\" content=\"2025-12-19T11:25:41+00:00\" \/>\n<meta property=\"og:image\" content=\"https:\/\/k-time.it\/wp-content\/uploads\/2023\/02\/20450_k-time_gelee_clear_60ml.png\" \/>\n\t<meta property=\"og:image:width\" content=\"600\" \/>\n\t<meta property=\"og:image:height\" content=\"600\" \/>\n\t<meta property=\"og:image:type\" content=\"image\/png\" \/>\n<meta name=\"twitter:card\" content=\"summary_large_image\" \/>\n<meta name=\"twitter:label1\" content=\"Est. reading time\" \/>\n\t<meta name=\"twitter:data1\" content=\"1 minute\" \/>\n<script type=\"application\/ld+json\" class=\"yoast-schema-graph\">{\"@context\":\"https:\/\/schema.org\",\"@graph\":[{\"@type\":\"WebPage\",\"@id\":\"https:\/\/k-time.it\/en\/products\/colouring\/gelee\/gelee-clear-illuminating-gloss\/\",\"url\":\"https:\/\/k-time.it\/en\/products\/colouring\/gelee\/gelee-clear-illuminating-gloss\/\",\"name\":\"Gel\u00e9e Clear | Illuminating Gloss - K-time\",\"isPartOf\":{\"@id\":\"https:\/\/k-time.it\/en\/#website\"},\"primaryImageOfPage\":{\"@id\":\"https:\/\/k-time.it\/en\/products\/colouring\/gelee\/gelee-clear-illuminating-gloss\/#primaryimage\"},\"image\":{\"@id\":\"https:\/\/k-time.it\/en\/products\/colouring\/gelee\/gelee-clear-illuminating-gloss\/#primaryimage\"},\"thumbnailUrl\":\"https:\/\/k-time.it\/wp-content\/uploads\/2023\/02\/20450_k-time_gelee_clear_60ml.png\",\"datePublished\":\"2023-02-09T13:45:44+00:00\",\"dateModified\":\"2025-12-19T11:25:41+00:00\",\"description\":\"A single product for infinite highlights: Gel\u00e9e Clear is an illuminating gloss that can be used either by itself or mixed with the Gel\u00e9e dyes.\",\"breadcrumb\":{\"@id\":\"https:\/\/k-time.it\/en\/products\/colouring\/gelee\/gelee-clear-illuminating-gloss\/#breadcrumb\"},\"inLanguage\":\"en-US\",\"potentialAction\":[{\"@type\":\"ReadAction\",\"target\":[\"https:\/\/k-time.it\/en\/products\/colouring\/gelee\/gelee-clear-illuminating-gloss\/\"]}]},{\"@type\":\"ImageObject\",\"inLanguage\":\"en-US\",\"@id\":\"https:\/\/k-time.it\/en\/products\/colouring\/gelee\/gelee-clear-illuminating-gloss\/#primaryimage\",\"url\":\"https:\/\/k-time.it\/wp-content\/uploads\/2023\/02\/20450_k-time_gelee_clear_60ml.png\",\"contentUrl\":\"https:\/\/k-time.it\/wp-content\/uploads\/2023\/02\/20450_k-time_gelee_clear_60ml.png\",\"width\":600,\"height\":600},{\"@type\":\"BreadcrumbList\",\"@id\":\"https:\/\/k-time.it\/en\/products\/colouring\/gelee\/gelee-clear-illuminating-gloss\/#breadcrumb\",\"itemListElement\":[{\"@type\":\"ListItem\",\"position\":1,\"name\":\"Home\",\"item\":\"https:\/\/k-time.it\/en\/\"},{\"@type\":\"ListItem\",\"position\":2,\"name\":\"Shop\",\"item\":\"https:\/\/k-time.it\/en\/negozio\/\"},{\"@type\":\"ListItem\",\"position\":3,\"name\":\"Gel\u00e9e Clear | Illuminating Gloss\"}]},{\"@type\":\"WebSite\",\"@id\":\"https:\/\/k-time.it\/en\/#website\",\"url\":\"https:\/\/k-time.it\/en\/\",\"name\":\"K-time\",\"description\":\"Hair Spa Treatments\",\"publisher\":{\"@id\":\"https:\/\/k-time.it\/en\/#organization\"},\"potentialAction\":[{\"@type\":\"SearchAction\",\"target\":{\"@type\":\"EntryPoint\",\"urlTemplate\":\"https:\/\/k-time.it\/en\/?s={search_term_string}\"},\"query-input\":{\"@type\":\"PropertyValueSpecification\",\"valueRequired\":true,\"valueName\":\"search_term_string\"}}],\"inLanguage\":\"en-US\"},{\"@type\":\"Organization\",\"@id\":\"https:\/\/k-time.it\/en\/#organization\",\"name\":\"K-time\",\"url\":\"https:\/\/k-time.it\/en\/\",\"logo\":{\"@type\":\"ImageObject\",\"inLanguage\":\"en-US\",\"@id\":\"https:\/\/k-time.it\/en\/#\/schema\/logo\/image\/\",\"url\":\"\",\"contentUrl\":\"\",\"caption\":\"K-time\"},\"image\":{\"@id\":\"https:\/\/k-time.it\/en\/#\/schema\/logo\/image\/\"}}]}<\/script>\n<!-- \/ Yoast SEO plugin. -->","yoast_head_json":{"title":"Gel\u00e9e Clear | Illuminating Gloss - K-time","description":"A single product for infinite highlights: Gel\u00e9e Clear is an illuminating gloss that can be used either by itself or mixed with the Gel\u00e9e dyes.","robots":{"index":"index","follow":"follow","max-snippet":"max-snippet:-1","max-image-preview":"max-image-preview:large","max-video-preview":"max-video-preview:-1"},"canonical":"https:\/\/k-time.it\/en\/products\/colouring\/gelee\/gelee-clear-illuminating-gloss\/","og_locale":"en_US","og_type":"article","og_title":"Gel\u00e9e Clear | Illuminating Gloss - K-time","og_description":"A single product for infinite highlights: Gel\u00e9e Clear is an illuminating gloss that can be used either by itself or mixed with the Gel\u00e9e dyes.","og_url":"https:\/\/k-time.it\/en\/products\/colouring\/gelee\/gelee-clear-illuminating-gloss\/","og_site_name":"K-time","article_modified_time":"2025-12-19T11:25:41+00:00","og_image":[{"width":600,"height":600,"url":"https:\/\/k-time.it\/wp-content\/uploads\/2023\/02\/20450_k-time_gelee_clear_60ml.png","type":"image\/png"}],"twitter_card":"summary_large_image","twitter_misc":{"Est. reading time":"1 minute"},"schema":{"@context":"https:\/\/schema.org","@graph":[{"@type":"WebPage","@id":"https:\/\/k-time.it\/en\/products\/colouring\/gelee\/gelee-clear-illuminating-gloss\/","url":"https:\/\/k-time.it\/en\/products\/colouring\/gelee\/gelee-clear-illuminating-gloss\/","name":"Gel\u00e9e Clear | Illuminating Gloss - K-time","isPartOf":{"@id":"https:\/\/k-time.it\/en\/#website"},"primaryImageOfPage":{"@id":"https:\/\/k-time.it\/en\/products\/colouring\/gelee\/gelee-clear-illuminating-gloss\/#primaryimage"},"image":{"@id":"https:\/\/k-time.it\/en\/products\/colouring\/gelee\/gelee-clear-illuminating-gloss\/#primaryimage"},"thumbnailUrl":"https:\/\/k-time.it\/wp-content\/uploads\/2023\/02\/20450_k-time_gelee_clear_60ml.png","datePublished":"2023-02-09T13:45:44+00:00","dateModified":"2025-12-19T11:25:41+00:00","description":"A single product for infinite highlights: Gel\u00e9e Clear is an illuminating gloss that can be used either by itself or mixed with the Gel\u00e9e dyes.","breadcrumb":{"@id":"https:\/\/k-time.it\/en\/products\/colouring\/gelee\/gelee-clear-illuminating-gloss\/#breadcrumb"},"inLanguage":"en-US","potentialAction":[{"@type":"ReadAction","target":["https:\/\/k-time.it\/en\/products\/colouring\/gelee\/gelee-clear-illuminating-gloss\/"]}]},{"@type":"ImageObject","inLanguage":"en-US","@id":"https:\/\/k-time.it\/en\/products\/colouring\/gelee\/gelee-clear-illuminating-gloss\/#primaryimage","url":"https:\/\/k-time.it\/wp-content\/uploads\/2023\/02\/20450_k-time_gelee_clear_60ml.png","contentUrl":"https:\/\/k-time.it\/wp-content\/uploads\/2023\/02\/20450_k-time_gelee_clear_60ml.png","width":600,"height":600},{"@type":"BreadcrumbList","@id":"https:\/\/k-time.it\/en\/products\/colouring\/gelee\/gelee-clear-illuminating-gloss\/#breadcrumb","itemListElement":[{"@type":"ListItem","position":1,"name":"Home","item":"https:\/\/k-time.it\/en\/"},{"@type":"ListItem","position":2,"name":"Shop","item":"https:\/\/k-time.it\/en\/negozio\/"},{"@type":"ListItem","position":3,"name":"Gel\u00e9e Clear | Illuminating Gloss"}]},{"@type":"WebSite","@id":"https:\/\/k-time.it\/en\/#website","url":"https:\/\/k-time.it\/en\/","name":"K-time","description":"Hair Spa Treatments","publisher":{"@id":"https:\/\/k-time.it\/en\/#organization"},"potentialAction":[{"@type":"SearchAction","target":{"@type":"EntryPoint","urlTemplate":"https:\/\/k-time.it\/en\/?s={search_term_string}"},"query-input":{"@type":"PropertyValueSpecification","valueRequired":true,"valueName":"search_term_string"}}],"inLanguage":"en-US"},{"@type":"Organization","@id":"https:\/\/k-time.it\/en\/#organization","name":"K-time","url":"https:\/\/k-time.it\/en\/","logo":{"@type":"ImageObject","inLanguage":"en-US","@id":"https:\/\/k-time.it\/en\/#\/schema\/logo\/image\/","url":"","contentUrl":"","caption":"K-time"},"image":{"@id":"https:\/\/k-time.it\/en\/#\/schema\/logo\/image\/"}}]}},"_links":{"self":[{"href":"https:\/\/k-time.it\/en\/wp-json\/wp\/v2\/product\/22726","targetHints":{"allow":["GET"]}}],"collection":[{"href":"https:\/\/k-time.it\/en\/wp-json\/wp\/v2\/product"}],"about":[{"href":"https:\/\/k-time.it\/en\/wp-json\/wp\/v2\/types\/product"}],"wp:featuredmedia":[{"embeddable":true,"href":"https:\/\/k-time.it\/en\/wp-json\/wp\/v2\/media\/26803"}],"wp:attachment":[{"href":"https:\/\/k-time.it\/en\/wp-json\/wp\/v2\/media?parent=22726"}],"wp:term":[{"taxonomy":"product_brand","embeddable":true,"href":"https:\/\/k-time.it\/en\/wp-json\/wp\/v2\/product_brand?post=22726"},{"taxonomy":"product_cat","embeddable":true,"href":"https:\/\/k-time.it\/en\/wp-json\/wp\/v2\/product_cat?post=22726"},{"taxonomy":"product_tag","embeddable":true,"href":"https:\/\/k-time.it\/en\/wp-json\/wp\/v2\/product_tag?post=22726"}],"curies":[{"name":"wp","href":"https:\/\/api.w.org\/{rel}","templated":true}]}}