{"id":26107,"date":"2025-06-26T11:20:22","date_gmt":"2025-06-26T09:20:24","guid":{"rendered":"https:\/\/k-time.it\/?post_type=product&#038;p=26107"},"modified":"2025-06-26T12:43:48","modified_gmt":"2025-06-26T10:43:48","slug":"blonde-allure-radyca-capsule-collection","status":"publish","type":"product","link":"https:\/\/k-time.it\/de\/products\/color-prodigy\/radyca\/blonde-allure-radyca-capsule-collection\/","title":{"rendered":"Blonde Allure \u2013 Radyca Capsule Collection"},"content":{"rendered":"<div class=\"wpb-content-wrapper\"><p>[vc_row disable_element=&#8220;yes&#8220;][vc_column]<div class=\"ult_exp_section_layer ult-adjust-bottom-margin  \" >\n\t\t<div id=\"uvc-exp-wrap-4561\" role=\"button\" tabindex=\"0\" aria-pressed=\"false\"  data-ultimate-target='#uvc-exp-wrap-4561'  data-responsive-json-new='{\"font-size\":\"desktop:16px;\",\"line-height\":\"desktop:20px;\"}'  class=\"ult_exp_section  ult-responsive \" style=\"color:#ffffff;background-color:#877650; font-weight:normal; padding-top:4px;padding-right:7px;padding-bottom:4px;padding-left:4px;text-align:center;\" data-textcolor=\"#ffffff\"data-texthover=\"#ffffff\"data-icncolor=\"#ffffff\"data-ihover=\"#ffffff\"data-height=\"0\"data-cntbg=\"#877650\"data-cnthvrbg=\"#877650\"data-headerbg=\"#877650\"data-headerhover=\"#877650\"data-title=\"How to buy\"data-newtitle=\"Request purchase info\"data-icon=\"icomoon-the7-font-icon-cart-detailed\"data-newicon=\"icomoon-the7-font-the7-mail-011\"data-activeicon=\"#ffffff\"data-effect=\"slideToggle\"data-override=\"0\"data-activetitle=\"#ffffff\"data-activebg=\"#877650\"data-img=\"\"data-newimg=\"\"><div class=\"ult_exp_section-main ult_expleft_icon\">\t<div class=\"ult-just-icon-wrapper ult_exp_icon\">\n\t\t\t\t\t<div class=\"align-icon \">\n\t\t\t\t\t\t\n<span class=\"aio-icon  none  ult_expsection_icon \"  style=\"color:#ffffff;font-size:20px;\">\n\t<i class=\"icomoon-the7-font-icon-cart-detailed ult_ex_icon\"  ><\/i>\n<\/span>\n\t\t\t\t\t<\/div>\n\t\t\t\t<\/div>\n\t\t\t\t<div class=\"ult_expheader\" >How to buy\n\t\t\t\t<\/div>\n\t\t\t<\/div>\n\t\t<\/div><div class=\"ult_exp_content \" style=\"background-color:#ffffff;  \"><div class=\"ult_ecpsub_cont\" style=\" \" >\n<div class=\"wpcf7 no-js\" id=\"wpcf7-f15155-o1\" lang=\"de-DE\" dir=\"ltr\" data-wpcf7-id=\"15155\">\n<div class=\"screen-reader-response\"><p role=\"status\" aria-live=\"polite\" aria-atomic=\"true\"><\/p> <ul><\/ul><\/div>\n<form action=\"\/de\/wp-json\/wp\/v2\/product\/26107#wpcf7-f15155-o1\" method=\"post\" class=\"wpcf7-form init\" aria-label=\"Kontaktformular\" novalidate=\"novalidate\" data-status=\"init\">\n<fieldset class=\"hidden-fields-container\"><input type=\"hidden\" name=\"_wpcf7\" value=\"15155\" \/><input type=\"hidden\" name=\"_wpcf7_version\" value=\"6.1.4\" \/><input type=\"hidden\" name=\"_wpcf7_locale\" value=\"de_DE\" \/><input type=\"hidden\" name=\"_wpcf7_unit_tag\" value=\"wpcf7-f15155-o1\" \/><input type=\"hidden\" name=\"_wpcf7_container_post\" value=\"0\" \/><input type=\"hidden\" name=\"_wpcf7_posted_data_hash\" value=\"\" \/><input type=\"hidden\" name=\"_wpcf7_recaptcha_response\" value=\"\" \/>\n<\/fieldset>\n<p>Name und Nachname*\n<\/p>\n<p><span class=\"wpcf7-form-control-wrap\" data-name=\"your-name\"><input size=\"40\" maxlength=\"400\" class=\"wpcf7-form-control wpcf7-text wpcf7-validates-as-required\" aria-required=\"true\" aria-invalid=\"false\" value=\"\" type=\"text\" name=\"your-name\" \/><\/span>\n<\/p>\n<p>Email*\n<\/p>\n<p><span class=\"wpcf7-form-control-wrap\" data-name=\"your-email\"><input size=\"40\" maxlength=\"400\" class=\"wpcf7-form-control wpcf7-email wpcf7-validates-as-required wpcf7-text wpcf7-validates-as-email\" aria-required=\"true\" aria-invalid=\"false\" value=\"\" type=\"email\" name=\"your-email\" \/><\/span>\n<\/p>\n<p>Status*\n<\/p>\n<p><span class=\"wpcf7-form-control-wrap\" data-name=\"status\"><span class=\"wpcf7-form-control wpcf7-checkbox wpcf7-validates-as-required wpcf7-exclusive-checkbox\"><span class=\"wpcf7-list-item first\"><span class=\"wpcf7-list-item-label\">Ausgebildeter Friseur<\/span><input type=\"checkbox\" name=\"status\" value=\"Ausgebildeter Friseur\" \/><\/span><span class=\"wpcf7-list-item\"><span class=\"wpcf7-list-item-label\">Lieferant<\/span><input type=\"checkbox\" name=\"status\" value=\"Lieferant\" \/><\/span><span class=\"wpcf7-list-item last\"><span class=\"wpcf7-list-item-label\">Andere<\/span><input type=\"checkbox\" name=\"status\" value=\"Andere\" \/><\/span><\/span><\/span>\n<\/p>\n<p>Land*\n<\/p>\n<p><span class=\"wpcf7-form-control-wrap\" data-name=\"country\"><input size=\"40\" maxlength=\"400\" class=\"wpcf7-form-control wpcf7-text wpcf7-validates-as-required\" aria-required=\"true\" aria-invalid=\"false\" value=\"\" type=\"text\" name=\"country\" \/><\/span>\n<\/p>\n<p>Botschaft*\n<\/p>\n<p><span class=\"wpcf7-form-control-wrap\" data-name=\"your-message\"><textarea cols=\"40\" rows=\"10\" maxlength=\"2000\" class=\"wpcf7-form-control wpcf7-textarea wpcf7-validates-as-required\" aria-required=\"true\" aria-invalid=\"false\" name=\"your-message\"><\/textarea><\/span>\n<\/p>\n<p><span class=\"wpcf7-form-control-wrap\" data-name=\"acceptance-20\"><span class=\"wpcf7-form-control wpcf7-acceptance\"><span class=\"wpcf7-list-item\"><input type=\"checkbox\" name=\"acceptance-20\" value=\"1\" aria-invalid=\"false\" \/><\/span><\/span><\/span> I express my informed, specific and unconditional consent for the company Comprof Milano Srl to proceed with the processing of my personal data to process the requests for information transmitted, as better described in the <a href=\"https:\/\/k-time.it\/de\/privacy-policy\/\" target=\"_blank\" rel=\"noopener\">Privacy Policy<\/a>*\n<\/p>\n<p><small>Diese Website ist durch Google reCAPTCHA <a href=\"https:\/\/policies.google.com\/privacy\"> Datenschutzerkl\u00e4rung <\/a> und <a href=\"https:\/\/policies.google.com\/terms\"> gesch\u00fctzt Nutzungsbedingungen<\/a><\/small>\n<\/p>\n<p><input class=\"wpcf7-form-control wpcf7-submit has-spinner\" type=\"submit\" value=\"Senden\" \/>\n<\/p><div class=\"wpcf7-response-output\" aria-hidden=\"true\"><\/div>\n<\/form>\n<\/div>\n<\/div><\/div>\n\n\t\t\t<\/div>[\/vc_column][\/vc_row][vc_row][vc_column width=&#8220;1\/2&#8243;]<div class=\"standard-arrow list-divider bullet-top\"><h2>Formel<\/h2>\n<ul>\n<li><strong>Quinoa<\/strong>: die &#8222;Mutter der K\u00f6rner&#8220; ist einer der st\u00e4rksten nat\u00fcrlichen Inhaltsstoffe von Lebensmitteln auf der ganzen Welt und besitzt derart viele Eigenschaften, das man von einem Supernahrungsmittel sprechen kann. In Radyca wirkt es wie ein nat\u00fcrlicher Schutzschild, der die Haarb\u00e4lge von innen sch\u00fctzt und n\u00e4hrt und daf\u00fcr sorgt, dass die Kopfhaut gesund bleibt.<\/li>\n<li><b>Niosomen<\/b><span style=\"font-weight: 400;\">: innovatives System aus aktiven Inhaltsstoffen, um Haar und Kopfhaut vor aggressiven Umwelteinfl\u00fcssen zu sch\u00fctzen, die in einer Art Bl\u00e4schen auftreten, das diese sch\u00fctzt und in der ben\u00f6tigten Menge freisetzt<\/span><\/li>\n<li><b>Kakao\u00f6l<\/b><span style=\"font-weight: 400;\">: wird aus den Fr\u00fcchten der gleichnamigen Pflanze gewonnen und enth\u00e4lt ca. 50% Laurins\u00e4ure, eine ges\u00e4ttigte Fetts\u00e4ure.\u00a0<\/span><\/li>\n<li><b>Isopentyldiol:<\/b><span style=\"font-weight: 400;\"> ist ein befeuchtender Wirkstoff, der in den Haarprodukten als Weichmacher und N\u00e4hrstoff fungiert, um eine feuchtigkeitsspendende Wirkung auszustr\u00f6men.<\/span><\/li>\n<li><b>Ohne Silikone <\/b><span style=\"font-weight: 400;\">und<\/span><b> ohne PPD<\/b><\/li>\n<\/ul>\n<\/div>[\/vc_column][vc_column width=&#8220;1\/2&#8243;]<div class=\"standard-arrow list-divider bullet-top\"><h2>Vorteile<\/h2>\n<ul>\n<li style=\"font-weight: 400;\">Wunderbar cremige Textur<\/li>\n<li style=\"font-weight: 400;\">Einfaches Anmischen und Auftragen auf das Haar<\/li>\n<li style=\"font-weight: 400;\">Leuchtende, einheitliche und lang anhaltende Farbe<\/li>\n<li style=\"font-weight: 400;\">Extreme Pflegekraft<\/li>\n<li style=\"font-weight: 400;\">Das Haar ist gen\u00e4hrt, mit Feuchtigkeit versorgt und gesch\u00fctzt<\/li>\n<li style=\"font-weight: 400;\">Vollst\u00e4ndige Abdeckung wei\u00dfer Haare<\/li>\n<\/ul>\n<\/div>[\/vc_column][\/vc_row][vc_row css=&#8220;.vc_custom_1595334473695{padding-top: 50px !important;}&#8220;][vc_column]<div class=\"dt-fancy-separator h2-size style-thick\" style=\"width: 100%;\"><div class=\"dt-fancy-title\" style=\"color: #333333;\"><span class=\"separator-holder separator-left\" style=\"border-color: #f0f0f0;\"><\/span>Verwandte Produkte<span class=\"separator-holder separator-right\" style=\"border-color: #f0f0f0;\"><\/span><\/div><\/div>[vc_raw_html]JTVCd3BiLXByb2R1Y3Qtc2xpZGVyLXNob3J0Y29kZSUyMGlkJTNEJTIyNjUzJTIyJTVE[\/vc_raw_html][\/vc_column][\/vc_row]<\/p>\n<\/div>","protected":false},"excerpt":{"rendered":"<div class=\"woocommerce-product-details__short-description\">\n<p><span style=\"font-weight: 400;\">Blonde Allure (Faszination in Blond) ist die Kapselkollektion von Radyca, bestehend aus 6 au\u00dfergew\u00f6hnlichen rosigen Blondnuancen.<\/span><\/p>\n<p><span style=\"font-weight: 400;\">Eine Kollektion, die nicht nur eine einfache Farbpalette ist, sondern ein wahres Fest der Eleganz und Raffinesse. Die Nuancen schaffen ein perfektes Gleichgewicht zwischen k\u00fchlen Blondt\u00f6nen und zarten Rosaschattierungen, die dem Haar eine nat\u00fcrliche Leuchtkraft und eine raffinierte Ausstrahlung verleihen \u2013 ohne dabei auf einen trendigen und modernen Effekt zu verzichten.<\/span><\/p>\n<p>100 ml<\/p>\n<\/div>\n<p>&nbsp;<\/p>\n<p><span style=\"font-weight: 400;\">[vc_row][vc_column][ultimate_exp_section title=\" So k\u00f6nnen Sie das Produkt kaufen\" new_title=\" Informationen zum Kauf erhalten\" text_color=\"#ffffff\" background_color=\"#877650\" text_hovercolor=\"#ffffff\" bghovercolor=\"#877650\" title_active=\"#ffffff\" title_active_bg=\"#877650\" cnt_bg_color=\"#ffffff\" icon=\"icomoon-the7-font-icon-cart-detailed\" new_icon=\"icomoon-the7-font-the7-mail-011\" icon_align=\"left\" icon_size=\"20\" icon_color=\"#ffffff\" icon_hover_color=\"#ffffff\" icon_active_color=\"#ffffff\" title_font_size=\"desktop:16px;\" title_padding=\"padding-top:4px;padding-right:7px;padding-bottom:4px;padding-left:4px;\" icon_margin=\"margin-right:1px;\"][contact-form-7 id=\"496\"][\/ultimate_exp_section][\/vc_column][\/vc_row]<\/span><\/p>\n","protected":false},"featured_media":26201,"template":"","meta":[],"product_brand":[],"product_cat":[1472,1735],"product_tag":[],"class_list":{"0":"post-26107","1":"product","2":"type-product","3":"status-publish","4":"has-post-thumbnail","6":"product_cat-color-prodigy","7":"product_cat-radyca","8":"description-off","10":"first","11":"instock","12":"shipping-taxable","13":"purchasable","14":"product-type-variable"},"yoast_head":"<!-- This site is optimized with the Yoast SEO plugin v26.8 - https:\/\/yoast.com\/product\/yoast-seo-wordpress\/ -->\n<title>Blonde Allure \u2013 Radyca Capsule Collection - K-time<\/title>\n<meta name=\"description\" content=\"Blonde Allure (Faszination in Blond) ist die Kapselkollektion von Radyca, bestehend aus 6 au\u00dfergew\u00f6hnlichen rosigen Blondnuancen.\" \/>\n<meta name=\"robots\" content=\"index, follow, max-snippet:-1, max-image-preview:large, max-video-preview:-1\" \/>\n<link rel=\"canonical\" href=\"https:\/\/k-time.it\/products\/colouring\/radyca\/blonde-allure-radyca-capsule-collection\/\" \/>\n<meta property=\"og:locale\" content=\"de_DE\" \/>\n<meta property=\"og:type\" content=\"article\" \/>\n<meta property=\"og:title\" content=\"Blonde Allure \u2013 Radyca Capsule Collection - K-time\" \/>\n<meta property=\"og:description\" content=\"Blonde Allure (Faszination in Blond) ist die Kapselkollektion von Radyca, bestehend aus 6 au\u00dfergew\u00f6hnlichen rosigen Blondnuancen.\" \/>\n<meta property=\"og:url\" content=\"https:\/\/k-time.it\/products\/colouring\/radyca\/blonde-allure-radyca-capsule-collection\/\" \/>\n<meta property=\"og:site_name\" content=\"K-time\" \/>\n<meta property=\"article:modified_time\" content=\"2025-06-26T10:43:48+00:00\" \/>\n<meta property=\"og:image\" content=\"https:\/\/k-time.it\/wp-content\/uploads\/2025\/06\/20700_k-time_radyca_oxidative_permanent_hair_color_100ml_8_29.png\" \/>\n\t<meta property=\"og:image:width\" content=\"800\" \/>\n\t<meta property=\"og:image:height\" content=\"800\" \/>\n\t<meta property=\"og:image:type\" content=\"image\/png\" \/>\n<meta name=\"twitter:card\" content=\"summary_large_image\" \/>\n<meta name=\"twitter:label1\" content=\"Gesch\u00e4tzte Lesezeit\" \/>\n\t<meta name=\"twitter:data1\" content=\"2\u00a0Minuten\" \/>\n<script type=\"application\/ld+json\" class=\"yoast-schema-graph\">{\"@context\":\"https:\/\/schema.org\",\"@graph\":[{\"@type\":\"WebPage\",\"@id\":\"https:\/\/k-time.it\/products\/colouring\/radyca\/blonde-allure-radyca-capsule-collection\/\",\"url\":\"https:\/\/k-time.it\/products\/colouring\/radyca\/blonde-allure-radyca-capsule-collection\/\",\"name\":\"Blonde Allure \u2013 Radyca Capsule Collection - K-time\",\"isPartOf\":{\"@id\":\"https:\/\/k-time.it\/en\/#website\"},\"primaryImageOfPage\":{\"@id\":\"https:\/\/k-time.it\/products\/colouring\/radyca\/blonde-allure-radyca-capsule-collection\/#primaryimage\"},\"image\":{\"@id\":\"https:\/\/k-time.it\/products\/colouring\/radyca\/blonde-allure-radyca-capsule-collection\/#primaryimage\"},\"thumbnailUrl\":\"https:\/\/k-time.it\/wp-content\/uploads\/2025\/06\/20700_k-time_radyca_oxidative_permanent_hair_color_100ml_8_29.png\",\"datePublished\":\"2025-06-26T09:20:24+00:00\",\"dateModified\":\"2025-06-26T10:43:48+00:00\",\"description\":\"Blonde Allure (Faszination in Blond) ist die Kapselkollektion von Radyca, bestehend aus 6 au\u00dfergew\u00f6hnlichen rosigen Blondnuancen.\",\"breadcrumb\":{\"@id\":\"https:\/\/k-time.it\/products\/colouring\/radyca\/blonde-allure-radyca-capsule-collection\/#breadcrumb\"},\"inLanguage\":\"de\",\"potentialAction\":[{\"@type\":\"ReadAction\",\"target\":[\"https:\/\/k-time.it\/products\/colouring\/radyca\/blonde-allure-radyca-capsule-collection\/\"]}]},{\"@type\":\"ImageObject\",\"inLanguage\":\"de\",\"@id\":\"https:\/\/k-time.it\/products\/colouring\/radyca\/blonde-allure-radyca-capsule-collection\/#primaryimage\",\"url\":\"https:\/\/k-time.it\/wp-content\/uploads\/2025\/06\/20700_k-time_radyca_oxidative_permanent_hair_color_100ml_8_29.png\",\"contentUrl\":\"https:\/\/k-time.it\/wp-content\/uploads\/2025\/06\/20700_k-time_radyca_oxidative_permanent_hair_color_100ml_8_29.png\",\"width\":800,\"height\":800},{\"@type\":\"BreadcrumbList\",\"@id\":\"https:\/\/k-time.it\/products\/colouring\/radyca\/blonde-allure-radyca-capsule-collection\/#breadcrumb\",\"itemListElement\":[{\"@type\":\"ListItem\",\"position\":1,\"name\":\"Home\",\"item\":\"https:\/\/k-time.it\/de\/\"},{\"@type\":\"ListItem\",\"position\":2,\"name\":\"Shop\",\"item\":\"https:\/\/k-time.it\/en\/negozio\/\"},{\"@type\":\"ListItem\",\"position\":3,\"name\":\"Blonde Allure \u2013 Radyca Capsule Collection\"}]},{\"@type\":\"WebSite\",\"@id\":\"https:\/\/k-time.it\/en\/#website\",\"url\":\"https:\/\/k-time.it\/en\/\",\"name\":\"K-time\",\"description\":\"Hair Spa Treatments\",\"publisher\":{\"@id\":\"https:\/\/k-time.it\/en\/#organization\"},\"potentialAction\":[{\"@type\":\"SearchAction\",\"target\":{\"@type\":\"EntryPoint\",\"urlTemplate\":\"https:\/\/k-time.it\/en\/?s={search_term_string}\"},\"query-input\":{\"@type\":\"PropertyValueSpecification\",\"valueRequired\":true,\"valueName\":\"search_term_string\"}}],\"inLanguage\":\"de\"},{\"@type\":\"Organization\",\"@id\":\"https:\/\/k-time.it\/en\/#organization\",\"name\":\"K-time\",\"url\":\"https:\/\/k-time.it\/en\/\",\"logo\":{\"@type\":\"ImageObject\",\"inLanguage\":\"de\",\"@id\":\"https:\/\/k-time.it\/en\/#\/schema\/logo\/image\/\",\"url\":\"\",\"contentUrl\":\"\",\"caption\":\"K-time\"},\"image\":{\"@id\":\"https:\/\/k-time.it\/en\/#\/schema\/logo\/image\/\"}}]}<\/script>\n<!-- \/ Yoast SEO plugin. -->","yoast_head_json":{"title":"Blonde Allure \u2013 Radyca Capsule Collection - K-time","description":"Blonde Allure (Faszination in Blond) ist die Kapselkollektion von Radyca, bestehend aus 6 au\u00dfergew\u00f6hnlichen rosigen Blondnuancen.","robots":{"index":"index","follow":"follow","max-snippet":"max-snippet:-1","max-image-preview":"max-image-preview:large","max-video-preview":"max-video-preview:-1"},"canonical":"https:\/\/k-time.it\/products\/colouring\/radyca\/blonde-allure-radyca-capsule-collection\/","og_locale":"de_DE","og_type":"article","og_title":"Blonde Allure \u2013 Radyca Capsule Collection - K-time","og_description":"Blonde Allure (Faszination in Blond) ist die Kapselkollektion von Radyca, bestehend aus 6 au\u00dfergew\u00f6hnlichen rosigen Blondnuancen.","og_url":"https:\/\/k-time.it\/products\/colouring\/radyca\/blonde-allure-radyca-capsule-collection\/","og_site_name":"K-time","article_modified_time":"2025-06-26T10:43:48+00:00","og_image":[{"width":800,"height":800,"url":"https:\/\/k-time.it\/wp-content\/uploads\/2025\/06\/20700_k-time_radyca_oxidative_permanent_hair_color_100ml_8_29.png","type":"image\/png"}],"twitter_card":"summary_large_image","twitter_misc":{"Gesch\u00e4tzte Lesezeit":"2\u00a0Minuten"},"schema":{"@context":"https:\/\/schema.org","@graph":[{"@type":"WebPage","@id":"https:\/\/k-time.it\/products\/colouring\/radyca\/blonde-allure-radyca-capsule-collection\/","url":"https:\/\/k-time.it\/products\/colouring\/radyca\/blonde-allure-radyca-capsule-collection\/","name":"Blonde Allure \u2013 Radyca Capsule Collection - K-time","isPartOf":{"@id":"https:\/\/k-time.it\/en\/#website"},"primaryImageOfPage":{"@id":"https:\/\/k-time.it\/products\/colouring\/radyca\/blonde-allure-radyca-capsule-collection\/#primaryimage"},"image":{"@id":"https:\/\/k-time.it\/products\/colouring\/radyca\/blonde-allure-radyca-capsule-collection\/#primaryimage"},"thumbnailUrl":"https:\/\/k-time.it\/wp-content\/uploads\/2025\/06\/20700_k-time_radyca_oxidative_permanent_hair_color_100ml_8_29.png","datePublished":"2025-06-26T09:20:24+00:00","dateModified":"2025-06-26T10:43:48+00:00","description":"Blonde Allure (Faszination in Blond) ist die Kapselkollektion von Radyca, bestehend aus 6 au\u00dfergew\u00f6hnlichen rosigen Blondnuancen.","breadcrumb":{"@id":"https:\/\/k-time.it\/products\/colouring\/radyca\/blonde-allure-radyca-capsule-collection\/#breadcrumb"},"inLanguage":"de","potentialAction":[{"@type":"ReadAction","target":["https:\/\/k-time.it\/products\/colouring\/radyca\/blonde-allure-radyca-capsule-collection\/"]}]},{"@type":"ImageObject","inLanguage":"de","@id":"https:\/\/k-time.it\/products\/colouring\/radyca\/blonde-allure-radyca-capsule-collection\/#primaryimage","url":"https:\/\/k-time.it\/wp-content\/uploads\/2025\/06\/20700_k-time_radyca_oxidative_permanent_hair_color_100ml_8_29.png","contentUrl":"https:\/\/k-time.it\/wp-content\/uploads\/2025\/06\/20700_k-time_radyca_oxidative_permanent_hair_color_100ml_8_29.png","width":800,"height":800},{"@type":"BreadcrumbList","@id":"https:\/\/k-time.it\/products\/colouring\/radyca\/blonde-allure-radyca-capsule-collection\/#breadcrumb","itemListElement":[{"@type":"ListItem","position":1,"name":"Home","item":"https:\/\/k-time.it\/de\/"},{"@type":"ListItem","position":2,"name":"Shop","item":"https:\/\/k-time.it\/en\/negozio\/"},{"@type":"ListItem","position":3,"name":"Blonde Allure \u2013 Radyca Capsule Collection"}]},{"@type":"WebSite","@id":"https:\/\/k-time.it\/en\/#website","url":"https:\/\/k-time.it\/en\/","name":"K-time","description":"Hair Spa Treatments","publisher":{"@id":"https:\/\/k-time.it\/en\/#organization"},"potentialAction":[{"@type":"SearchAction","target":{"@type":"EntryPoint","urlTemplate":"https:\/\/k-time.it\/en\/?s={search_term_string}"},"query-input":{"@type":"PropertyValueSpecification","valueRequired":true,"valueName":"search_term_string"}}],"inLanguage":"de"},{"@type":"Organization","@id":"https:\/\/k-time.it\/en\/#organization","name":"K-time","url":"https:\/\/k-time.it\/en\/","logo":{"@type":"ImageObject","inLanguage":"de","@id":"https:\/\/k-time.it\/en\/#\/schema\/logo\/image\/","url":"","contentUrl":"","caption":"K-time"},"image":{"@id":"https:\/\/k-time.it\/en\/#\/schema\/logo\/image\/"}}]}},"_links":{"self":[{"href":"https:\/\/k-time.it\/de\/wp-json\/wp\/v2\/product\/26107","targetHints":{"allow":["GET"]}}],"collection":[{"href":"https:\/\/k-time.it\/de\/wp-json\/wp\/v2\/product"}],"about":[{"href":"https:\/\/k-time.it\/de\/wp-json\/wp\/v2\/types\/product"}],"wp:featuredmedia":[{"embeddable":true,"href":"https:\/\/k-time.it\/de\/wp-json\/wp\/v2\/media\/26201"}],"wp:attachment":[{"href":"https:\/\/k-time.it\/de\/wp-json\/wp\/v2\/media?parent=26107"}],"wp:term":[{"taxonomy":"product_brand","embeddable":true,"href":"https:\/\/k-time.it\/de\/wp-json\/wp\/v2\/product_brand?post=26107"},{"taxonomy":"product_cat","embeddable":true,"href":"https:\/\/k-time.it\/de\/wp-json\/wp\/v2\/product_cat?post=26107"},{"taxonomy":"product_tag","embeddable":true,"href":"https:\/\/k-time.it\/de\/wp-json\/wp\/v2\/product_tag?post=26107"}],"curies":[{"name":"wp","href":"https:\/\/api.w.org\/{rel}","templated":true}]}}