{"id":24166,"date":"2024-04-10T09:01:20","date_gmt":"2024-04-10T07:01:20","guid":{"rendered":"https:\/\/k-time.it\/?post_type=product&#038;p=24166"},"modified":"2024-04-10T09:38:39","modified_gmt":"2024-04-10T07:38:39","slug":"secret-multi-action-spray-maske-10-in-1-limited-edition","status":"publish","type":"product","link":"https:\/\/k-time.it\/de\/products\/treatments\/secret\/secret-multi-action-spray-maske-10-in-1-limited-edition\/","title":{"rendered":"Secret | Multi-Action Spray-Maske 10 in 1 \u2013 Limited Edition"},"content":{"rendered":"<div class=\"wpb-content-wrapper\"><p>[vc_row][vc_column width=&#8220;1\/2&#8243;]<div class=\"standard-arrow list-divider bullet-top\"><h2>Plus<\/h2>\n<ul>\n<li>Reisegr\u00f6\u00dfe, perfekt f\u00fcr deinen Urlaub, kompakt im Taschenformat<\/li>\n<li>Gleiche parf\u00fcmierte und leistungsstarke Formel<\/li>\n<li>Neues schickes und exklusives Design<\/li>\n<li>Trendige Clutch-Bag im Sommerlook<\/li>\n<\/ul>\n<\/div>[\/vc_column][vc_column width=&#8220;1\/2&#8243;]<div class=\"standard-number-list list-divider bullet-top\"><h2>Vorteile<\/h2>\n<div id=\"tab-benefici\" role=\"tabpanel\" aria-labelledby=\"tab-title-benefici\">\n<ol>\n<li>Regenerierend<\/li>\n<li>Reduziert Kr\u00e4useln<\/li>\n<li>Sch\u00fctzt vor Hitze<\/li>\n<li>Extreme Geschmeidigkeit<\/li>\n<li>\u201eFarbschoner\u201c-Filter<\/li>\n<li>Schnelles Styling<\/li>\n<li>Maximaler Halt der Frisur<\/li>\n<li>Entwirrende Wirkung<\/li>\n<li>Stoppt Spliss<\/li>\n<li>Verleiht dem Haar F\u00fclle und Volumen<\/li>\n<\/ol>\n<\/div>\n<\/div>[\/vc_column][\/vc_row]<\/p>\n<\/div>","protected":false},"excerpt":{"rendered":"<p>Die <strong>intensive Multi-Action Spray-Maske<\/strong> ist eine Behandlung ohne Aussp\u00fclen, die die h\u00e4ufigsten Bed\u00fcrfnisse aller Haartypen erf\u00fcllt.<\/p>\n<p>Sie bietet <strong>10 einzigartige Wirkungen<\/strong>: sie entwirrt<strong>, reduziert Spliss und Kr\u00e4useln und sch\u00fctzt vor Hitze. <\/strong>Das Haar ist<strong> regeneriert, weich und volumin\u00f6s<\/strong>.<\/p>\n<p>Inhalt 100 ml<\/p>\n","protected":false},"featured_media":24160,"template":"","meta":[],"product_brand":[],"product_cat":[2083],"product_tag":[],"class_list":{"0":"post-24166","1":"product","2":"type-product","3":"status-publish","4":"has-post-thumbnail","6":"product_cat-secret","7":"description-off","9":"first","10":"instock","11":"shipping-taxable","12":"product-type-simple"},"yoast_head":"<!-- This site is optimized with the Yoast SEO plugin v26.8 - https:\/\/yoast.com\/product\/yoast-seo-wordpress\/ -->\n<title>Secret | Multi-Action Spray-Maske 10 in 1 \u2013 Limited Edition - K-time<\/title>\n<meta name=\"description\" content=\"Secret, das intensive Masken-Spray mit Mehrfach-Wirkung und 10 Effekten, ganz ohne Aussp\u00fclen. In einem einzigen herausragenden Produkt erhalten Sie eine Komplettbehandlung, mit der die h\u00e4ufigsten Bed\u00fcrfnisse aller Haartypen befriedigt werden.\" \/>\n<meta name=\"robots\" content=\"index, follow, max-snippet:-1, max-image-preview:large, max-video-preview:-1\" \/>\n<link rel=\"canonical\" href=\"https:\/\/k-time.it\/products\/treatments\/secret\/secret-maschera-spray-multiazione-10-in-1-limited-edition\/\" \/>\n<meta property=\"og:locale\" content=\"de_DE\" \/>\n<meta property=\"og:type\" content=\"article\" \/>\n<meta property=\"og:title\" content=\"Secret | Multi-Action Spray-Maske 10 in 1 \u2013 Limited Edition - K-time\" \/>\n<meta property=\"og:description\" content=\"Secret, das intensive Masken-Spray mit Mehrfach-Wirkung und 10 Effekten, ganz ohne Aussp\u00fclen. In einem einzigen herausragenden Produkt erhalten Sie eine Komplettbehandlung, mit der die h\u00e4ufigsten Bed\u00fcrfnisse aller Haartypen befriedigt werden.\" \/>\n<meta property=\"og:url\" content=\"https:\/\/k-time.it\/products\/treatments\/secret\/secret-maschera-spray-multiazione-10-in-1-limited-edition\/\" \/>\n<meta property=\"og:site_name\" content=\"K-time\" \/>\n<meta property=\"article:modified_time\" content=\"2024-04-10T07:38:39+00:00\" \/>\n<meta property=\"og:image\" content=\"https:\/\/k-time.it\/wp-content\/uploads\/2024\/04\/25118_k-time_secret_spray_limited_edition_100ml.png\" \/>\n\t<meta property=\"og:image:width\" content=\"800\" \/>\n\t<meta property=\"og:image:height\" content=\"800\" \/>\n\t<meta property=\"og:image:type\" content=\"image\/png\" \/>\n<meta name=\"twitter:card\" content=\"summary_large_image\" \/>\n<meta name=\"twitter:label1\" content=\"Gesch\u00e4tzte Lesezeit\" \/>\n\t<meta name=\"twitter:data1\" content=\"1\u00a0Minute\" \/>\n<script type=\"application\/ld+json\" class=\"yoast-schema-graph\">{\"@context\":\"https:\/\/schema.org\",\"@graph\":[{\"@type\":\"WebPage\",\"@id\":\"https:\/\/k-time.it\/products\/treatments\/secret\/secret-maschera-spray-multiazione-10-in-1-limited-edition\/\",\"url\":\"https:\/\/k-time.it\/products\/treatments\/secret\/secret-maschera-spray-multiazione-10-in-1-limited-edition\/\",\"name\":\"Secret | Multi-Action Spray-Maske 10 in 1 \u2013 Limited Edition - K-time\",\"isPartOf\":{\"@id\":\"https:\/\/k-time.it\/en\/#website\"},\"primaryImageOfPage\":{\"@id\":\"https:\/\/k-time.it\/products\/treatments\/secret\/secret-maschera-spray-multiazione-10-in-1-limited-edition\/#primaryimage\"},\"image\":{\"@id\":\"https:\/\/k-time.it\/products\/treatments\/secret\/secret-maschera-spray-multiazione-10-in-1-limited-edition\/#primaryimage\"},\"thumbnailUrl\":\"https:\/\/k-time.it\/wp-content\/uploads\/2024\/04\/25118_k-time_secret_spray_limited_edition_100ml.png\",\"datePublished\":\"2024-04-10T07:01:20+00:00\",\"dateModified\":\"2024-04-10T07:38:39+00:00\",\"description\":\"Secret, das intensive Masken-Spray mit Mehrfach-Wirkung und 10 Effekten, ganz ohne Aussp\u00fclen. In einem einzigen herausragenden Produkt erhalten Sie eine Komplettbehandlung, mit der die h\u00e4ufigsten Bed\u00fcrfnisse aller Haartypen befriedigt werden.\",\"breadcrumb\":{\"@id\":\"https:\/\/k-time.it\/products\/treatments\/secret\/secret-maschera-spray-multiazione-10-in-1-limited-edition\/#breadcrumb\"},\"inLanguage\":\"de\",\"potentialAction\":[{\"@type\":\"ReadAction\",\"target\":[\"https:\/\/k-time.it\/products\/treatments\/secret\/secret-maschera-spray-multiazione-10-in-1-limited-edition\/\"]}]},{\"@type\":\"ImageObject\",\"inLanguage\":\"de\",\"@id\":\"https:\/\/k-time.it\/products\/treatments\/secret\/secret-maschera-spray-multiazione-10-in-1-limited-edition\/#primaryimage\",\"url\":\"https:\/\/k-time.it\/wp-content\/uploads\/2024\/04\/25118_k-time_secret_spray_limited_edition_100ml.png\",\"contentUrl\":\"https:\/\/k-time.it\/wp-content\/uploads\/2024\/04\/25118_k-time_secret_spray_limited_edition_100ml.png\",\"width\":800,\"height\":800},{\"@type\":\"BreadcrumbList\",\"@id\":\"https:\/\/k-time.it\/products\/treatments\/secret\/secret-maschera-spray-multiazione-10-in-1-limited-edition\/#breadcrumb\",\"itemListElement\":[{\"@type\":\"ListItem\",\"position\":1,\"name\":\"Home\",\"item\":\"https:\/\/k-time.it\/de\/\"},{\"@type\":\"ListItem\",\"position\":2,\"name\":\"Shop\",\"item\":\"https:\/\/k-time.it\/en\/negozio\/\"},{\"@type\":\"ListItem\",\"position\":3,\"name\":\"Secret | Multi-Action Spray-Maske 10 in 1 \u2013 Limited Edition\"}]},{\"@type\":\"WebSite\",\"@id\":\"https:\/\/k-time.it\/en\/#website\",\"url\":\"https:\/\/k-time.it\/en\/\",\"name\":\"K-time\",\"description\":\"Hair Spa Treatments\",\"publisher\":{\"@id\":\"https:\/\/k-time.it\/en\/#organization\"},\"potentialAction\":[{\"@type\":\"SearchAction\",\"target\":{\"@type\":\"EntryPoint\",\"urlTemplate\":\"https:\/\/k-time.it\/en\/?s={search_term_string}\"},\"query-input\":{\"@type\":\"PropertyValueSpecification\",\"valueRequired\":true,\"valueName\":\"search_term_string\"}}],\"inLanguage\":\"de\"},{\"@type\":\"Organization\",\"@id\":\"https:\/\/k-time.it\/en\/#organization\",\"name\":\"K-time\",\"url\":\"https:\/\/k-time.it\/en\/\",\"logo\":{\"@type\":\"ImageObject\",\"inLanguage\":\"de\",\"@id\":\"https:\/\/k-time.it\/en\/#\/schema\/logo\/image\/\",\"url\":\"\",\"contentUrl\":\"\",\"caption\":\"K-time\"},\"image\":{\"@id\":\"https:\/\/k-time.it\/en\/#\/schema\/logo\/image\/\"}}]}<\/script>\n<!-- \/ Yoast SEO plugin. -->","yoast_head_json":{"title":"Secret | Multi-Action Spray-Maske 10 in 1 \u2013 Limited Edition - K-time","description":"Secret, das intensive Masken-Spray mit Mehrfach-Wirkung und 10 Effekten, ganz ohne Aussp\u00fclen. In einem einzigen herausragenden Produkt erhalten Sie eine Komplettbehandlung, mit der die h\u00e4ufigsten Bed\u00fcrfnisse aller Haartypen befriedigt werden.","robots":{"index":"index","follow":"follow","max-snippet":"max-snippet:-1","max-image-preview":"max-image-preview:large","max-video-preview":"max-video-preview:-1"},"canonical":"https:\/\/k-time.it\/products\/treatments\/secret\/secret-maschera-spray-multiazione-10-in-1-limited-edition\/","og_locale":"de_DE","og_type":"article","og_title":"Secret | Multi-Action Spray-Maske 10 in 1 \u2013 Limited Edition - K-time","og_description":"Secret, das intensive Masken-Spray mit Mehrfach-Wirkung und 10 Effekten, ganz ohne Aussp\u00fclen. In einem einzigen herausragenden Produkt erhalten Sie eine Komplettbehandlung, mit der die h\u00e4ufigsten Bed\u00fcrfnisse aller Haartypen befriedigt werden.","og_url":"https:\/\/k-time.it\/products\/treatments\/secret\/secret-maschera-spray-multiazione-10-in-1-limited-edition\/","og_site_name":"K-time","article_modified_time":"2024-04-10T07:38:39+00:00","og_image":[{"width":800,"height":800,"url":"https:\/\/k-time.it\/wp-content\/uploads\/2024\/04\/25118_k-time_secret_spray_limited_edition_100ml.png","type":"image\/png"}],"twitter_card":"summary_large_image","twitter_misc":{"Gesch\u00e4tzte Lesezeit":"1\u00a0Minute"},"schema":{"@context":"https:\/\/schema.org","@graph":[{"@type":"WebPage","@id":"https:\/\/k-time.it\/products\/treatments\/secret\/secret-maschera-spray-multiazione-10-in-1-limited-edition\/","url":"https:\/\/k-time.it\/products\/treatments\/secret\/secret-maschera-spray-multiazione-10-in-1-limited-edition\/","name":"Secret | Multi-Action Spray-Maske 10 in 1 \u2013 Limited Edition - K-time","isPartOf":{"@id":"https:\/\/k-time.it\/en\/#website"},"primaryImageOfPage":{"@id":"https:\/\/k-time.it\/products\/treatments\/secret\/secret-maschera-spray-multiazione-10-in-1-limited-edition\/#primaryimage"},"image":{"@id":"https:\/\/k-time.it\/products\/treatments\/secret\/secret-maschera-spray-multiazione-10-in-1-limited-edition\/#primaryimage"},"thumbnailUrl":"https:\/\/k-time.it\/wp-content\/uploads\/2024\/04\/25118_k-time_secret_spray_limited_edition_100ml.png","datePublished":"2024-04-10T07:01:20+00:00","dateModified":"2024-04-10T07:38:39+00:00","description":"Secret, das intensive Masken-Spray mit Mehrfach-Wirkung und 10 Effekten, ganz ohne Aussp\u00fclen. In einem einzigen herausragenden Produkt erhalten Sie eine Komplettbehandlung, mit der die h\u00e4ufigsten Bed\u00fcrfnisse aller Haartypen befriedigt werden.","breadcrumb":{"@id":"https:\/\/k-time.it\/products\/treatments\/secret\/secret-maschera-spray-multiazione-10-in-1-limited-edition\/#breadcrumb"},"inLanguage":"de","potentialAction":[{"@type":"ReadAction","target":["https:\/\/k-time.it\/products\/treatments\/secret\/secret-maschera-spray-multiazione-10-in-1-limited-edition\/"]}]},{"@type":"ImageObject","inLanguage":"de","@id":"https:\/\/k-time.it\/products\/treatments\/secret\/secret-maschera-spray-multiazione-10-in-1-limited-edition\/#primaryimage","url":"https:\/\/k-time.it\/wp-content\/uploads\/2024\/04\/25118_k-time_secret_spray_limited_edition_100ml.png","contentUrl":"https:\/\/k-time.it\/wp-content\/uploads\/2024\/04\/25118_k-time_secret_spray_limited_edition_100ml.png","width":800,"height":800},{"@type":"BreadcrumbList","@id":"https:\/\/k-time.it\/products\/treatments\/secret\/secret-maschera-spray-multiazione-10-in-1-limited-edition\/#breadcrumb","itemListElement":[{"@type":"ListItem","position":1,"name":"Home","item":"https:\/\/k-time.it\/de\/"},{"@type":"ListItem","position":2,"name":"Shop","item":"https:\/\/k-time.it\/en\/negozio\/"},{"@type":"ListItem","position":3,"name":"Secret | Multi-Action Spray-Maske 10 in 1 \u2013 Limited Edition"}]},{"@type":"WebSite","@id":"https:\/\/k-time.it\/en\/#website","url":"https:\/\/k-time.it\/en\/","name":"K-time","description":"Hair Spa Treatments","publisher":{"@id":"https:\/\/k-time.it\/en\/#organization"},"potentialAction":[{"@type":"SearchAction","target":{"@type":"EntryPoint","urlTemplate":"https:\/\/k-time.it\/en\/?s={search_term_string}"},"query-input":{"@type":"PropertyValueSpecification","valueRequired":true,"valueName":"search_term_string"}}],"inLanguage":"de"},{"@type":"Organization","@id":"https:\/\/k-time.it\/en\/#organization","name":"K-time","url":"https:\/\/k-time.it\/en\/","logo":{"@type":"ImageObject","inLanguage":"de","@id":"https:\/\/k-time.it\/en\/#\/schema\/logo\/image\/","url":"","contentUrl":"","caption":"K-time"},"image":{"@id":"https:\/\/k-time.it\/en\/#\/schema\/logo\/image\/"}}]}},"_links":{"self":[{"href":"https:\/\/k-time.it\/de\/wp-json\/wp\/v2\/product\/24166","targetHints":{"allow":["GET"]}}],"collection":[{"href":"https:\/\/k-time.it\/de\/wp-json\/wp\/v2\/product"}],"about":[{"href":"https:\/\/k-time.it\/de\/wp-json\/wp\/v2\/types\/product"}],"wp:featuredmedia":[{"embeddable":true,"href":"https:\/\/k-time.it\/de\/wp-json\/wp\/v2\/media\/24160"}],"wp:attachment":[{"href":"https:\/\/k-time.it\/de\/wp-json\/wp\/v2\/media?parent=24166"}],"wp:term":[{"taxonomy":"product_brand","embeddable":true,"href":"https:\/\/k-time.it\/de\/wp-json\/wp\/v2\/product_brand?post=24166"},{"taxonomy":"product_cat","embeddable":true,"href":"https:\/\/k-time.it\/de\/wp-json\/wp\/v2\/product_cat?post=24166"},{"taxonomy":"product_tag","embeddable":true,"href":"https:\/\/k-time.it\/de\/wp-json\/wp\/v2\/product_tag?post=24166"}],"curies":[{"name":"wp","href":"https:\/\/api.w.org\/{rel}","templated":true}]}}