{"id":13574,"date":"2020-06-25T16:46:03","date_gmt":"2020-06-25T14:46:03","guid":{"rendered":"https:\/\/k-time.it\/products\/unkategorisiert\/aceite-nutritivo\/"},"modified":"2021-05-22T14:51:21","modified_gmt":"2021-05-22T12:51:21","slug":"naehrendes-oel","status":"publish","type":"product","link":"https:\/\/k-time.it\/de\/products\/treatments\/argan\/naehrendes-oel\/","title":{"rendered":"Argan | N\u00e4hrendes \u00f6l &#8211; Normales Haar"},"content":{"rendered":"<div class=\"wpb-content-wrapper\"><p>[vc_row disable_element=&#8220;yes&#8220;][vc_column]<div class=\"ult_exp_section_layer ult-adjust-bottom-margin  \" >\n\t\t<div id=\"uvc-exp-wrap-3876\" role=\"button\" tabindex=\"0\" aria-pressed=\"false\"  data-ultimate-target='#uvc-exp-wrap-3876'  data-responsive-json-new='{\"font-size\":\"desktop:16px;\",\"line-height\":\"desktop:20px;\"}'  class=\"ult_exp_section  ult-responsive \" style=\"color:#ffffff;background-color:#877650; font-weight:normal; padding-top:4px;padding-right:7px;padding-bottom:4px;padding-left:4px;text-align:center;\" data-textcolor=\"#ffffff\"data-texthover=\"#ffffff\"data-icncolor=\"#ffffff\"data-ihover=\"#ffffff\"data-height=\"0\"data-cntbg=\"#877650\"data-cnthvrbg=\"#877650\"data-headerbg=\"#877650\"data-headerhover=\"#877650\"data-title=\"How to buy\"data-newtitle=\"Request purchase info\"data-icon=\"icomoon-the7-font-icon-cart-detailed\"data-newicon=\"icomoon-the7-font-the7-mail-011\"data-activeicon=\"#ffffff\"data-effect=\"slideToggle\"data-override=\"0\"data-activetitle=\"#ffffff\"data-activebg=\"#877650\"data-img=\"\"data-newimg=\"\"><div class=\"ult_exp_section-main ult_expleft_icon\">\t<div class=\"ult-just-icon-wrapper ult_exp_icon\">\n\t\t\t\t\t<div class=\"align-icon \">\n\t\t\t\t\t\t\n<span class=\"aio-icon  none  ult_expsection_icon \"  style=\"color:#ffffff;font-size:20px;\">\n\t<i class=\"icomoon-the7-font-icon-cart-detailed ult_ex_icon\"  ><\/i>\n<\/span>\n\t\t\t\t\t<\/div>\n\t\t\t\t<\/div>\n\t\t\t\t<div class=\"ult_expheader\" >How to buy\n\t\t\t\t<\/div>\n\t\t\t<\/div>\n\t\t<\/div><div class=\"ult_exp_content \" style=\"background-color:#ffffff;  \"><div class=\"ult_ecpsub_cont\" style=\" \" >\n<div class=\"wpcf7 no-js\" id=\"wpcf7-f15155-o1\" lang=\"de-DE\" dir=\"ltr\" data-wpcf7-id=\"15155\">\n<div class=\"screen-reader-response\"><p role=\"status\" aria-live=\"polite\" aria-atomic=\"true\"><\/p> <ul><\/ul><\/div>\n<form action=\"\/de\/wp-json\/wp\/v2\/product\/13574#wpcf7-f15155-o1\" method=\"post\" class=\"wpcf7-form init\" aria-label=\"Kontaktformular\" novalidate=\"novalidate\" data-status=\"init\">\n<fieldset class=\"hidden-fields-container\"><input type=\"hidden\" name=\"_wpcf7\" value=\"15155\" \/><input type=\"hidden\" name=\"_wpcf7_version\" value=\"6.1.4\" \/><input type=\"hidden\" name=\"_wpcf7_locale\" value=\"de_DE\" \/><input type=\"hidden\" name=\"_wpcf7_unit_tag\" value=\"wpcf7-f15155-o1\" \/><input type=\"hidden\" name=\"_wpcf7_container_post\" value=\"0\" \/><input type=\"hidden\" name=\"_wpcf7_posted_data_hash\" value=\"\" \/><input type=\"hidden\" name=\"_wpcf7_recaptcha_response\" value=\"\" \/>\n<\/fieldset>\n<p>Name und Nachname*\n<\/p>\n<p><span class=\"wpcf7-form-control-wrap\" data-name=\"your-name\"><input size=\"40\" maxlength=\"400\" class=\"wpcf7-form-control wpcf7-text wpcf7-validates-as-required\" aria-required=\"true\" aria-invalid=\"false\" value=\"\" type=\"text\" name=\"your-name\" \/><\/span>\n<\/p>\n<p>Email*\n<\/p>\n<p><span class=\"wpcf7-form-control-wrap\" data-name=\"your-email\"><input size=\"40\" maxlength=\"400\" class=\"wpcf7-form-control wpcf7-email wpcf7-validates-as-required wpcf7-text wpcf7-validates-as-email\" aria-required=\"true\" aria-invalid=\"false\" value=\"\" type=\"email\" name=\"your-email\" \/><\/span>\n<\/p>\n<p>Status*\n<\/p>\n<p><span class=\"wpcf7-form-control-wrap\" data-name=\"status\"><span class=\"wpcf7-form-control wpcf7-checkbox wpcf7-validates-as-required wpcf7-exclusive-checkbox\"><span class=\"wpcf7-list-item first\"><span class=\"wpcf7-list-item-label\">Ausgebildeter Friseur<\/span><input type=\"checkbox\" name=\"status\" value=\"Ausgebildeter Friseur\" \/><\/span><span class=\"wpcf7-list-item\"><span class=\"wpcf7-list-item-label\">Lieferant<\/span><input type=\"checkbox\" name=\"status\" value=\"Lieferant\" \/><\/span><span class=\"wpcf7-list-item last\"><span class=\"wpcf7-list-item-label\">Andere<\/span><input type=\"checkbox\" name=\"status\" value=\"Andere\" \/><\/span><\/span><\/span>\n<\/p>\n<p>Land*\n<\/p>\n<p><span class=\"wpcf7-form-control-wrap\" data-name=\"country\"><input size=\"40\" maxlength=\"400\" class=\"wpcf7-form-control wpcf7-text wpcf7-validates-as-required\" aria-required=\"true\" aria-invalid=\"false\" value=\"\" type=\"text\" name=\"country\" \/><\/span>\n<\/p>\n<p>Botschaft*\n<\/p>\n<p><span class=\"wpcf7-form-control-wrap\" data-name=\"your-message\"><textarea cols=\"40\" rows=\"10\" maxlength=\"2000\" class=\"wpcf7-form-control wpcf7-textarea wpcf7-validates-as-required\" aria-required=\"true\" aria-invalid=\"false\" name=\"your-message\"><\/textarea><\/span>\n<\/p>\n<p><span class=\"wpcf7-form-control-wrap\" data-name=\"acceptance-20\"><span class=\"wpcf7-form-control wpcf7-acceptance\"><span class=\"wpcf7-list-item\"><input type=\"checkbox\" name=\"acceptance-20\" value=\"1\" aria-invalid=\"false\" \/><\/span><\/span><\/span> I express my informed, specific and unconditional consent for the company Comprof Milano Srl to proceed with the processing of my personal data to process the requests for information transmitted, as better described in the <a href=\"https:\/\/k-time.it\/de\/privacy-policy\/\" target=\"_blank\" rel=\"noopener\">Privacy Policy<\/a>*\n<\/p>\n<p><small>Diese Website ist durch Google reCAPTCHA <a href=\"https:\/\/policies.google.com\/privacy\"> Datenschutzerkl\u00e4rung <\/a> und <a href=\"https:\/\/policies.google.com\/terms\"> gesch\u00fctzt Nutzungsbedingungen<\/a><\/small>\n<\/p>\n<p><input class=\"wpcf7-form-control wpcf7-submit has-spinner\" type=\"submit\" value=\"Senden\" \/>\n<\/p><div class=\"wpcf7-response-output\" aria-hidden=\"true\"><\/div>\n<\/form>\n<\/div>\n<\/div><\/div>\n\n\t\t\t<\/div>[\/vc_column][\/vc_row][vc_row][vc_column width=&#8220;1\/2&#8243;]<div class=\"standard-arrow list-divider bullet-top\"><h2><span style=\"vertical-align: inherit;\"><span style=\"vertical-align: inherit;\">Formel<\/span><\/span><\/h2>\n<ul>\n<li style=\"font-weight: 400;\"><b>Argan\u00f6l:<\/b><span style=\"font-weight: 400;\"> st\u00e4rkt das Haar und bringt es zum Leuchten<\/span><\/li>\n<li style=\"font-weight: 400;\"><b>Vitamin E:<\/b> hat eine starke antioxidative sowie eine Anti-Aging-Wirkung<\/li>\n<\/ul>\n<\/div>[\/vc_column][vc_column width=&#8220;1\/2&#8243;]<div class=\"standard-arrow list-divider bullet-top\"><h2><span style=\"vertical-align: inherit;\"><span style=\"vertical-align: inherit;\">Vorteile<\/span><\/span><\/h2>\n<ul>\n<li style=\"font-weight: 400;\">Hellt das Haar auf <span style=\"font-weight: 400;\">und<\/span> verleiht ihm Elastizit\u00e4t<span style=\"font-weight: 400;\">\u00a0<\/span><\/li>\n<li style=\"font-weight: 400;\">Sch\u00fctzt und n\u00e4hrt<span style=\"font-weight: 400;\"> Haar und Farbe<\/span><\/li>\n<li style=\"font-weight: 400;\">Sch\u00fctzt vor<span style=\"font-weight: 400;\">dem Austrocknen<\/span><\/li>\n<li style=\"font-weight: 400;\">Vermindert\u00a0Spliss<\/li>\n<\/ul>\n<\/div>[\/vc_column][\/vc_row][vc_row css=&#8220;.vc_custom_1595341806516{padding-top: 50px !important;}&#8220;][vc_column]<div class=\"dt-fancy-separator h2-size style-thick\" style=\"width: 100%;\"><div class=\"dt-fancy-title\" style=\"color: #333333;\"><span class=\"separator-holder separator-left\" style=\"border-color: #f0f0f0;\"><\/span>Rituel<span class=\"separator-holder separator-right\" style=\"border-color: #f0f0f0;\"><\/span><\/div><\/div>[vc_row_inner][vc_column_inner width=&#8220;1\/2&#8243;][vc_empty_space height=&#8220;15px&#8220;]<div class=\"standard-number-list list-divider bullet-top\"><ul>\n<li>\n<h5>N\u00e4hrendes shampoo<\/h5>\n<p>Gleichm\u00e4\u00dfig auf der nassen Haut auftragen. Sanft verteilen und einmassieren. Erneut mit Wasser aussp\u00fclen und wiederholen, falls notwendig.<\/li>\n<li>\n<h5>N\u00e4hrende maske<\/h5>\n<p>Gleichm\u00e4\u00dfig auf abgetrocknetem Haar verteilen. 5\/10 Minuten warten Ergebnis durch erneutes Aussp\u00fclen mit lauwarmem Wasser verbessern.<\/li>\n<li>\n<h5>N\u00e4hrendes \u00f6l<\/h5>\n<p>Wenige Tropfen zwischen den Haarstr\u00e4hnen sanft verteilen. Es kann vor dem Shampoo angwendet werden, um das Haar weicher zu machen und die Reinigung zu unterst\u00fctzen, nach dem Shampoo, um das F\u00f6hnen zu erleichtern sowie das Haar zu st\u00e4rken und es vor der Hitze zu sch\u00fctzen, oder nach dem F\u00f6hnen, um das Haar zum Leuchten zu bringen und es zu n\u00e4hren.<\/li>\n<\/ul>\n<\/div>[\/vc_column_inner][vc_column_inner width=&#8220;1\/2&#8243;][vc_empty_space height=&#8220;15px&#8220;][vc_column_text]<span style=\"font-weight: 400;\">Die exklusive Behandlung<\/span> <span style=\"font-weight: 400;\">Argan <\/span><span style=\"font-weight: 400;\">mit <\/span><span style=\"font-weight: 400;\">Argan\u00f6l<\/span><span style=\"font-weight: 400;\"> und <\/span><span style=\"font-weight: 400;\">Karit\u00e9butter<\/span><span style=\"font-weight: 400;\"> bringt das Haar zum Leuchten, versorgt es mit Feuchtigkeit, n\u00e4hrt es und verleiht Vitalit\u00e4t.<\/span>[\/vc_column_text][vc_video link=&#8220;https:\/\/youtu.be\/nLwrALu6tY8&#8243; align=&#8220;center&#8220;][\/vc_column_inner][\/vc_row_inner][\/vc_column][\/vc_row][vc_row css=&#8220;.vc_custom_1595341818903{padding-top: 50px !important;}&#8220;][vc_column]<div class=\"dt-fancy-separator h2-size style-thick\" style=\"width: 100%;\"><div class=\"dt-fancy-title\" style=\"color: #333333;\"><span class=\"separator-holder separator-left\" style=\"border-color: #f0f0f0;\"><\/span>Verwandte Produkte<span class=\"separator-holder separator-right\" style=\"border-color: #f0f0f0;\"><\/span><\/div><\/div>[vc_raw_html]JTVCd3BiLXByb2R1Y3Qtc2xpZGVyLXNob3J0Y29kZSUyMGlkJTNEJTIyNzc2JTIyJTVE[\/vc_raw_html][\/vc_column][\/vc_row]<\/p>\n<\/div>","protected":false},"excerpt":{"rendered":"<p><span style=\"font-weight: 400;\">Lassen Sie sich von der Sch\u00f6nheit des Goldes verf\u00fchren, mit\u00a0 <\/span><strong>n\u00e4hrendes \u00f6l<\/strong> <span style=\"font-weight: 400;\">das ideal f\u00fcr alle Haartypen ist. <\/span><\/p>\n<p><span style=\"font-weight: 400;\">Die Zusammensetzung von [glossary_exclude]Argan\u00f6l[\/glossary_exclude] ist reich an kr\u00e4ftigenden Elementen wie <\/span><b>[glossary_exclude]Vitamin E[\/glossary_exclude]<\/b><span style=\"font-weight: 400;\"> und weist au\u00dferdem<\/span> <span style=\"font-weight: 400;\">antioxidative und Anti-Aging-<\/span><b>Eigenschaften auf<\/b><span style=\"font-weight: 400;\">, <\/span><span style=\"font-weight: 400;\">[glossary_exclude]wodurch dieses \u00d6l[\/glossary_exclude]<\/span><span style=\"font-weight: 400;\"> sofortige Leuchtkraft und Geschmeidigkeit bietet, ohne R\u00fcckst\u00e4nde zu hinterlassen und ohne das Haar zu beschweren und es gleichzeitig repariert und die Farbe sch\u00fctzt. <\/span><\/p>\n<p><span style=\"font-weight: 400;\">Wenige Tropfen dieses herausragenden Elixiers reichen aus, um das <\/span><b>Haar gesund und gl\u00e4nzend aussehen zu lassen<\/b><span style=\"font-weight: 400;\"> und um glatte und seidige Haare zu erzielen.<\/span><\/p>\n<p><span style=\"font-weight: 400;\">Inhalt 100 ml<\/span><\/p>\n<p>&nbsp;<\/p>\n<p><span style=\"font-weight: 400;\">[vc_row][vc_column][ultimate_exp_section title=\" So k\u00f6nnen Sie das Produkt kaufen\" new_title=\" Informationen zum Kauf erhalten\" text_color=\"#ffffff\" background_color=\"#877650\" text_hovercolor=\"#ffffff\" bghovercolor=\"#877650\" title_active=\"#ffffff\" title_active_bg=\"#877650\" cnt_bg_color=\"#ffffff\" icon=\"icomoon-the7-font-icon-cart-detailed\" new_icon=\"icomoon-the7-font-the7-mail-011\" icon_align=\"left\" icon_size=\"20\" icon_color=\"#ffffff\" icon_hover_color=\"#ffffff\" icon_active_color=\"#ffffff\" title_font_size=\"desktop:16px;\" title_padding=\"padding-top:4px;padding-right:7px;padding-bottom:4px;padding-left:4px;\" icon_margin=\"margin-right:1px;\"][contact-form-7 id=\"496\"][\/ultimate_exp_section][\/vc_column][\/vc_row]<\/span><\/p>\n","protected":false},"featured_media":25657,"template":"","meta":[],"product_brand":[],"product_cat":[1301,2071],"product_tag":[],"class_list":{"0":"post-13574","1":"product","2":"type-product","3":"status-publish","4":"has-post-thumbnail","6":"product_cat-treatments","7":"product_cat-argan","8":"description-off","10":"first","11":"instock","12":"shipping-taxable","13":"product-type-simple"},"yoast_head":"<!-- This site is optimized with the Yoast SEO plugin v26.8 - https:\/\/yoast.com\/product\/yoast-seo-wordpress\/ -->\n<title>Argan | N\u00e4hrendes \u00f6l - Normales Haar - K-time<\/title>\n<meta name=\"description\" content=\"Lassen Sie sich von der Sch\u00f6nheit des Goldes verf\u00fchren, mit n\u00e4hrendem Argan\u00f6l, das ideal f\u00fcr alle Haartypen ist.\" \/>\n<meta name=\"robots\" content=\"index, follow, max-snippet:-1, max-image-preview:large, max-video-preview:-1\" \/>\n<link rel=\"canonical\" href=\"https:\/\/k-time.it\/products\/treatments\/argan\/olio-di-argan-nutriente-per-capelli\/\" \/>\n<meta property=\"og:locale\" content=\"de_DE\" \/>\n<meta property=\"og:type\" content=\"article\" \/>\n<meta property=\"og:title\" content=\"Argan | N\u00e4hrendes \u00f6l - Normales Haar - K-time\" \/>\n<meta property=\"og:description\" content=\"Lassen Sie sich von der Sch\u00f6nheit des Goldes verf\u00fchren, mit n\u00e4hrendem Argan\u00f6l, das ideal f\u00fcr alle Haartypen ist.\" \/>\n<meta property=\"og:url\" content=\"https:\/\/k-time.it\/products\/treatments\/argan\/olio-di-argan-nutriente-per-capelli\/\" \/>\n<meta property=\"og:site_name\" content=\"K-time\" \/>\n<meta property=\"article:modified_time\" content=\"2021-05-22T12:51:21+00:00\" \/>\n<meta property=\"og:image\" content=\"https:\/\/k-time.it\/wp-content\/uploads\/2020\/06\/22010_k-time_argan_time_nourishing_oil_100ml-1.png\" \/>\n\t<meta property=\"og:image:width\" content=\"800\" \/>\n\t<meta property=\"og:image:height\" content=\"800\" \/>\n\t<meta property=\"og:image:type\" content=\"image\/png\" \/>\n<meta name=\"twitter:card\" content=\"summary_large_image\" \/>\n<meta name=\"twitter:label1\" content=\"Gesch\u00e4tzte Lesezeit\" \/>\n\t<meta name=\"twitter:data1\" content=\"2\u00a0Minuten\" \/>\n<script type=\"application\/ld+json\" class=\"yoast-schema-graph\">{\"@context\":\"https:\/\/schema.org\",\"@graph\":[{\"@type\":\"WebPage\",\"@id\":\"https:\/\/k-time.it\/products\/treatments\/argan\/olio-di-argan-nutriente-per-capelli\/\",\"url\":\"https:\/\/k-time.it\/products\/treatments\/argan\/olio-di-argan-nutriente-per-capelli\/\",\"name\":\"Argan | N\u00e4hrendes \u00f6l - Normales Haar - K-time\",\"isPartOf\":{\"@id\":\"https:\/\/k-time.it\/en\/#website\"},\"primaryImageOfPage\":{\"@id\":\"https:\/\/k-time.it\/products\/treatments\/argan\/olio-di-argan-nutriente-per-capelli\/#primaryimage\"},\"image\":{\"@id\":\"https:\/\/k-time.it\/products\/treatments\/argan\/olio-di-argan-nutriente-per-capelli\/#primaryimage\"},\"thumbnailUrl\":\"https:\/\/k-time.it\/wp-content\/uploads\/2020\/06\/22010_k-time_argan_time_nourishing_oil_100ml-1.png\",\"datePublished\":\"2020-06-25T14:46:03+00:00\",\"dateModified\":\"2021-05-22T12:51:21+00:00\",\"description\":\"Lassen Sie sich von der Sch\u00f6nheit des Goldes verf\u00fchren, mit n\u00e4hrendem Argan\u00f6l, das ideal f\u00fcr alle Haartypen ist.\",\"breadcrumb\":{\"@id\":\"https:\/\/k-time.it\/products\/treatments\/argan\/olio-di-argan-nutriente-per-capelli\/#breadcrumb\"},\"inLanguage\":\"de\",\"potentialAction\":[{\"@type\":\"ReadAction\",\"target\":[\"https:\/\/k-time.it\/products\/treatments\/argan\/olio-di-argan-nutriente-per-capelli\/\"]}]},{\"@type\":\"ImageObject\",\"inLanguage\":\"de\",\"@id\":\"https:\/\/k-time.it\/products\/treatments\/argan\/olio-di-argan-nutriente-per-capelli\/#primaryimage\",\"url\":\"https:\/\/k-time.it\/wp-content\/uploads\/2020\/06\/22010_k-time_argan_time_nourishing_oil_100ml-1.png\",\"contentUrl\":\"https:\/\/k-time.it\/wp-content\/uploads\/2020\/06\/22010_k-time_argan_time_nourishing_oil_100ml-1.png\",\"width\":800,\"height\":800},{\"@type\":\"BreadcrumbList\",\"@id\":\"https:\/\/k-time.it\/products\/treatments\/argan\/olio-di-argan-nutriente-per-capelli\/#breadcrumb\",\"itemListElement\":[{\"@type\":\"ListItem\",\"position\":1,\"name\":\"Home\",\"item\":\"https:\/\/k-time.it\/de\/\"},{\"@type\":\"ListItem\",\"position\":2,\"name\":\"Shop\",\"item\":\"https:\/\/k-time.it\/en\/negozio\/\"},{\"@type\":\"ListItem\",\"position\":3,\"name\":\"Argan | N\u00e4hrendes \u00f6l &#8211; Normales Haar\"}]},{\"@type\":\"WebSite\",\"@id\":\"https:\/\/k-time.it\/en\/#website\",\"url\":\"https:\/\/k-time.it\/en\/\",\"name\":\"K-time\",\"description\":\"Hair Spa Treatments\",\"publisher\":{\"@id\":\"https:\/\/k-time.it\/en\/#organization\"},\"potentialAction\":[{\"@type\":\"SearchAction\",\"target\":{\"@type\":\"EntryPoint\",\"urlTemplate\":\"https:\/\/k-time.it\/en\/?s={search_term_string}\"},\"query-input\":{\"@type\":\"PropertyValueSpecification\",\"valueRequired\":true,\"valueName\":\"search_term_string\"}}],\"inLanguage\":\"de\"},{\"@type\":\"Organization\",\"@id\":\"https:\/\/k-time.it\/en\/#organization\",\"name\":\"K-time\",\"url\":\"https:\/\/k-time.it\/en\/\",\"logo\":{\"@type\":\"ImageObject\",\"inLanguage\":\"de\",\"@id\":\"https:\/\/k-time.it\/en\/#\/schema\/logo\/image\/\",\"url\":\"\",\"contentUrl\":\"\",\"caption\":\"K-time\"},\"image\":{\"@id\":\"https:\/\/k-time.it\/en\/#\/schema\/logo\/image\/\"}}]}<\/script>\n<!-- \/ Yoast SEO plugin. -->","yoast_head_json":{"title":"Argan | N\u00e4hrendes \u00f6l - Normales Haar - K-time","description":"Lassen Sie sich von der Sch\u00f6nheit des Goldes verf\u00fchren, mit n\u00e4hrendem Argan\u00f6l, das ideal f\u00fcr alle Haartypen ist.","robots":{"index":"index","follow":"follow","max-snippet":"max-snippet:-1","max-image-preview":"max-image-preview:large","max-video-preview":"max-video-preview:-1"},"canonical":"https:\/\/k-time.it\/products\/treatments\/argan\/olio-di-argan-nutriente-per-capelli\/","og_locale":"de_DE","og_type":"article","og_title":"Argan | N\u00e4hrendes \u00f6l - Normales Haar - K-time","og_description":"Lassen Sie sich von der Sch\u00f6nheit des Goldes verf\u00fchren, mit n\u00e4hrendem Argan\u00f6l, das ideal f\u00fcr alle Haartypen ist.","og_url":"https:\/\/k-time.it\/products\/treatments\/argan\/olio-di-argan-nutriente-per-capelli\/","og_site_name":"K-time","article_modified_time":"2021-05-22T12:51:21+00:00","og_image":[{"width":800,"height":800,"url":"https:\/\/k-time.it\/wp-content\/uploads\/2020\/06\/22010_k-time_argan_time_nourishing_oil_100ml-1.png","type":"image\/png"}],"twitter_card":"summary_large_image","twitter_misc":{"Gesch\u00e4tzte Lesezeit":"2\u00a0Minuten"},"schema":{"@context":"https:\/\/schema.org","@graph":[{"@type":"WebPage","@id":"https:\/\/k-time.it\/products\/treatments\/argan\/olio-di-argan-nutriente-per-capelli\/","url":"https:\/\/k-time.it\/products\/treatments\/argan\/olio-di-argan-nutriente-per-capelli\/","name":"Argan | N\u00e4hrendes \u00f6l - Normales Haar - K-time","isPartOf":{"@id":"https:\/\/k-time.it\/en\/#website"},"primaryImageOfPage":{"@id":"https:\/\/k-time.it\/products\/treatments\/argan\/olio-di-argan-nutriente-per-capelli\/#primaryimage"},"image":{"@id":"https:\/\/k-time.it\/products\/treatments\/argan\/olio-di-argan-nutriente-per-capelli\/#primaryimage"},"thumbnailUrl":"https:\/\/k-time.it\/wp-content\/uploads\/2020\/06\/22010_k-time_argan_time_nourishing_oil_100ml-1.png","datePublished":"2020-06-25T14:46:03+00:00","dateModified":"2021-05-22T12:51:21+00:00","description":"Lassen Sie sich von der Sch\u00f6nheit des Goldes verf\u00fchren, mit n\u00e4hrendem Argan\u00f6l, das ideal f\u00fcr alle Haartypen ist.","breadcrumb":{"@id":"https:\/\/k-time.it\/products\/treatments\/argan\/olio-di-argan-nutriente-per-capelli\/#breadcrumb"},"inLanguage":"de","potentialAction":[{"@type":"ReadAction","target":["https:\/\/k-time.it\/products\/treatments\/argan\/olio-di-argan-nutriente-per-capelli\/"]}]},{"@type":"ImageObject","inLanguage":"de","@id":"https:\/\/k-time.it\/products\/treatments\/argan\/olio-di-argan-nutriente-per-capelli\/#primaryimage","url":"https:\/\/k-time.it\/wp-content\/uploads\/2020\/06\/22010_k-time_argan_time_nourishing_oil_100ml-1.png","contentUrl":"https:\/\/k-time.it\/wp-content\/uploads\/2020\/06\/22010_k-time_argan_time_nourishing_oil_100ml-1.png","width":800,"height":800},{"@type":"BreadcrumbList","@id":"https:\/\/k-time.it\/products\/treatments\/argan\/olio-di-argan-nutriente-per-capelli\/#breadcrumb","itemListElement":[{"@type":"ListItem","position":1,"name":"Home","item":"https:\/\/k-time.it\/de\/"},{"@type":"ListItem","position":2,"name":"Shop","item":"https:\/\/k-time.it\/en\/negozio\/"},{"@type":"ListItem","position":3,"name":"Argan | N\u00e4hrendes \u00f6l &#8211; Normales Haar"}]},{"@type":"WebSite","@id":"https:\/\/k-time.it\/en\/#website","url":"https:\/\/k-time.it\/en\/","name":"K-time","description":"Hair Spa Treatments","publisher":{"@id":"https:\/\/k-time.it\/en\/#organization"},"potentialAction":[{"@type":"SearchAction","target":{"@type":"EntryPoint","urlTemplate":"https:\/\/k-time.it\/en\/?s={search_term_string}"},"query-input":{"@type":"PropertyValueSpecification","valueRequired":true,"valueName":"search_term_string"}}],"inLanguage":"de"},{"@type":"Organization","@id":"https:\/\/k-time.it\/en\/#organization","name":"K-time","url":"https:\/\/k-time.it\/en\/","logo":{"@type":"ImageObject","inLanguage":"de","@id":"https:\/\/k-time.it\/en\/#\/schema\/logo\/image\/","url":"","contentUrl":"","caption":"K-time"},"image":{"@id":"https:\/\/k-time.it\/en\/#\/schema\/logo\/image\/"}}]}},"_links":{"self":[{"href":"https:\/\/k-time.it\/de\/wp-json\/wp\/v2\/product\/13574","targetHints":{"allow":["GET"]}}],"collection":[{"href":"https:\/\/k-time.it\/de\/wp-json\/wp\/v2\/product"}],"about":[{"href":"https:\/\/k-time.it\/de\/wp-json\/wp\/v2\/types\/product"}],"wp:featuredmedia":[{"embeddable":true,"href":"https:\/\/k-time.it\/de\/wp-json\/wp\/v2\/media\/25657"}],"wp:attachment":[{"href":"https:\/\/k-time.it\/de\/wp-json\/wp\/v2\/media?parent=13574"}],"wp:term":[{"taxonomy":"product_brand","embeddable":true,"href":"https:\/\/k-time.it\/de\/wp-json\/wp\/v2\/product_brand?post=13574"},{"taxonomy":"product_cat","embeddable":true,"href":"https:\/\/k-time.it\/de\/wp-json\/wp\/v2\/product_cat?post=13574"},{"taxonomy":"product_tag","embeddable":true,"href":"https:\/\/k-time.it\/de\/wp-json\/wp\/v2\/product_tag?post=13574"}],"curies":[{"name":"wp","href":"https:\/\/api.w.org\/{rel}","templated":true}]}}