{"id":13431,"date":"2020-06-25T16:46:21","date_gmt":"2020-06-25T14:46:21","guid":{"rendered":"https:\/\/k-time.it\/products\/unkategorisiert\/sinergia-de-aceites-esenciales-dermo-calmante\/"},"modified":"2021-06-22T13:45:23","modified_gmt":"2021-06-22T11:45:23","slug":"zusammenspiel-aus-atherischen-und-haut-beruhigenden-olen","status":"publish","type":"product","link":"https:\/\/k-time.it\/de\/products\/color-prodigy\/levia\/zusammenspiel-aus-atherischen-und-haut-beruhigenden-olen\/","title":{"rendered":"Levia | Zusammenspiel aus \u00e4therischen und Haut beruhigenden \u00d6len"},"content":{"rendered":"<div class=\"wpb-content-wrapper\"><p>[vc_row disable_element=&#8220;yes&#8220;][vc_column]<div class=\"ult_exp_section_layer ult-adjust-bottom-margin  \" >\n\t\t<div id=\"uvc-exp-wrap-4170\" role=\"button\" tabindex=\"0\" aria-pressed=\"false\"  data-ultimate-target='#uvc-exp-wrap-4170'  data-responsive-json-new='{\"font-size\":\"desktop:16px;\",\"line-height\":\"desktop:20px;\"}'  class=\"ult_exp_section  ult-responsive \" style=\"color:#ffffff;background-color:#877650; font-weight:normal; padding-top:4px;padding-right:7px;padding-bottom:4px;padding-left:4px;text-align:center;\" data-textcolor=\"#ffffff\"data-texthover=\"#ffffff\"data-icncolor=\"#ffffff\"data-ihover=\"#ffffff\"data-height=\"0\"data-cntbg=\"#877650\"data-cnthvrbg=\"#877650\"data-headerbg=\"#877650\"data-headerhover=\"#877650\"data-title=\"How to buy\"data-newtitle=\"Request purchase info\"data-icon=\"icomoon-the7-font-icon-cart-detailed\"data-newicon=\"icomoon-the7-font-the7-mail-011\"data-activeicon=\"#ffffff\"data-effect=\"slideToggle\"data-override=\"0\"data-activetitle=\"#ffffff\"data-activebg=\"#877650\"data-img=\"\"data-newimg=\"\"><div class=\"ult_exp_section-main ult_expleft_icon\">\t<div class=\"ult-just-icon-wrapper ult_exp_icon\">\n\t\t\t\t\t<div class=\"align-icon \">\n\t\t\t\t\t\t\n<span class=\"aio-icon  none  ult_expsection_icon \"  style=\"color:#ffffff;font-size:20px;\">\n\t<i class=\"icomoon-the7-font-icon-cart-detailed ult_ex_icon\"  ><\/i>\n<\/span>\n\t\t\t\t\t<\/div>\n\t\t\t\t<\/div>\n\t\t\t\t<div class=\"ult_expheader\" >How to buy\n\t\t\t\t<\/div>\n\t\t\t<\/div>\n\t\t<\/div><div class=\"ult_exp_content \" style=\"background-color:#ffffff;  \"><div class=\"ult_ecpsub_cont\" style=\" \" >\n<div class=\"wpcf7 no-js\" id=\"wpcf7-f15155-o1\" lang=\"de-DE\" dir=\"ltr\" data-wpcf7-id=\"15155\">\n<div class=\"screen-reader-response\"><p role=\"status\" aria-live=\"polite\" aria-atomic=\"true\"><\/p> <ul><\/ul><\/div>\n<form action=\"\/de\/wp-json\/wp\/v2\/product\/13431#wpcf7-f15155-o1\" method=\"post\" class=\"wpcf7-form init\" aria-label=\"Kontaktformular\" novalidate=\"novalidate\" data-status=\"init\">\n<fieldset class=\"hidden-fields-container\"><input type=\"hidden\" name=\"_wpcf7\" value=\"15155\" \/><input type=\"hidden\" name=\"_wpcf7_version\" value=\"6.1.4\" \/><input type=\"hidden\" name=\"_wpcf7_locale\" value=\"de_DE\" \/><input type=\"hidden\" name=\"_wpcf7_unit_tag\" value=\"wpcf7-f15155-o1\" \/><input type=\"hidden\" name=\"_wpcf7_container_post\" value=\"0\" \/><input type=\"hidden\" name=\"_wpcf7_posted_data_hash\" value=\"\" \/><input type=\"hidden\" name=\"_wpcf7_recaptcha_response\" value=\"\" \/>\n<\/fieldset>\n<p>Name und Nachname*\n<\/p>\n<p><span class=\"wpcf7-form-control-wrap\" data-name=\"your-name\"><input size=\"40\" maxlength=\"400\" class=\"wpcf7-form-control wpcf7-text wpcf7-validates-as-required\" aria-required=\"true\" aria-invalid=\"false\" value=\"\" type=\"text\" name=\"your-name\" \/><\/span>\n<\/p>\n<p>Email*\n<\/p>\n<p><span class=\"wpcf7-form-control-wrap\" data-name=\"your-email\"><input size=\"40\" maxlength=\"400\" class=\"wpcf7-form-control wpcf7-email wpcf7-validates-as-required wpcf7-text wpcf7-validates-as-email\" aria-required=\"true\" aria-invalid=\"false\" value=\"\" type=\"email\" name=\"your-email\" \/><\/span>\n<\/p>\n<p>Status*\n<\/p>\n<p><span class=\"wpcf7-form-control-wrap\" data-name=\"status\"><span class=\"wpcf7-form-control wpcf7-checkbox wpcf7-validates-as-required wpcf7-exclusive-checkbox\"><span class=\"wpcf7-list-item first\"><span class=\"wpcf7-list-item-label\">Ausgebildeter Friseur<\/span><input type=\"checkbox\" name=\"status\" value=\"Ausgebildeter Friseur\" \/><\/span><span class=\"wpcf7-list-item\"><span class=\"wpcf7-list-item-label\">Lieferant<\/span><input type=\"checkbox\" name=\"status\" value=\"Lieferant\" \/><\/span><span class=\"wpcf7-list-item last\"><span class=\"wpcf7-list-item-label\">Andere<\/span><input type=\"checkbox\" name=\"status\" value=\"Andere\" \/><\/span><\/span><\/span>\n<\/p>\n<p>Land*\n<\/p>\n<p><span class=\"wpcf7-form-control-wrap\" data-name=\"country\"><input size=\"40\" maxlength=\"400\" class=\"wpcf7-form-control wpcf7-text wpcf7-validates-as-required\" aria-required=\"true\" aria-invalid=\"false\" value=\"\" type=\"text\" name=\"country\" \/><\/span>\n<\/p>\n<p>Botschaft*\n<\/p>\n<p><span class=\"wpcf7-form-control-wrap\" data-name=\"your-message\"><textarea cols=\"40\" rows=\"10\" maxlength=\"2000\" class=\"wpcf7-form-control wpcf7-textarea wpcf7-validates-as-required\" aria-required=\"true\" aria-invalid=\"false\" name=\"your-message\"><\/textarea><\/span>\n<\/p>\n<p><span class=\"wpcf7-form-control-wrap\" data-name=\"acceptance-20\"><span class=\"wpcf7-form-control wpcf7-acceptance\"><span class=\"wpcf7-list-item\"><input type=\"checkbox\" name=\"acceptance-20\" value=\"1\" aria-invalid=\"false\" \/><\/span><\/span><\/span> I express my informed, specific and unconditional consent for the company Comprof Milano Srl to proceed with the processing of my personal data to process the requests for information transmitted, as better described in the <a href=\"https:\/\/k-time.it\/de\/privacy-policy\/\" target=\"_blank\" rel=\"noopener\">Privacy Policy<\/a>*\n<\/p>\n<p><small>Diese Website ist durch Google reCAPTCHA <a href=\"https:\/\/policies.google.com\/privacy\"> Datenschutzerkl\u00e4rung <\/a> und <a href=\"https:\/\/policies.google.com\/terms\"> gesch\u00fctzt Nutzungsbedingungen<\/a><\/small>\n<\/p>\n<p><input class=\"wpcf7-form-control wpcf7-submit has-spinner\" type=\"submit\" value=\"Senden\" \/>\n<\/p><div class=\"wpcf7-response-output\" aria-hidden=\"true\"><\/div>\n<\/form>\n<\/div>\n<\/div><\/div>\n\n\t\t\t<\/div>[\/vc_column][\/vc_row][vc_row][vc_column width=&#8220;1\/2&#8243;]<div class=\"standard-arrow list-divider bullet-top\"><h2>Formel<\/h2>\n<ul>\n<li style=\"font-weight: 400;\"><b>Glycyrrhizins\u00e4ure:<\/b><span style=\"font-weight: 400;\"> besitzt eine schmerzstillende Wirkung und ist au\u00dferdem r\u00f6tungs- und entz\u00fcndungshemmend<\/span><\/li>\n<li style=\"font-weight: 400;\"><b>\u00c4therisches Minz\u00f6l:<\/b><span style=\"font-weight: 400;\"> st\u00e4rkt die Haarfaser, regt den Blutkreislauf an und reinigt fettes Haar<\/span><\/li>\n<li style=\"font-weight: 400;\"><b>\u00c4therisches Myrten\u00f6l:<\/b> wirkt <span style=\"font-weight: 400;\">heilend und antibakteriell und besitzt au\u00dferdem eine zusammenziehende Wirkung bei fettiger Haut<\/span><\/li>\n<li style=\"font-weight: 400;\"><b>\u00c4therisches Oregano\u00f6l:<\/b><span style=\"font-weight: 400;\"> besitzt eine entz\u00fcndungshemmende und antiseptische Wirkung<\/span><\/li>\n<li style=\"font-weight: 400;\"><b>\u00c4therisches Zypressen\u00f6l:<\/b><span style=\"font-weight: 400;\"> wirkt st\u00e4rkend und heilend und besitzt au\u00dferdem einen Duft, der eine ausgleichende Wirkung hat<\/span><\/li>\n<li style=\"font-weight: 400;\"><b>Alpha Bisabolol:<\/b><span style=\"font-weight: 400;\"> hat eine beruhigende und sanfte Wirkung auf die Haut<\/span><\/li>\n<li style=\"font-weight: 400;\"><b>Hamamelis Wasser:<\/b><span style=\"font-weight: 400;\"> regt die Durchblutung an, indem es die Mikrozirkulation der Haut aktiviert, und verbessert den Zustand fettiger Haare<\/span><\/li>\n<\/ul>\n<\/div>[\/vc_column][vc_column width=&#8220;1\/2&#8243;]<div class=\"standard-arrow list-divider bullet-top\"><h2>Vorteile<\/h2>\n<ul>\n<li style=\"font-weight: 400;\">Verbessert<span style=\"font-weight: 400;\"> das Erlebnis der Koloration und macht den Farb-Service dadurch noch sanfter<\/span><\/li>\n<li style=\"font-weight: 400;\">Pflegt<span style=\"font-weight: 400;\"> die Haarfaser, indem sie gest\u00e4rkt wird und dadurch noch mehr auf Farbe reagiert<\/span><\/li>\n<li style=\"font-weight: 400;\"><span style=\"font-weight: 400;\">Stellt <\/span>das richtige Gleichgewicht aus Feuchtigkeit und Lipiden her,<span style=\"font-weight: 400;\"> das die Haut ben\u00f6tigt<\/span><\/li>\n<li style=\"font-weight: 400;\"><span style=\"font-weight: 400;\">Stellt eine <\/span><span style=\"font-weight: 400;\">wichtige <\/span>Energiequelle<span style=\"font-weight: 400;\"> f\u00fcr einen ausgeglichenen Stoffwechsel der Haut dar<\/span><\/li>\n<li style=\"font-weight: 400;\"><span style=\"font-weight: 400;\">Es verleiht mehr <\/span>Leuchtkraft <span style=\"font-weight: 400;\">und sorgt f\u00fcr <\/span>leichteres und mit ausreichend Feuchtigkeit versorgtes Haar<\/li>\n<\/ul>\n<\/div>[\/vc_column][\/vc_row][vc_row css=&#8220;.vc_custom_1595317695114{padding-top: 50px !important;}&#8220;][vc_column]<div class=\"dt-fancy-separator h2-size style-thick\" style=\"width: 100%;\"><div class=\"dt-fancy-title\" style=\"color: #333333;\"><span class=\"separator-holder separator-left\" style=\"border-color: #f0f0f0;\"><\/span>Verwandte Produkte<span class=\"separator-holder separator-right\" style=\"border-color: #f0f0f0;\"><\/span><\/div><\/div>[vc_raw_html]JTVCd3BiLXByb2R1Y3Qtc2xpZGVyLXNob3J0Y29kZSUyMGlkJTNEJTIyNzcwJTIyJTVE[\/vc_raw_html][\/vc_column][\/vc_row]<\/p>\n<\/div>","protected":false},"excerpt":{"rendered":"<div class=\"woocommerce-product-details__short-description\">\n<div class=\"woocommerce-product-details__short-description\">\n<p><b>Levia<\/b><span style=\"font-weight: 400;\"> ist das neue <\/span><b>schmerzstillende Konzentrat auf Basis von \u00e4therischen \u00d6len<\/b><span style=\"font-weight: 400;\">, das vor allem durch seine beruhigenden Eigenschaften \u00fcberzeugt. <\/span><\/p>\n<p><span style=\"font-weight: 400;\">Levia wird w\u00e4hrend der Koloration als <\/span><b>Zusatzmittel angewendet<\/b><span style=\"font-weight: 400;\"> und erm\u00f6glicht eine vielf\u00e4ltige <\/span><b>synergetische Wirkung<\/b><span style=\"font-weight: 400;\">: Es f\u00f6rdert die Minderung von Irritationen, die in Verbindung mit chemischen Behandlungen auftreten (Kolorationen und permanente Kolorationen), und wirkt au\u00dferdem auf die Haut <\/span><b>, indem es R\u00f6tungen mildert, das Gleichgewicht wieder herstellt<\/b><span style=\"font-weight: 400;\"> und das Farbergebnis aufwertet. Entwickelt, um mit den <\/span><b>K-time Kolorationen<\/b><span style=\"font-weight: 400;\"> verwendet zu werden<\/span><span style=\"font-weight: 400;\"> (<\/span><span style=\"font-weight: 400;\">Radyca, Free, Gel\u00e9e<\/span><span style=\"font-weight: 400;\"> und <\/span><span style=\"font-weight: 400;\">10 Minuti<\/span><span style=\"font-weight: 400;\">) und mit der<\/span> <strong>Wellen-Lotion<\/strong> <span style=\"font-weight: 400;\">Wild Waves<\/span><span style=\"font-weight: 400;\">.<\/span><\/p>\n<p><span style=\"font-weight: 400;\">Professionelle Anwendung<\/span><\/p>\n<p><span style=\"font-weight: 400;\">Inhalt 50 ml<\/span><\/p>\n<\/div>\n<p>&nbsp;<\/p>\n<p><span style=\"font-weight: 400;\">[vc_row][vc_column][ultimate_exp_section title=\" So k\u00f6nnen Sie das Produkt kaufen\" new_title=\" Informationen zum Kauf erhalten\" text_color=\"#ffffff\" background_color=\"#877650\" text_hovercolor=\"#ffffff\" bghovercolor=\"#877650\" title_active=\"#ffffff\" title_active_bg=\"#877650\" cnt_bg_color=\"#ffffff\" icon=\"icomoon-the7-font-icon-cart-detailed\" new_icon=\"icomoon-the7-font-the7-mail-011\" icon_align=\"left\" icon_size=\"20\" icon_color=\"#ffffff\" icon_hover_color=\"#ffffff\" icon_active_color=\"#ffffff\" title_font_size=\"desktop:16px;\" title_padding=\"padding-top:4px;padding-right:7px;padding-bottom:4px;padding-left:4px;\" icon_margin=\"margin-right:1px;\"][contact-form-7 id=\"496\"][\/ultimate_exp_section][\/vc_column][\/vc_row]<\/span><\/p>\n<\/div>\n","protected":false},"featured_media":17801,"template":"","meta":[],"product_brand":[],"product_cat":[1472,2074],"product_tag":[],"class_list":{"0":"post-13431","1":"product","2":"type-product","3":"status-publish","4":"has-post-thumbnail","6":"product_cat-color-prodigy","7":"product_cat-levia","8":"description-off","10":"first","11":"instock","12":"shipping-taxable","13":"product-type-simple"},"yoast_head":"<!-- This site is optimized with the Yoast SEO plugin v26.8 - https:\/\/yoast.com\/product\/yoast-seo-wordpress\/ -->\n<title>Levia | Zusammenspiel aus \u00e4therischen und Haut beruhigenden \u00d6len - K-time<\/title>\n<meta name=\"description\" content=\"Levia ist das neue schmerzstillende Konzentrat auf Basis von \u00e4therischen \u00d6len das vor allem durch seine beruhigenden Eigenschaften \u00fcberzeugt.\" \/>\n<meta name=\"robots\" content=\"index, follow, max-snippet:-1, max-image-preview:large, max-video-preview:-1\" \/>\n<link rel=\"canonical\" href=\"https:\/\/k-time.it\/de\/products\/color-prodigy\/levia\/zusammenspiel-aus-atherischen-und-haut-beruhigenden-olen\/\" \/>\n<meta property=\"og:locale\" content=\"de_DE\" \/>\n<meta property=\"og:type\" content=\"article\" \/>\n<meta property=\"og:title\" content=\"Levia | Zusammenspiel aus \u00e4therischen und Haut beruhigenden \u00d6len - K-time\" \/>\n<meta property=\"og:description\" content=\"Levia ist das neue schmerzstillende Konzentrat auf Basis von \u00e4therischen \u00d6len das vor allem durch seine beruhigenden Eigenschaften \u00fcberzeugt.\" \/>\n<meta property=\"og:url\" content=\"https:\/\/k-time.it\/de\/products\/color-prodigy\/levia\/zusammenspiel-aus-atherischen-und-haut-beruhigenden-olen\/\" \/>\n<meta property=\"og:site_name\" content=\"K-time\" \/>\n<meta property=\"article:modified_time\" content=\"2021-06-22T11:45:23+00:00\" \/>\n<meta property=\"og:image\" content=\"https:\/\/k-time.it\/wp-content\/uploads\/2020\/06\/21010_k-time_levia_dermo-calming_synergy_essential_oils_50ml.png\" \/>\n\t<meta property=\"og:image:width\" content=\"600\" \/>\n\t<meta property=\"og:image:height\" content=\"600\" \/>\n\t<meta property=\"og:image:type\" content=\"image\/png\" \/>\n<meta name=\"twitter:card\" content=\"summary_large_image\" \/>\n<meta name=\"twitter:label1\" content=\"Gesch\u00e4tzte Lesezeit\" \/>\n\t<meta name=\"twitter:data1\" content=\"1\u00a0Minute\" \/>\n<script type=\"application\/ld+json\" class=\"yoast-schema-graph\">{\"@context\":\"https:\/\/schema.org\",\"@graph\":[{\"@type\":\"WebPage\",\"@id\":\"https:\/\/k-time.it\/de\/products\/color-prodigy\/levia\/zusammenspiel-aus-atherischen-und-haut-beruhigenden-olen\/\",\"url\":\"https:\/\/k-time.it\/de\/products\/color-prodigy\/levia\/zusammenspiel-aus-atherischen-und-haut-beruhigenden-olen\/\",\"name\":\"Levia | Zusammenspiel aus \u00e4therischen und Haut beruhigenden \u00d6len - K-time\",\"isPartOf\":{\"@id\":\"https:\/\/k-time.it\/en\/#website\"},\"primaryImageOfPage\":{\"@id\":\"https:\/\/k-time.it\/de\/products\/color-prodigy\/levia\/zusammenspiel-aus-atherischen-und-haut-beruhigenden-olen\/#primaryimage\"},\"image\":{\"@id\":\"https:\/\/k-time.it\/de\/products\/color-prodigy\/levia\/zusammenspiel-aus-atherischen-und-haut-beruhigenden-olen\/#primaryimage\"},\"thumbnailUrl\":\"https:\/\/k-time.it\/wp-content\/uploads\/2020\/06\/21010_k-time_levia_dermo-calming_synergy_essential_oils_50ml.png\",\"datePublished\":\"2020-06-25T14:46:21+00:00\",\"dateModified\":\"2021-06-22T11:45:23+00:00\",\"description\":\"Levia ist das neue schmerzstillende Konzentrat auf Basis von \u00e4therischen \u00d6len das vor allem durch seine beruhigenden Eigenschaften \u00fcberzeugt.\",\"breadcrumb\":{\"@id\":\"https:\/\/k-time.it\/de\/products\/color-prodigy\/levia\/zusammenspiel-aus-atherischen-und-haut-beruhigenden-olen\/#breadcrumb\"},\"inLanguage\":\"de\",\"potentialAction\":[{\"@type\":\"ReadAction\",\"target\":[\"https:\/\/k-time.it\/de\/products\/color-prodigy\/levia\/zusammenspiel-aus-atherischen-und-haut-beruhigenden-olen\/\"]}]},{\"@type\":\"ImageObject\",\"inLanguage\":\"de\",\"@id\":\"https:\/\/k-time.it\/de\/products\/color-prodigy\/levia\/zusammenspiel-aus-atherischen-und-haut-beruhigenden-olen\/#primaryimage\",\"url\":\"https:\/\/k-time.it\/wp-content\/uploads\/2020\/06\/21010_k-time_levia_dermo-calming_synergy_essential_oils_50ml.png\",\"contentUrl\":\"https:\/\/k-time.it\/wp-content\/uploads\/2020\/06\/21010_k-time_levia_dermo-calming_synergy_essential_oils_50ml.png\",\"width\":600,\"height\":600,\"caption\":\"Levia | Sinergia di Oli essenziali dermo-calmante\"},{\"@type\":\"BreadcrumbList\",\"@id\":\"https:\/\/k-time.it\/de\/products\/color-prodigy\/levia\/zusammenspiel-aus-atherischen-und-haut-beruhigenden-olen\/#breadcrumb\",\"itemListElement\":[{\"@type\":\"ListItem\",\"position\":1,\"name\":\"Home\",\"item\":\"https:\/\/k-time.it\/de\/\"},{\"@type\":\"ListItem\",\"position\":2,\"name\":\"Shop\",\"item\":\"https:\/\/k-time.it\/en\/negozio\/\"},{\"@type\":\"ListItem\",\"position\":3,\"name\":\"Levia | Zusammenspiel aus \u00e4therischen und Haut beruhigenden \u00d6len\"}]},{\"@type\":\"WebSite\",\"@id\":\"https:\/\/k-time.it\/en\/#website\",\"url\":\"https:\/\/k-time.it\/en\/\",\"name\":\"K-time\",\"description\":\"Hair Spa Treatments\",\"publisher\":{\"@id\":\"https:\/\/k-time.it\/en\/#organization\"},\"potentialAction\":[{\"@type\":\"SearchAction\",\"target\":{\"@type\":\"EntryPoint\",\"urlTemplate\":\"https:\/\/k-time.it\/en\/?s={search_term_string}\"},\"query-input\":{\"@type\":\"PropertyValueSpecification\",\"valueRequired\":true,\"valueName\":\"search_term_string\"}}],\"inLanguage\":\"de\"},{\"@type\":\"Organization\",\"@id\":\"https:\/\/k-time.it\/en\/#organization\",\"name\":\"K-time\",\"url\":\"https:\/\/k-time.it\/en\/\",\"logo\":{\"@type\":\"ImageObject\",\"inLanguage\":\"de\",\"@id\":\"https:\/\/k-time.it\/en\/#\/schema\/logo\/image\/\",\"url\":\"\",\"contentUrl\":\"\",\"caption\":\"K-time\"},\"image\":{\"@id\":\"https:\/\/k-time.it\/en\/#\/schema\/logo\/image\/\"}}]}<\/script>\n<!-- \/ Yoast SEO plugin. -->","yoast_head_json":{"title":"Levia | Zusammenspiel aus \u00e4therischen und Haut beruhigenden \u00d6len - K-time","description":"Levia ist das neue schmerzstillende Konzentrat auf Basis von \u00e4therischen \u00d6len das vor allem durch seine beruhigenden Eigenschaften \u00fcberzeugt.","robots":{"index":"index","follow":"follow","max-snippet":"max-snippet:-1","max-image-preview":"max-image-preview:large","max-video-preview":"max-video-preview:-1"},"canonical":"https:\/\/k-time.it\/de\/products\/color-prodigy\/levia\/zusammenspiel-aus-atherischen-und-haut-beruhigenden-olen\/","og_locale":"de_DE","og_type":"article","og_title":"Levia | Zusammenspiel aus \u00e4therischen und Haut beruhigenden \u00d6len - K-time","og_description":"Levia ist das neue schmerzstillende Konzentrat auf Basis von \u00e4therischen \u00d6len das vor allem durch seine beruhigenden Eigenschaften \u00fcberzeugt.","og_url":"https:\/\/k-time.it\/de\/products\/color-prodigy\/levia\/zusammenspiel-aus-atherischen-und-haut-beruhigenden-olen\/","og_site_name":"K-time","article_modified_time":"2021-06-22T11:45:23+00:00","og_image":[{"width":600,"height":600,"url":"https:\/\/k-time.it\/wp-content\/uploads\/2020\/06\/21010_k-time_levia_dermo-calming_synergy_essential_oils_50ml.png","type":"image\/png"}],"twitter_card":"summary_large_image","twitter_misc":{"Gesch\u00e4tzte Lesezeit":"1\u00a0Minute"},"schema":{"@context":"https:\/\/schema.org","@graph":[{"@type":"WebPage","@id":"https:\/\/k-time.it\/de\/products\/color-prodigy\/levia\/zusammenspiel-aus-atherischen-und-haut-beruhigenden-olen\/","url":"https:\/\/k-time.it\/de\/products\/color-prodigy\/levia\/zusammenspiel-aus-atherischen-und-haut-beruhigenden-olen\/","name":"Levia | Zusammenspiel aus \u00e4therischen und Haut beruhigenden \u00d6len - K-time","isPartOf":{"@id":"https:\/\/k-time.it\/en\/#website"},"primaryImageOfPage":{"@id":"https:\/\/k-time.it\/de\/products\/color-prodigy\/levia\/zusammenspiel-aus-atherischen-und-haut-beruhigenden-olen\/#primaryimage"},"image":{"@id":"https:\/\/k-time.it\/de\/products\/color-prodigy\/levia\/zusammenspiel-aus-atherischen-und-haut-beruhigenden-olen\/#primaryimage"},"thumbnailUrl":"https:\/\/k-time.it\/wp-content\/uploads\/2020\/06\/21010_k-time_levia_dermo-calming_synergy_essential_oils_50ml.png","datePublished":"2020-06-25T14:46:21+00:00","dateModified":"2021-06-22T11:45:23+00:00","description":"Levia ist das neue schmerzstillende Konzentrat auf Basis von \u00e4therischen \u00d6len das vor allem durch seine beruhigenden Eigenschaften \u00fcberzeugt.","breadcrumb":{"@id":"https:\/\/k-time.it\/de\/products\/color-prodigy\/levia\/zusammenspiel-aus-atherischen-und-haut-beruhigenden-olen\/#breadcrumb"},"inLanguage":"de","potentialAction":[{"@type":"ReadAction","target":["https:\/\/k-time.it\/de\/products\/color-prodigy\/levia\/zusammenspiel-aus-atherischen-und-haut-beruhigenden-olen\/"]}]},{"@type":"ImageObject","inLanguage":"de","@id":"https:\/\/k-time.it\/de\/products\/color-prodigy\/levia\/zusammenspiel-aus-atherischen-und-haut-beruhigenden-olen\/#primaryimage","url":"https:\/\/k-time.it\/wp-content\/uploads\/2020\/06\/21010_k-time_levia_dermo-calming_synergy_essential_oils_50ml.png","contentUrl":"https:\/\/k-time.it\/wp-content\/uploads\/2020\/06\/21010_k-time_levia_dermo-calming_synergy_essential_oils_50ml.png","width":600,"height":600,"caption":"Levia | Sinergia di Oli essenziali dermo-calmante"},{"@type":"BreadcrumbList","@id":"https:\/\/k-time.it\/de\/products\/color-prodigy\/levia\/zusammenspiel-aus-atherischen-und-haut-beruhigenden-olen\/#breadcrumb","itemListElement":[{"@type":"ListItem","position":1,"name":"Home","item":"https:\/\/k-time.it\/de\/"},{"@type":"ListItem","position":2,"name":"Shop","item":"https:\/\/k-time.it\/en\/negozio\/"},{"@type":"ListItem","position":3,"name":"Levia | Zusammenspiel aus \u00e4therischen und Haut beruhigenden \u00d6len"}]},{"@type":"WebSite","@id":"https:\/\/k-time.it\/en\/#website","url":"https:\/\/k-time.it\/en\/","name":"K-time","description":"Hair Spa Treatments","publisher":{"@id":"https:\/\/k-time.it\/en\/#organization"},"potentialAction":[{"@type":"SearchAction","target":{"@type":"EntryPoint","urlTemplate":"https:\/\/k-time.it\/en\/?s={search_term_string}"},"query-input":{"@type":"PropertyValueSpecification","valueRequired":true,"valueName":"search_term_string"}}],"inLanguage":"de"},{"@type":"Organization","@id":"https:\/\/k-time.it\/en\/#organization","name":"K-time","url":"https:\/\/k-time.it\/en\/","logo":{"@type":"ImageObject","inLanguage":"de","@id":"https:\/\/k-time.it\/en\/#\/schema\/logo\/image\/","url":"","contentUrl":"","caption":"K-time"},"image":{"@id":"https:\/\/k-time.it\/en\/#\/schema\/logo\/image\/"}}]}},"_links":{"self":[{"href":"https:\/\/k-time.it\/de\/wp-json\/wp\/v2\/product\/13431","targetHints":{"allow":["GET"]}}],"collection":[{"href":"https:\/\/k-time.it\/de\/wp-json\/wp\/v2\/product"}],"about":[{"href":"https:\/\/k-time.it\/de\/wp-json\/wp\/v2\/types\/product"}],"wp:featuredmedia":[{"embeddable":true,"href":"https:\/\/k-time.it\/de\/wp-json\/wp\/v2\/media\/17801"}],"wp:attachment":[{"href":"https:\/\/k-time.it\/de\/wp-json\/wp\/v2\/media?parent=13431"}],"wp:term":[{"taxonomy":"product_brand","embeddable":true,"href":"https:\/\/k-time.it\/de\/wp-json\/wp\/v2\/product_brand?post=13431"},{"taxonomy":"product_cat","embeddable":true,"href":"https:\/\/k-time.it\/de\/wp-json\/wp\/v2\/product_cat?post=13431"},{"taxonomy":"product_tag","embeddable":true,"href":"https:\/\/k-time.it\/de\/wp-json\/wp\/v2\/product_tag?post=13431"}],"curies":[{"name":"wp","href":"https:\/\/api.w.org\/{rel}","templated":true}]}}