{"id":13397,"date":"2020-06-25T16:46:21","date_gmt":"2020-06-25T14:46:21","guid":{"rendered":"https:\/\/k-time.it\/products\/unkategorisiert\/glam-shiny-outfit-spray-abrillantador-de-larga-duracion\/"},"modified":"2021-06-24T09:28:14","modified_gmt":"2021-06-24T07:28:14","slug":"lang-anhaltendes-glanz-spray-mit-baumwollsamenol-und-elastin","status":"publish","type":"product","link":"https:\/\/k-time.it\/de\/products\/styling-trend\/lang-anhaltendes-glanz-spray-mit-baumwollsamenol-und-elastin\/","title":{"rendered":"Glam | Shiny Outfit \u2013 Lang anhaltendes Glanz-Spray"},"content":{"rendered":"<div class=\"wpb-content-wrapper\"><p>[vc_row disable_element=&#8220;yes&#8220;][vc_column]<div class=\"ult_exp_section_layer ult-adjust-bottom-margin  \" >\n\t\t<div id=\"uvc-exp-wrap-5241\" role=\"button\" tabindex=\"0\" aria-pressed=\"false\"  data-ultimate-target='#uvc-exp-wrap-5241'  data-responsive-json-new='{\"font-size\":\"desktop:16px;\",\"line-height\":\"desktop:20px;\"}'  class=\"ult_exp_section  ult-responsive \" style=\"color:#ffffff;background-color:#877650; font-weight:normal; padding-top:4px;padding-right:7px;padding-bottom:4px;padding-left:4px;text-align:center;\" data-textcolor=\"#ffffff\"data-texthover=\"#ffffff\"data-icncolor=\"#ffffff\"data-ihover=\"#ffffff\"data-height=\"0\"data-cntbg=\"#877650\"data-cnthvrbg=\"#877650\"data-headerbg=\"#877650\"data-headerhover=\"#877650\"data-title=\"How to buy\"data-newtitle=\"Request purchase info\"data-icon=\"icomoon-the7-font-icon-cart-detailed\"data-newicon=\"icomoon-the7-font-the7-mail-011\"data-activeicon=\"#ffffff\"data-effect=\"slideToggle\"data-override=\"0\"data-activetitle=\"#ffffff\"data-activebg=\"#877650\"data-img=\"\"data-newimg=\"\"><div class=\"ult_exp_section-main ult_expleft_icon\">\t<div class=\"ult-just-icon-wrapper ult_exp_icon\">\n\t\t\t\t\t<div class=\"align-icon \">\n\t\t\t\t\t\t\n<span class=\"aio-icon  none  ult_expsection_icon \"  style=\"color:#ffffff;font-size:20px;\">\n\t<i class=\"icomoon-the7-font-icon-cart-detailed ult_ex_icon\"  ><\/i>\n<\/span>\n\t\t\t\t\t<\/div>\n\t\t\t\t<\/div>\n\t\t\t\t<div class=\"ult_expheader\" >How to buy\n\t\t\t\t<\/div>\n\t\t\t<\/div>\n\t\t<\/div><div class=\"ult_exp_content \" style=\"background-color:#ffffff;  \"><div class=\"ult_ecpsub_cont\" style=\" \" >\n<div class=\"wpcf7 no-js\" id=\"wpcf7-f15155-o1\" lang=\"de-DE\" dir=\"ltr\" data-wpcf7-id=\"15155\">\n<div class=\"screen-reader-response\"><p role=\"status\" aria-live=\"polite\" aria-atomic=\"true\"><\/p> <ul><\/ul><\/div>\n<form action=\"\/de\/wp-json\/wp\/v2\/product\/13397#wpcf7-f15155-o1\" method=\"post\" class=\"wpcf7-form init\" aria-label=\"Kontaktformular\" novalidate=\"novalidate\" data-status=\"init\">\n<fieldset class=\"hidden-fields-container\"><input type=\"hidden\" name=\"_wpcf7\" value=\"15155\" \/><input type=\"hidden\" name=\"_wpcf7_version\" value=\"6.1.4\" \/><input type=\"hidden\" name=\"_wpcf7_locale\" value=\"de_DE\" \/><input type=\"hidden\" name=\"_wpcf7_unit_tag\" value=\"wpcf7-f15155-o1\" \/><input type=\"hidden\" name=\"_wpcf7_container_post\" value=\"0\" \/><input type=\"hidden\" name=\"_wpcf7_posted_data_hash\" value=\"\" \/><input type=\"hidden\" name=\"_wpcf7_recaptcha_response\" value=\"\" \/>\n<\/fieldset>\n<p>Name und Nachname*\n<\/p>\n<p><span class=\"wpcf7-form-control-wrap\" data-name=\"your-name\"><input size=\"40\" maxlength=\"400\" class=\"wpcf7-form-control wpcf7-text wpcf7-validates-as-required\" aria-required=\"true\" aria-invalid=\"false\" value=\"\" type=\"text\" name=\"your-name\" \/><\/span>\n<\/p>\n<p>Email*\n<\/p>\n<p><span class=\"wpcf7-form-control-wrap\" data-name=\"your-email\"><input size=\"40\" maxlength=\"400\" class=\"wpcf7-form-control wpcf7-email wpcf7-validates-as-required wpcf7-text wpcf7-validates-as-email\" aria-required=\"true\" aria-invalid=\"false\" value=\"\" type=\"email\" name=\"your-email\" \/><\/span>\n<\/p>\n<p>Status*\n<\/p>\n<p><span class=\"wpcf7-form-control-wrap\" data-name=\"status\"><span class=\"wpcf7-form-control wpcf7-checkbox wpcf7-validates-as-required wpcf7-exclusive-checkbox\"><span class=\"wpcf7-list-item first\"><span class=\"wpcf7-list-item-label\">Ausgebildeter Friseur<\/span><input type=\"checkbox\" name=\"status\" value=\"Ausgebildeter Friseur\" \/><\/span><span class=\"wpcf7-list-item\"><span class=\"wpcf7-list-item-label\">Lieferant<\/span><input type=\"checkbox\" name=\"status\" value=\"Lieferant\" \/><\/span><span class=\"wpcf7-list-item last\"><span class=\"wpcf7-list-item-label\">Andere<\/span><input type=\"checkbox\" name=\"status\" value=\"Andere\" \/><\/span><\/span><\/span>\n<\/p>\n<p>Land*\n<\/p>\n<p><span class=\"wpcf7-form-control-wrap\" data-name=\"country\"><input size=\"40\" maxlength=\"400\" class=\"wpcf7-form-control wpcf7-text wpcf7-validates-as-required\" aria-required=\"true\" aria-invalid=\"false\" value=\"\" type=\"text\" name=\"country\" \/><\/span>\n<\/p>\n<p>Botschaft*\n<\/p>\n<p><span class=\"wpcf7-form-control-wrap\" data-name=\"your-message\"><textarea cols=\"40\" rows=\"10\" maxlength=\"2000\" class=\"wpcf7-form-control wpcf7-textarea wpcf7-validates-as-required\" aria-required=\"true\" aria-invalid=\"false\" name=\"your-message\"><\/textarea><\/span>\n<\/p>\n<p><span class=\"wpcf7-form-control-wrap\" data-name=\"acceptance-20\"><span class=\"wpcf7-form-control wpcf7-acceptance\"><span class=\"wpcf7-list-item\"><input type=\"checkbox\" name=\"acceptance-20\" value=\"1\" aria-invalid=\"false\" \/><\/span><\/span><\/span> I express my informed, specific and unconditional consent for the company Comprof Milano Srl to proceed with the processing of my personal data to process the requests for information transmitted, as better described in the <a href=\"https:\/\/k-time.it\/de\/privacy-policy\/\" target=\"_blank\" rel=\"noopener\">Privacy Policy<\/a>*\n<\/p>\n<p><small>Diese Website ist durch Google reCAPTCHA <a href=\"https:\/\/policies.google.com\/privacy\"> Datenschutzerkl\u00e4rung <\/a> und <a href=\"https:\/\/policies.google.com\/terms\"> gesch\u00fctzt Nutzungsbedingungen<\/a><\/small>\n<\/p>\n<p><input class=\"wpcf7-form-control wpcf7-submit has-spinner\" type=\"submit\" value=\"Senden\" \/>\n<\/p><div class=\"wpcf7-response-output\" aria-hidden=\"true\"><\/div>\n<\/form>\n<\/div>\n<\/div><\/div>\n\n\t\t\t<\/div>[\/vc_column][\/vc_row][vc_row][vc_column width=&#8220;1\/2&#8243;]<div class=\"standard-arrow list-divider bullet-top\"><h2>Formel<\/h2>\n<ul>\n<li style=\"font-weight: 400;\"><b>Baumwollsamen\u00f6l: <\/b>d<span style=\"font-weight: 400;\">er hohe Gehalt an Tocopherol verleiht hervorragende antioxidative Eigenschaften. Macht das Haar weich und leuchtend<\/span><\/li>\n<li style=\"font-weight: 400;\"><b>Elastin:<\/b><span style=\"font-weight: 400;\"> faserprotein des Bindegewebes, das zwei wesentliche Aminos\u00e4uren enth\u00e4lt: Isodesmosin und Desmosin, die diesem Protein seine spezielle Elastizit\u00e4t verleihen<\/span><\/li>\n<li style=\"font-weight: 400;\"><span style=\"font-weight: 400;\">Enth\u00e4lt keine <\/span><b>Parabene<\/b><\/li>\n<\/ul>\n<\/div>[\/vc_column][vc_column width=&#8220;1\/2&#8243;]<div class=\"standard-arrow list-divider bullet-top\"><h2>Vorteile<\/h2>\n<ul>\n<li style=\"font-weight: 400;\">Verleiht dem Haar eine herausragende Leuchtkraft mit Spiegel-Effekt<\/li>\n<li style=\"font-weight: 400;\">Besitzt eine lang anhaltende elastisch machende Wirkung,<\/li>\n<li style=\"font-weight: 400;\">N\u00e4hrt die Haarfaser und versorgt sie mit Feuchtigkeit<\/li>\n<li style=\"font-weight: 400;\">Angereichert mit Baumwollsamen\u00f6l und Elastin<\/li>\n<li style=\"font-weight: 400;\">Fettet nicht und beschwert das Haar nicht<\/li>\n<\/ul>\n<\/div>[\/vc_column][\/vc_row][vc_row css=&#8220;.vc_custom_1595317695114{padding-top: 50px !important;}&#8220;][vc_column]<div class=\"dt-fancy-separator h2-size style-thick\" style=\"width: 100%;\"><div class=\"dt-fancy-title\" style=\"color: #333333;\"><span class=\"separator-holder separator-left\" style=\"border-color: #f0f0f0;\"><\/span>Verwandte Produkte<span class=\"separator-holder separator-right\" style=\"border-color: #f0f0f0;\"><\/span><\/div><\/div>[vc_raw_html]JTVCd3BiLXByb2R1Y3Qtc2xpZGVyLXNob3J0Y29kZSUyMGlkJTNEJTIyMjI5MCUyMiU1RA==[\/vc_raw_html][\/vc_column][\/vc_row]<\/p>\n<\/div>","protected":false},"excerpt":{"rendered":"<div class=\"woocommerce-product-details__short-description\">\n<p><b>Shiny Outfit<\/b> <span style=\"font-weight: 400;\">ist das lang anhaltende Glanz-Spray mit <\/span><b>[glossary_exclude]Baumwollsamen\u00f6l[\/glossary_exclude]<\/b><span style=\"font-weight: 400;\"> und<\/span> <b>[glossary_exclude]Elastin[\/glossary_exclude]<\/b><span style=\"font-weight: 400;\"> und einer ultra leichten Formel, die von K-time entwickelt wurde.<\/span><\/p>\n<p><span style=\"font-weight: 400;\">Dank der aufhellenden Eigenschaften des <\/span><span style=\"font-weight: 400;\">[glossary_exclude]Baumwollsamen\u00f6ls[\/glossary_exclude]<\/span><span style=\"font-weight: 400;\"> und der elastischen Wirkung von <\/span><span style=\"font-weight: 400;\">[glossary_exclude]Elastin[\/glossary_exclude]<\/span><span style=\"font-weight: 400;\">, verleiht es dem Haar eine au\u00dfergew\u00f6hnliche Leuchtkraft mit Spiegel-Effekt, ohne zu fetten oder das Haar zu beschweren.<\/span><\/p>\n<p><span style=\"font-weight: 400;\">Inhalt 300 ml<\/span><\/p>\n<p>&nbsp;<\/p>\n<p><span style=\"font-weight: 400;\">[vc_row][vc_column][ultimate_exp_section title=\" So k\u00f6nnen Sie das Produkt kaufen\" new_title=\" Informationen zum Kauf erhalten\" text_color=\"#ffffff\" background_color=\"#877650\" text_hovercolor=\"#ffffff\" bghovercolor=\"#877650\" title_active=\"#ffffff\" title_active_bg=\"#877650\" cnt_bg_color=\"#ffffff\" icon=\"icomoon-the7-font-icon-cart-detailed\" new_icon=\"icomoon-the7-font-the7-mail-011\" icon_align=\"left\" icon_size=\"20\" icon_color=\"#ffffff\" icon_hover_color=\"#ffffff\" icon_active_color=\"#ffffff\" title_font_size=\"desktop:16px;\" title_padding=\"padding-top:4px;padding-right:7px;padding-bottom:4px;padding-left:4px;\" icon_margin=\"margin-right:1px;\"][contact-form-7 id=\"496\"][\/ultimate_exp_section][\/vc_column][\/vc_row]<\/span><\/p>\n<\/div>\n","protected":false},"featured_media":17955,"template":"","meta":[],"product_brand":[],"product_cat":[1463],"product_tag":[],"class_list":{"0":"post-13397","1":"product","2":"type-product","3":"status-publish","4":"has-post-thumbnail","6":"product_cat-styling-trend","7":"description-off","9":"first","10":"instock","11":"shipping-taxable","12":"product-type-simple"},"yoast_head":"<!-- This site is optimized with the Yoast SEO plugin v26.8 - https:\/\/yoast.com\/product\/yoast-seo-wordpress\/ -->\n<title>Glam | Shiny Outfit \u2013 Lang anhaltendes Glanz-Spray - K-time<\/title>\n<meta name=\"description\" content=\"Shiny Outfit ist das lang anhaltende Glanz-Spray mit Baumwollsamen\u00f6l und Elastin und einer ultra leichten Formel.\" \/>\n<meta name=\"robots\" content=\"index, follow, max-snippet:-1, max-image-preview:large, max-video-preview:-1\" \/>\n<link rel=\"canonical\" href=\"https:\/\/k-time.it\/de\/products\/styling-trend\/lang-anhaltendes-glanz-spray-mit-baumwollsamenol-und-elastin\/\" \/>\n<meta property=\"og:locale\" content=\"de_DE\" \/>\n<meta property=\"og:type\" content=\"article\" \/>\n<meta property=\"og:title\" content=\"Glam | Shiny Outfit \u2013 Lang anhaltendes Glanz-Spray - K-time\" \/>\n<meta property=\"og:description\" content=\"Shiny Outfit ist das lang anhaltende Glanz-Spray mit Baumwollsamen\u00f6l und Elastin und einer ultra leichten Formel.\" \/>\n<meta property=\"og:url\" content=\"https:\/\/k-time.it\/de\/products\/styling-trend\/lang-anhaltendes-glanz-spray-mit-baumwollsamenol-und-elastin\/\" \/>\n<meta property=\"og:site_name\" content=\"K-time\" \/>\n<meta property=\"article:modified_time\" content=\"2021-06-24T07:28:14+00:00\" \/>\n<meta property=\"og:image\" content=\"https:\/\/k-time.it\/wp-content\/uploads\/2020\/07\/23011_k-time_glam_shiny_outfit_long-lasting_shine_hair_spray_300ml-1.png\" \/>\n\t<meta property=\"og:image:width\" content=\"600\" \/>\n\t<meta property=\"og:image:height\" content=\"600\" \/>\n\t<meta property=\"og:image:type\" content=\"image\/png\" \/>\n<meta name=\"twitter:card\" content=\"summary_large_image\" \/>\n<meta name=\"twitter:label1\" content=\"Gesch\u00e4tzte Lesezeit\" \/>\n\t<meta name=\"twitter:data1\" content=\"1\u00a0Minute\" \/>\n<script type=\"application\/ld+json\" class=\"yoast-schema-graph\">{\"@context\":\"https:\/\/schema.org\",\"@graph\":[{\"@type\":\"WebPage\",\"@id\":\"https:\/\/k-time.it\/de\/products\/styling-trend\/lang-anhaltendes-glanz-spray-mit-baumwollsamenol-und-elastin\/\",\"url\":\"https:\/\/k-time.it\/de\/products\/styling-trend\/lang-anhaltendes-glanz-spray-mit-baumwollsamenol-und-elastin\/\",\"name\":\"Glam | Shiny Outfit \u2013 Lang anhaltendes Glanz-Spray - K-time\",\"isPartOf\":{\"@id\":\"https:\/\/k-time.it\/en\/#website\"},\"primaryImageOfPage\":{\"@id\":\"https:\/\/k-time.it\/de\/products\/styling-trend\/lang-anhaltendes-glanz-spray-mit-baumwollsamenol-und-elastin\/#primaryimage\"},\"image\":{\"@id\":\"https:\/\/k-time.it\/de\/products\/styling-trend\/lang-anhaltendes-glanz-spray-mit-baumwollsamenol-und-elastin\/#primaryimage\"},\"thumbnailUrl\":\"https:\/\/k-time.it\/wp-content\/uploads\/2020\/07\/23011_k-time_glam_shiny_outfit_long-lasting_shine_hair_spray_300ml-1.png\",\"datePublished\":\"2020-06-25T14:46:21+00:00\",\"dateModified\":\"2021-06-24T07:28:14+00:00\",\"description\":\"Shiny Outfit ist das lang anhaltende Glanz-Spray mit Baumwollsamen\u00f6l und Elastin und einer ultra leichten Formel.\",\"breadcrumb\":{\"@id\":\"https:\/\/k-time.it\/de\/products\/styling-trend\/lang-anhaltendes-glanz-spray-mit-baumwollsamenol-und-elastin\/#breadcrumb\"},\"inLanguage\":\"de\",\"potentialAction\":[{\"@type\":\"ReadAction\",\"target\":[\"https:\/\/k-time.it\/de\/products\/styling-trend\/lang-anhaltendes-glanz-spray-mit-baumwollsamenol-und-elastin\/\"]}]},{\"@type\":\"ImageObject\",\"inLanguage\":\"de\",\"@id\":\"https:\/\/k-time.it\/de\/products\/styling-trend\/lang-anhaltendes-glanz-spray-mit-baumwollsamenol-und-elastin\/#primaryimage\",\"url\":\"https:\/\/k-time.it\/wp-content\/uploads\/2020\/07\/23011_k-time_glam_shiny_outfit_long-lasting_shine_hair_spray_300ml-1.png\",\"contentUrl\":\"https:\/\/k-time.it\/wp-content\/uploads\/2020\/07\/23011_k-time_glam_shiny_outfit_long-lasting_shine_hair_spray_300ml-1.png\",\"width\":600,\"height\":600,\"caption\":\"Glam | Shiny Outfit \u2013 Spray Brillantezza Lunga Durata\"},{\"@type\":\"BreadcrumbList\",\"@id\":\"https:\/\/k-time.it\/de\/products\/styling-trend\/lang-anhaltendes-glanz-spray-mit-baumwollsamenol-und-elastin\/#breadcrumb\",\"itemListElement\":[{\"@type\":\"ListItem\",\"position\":1,\"name\":\"Home\",\"item\":\"https:\/\/k-time.it\/de\/\"},{\"@type\":\"ListItem\",\"position\":2,\"name\":\"Shop\",\"item\":\"https:\/\/k-time.it\/en\/negozio\/\"},{\"@type\":\"ListItem\",\"position\":3,\"name\":\"Glam | Shiny Outfit \u2013 Lang anhaltendes Glanz-Spray\"}]},{\"@type\":\"WebSite\",\"@id\":\"https:\/\/k-time.it\/en\/#website\",\"url\":\"https:\/\/k-time.it\/en\/\",\"name\":\"K-time\",\"description\":\"Hair Spa Treatments\",\"publisher\":{\"@id\":\"https:\/\/k-time.it\/en\/#organization\"},\"potentialAction\":[{\"@type\":\"SearchAction\",\"target\":{\"@type\":\"EntryPoint\",\"urlTemplate\":\"https:\/\/k-time.it\/en\/?s={search_term_string}\"},\"query-input\":{\"@type\":\"PropertyValueSpecification\",\"valueRequired\":true,\"valueName\":\"search_term_string\"}}],\"inLanguage\":\"de\"},{\"@type\":\"Organization\",\"@id\":\"https:\/\/k-time.it\/en\/#organization\",\"name\":\"K-time\",\"url\":\"https:\/\/k-time.it\/en\/\",\"logo\":{\"@type\":\"ImageObject\",\"inLanguage\":\"de\",\"@id\":\"https:\/\/k-time.it\/en\/#\/schema\/logo\/image\/\",\"url\":\"\",\"contentUrl\":\"\",\"caption\":\"K-time\"},\"image\":{\"@id\":\"https:\/\/k-time.it\/en\/#\/schema\/logo\/image\/\"}}]}<\/script>\n<!-- \/ Yoast SEO plugin. -->","yoast_head_json":{"title":"Glam | Shiny Outfit \u2013 Lang anhaltendes Glanz-Spray - K-time","description":"Shiny Outfit ist das lang anhaltende Glanz-Spray mit Baumwollsamen\u00f6l und Elastin und einer ultra leichten Formel.","robots":{"index":"index","follow":"follow","max-snippet":"max-snippet:-1","max-image-preview":"max-image-preview:large","max-video-preview":"max-video-preview:-1"},"canonical":"https:\/\/k-time.it\/de\/products\/styling-trend\/lang-anhaltendes-glanz-spray-mit-baumwollsamenol-und-elastin\/","og_locale":"de_DE","og_type":"article","og_title":"Glam | Shiny Outfit \u2013 Lang anhaltendes Glanz-Spray - K-time","og_description":"Shiny Outfit ist das lang anhaltende Glanz-Spray mit Baumwollsamen\u00f6l und Elastin und einer ultra leichten Formel.","og_url":"https:\/\/k-time.it\/de\/products\/styling-trend\/lang-anhaltendes-glanz-spray-mit-baumwollsamenol-und-elastin\/","og_site_name":"K-time","article_modified_time":"2021-06-24T07:28:14+00:00","og_image":[{"width":600,"height":600,"url":"https:\/\/k-time.it\/wp-content\/uploads\/2020\/07\/23011_k-time_glam_shiny_outfit_long-lasting_shine_hair_spray_300ml-1.png","type":"image\/png"}],"twitter_card":"summary_large_image","twitter_misc":{"Gesch\u00e4tzte Lesezeit":"1\u00a0Minute"},"schema":{"@context":"https:\/\/schema.org","@graph":[{"@type":"WebPage","@id":"https:\/\/k-time.it\/de\/products\/styling-trend\/lang-anhaltendes-glanz-spray-mit-baumwollsamenol-und-elastin\/","url":"https:\/\/k-time.it\/de\/products\/styling-trend\/lang-anhaltendes-glanz-spray-mit-baumwollsamenol-und-elastin\/","name":"Glam | Shiny Outfit \u2013 Lang anhaltendes Glanz-Spray - K-time","isPartOf":{"@id":"https:\/\/k-time.it\/en\/#website"},"primaryImageOfPage":{"@id":"https:\/\/k-time.it\/de\/products\/styling-trend\/lang-anhaltendes-glanz-spray-mit-baumwollsamenol-und-elastin\/#primaryimage"},"image":{"@id":"https:\/\/k-time.it\/de\/products\/styling-trend\/lang-anhaltendes-glanz-spray-mit-baumwollsamenol-und-elastin\/#primaryimage"},"thumbnailUrl":"https:\/\/k-time.it\/wp-content\/uploads\/2020\/07\/23011_k-time_glam_shiny_outfit_long-lasting_shine_hair_spray_300ml-1.png","datePublished":"2020-06-25T14:46:21+00:00","dateModified":"2021-06-24T07:28:14+00:00","description":"Shiny Outfit ist das lang anhaltende Glanz-Spray mit Baumwollsamen\u00f6l und Elastin und einer ultra leichten Formel.","breadcrumb":{"@id":"https:\/\/k-time.it\/de\/products\/styling-trend\/lang-anhaltendes-glanz-spray-mit-baumwollsamenol-und-elastin\/#breadcrumb"},"inLanguage":"de","potentialAction":[{"@type":"ReadAction","target":["https:\/\/k-time.it\/de\/products\/styling-trend\/lang-anhaltendes-glanz-spray-mit-baumwollsamenol-und-elastin\/"]}]},{"@type":"ImageObject","inLanguage":"de","@id":"https:\/\/k-time.it\/de\/products\/styling-trend\/lang-anhaltendes-glanz-spray-mit-baumwollsamenol-und-elastin\/#primaryimage","url":"https:\/\/k-time.it\/wp-content\/uploads\/2020\/07\/23011_k-time_glam_shiny_outfit_long-lasting_shine_hair_spray_300ml-1.png","contentUrl":"https:\/\/k-time.it\/wp-content\/uploads\/2020\/07\/23011_k-time_glam_shiny_outfit_long-lasting_shine_hair_spray_300ml-1.png","width":600,"height":600,"caption":"Glam | Shiny Outfit \u2013 Spray Brillantezza Lunga Durata"},{"@type":"BreadcrumbList","@id":"https:\/\/k-time.it\/de\/products\/styling-trend\/lang-anhaltendes-glanz-spray-mit-baumwollsamenol-und-elastin\/#breadcrumb","itemListElement":[{"@type":"ListItem","position":1,"name":"Home","item":"https:\/\/k-time.it\/de\/"},{"@type":"ListItem","position":2,"name":"Shop","item":"https:\/\/k-time.it\/en\/negozio\/"},{"@type":"ListItem","position":3,"name":"Glam | Shiny Outfit \u2013 Lang anhaltendes Glanz-Spray"}]},{"@type":"WebSite","@id":"https:\/\/k-time.it\/en\/#website","url":"https:\/\/k-time.it\/en\/","name":"K-time","description":"Hair Spa Treatments","publisher":{"@id":"https:\/\/k-time.it\/en\/#organization"},"potentialAction":[{"@type":"SearchAction","target":{"@type":"EntryPoint","urlTemplate":"https:\/\/k-time.it\/en\/?s={search_term_string}"},"query-input":{"@type":"PropertyValueSpecification","valueRequired":true,"valueName":"search_term_string"}}],"inLanguage":"de"},{"@type":"Organization","@id":"https:\/\/k-time.it\/en\/#organization","name":"K-time","url":"https:\/\/k-time.it\/en\/","logo":{"@type":"ImageObject","inLanguage":"de","@id":"https:\/\/k-time.it\/en\/#\/schema\/logo\/image\/","url":"","contentUrl":"","caption":"K-time"},"image":{"@id":"https:\/\/k-time.it\/en\/#\/schema\/logo\/image\/"}}]}},"_links":{"self":[{"href":"https:\/\/k-time.it\/de\/wp-json\/wp\/v2\/product\/13397","targetHints":{"allow":["GET"]}}],"collection":[{"href":"https:\/\/k-time.it\/de\/wp-json\/wp\/v2\/product"}],"about":[{"href":"https:\/\/k-time.it\/de\/wp-json\/wp\/v2\/types\/product"}],"wp:featuredmedia":[{"embeddable":true,"href":"https:\/\/k-time.it\/de\/wp-json\/wp\/v2\/media\/17955"}],"wp:attachment":[{"href":"https:\/\/k-time.it\/de\/wp-json\/wp\/v2\/media?parent=13397"}],"wp:term":[{"taxonomy":"product_brand","embeddable":true,"href":"https:\/\/k-time.it\/de\/wp-json\/wp\/v2\/product_brand?post=13397"},{"taxonomy":"product_cat","embeddable":true,"href":"https:\/\/k-time.it\/de\/wp-json\/wp\/v2\/product_cat?post=13397"},{"taxonomy":"product_tag","embeddable":true,"href":"https:\/\/k-time.it\/de\/wp-json\/wp\/v2\/product_tag?post=13397"}],"curies":[{"name":"wp","href":"https:\/\/api.w.org\/{rel}","templated":true}]}}