{"id":13311,"date":"2020-06-25T16:46:22","date_gmt":"2020-06-25T14:46:22","guid":{"rendered":"https:\/\/k-time.it\/products\/unkategorisiert\/downdruff-champu-purificador-anticaspa\/"},"modified":"2021-06-05T12:22:16","modified_gmt":"2021-06-05T10:22:16","slug":"downdruff-reinigendes-shampoo-gegen-schuppen-250-ml","status":"publish","type":"product","link":"https:\/\/k-time.it\/de\/products\/treatments\/matirya\/downdruff\/downdruff-reinigendes-shampoo-gegen-schuppen-250-ml\/","title":{"rendered":"Downdruff |  Reinigendes Shampoo gegen Schuppen"},"content":{"rendered":"<div class=\"wpb-content-wrapper\"><p>[vc_row disable_element=&#8220;yes&#8220;][vc_column]<div class=\"ult_exp_section_layer ult-adjust-bottom-margin  \" >\n\t\t<div id=\"uvc-exp-wrap-7138\" role=\"button\" tabindex=\"0\" aria-pressed=\"false\"  data-ultimate-target='#uvc-exp-wrap-7138'  data-responsive-json-new='{\"font-size\":\"desktop:16px;\",\"line-height\":\"desktop:20px;\"}'  class=\"ult_exp_section  ult-responsive \" style=\"color:#ffffff;background-color:#877650; font-weight:normal; padding-top:4px;padding-right:7px;padding-bottom:4px;padding-left:4px;text-align:center;\" data-textcolor=\"#ffffff\"data-texthover=\"#ffffff\"data-icncolor=\"#ffffff\"data-ihover=\"#ffffff\"data-height=\"0\"data-cntbg=\"#877650\"data-cnthvrbg=\"#877650\"data-headerbg=\"#877650\"data-headerhover=\"#877650\"data-title=\"How to buy\"data-newtitle=\"Request purchase info\"data-icon=\"icomoon-the7-font-icon-cart-detailed\"data-newicon=\"icomoon-the7-font-the7-mail-011\"data-activeicon=\"#ffffff\"data-effect=\"slideToggle\"data-override=\"0\"data-activetitle=\"#ffffff\"data-activebg=\"#877650\"data-img=\"\"data-newimg=\"\"><div class=\"ult_exp_section-main ult_expleft_icon\">\t<div class=\"ult-just-icon-wrapper ult_exp_icon\">\n\t\t\t\t\t<div class=\"align-icon \">\n\t\t\t\t\t\t\n<span class=\"aio-icon  none  ult_expsection_icon \"  style=\"color:#ffffff;font-size:20px;\">\n\t<i class=\"icomoon-the7-font-icon-cart-detailed ult_ex_icon\"  ><\/i>\n<\/span>\n\t\t\t\t\t<\/div>\n\t\t\t\t<\/div>\n\t\t\t\t<div class=\"ult_expheader\" >How to buy\n\t\t\t\t<\/div>\n\t\t\t<\/div>\n\t\t<\/div><div class=\"ult_exp_content \" style=\"background-color:#ffffff;  \"><div class=\"ult_ecpsub_cont\" style=\" \" >\n<div class=\"wpcf7 no-js\" id=\"wpcf7-f15155-o1\" lang=\"de-DE\" dir=\"ltr\" data-wpcf7-id=\"15155\">\n<div class=\"screen-reader-response\"><p role=\"status\" aria-live=\"polite\" aria-atomic=\"true\"><\/p> <ul><\/ul><\/div>\n<form action=\"\/de\/wp-json\/wp\/v2\/product\/13311#wpcf7-f15155-o1\" method=\"post\" class=\"wpcf7-form init\" aria-label=\"Kontaktformular\" novalidate=\"novalidate\" data-status=\"init\">\n<fieldset class=\"hidden-fields-container\"><input type=\"hidden\" name=\"_wpcf7\" value=\"15155\" \/><input type=\"hidden\" name=\"_wpcf7_version\" value=\"6.1.4\" \/><input type=\"hidden\" name=\"_wpcf7_locale\" value=\"de_DE\" \/><input type=\"hidden\" name=\"_wpcf7_unit_tag\" value=\"wpcf7-f15155-o1\" \/><input type=\"hidden\" name=\"_wpcf7_container_post\" value=\"0\" \/><input type=\"hidden\" name=\"_wpcf7_posted_data_hash\" value=\"\" \/><input type=\"hidden\" name=\"_wpcf7_recaptcha_response\" value=\"\" \/>\n<\/fieldset>\n<p>Name und Nachname*\n<\/p>\n<p><span class=\"wpcf7-form-control-wrap\" data-name=\"your-name\"><input size=\"40\" maxlength=\"400\" class=\"wpcf7-form-control wpcf7-text wpcf7-validates-as-required\" aria-required=\"true\" aria-invalid=\"false\" value=\"\" type=\"text\" name=\"your-name\" \/><\/span>\n<\/p>\n<p>Email*\n<\/p>\n<p><span class=\"wpcf7-form-control-wrap\" data-name=\"your-email\"><input size=\"40\" maxlength=\"400\" class=\"wpcf7-form-control wpcf7-email wpcf7-validates-as-required wpcf7-text wpcf7-validates-as-email\" aria-required=\"true\" aria-invalid=\"false\" value=\"\" type=\"email\" name=\"your-email\" \/><\/span>\n<\/p>\n<p>Status*\n<\/p>\n<p><span class=\"wpcf7-form-control-wrap\" data-name=\"status\"><span class=\"wpcf7-form-control wpcf7-checkbox wpcf7-validates-as-required wpcf7-exclusive-checkbox\"><span class=\"wpcf7-list-item first\"><span class=\"wpcf7-list-item-label\">Ausgebildeter Friseur<\/span><input type=\"checkbox\" name=\"status\" value=\"Ausgebildeter Friseur\" \/><\/span><span class=\"wpcf7-list-item\"><span class=\"wpcf7-list-item-label\">Lieferant<\/span><input type=\"checkbox\" name=\"status\" value=\"Lieferant\" \/><\/span><span class=\"wpcf7-list-item last\"><span class=\"wpcf7-list-item-label\">Andere<\/span><input type=\"checkbox\" name=\"status\" value=\"Andere\" \/><\/span><\/span><\/span>\n<\/p>\n<p>Land*\n<\/p>\n<p><span class=\"wpcf7-form-control-wrap\" data-name=\"country\"><input size=\"40\" maxlength=\"400\" class=\"wpcf7-form-control wpcf7-text wpcf7-validates-as-required\" aria-required=\"true\" aria-invalid=\"false\" value=\"\" type=\"text\" name=\"country\" \/><\/span>\n<\/p>\n<p>Botschaft*\n<\/p>\n<p><span class=\"wpcf7-form-control-wrap\" data-name=\"your-message\"><textarea cols=\"40\" rows=\"10\" maxlength=\"2000\" class=\"wpcf7-form-control wpcf7-textarea wpcf7-validates-as-required\" aria-required=\"true\" aria-invalid=\"false\" name=\"your-message\"><\/textarea><\/span>\n<\/p>\n<p><span class=\"wpcf7-form-control-wrap\" data-name=\"acceptance-20\"><span class=\"wpcf7-form-control wpcf7-acceptance\"><span class=\"wpcf7-list-item\"><input type=\"checkbox\" name=\"acceptance-20\" value=\"1\" aria-invalid=\"false\" \/><\/span><\/span><\/span> I express my informed, specific and unconditional consent for the company Comprof Milano Srl to proceed with the processing of my personal data to process the requests for information transmitted, as better described in the <a href=\"https:\/\/k-time.it\/de\/privacy-policy\/\" target=\"_blank\" rel=\"noopener\">Privacy Policy<\/a>*\n<\/p>\n<p><small>Diese Website ist durch Google reCAPTCHA <a href=\"https:\/\/policies.google.com\/privacy\"> Datenschutzerkl\u00e4rung <\/a> und <a href=\"https:\/\/policies.google.com\/terms\"> gesch\u00fctzt Nutzungsbedingungen<\/a><\/small>\n<\/p>\n<p><input class=\"wpcf7-form-control wpcf7-submit has-spinner\" type=\"submit\" value=\"Senden\" \/>\n<\/p><div class=\"wpcf7-response-output\" aria-hidden=\"true\"><\/div>\n<\/form>\n<\/div>\n<\/div><\/div>\n\n\t\t\t<\/div>[\/vc_column][\/vc_row][vc_row][vc_column width=&#8220;1\/2&#8243;]<div class=\"standard-arrow list-divider bullet-top\"><h2>Formel<\/h2>\n<ul>\n<li style=\"font-weight: 400;\"><b>Pirocton-Olamin:<\/b><span style=\"font-weight: 400;\"> ist ein aktiver Wirkstoff, der eine antiseptische und antibakterielle Wirkung aufweist und Unterst\u00fctzung bei der Wiederherstellung des nat\u00fcrlichen mikrobischen Gleichgewichts der Haut bietet<\/span><\/li>\n<li style=\"font-weight: 400;\"><b>Alpha-Hydroxys\u00e4uren aus Fr\u00fcchten:<\/b> gewonnen aus \u00c4pfeln, Weinreben, Blaubeeren, Zitronen und Rohrzucker, f\u00f6rdern die Neubildung des Bindegewebes, erh\u00f6hen die Produktion von Kollagen und weisen eine feuchtigkeitsspendende, regenerierende und antioxidative Wirkung auf die Kopfhaut auf<\/li>\n<\/ul>\n<\/div>[\/vc_column][vc_column width=&#8220;1\/2&#8243;]<div class=\"standard-arrow list-divider bullet-top\"><h2>Vorteile<\/h2>\n<ul>\n<li style=\"font-weight: 400;\">Reinigt<span style=\"font-weight: 400;\"> sanft und <\/span>purifiziert<span style=\"font-weight: 400;\"> die Kopfhaut<\/span><\/li>\n<li style=\"font-weight: 400;\"><span style=\"font-weight: 400;\">Hilft beim <\/span>Entfernen<span style=\"font-weight: 400;\"> von <\/span>trockenen Schuppen<span style=\"font-weight: 400;\"> und <\/span>fettigen Schuppen<\/li>\n<li style=\"font-weight: 400;\">Respektiert<span style=\"font-weight: 400;\"> den korrekten physiologischen pH-Wert von haut und Haar<\/span><\/li>\n<li style=\"font-weight: 400;\">Angereichert mit Pirocton-Olamin und Alpha-Hydroxys\u00e4uren aus Fr\u00fcchten<\/li>\n<\/ul>\n<\/div>[\/vc_column][\/vc_row][vc_row css=&#8220;.vc_custom_1595341806516{padding-top: 50px !important;}&#8220;][vc_column]<div class=\"dt-fancy-separator h2-size style-thick\" style=\"width: 100%;\"><div class=\"dt-fancy-title\" style=\"color: #333333;\"><span class=\"separator-holder separator-left\" style=\"border-color: #f0f0f0;\"><\/span>Rituel<span class=\"separator-holder separator-right\" style=\"border-color: #f0f0f0;\"><\/span><\/div><\/div>[vc_row_inner][vc_column_inner width=&#8220;1\/2&#8243;][vc_empty_space height=&#8220;15px&#8220;]<div class=\"standard-number-list list-divider bullet-top\"><ul>\n<li>\n<h5>K-time Treatment Brush<\/h5>\n<p>Das Haar mit der K-time Treatment Brush b\u00fcrsten, um \u00fcbersch\u00fcssige Verunreinigungen zu entfernen. Dann das Haar n\u00e4ssen.<\/li>\n<li>\n<h5>Deepure Scalp Sanitizing Treatment<\/h5>\n<p>Apply to a wet scalp and gently massage with circular movements. Allow to act for 3 minutes. Do not rinse and proceed with an indicated cleanser.<\/li>\n<li>\n<h5>Downdruff Reinigender gr\u00fcner Lehm gegen Schuppen<\/h5>\n<p>Vor dem Shampoo das Produkt in die Glass K-time-Schale geben,<br \/>\nmit dem Pinsel K-time Treatment auf der feuchten Kopfhaut verteilen und leicht einmassieren. 3\/5 Minuten einwirken lassen und anschlie\u00dfend aussp\u00fclen.<\/li>\n<li>\n<h5>Downdruff Reinigendes Shampoo gegen Schuppen<\/h5>\n<p>Auf das nasse Haar auftragen und das Produkt durch Einmassieren emulgieren. Aussp\u00fclen, den Vorgang wiederholen und diesmal 2-3 Minuten einwirken lassen. Mit warmem Wasser aussp\u00fclen.<\/li>\n<li>\n<h5>Hydralize Delicate Regenerating Fluid<\/h5>\n<p>Nach dem Shamppo auf die Haarl\u00e4ngen auftragen. 4 Minuten einwirken lassen. Haar k\u00e4mmen und sorgf\u00e4ltig aussp\u00fclen.<\/li>\n<\/ul>\n<\/div>[\/vc_column_inner][vc_column_inner width=&#8220;1\/2&#8243;][vc_empty_space height=&#8220;15px&#8220;][vc_column_text]<span style=\"font-weight: 400;\">Matirya Downdruff<\/span><span style=\"font-weight: 400;\"> ist eine K-time Behandlung, die durch eine antiseptische, pilzbefallverh\u00fctende und antibakterielle Wirkung die Haut von fettigen und trockenen Schuppen befreit .<\/span>[\/vc_column_text][vc_video link=&#8220;https:\/\/youtu.be\/TWfZzP4YN_U&#8220; align=&#8220;center&#8220;][\/vc_column_inner][\/vc_row_inner][\/vc_column][\/vc_row][vc_row css=&#8220;.vc_custom_1595341818903{padding-top: 50px !important;}&#8220;][vc_column]<div class=\"dt-fancy-separator h2-size style-thick\" style=\"width: 100%;\"><div class=\"dt-fancy-title\" style=\"color: #333333;\"><span class=\"separator-holder separator-left\" style=\"border-color: #f0f0f0;\"><\/span>Verwandte Produkte<span class=\"separator-holder separator-right\" style=\"border-color: #f0f0f0;\"><\/span><\/div><\/div>[vc_raw_html]JTVCd3BiLXByb2R1Y3Qtc2xpZGVyLXNob3J0Y29kZSUyMGlkJTNEJTIyNzk1JTIyJTVE[\/vc_raw_html][\/vc_column][\/vc_row]<\/p>\n<\/div>","protected":false},"excerpt":{"rendered":"<p><b>Das reinigende Anti-Schuppen-Shampoo<\/b> <b>Downdruff<\/b> <span style=\"font-weight: 400;\">erm\u00f6glicht <\/span><b>[glossary_exclude]dank der speziellen Aktivit\u00e4t[\/glossary_exclude] von<\/b> <span style=\"font-weight: 400;\">[glossary_exclude]Pirocton-Olamin[\/glossary_exclude] <\/span><span style=\"font-weight: 400;\">und <\/span><b>[glossary_exclude]Alpha-Hydroxys\u00e4uren[\/glossary_exclude] <\/b>aus Fr\u00fcchten eine speziell reinigende und sanfte Wirkung, durch die Schuppen entfernt werden und der physiologische pH-Wert von haut und Haaren respektiert wird.<span style=\"font-weight: 400;\">\u00a0<\/span><\/p>\n<p><span style=\"font-weight: 400;\">Inhalt\u00a0 250 ml<\/span><\/p>\n<p>&nbsp;<\/p>\n<p><span style=\"font-weight: 400;\">[vc_row][vc_column][ultimate_exp_section title=\" So k\u00f6nnen Sie das Produkt kaufen\" new_title=\" Informationen zum Kauf erhalten\" text_color=\"#ffffff\" background_color=\"#877650\" text_hovercolor=\"#ffffff\" bghovercolor=\"#877650\" title_active=\"#ffffff\" title_active_bg=\"#877650\" cnt_bg_color=\"#ffffff\" icon=\"icomoon-the7-font-icon-cart-detailed\" new_icon=\"icomoon-the7-font-the7-mail-011\" icon_align=\"left\" icon_size=\"20\" icon_color=\"#ffffff\" icon_hover_color=\"#ffffff\" icon_active_color=\"#ffffff\" title_font_size=\"desktop:16px;\" title_padding=\"padding-top:4px;padding-right:7px;padding-bottom:4px;padding-left:4px;\" icon_margin=\"margin-right:1px;\"][contact-form-7 id=\"496\"][\/ultimate_exp_section][\/vc_column][\/vc_row]<\/span><\/p>\n","protected":false},"featured_media":18153,"template":"","meta":[],"product_brand":[],"product_cat":[1301,2029,2028],"product_tag":[],"class_list":{"0":"post-13311","1":"product","2":"type-product","3":"status-publish","4":"has-post-thumbnail","6":"product_cat-treatments","7":"product_cat-matirya","8":"product_cat-downdruff","9":"description-off","11":"first","12":"instock","13":"shipping-taxable","14":"product-type-simple"},"yoast_head":"<!-- This site is optimized with the Yoast SEO plugin v26.8 - https:\/\/yoast.com\/product\/yoast-seo-wordpress\/ -->\n<title>Downdruff | Reinigendes Shampoo gegen Schuppen - K-time<\/title>\n<meta name=\"description\" content=\"Das reinigende Anti-Schuppen-Shampoo Downdruff erm\u00f6glicht dank der speziellen Aktivit\u00e4t von Pirocton-Olamin.\" \/>\n<meta name=\"robots\" content=\"index, follow, max-snippet:-1, max-image-preview:large, max-video-preview:-1\" \/>\n<link rel=\"canonical\" href=\"https:\/\/k-time.it\/products\/treatments\/matirya\/downdruff\/downdruff-shampoo-purificante-antiforfora\/\" \/>\n<meta property=\"og:locale\" content=\"de_DE\" \/>\n<meta property=\"og:type\" content=\"article\" \/>\n<meta property=\"og:title\" content=\"Downdruff | Reinigendes Shampoo gegen Schuppen - K-time\" \/>\n<meta property=\"og:description\" content=\"Das reinigende Anti-Schuppen-Shampoo Downdruff erm\u00f6glicht dank der speziellen Aktivit\u00e4t von Pirocton-Olamin.\" \/>\n<meta property=\"og:url\" content=\"https:\/\/k-time.it\/products\/treatments\/matirya\/downdruff\/downdruff-shampoo-purificante-antiforfora\/\" \/>\n<meta property=\"og:site_name\" content=\"K-time\" \/>\n<meta property=\"article:modified_time\" content=\"2021-06-05T10:22:16+00:00\" \/>\n<meta property=\"og:image\" content=\"https:\/\/k-time.it\/wp-content\/uploads\/2020\/06\/22045_k-time_matirya_downdruff_anti-dandruff_purifyng_shampoo_250ml.png\" \/>\n\t<meta property=\"og:image:width\" content=\"600\" \/>\n\t<meta property=\"og:image:height\" content=\"600\" \/>\n\t<meta property=\"og:image:type\" content=\"image\/png\" \/>\n<meta name=\"twitter:card\" content=\"summary_large_image\" \/>\n<meta name=\"twitter:label1\" content=\"Gesch\u00e4tzte Lesezeit\" \/>\n\t<meta name=\"twitter:data1\" content=\"2\u00a0Minuten\" \/>\n<script type=\"application\/ld+json\" class=\"yoast-schema-graph\">{\"@context\":\"https:\/\/schema.org\",\"@graph\":[{\"@type\":\"WebPage\",\"@id\":\"https:\/\/k-time.it\/products\/treatments\/matirya\/downdruff\/downdruff-shampoo-purificante-antiforfora\/\",\"url\":\"https:\/\/k-time.it\/products\/treatments\/matirya\/downdruff\/downdruff-shampoo-purificante-antiforfora\/\",\"name\":\"Downdruff | Reinigendes Shampoo gegen Schuppen - K-time\",\"isPartOf\":{\"@id\":\"https:\/\/k-time.it\/en\/#website\"},\"primaryImageOfPage\":{\"@id\":\"https:\/\/k-time.it\/products\/treatments\/matirya\/downdruff\/downdruff-shampoo-purificante-antiforfora\/#primaryimage\"},\"image\":{\"@id\":\"https:\/\/k-time.it\/products\/treatments\/matirya\/downdruff\/downdruff-shampoo-purificante-antiforfora\/#primaryimage\"},\"thumbnailUrl\":\"https:\/\/k-time.it\/wp-content\/uploads\/2020\/06\/22045_k-time_matirya_downdruff_anti-dandruff_purifyng_shampoo_250ml.png\",\"datePublished\":\"2020-06-25T14:46:22+00:00\",\"dateModified\":\"2021-06-05T10:22:16+00:00\",\"description\":\"Das reinigende Anti-Schuppen-Shampoo Downdruff erm\u00f6glicht dank der speziellen Aktivit\u00e4t von Pirocton-Olamin.\",\"breadcrumb\":{\"@id\":\"https:\/\/k-time.it\/products\/treatments\/matirya\/downdruff\/downdruff-shampoo-purificante-antiforfora\/#breadcrumb\"},\"inLanguage\":\"de\",\"potentialAction\":[{\"@type\":\"ReadAction\",\"target\":[\"https:\/\/k-time.it\/products\/treatments\/matirya\/downdruff\/downdruff-shampoo-purificante-antiforfora\/\"]}]},{\"@type\":\"ImageObject\",\"inLanguage\":\"de\",\"@id\":\"https:\/\/k-time.it\/products\/treatments\/matirya\/downdruff\/downdruff-shampoo-purificante-antiforfora\/#primaryimage\",\"url\":\"https:\/\/k-time.it\/wp-content\/uploads\/2020\/06\/22045_k-time_matirya_downdruff_anti-dandruff_purifyng_shampoo_250ml.png\",\"contentUrl\":\"https:\/\/k-time.it\/wp-content\/uploads\/2020\/06\/22045_k-time_matirya_downdruff_anti-dandruff_purifyng_shampoo_250ml.png\",\"width\":600,\"height\":600,\"caption\":\"Downdruff | Shampoo Purificante Antiforfora\"},{\"@type\":\"BreadcrumbList\",\"@id\":\"https:\/\/k-time.it\/products\/treatments\/matirya\/downdruff\/downdruff-shampoo-purificante-antiforfora\/#breadcrumb\",\"itemListElement\":[{\"@type\":\"ListItem\",\"position\":1,\"name\":\"Home\",\"item\":\"https:\/\/k-time.it\/de\/\"},{\"@type\":\"ListItem\",\"position\":2,\"name\":\"Shop\",\"item\":\"https:\/\/k-time.it\/en\/negozio\/\"},{\"@type\":\"ListItem\",\"position\":3,\"name\":\"Downdruff | Reinigendes Shampoo gegen Schuppen\"}]},{\"@type\":\"WebSite\",\"@id\":\"https:\/\/k-time.it\/en\/#website\",\"url\":\"https:\/\/k-time.it\/en\/\",\"name\":\"K-time\",\"description\":\"Hair Spa Treatments\",\"publisher\":{\"@id\":\"https:\/\/k-time.it\/en\/#organization\"},\"potentialAction\":[{\"@type\":\"SearchAction\",\"target\":{\"@type\":\"EntryPoint\",\"urlTemplate\":\"https:\/\/k-time.it\/en\/?s={search_term_string}\"},\"query-input\":{\"@type\":\"PropertyValueSpecification\",\"valueRequired\":true,\"valueName\":\"search_term_string\"}}],\"inLanguage\":\"de\"},{\"@type\":\"Organization\",\"@id\":\"https:\/\/k-time.it\/en\/#organization\",\"name\":\"K-time\",\"url\":\"https:\/\/k-time.it\/en\/\",\"logo\":{\"@type\":\"ImageObject\",\"inLanguage\":\"de\",\"@id\":\"https:\/\/k-time.it\/en\/#\/schema\/logo\/image\/\",\"url\":\"\",\"contentUrl\":\"\",\"caption\":\"K-time\"},\"image\":{\"@id\":\"https:\/\/k-time.it\/en\/#\/schema\/logo\/image\/\"}}]}<\/script>\n<!-- \/ Yoast SEO plugin. -->","yoast_head_json":{"title":"Downdruff | Reinigendes Shampoo gegen Schuppen - K-time","description":"Das reinigende Anti-Schuppen-Shampoo Downdruff erm\u00f6glicht dank der speziellen Aktivit\u00e4t von Pirocton-Olamin.","robots":{"index":"index","follow":"follow","max-snippet":"max-snippet:-1","max-image-preview":"max-image-preview:large","max-video-preview":"max-video-preview:-1"},"canonical":"https:\/\/k-time.it\/products\/treatments\/matirya\/downdruff\/downdruff-shampoo-purificante-antiforfora\/","og_locale":"de_DE","og_type":"article","og_title":"Downdruff | Reinigendes Shampoo gegen Schuppen - K-time","og_description":"Das reinigende Anti-Schuppen-Shampoo Downdruff erm\u00f6glicht dank der speziellen Aktivit\u00e4t von Pirocton-Olamin.","og_url":"https:\/\/k-time.it\/products\/treatments\/matirya\/downdruff\/downdruff-shampoo-purificante-antiforfora\/","og_site_name":"K-time","article_modified_time":"2021-06-05T10:22:16+00:00","og_image":[{"width":600,"height":600,"url":"https:\/\/k-time.it\/wp-content\/uploads\/2020\/06\/22045_k-time_matirya_downdruff_anti-dandruff_purifyng_shampoo_250ml.png","type":"image\/png"}],"twitter_card":"summary_large_image","twitter_misc":{"Gesch\u00e4tzte Lesezeit":"2\u00a0Minuten"},"schema":{"@context":"https:\/\/schema.org","@graph":[{"@type":"WebPage","@id":"https:\/\/k-time.it\/products\/treatments\/matirya\/downdruff\/downdruff-shampoo-purificante-antiforfora\/","url":"https:\/\/k-time.it\/products\/treatments\/matirya\/downdruff\/downdruff-shampoo-purificante-antiforfora\/","name":"Downdruff | Reinigendes Shampoo gegen Schuppen - K-time","isPartOf":{"@id":"https:\/\/k-time.it\/en\/#website"},"primaryImageOfPage":{"@id":"https:\/\/k-time.it\/products\/treatments\/matirya\/downdruff\/downdruff-shampoo-purificante-antiforfora\/#primaryimage"},"image":{"@id":"https:\/\/k-time.it\/products\/treatments\/matirya\/downdruff\/downdruff-shampoo-purificante-antiforfora\/#primaryimage"},"thumbnailUrl":"https:\/\/k-time.it\/wp-content\/uploads\/2020\/06\/22045_k-time_matirya_downdruff_anti-dandruff_purifyng_shampoo_250ml.png","datePublished":"2020-06-25T14:46:22+00:00","dateModified":"2021-06-05T10:22:16+00:00","description":"Das reinigende Anti-Schuppen-Shampoo Downdruff erm\u00f6glicht dank der speziellen Aktivit\u00e4t von Pirocton-Olamin.","breadcrumb":{"@id":"https:\/\/k-time.it\/products\/treatments\/matirya\/downdruff\/downdruff-shampoo-purificante-antiforfora\/#breadcrumb"},"inLanguage":"de","potentialAction":[{"@type":"ReadAction","target":["https:\/\/k-time.it\/products\/treatments\/matirya\/downdruff\/downdruff-shampoo-purificante-antiforfora\/"]}]},{"@type":"ImageObject","inLanguage":"de","@id":"https:\/\/k-time.it\/products\/treatments\/matirya\/downdruff\/downdruff-shampoo-purificante-antiforfora\/#primaryimage","url":"https:\/\/k-time.it\/wp-content\/uploads\/2020\/06\/22045_k-time_matirya_downdruff_anti-dandruff_purifyng_shampoo_250ml.png","contentUrl":"https:\/\/k-time.it\/wp-content\/uploads\/2020\/06\/22045_k-time_matirya_downdruff_anti-dandruff_purifyng_shampoo_250ml.png","width":600,"height":600,"caption":"Downdruff | Shampoo Purificante Antiforfora"},{"@type":"BreadcrumbList","@id":"https:\/\/k-time.it\/products\/treatments\/matirya\/downdruff\/downdruff-shampoo-purificante-antiforfora\/#breadcrumb","itemListElement":[{"@type":"ListItem","position":1,"name":"Home","item":"https:\/\/k-time.it\/de\/"},{"@type":"ListItem","position":2,"name":"Shop","item":"https:\/\/k-time.it\/en\/negozio\/"},{"@type":"ListItem","position":3,"name":"Downdruff | Reinigendes Shampoo gegen Schuppen"}]},{"@type":"WebSite","@id":"https:\/\/k-time.it\/en\/#website","url":"https:\/\/k-time.it\/en\/","name":"K-time","description":"Hair Spa Treatments","publisher":{"@id":"https:\/\/k-time.it\/en\/#organization"},"potentialAction":[{"@type":"SearchAction","target":{"@type":"EntryPoint","urlTemplate":"https:\/\/k-time.it\/en\/?s={search_term_string}"},"query-input":{"@type":"PropertyValueSpecification","valueRequired":true,"valueName":"search_term_string"}}],"inLanguage":"de"},{"@type":"Organization","@id":"https:\/\/k-time.it\/en\/#organization","name":"K-time","url":"https:\/\/k-time.it\/en\/","logo":{"@type":"ImageObject","inLanguage":"de","@id":"https:\/\/k-time.it\/en\/#\/schema\/logo\/image\/","url":"","contentUrl":"","caption":"K-time"},"image":{"@id":"https:\/\/k-time.it\/en\/#\/schema\/logo\/image\/"}}]}},"_links":{"self":[{"href":"https:\/\/k-time.it\/de\/wp-json\/wp\/v2\/product\/13311","targetHints":{"allow":["GET"]}}],"collection":[{"href":"https:\/\/k-time.it\/de\/wp-json\/wp\/v2\/product"}],"about":[{"href":"https:\/\/k-time.it\/de\/wp-json\/wp\/v2\/types\/product"}],"wp:featuredmedia":[{"embeddable":true,"href":"https:\/\/k-time.it\/de\/wp-json\/wp\/v2\/media\/18153"}],"wp:attachment":[{"href":"https:\/\/k-time.it\/de\/wp-json\/wp\/v2\/media?parent=13311"}],"wp:term":[{"taxonomy":"product_brand","embeddable":true,"href":"https:\/\/k-time.it\/de\/wp-json\/wp\/v2\/product_brand?post=13311"},{"taxonomy":"product_cat","embeddable":true,"href":"https:\/\/k-time.it\/de\/wp-json\/wp\/v2\/product_cat?post=13311"},{"taxonomy":"product_tag","embeddable":true,"href":"https:\/\/k-time.it\/de\/wp-json\/wp\/v2\/product_tag?post=13311"}],"curies":[{"name":"wp","href":"https:\/\/api.w.org\/{rel}","templated":true}]}}