{"id":13305,"date":"2020-06-25T16:46:22","date_gmt":"2020-06-25T14:46:22","guid":{"rendered":"https:\/\/k-time.it\/products\/unkategorisiert\/sebolution-arcilla-blanca-equilibrante\/"},"modified":"2025-10-07T09:29:51","modified_gmt":"2025-10-07T07:29:51","slug":"weiser-lehm-zur-ausgleichung-der-talgabsonderung","status":"publish","type":"product","link":"https:\/\/k-time.it\/de\/products\/treatments\/matirya\/sebolution\/weiser-lehm-zur-ausgleichung-der-talgabsonderung\/","title":{"rendered":"Sebolution | Wei\u00dfer Lehm zur Ausgleichung der Talgabsonderung"},"content":{"rendered":"<div class=\"wpb-content-wrapper\"><p>[vc_row disable_element=&#8220;yes&#8220;][vc_column]<div class=\"ult_exp_section_layer ult-adjust-bottom-margin  \" >\n\t\t<div id=\"uvc-exp-wrap-2804\" role=\"button\" tabindex=\"0\" aria-pressed=\"false\"  data-ultimate-target='#uvc-exp-wrap-2804'  data-responsive-json-new='{\"font-size\":\"desktop:16px;\",\"line-height\":\"desktop:20px;\"}'  class=\"ult_exp_section  ult-responsive \" style=\"color:#ffffff;background-color:#877650; font-weight:normal; padding-top:4px;padding-right:7px;padding-bottom:4px;padding-left:4px;text-align:center;\" data-textcolor=\"#ffffff\"data-texthover=\"#ffffff\"data-icncolor=\"#ffffff\"data-ihover=\"#ffffff\"data-height=\"0\"data-cntbg=\"#877650\"data-cnthvrbg=\"#877650\"data-headerbg=\"#877650\"data-headerhover=\"#877650\"data-title=\"How to buy\"data-newtitle=\"Request purchase info\"data-icon=\"icomoon-the7-font-icon-cart-detailed\"data-newicon=\"icomoon-the7-font-the7-mail-011\"data-activeicon=\"#ffffff\"data-effect=\"slideToggle\"data-override=\"0\"data-activetitle=\"#ffffff\"data-activebg=\"#877650\"data-img=\"\"data-newimg=\"\"><div class=\"ult_exp_section-main ult_expleft_icon\">\t<div class=\"ult-just-icon-wrapper ult_exp_icon\">\n\t\t\t\t\t<div class=\"align-icon \">\n\t\t\t\t\t\t\n<span class=\"aio-icon  none  ult_expsection_icon \"  style=\"color:#ffffff;font-size:20px;\">\n\t<i class=\"icomoon-the7-font-icon-cart-detailed ult_ex_icon\"  ><\/i>\n<\/span>\n\t\t\t\t\t<\/div>\n\t\t\t\t<\/div>\n\t\t\t\t<div class=\"ult_expheader\" >How to buy\n\t\t\t\t<\/div>\n\t\t\t<\/div>\n\t\t<\/div><div class=\"ult_exp_content \" style=\"background-color:#ffffff;  \"><div class=\"ult_ecpsub_cont\" style=\" \" >\n<div class=\"wpcf7 no-js\" id=\"wpcf7-f15155-o1\" lang=\"de-DE\" dir=\"ltr\" data-wpcf7-id=\"15155\">\n<div class=\"screen-reader-response\"><p role=\"status\" aria-live=\"polite\" aria-atomic=\"true\"><\/p> <ul><\/ul><\/div>\n<form action=\"\/de\/wp-json\/wp\/v2\/product\/13305#wpcf7-f15155-o1\" method=\"post\" class=\"wpcf7-form init\" aria-label=\"Kontaktformular\" novalidate=\"novalidate\" data-status=\"init\">\n<fieldset class=\"hidden-fields-container\"><input type=\"hidden\" name=\"_wpcf7\" value=\"15155\" \/><input type=\"hidden\" name=\"_wpcf7_version\" value=\"6.1.4\" \/><input type=\"hidden\" name=\"_wpcf7_locale\" value=\"de_DE\" \/><input type=\"hidden\" name=\"_wpcf7_unit_tag\" value=\"wpcf7-f15155-o1\" \/><input type=\"hidden\" name=\"_wpcf7_container_post\" value=\"0\" \/><input type=\"hidden\" name=\"_wpcf7_posted_data_hash\" value=\"\" \/><input type=\"hidden\" name=\"_wpcf7_recaptcha_response\" value=\"\" \/>\n<\/fieldset>\n<p>Name und Nachname*\n<\/p>\n<p><span class=\"wpcf7-form-control-wrap\" data-name=\"your-name\"><input size=\"40\" maxlength=\"400\" class=\"wpcf7-form-control wpcf7-text wpcf7-validates-as-required\" aria-required=\"true\" aria-invalid=\"false\" value=\"\" type=\"text\" name=\"your-name\" \/><\/span>\n<\/p>\n<p>Email*\n<\/p>\n<p><span class=\"wpcf7-form-control-wrap\" data-name=\"your-email\"><input size=\"40\" maxlength=\"400\" class=\"wpcf7-form-control wpcf7-email wpcf7-validates-as-required wpcf7-text wpcf7-validates-as-email\" aria-required=\"true\" aria-invalid=\"false\" value=\"\" type=\"email\" name=\"your-email\" \/><\/span>\n<\/p>\n<p>Status*\n<\/p>\n<p><span class=\"wpcf7-form-control-wrap\" data-name=\"status\"><span class=\"wpcf7-form-control wpcf7-checkbox wpcf7-validates-as-required wpcf7-exclusive-checkbox\"><span class=\"wpcf7-list-item first\"><span class=\"wpcf7-list-item-label\">Ausgebildeter Friseur<\/span><input type=\"checkbox\" name=\"status\" value=\"Ausgebildeter Friseur\" \/><\/span><span class=\"wpcf7-list-item\"><span class=\"wpcf7-list-item-label\">Lieferant<\/span><input type=\"checkbox\" name=\"status\" value=\"Lieferant\" \/><\/span><span class=\"wpcf7-list-item last\"><span class=\"wpcf7-list-item-label\">Andere<\/span><input type=\"checkbox\" name=\"status\" value=\"Andere\" \/><\/span><\/span><\/span>\n<\/p>\n<p>Land*\n<\/p>\n<p><span class=\"wpcf7-form-control-wrap\" data-name=\"country\"><input size=\"40\" maxlength=\"400\" class=\"wpcf7-form-control wpcf7-text wpcf7-validates-as-required\" aria-required=\"true\" aria-invalid=\"false\" value=\"\" type=\"text\" name=\"country\" \/><\/span>\n<\/p>\n<p>Botschaft*\n<\/p>\n<p><span class=\"wpcf7-form-control-wrap\" data-name=\"your-message\"><textarea cols=\"40\" rows=\"10\" maxlength=\"2000\" class=\"wpcf7-form-control wpcf7-textarea wpcf7-validates-as-required\" aria-required=\"true\" aria-invalid=\"false\" name=\"your-message\"><\/textarea><\/span>\n<\/p>\n<p><span class=\"wpcf7-form-control-wrap\" data-name=\"acceptance-20\"><span class=\"wpcf7-form-control wpcf7-acceptance\"><span class=\"wpcf7-list-item\"><input type=\"checkbox\" name=\"acceptance-20\" value=\"1\" aria-invalid=\"false\" \/><\/span><\/span><\/span> I express my informed, specific and unconditional consent for the company Comprof Milano Srl to proceed with the processing of my personal data to process the requests for information transmitted, as better described in the <a href=\"https:\/\/k-time.it\/de\/privacy-policy\/\" target=\"_blank\" rel=\"noopener\">Privacy Policy<\/a>*\n<\/p>\n<p><small>Diese Website ist durch Google reCAPTCHA <a href=\"https:\/\/policies.google.com\/privacy\"> Datenschutzerkl\u00e4rung <\/a> und <a href=\"https:\/\/policies.google.com\/terms\"> gesch\u00fctzt Nutzungsbedingungen<\/a><\/small>\n<\/p>\n<p><input class=\"wpcf7-form-control wpcf7-submit has-spinner\" type=\"submit\" value=\"Senden\" \/>\n<\/p><div class=\"wpcf7-response-output\" aria-hidden=\"true\"><\/div>\n<\/form>\n<\/div>\n<\/div><\/div>\n\n\t\t\t<\/div>[\/vc_column][\/vc_row][vc_row][vc_column width=&#8220;1\/2&#8243;]<div class=\"standard-arrow list-divider bullet-top\"><h2>Formel<\/h2>\n<ul>\n<li style=\"font-weight: 400;\"><b>Wei\u00dfer Lehm<\/b><b>:<\/b><span style=\"font-weight: 400;\"> reich an Kalium, Kalzium, Natrium, Magnesium, Eisen, Aluminium und anderen Mineralstoffen, weist eine entw\u00e4ssernde Wirkung auf den Hauttalg auf und wirkt au\u00dferdem entz\u00fcndungshemmend, wobei die Geschmeidigkeit und K\u00e4mmbarkeit des Haars erhalten bleiben<\/span><\/li>\n<li style=\"font-weight: 400;\"><b>Glycin-Biotr\u00e4ger:<\/b><span style=\"font-weight: 400;\"> verhindert \u00fcbersch\u00fcssigen Talgfluss, sowohl fl\u00fcssig als auch fest, indem er dessen Produktion reguliert und normalisiert<\/span><\/li>\n<li style=\"font-weight: 400;\"><b>Eibischextrakt: <\/b><span style=\"font-weight: 400;\">ist ein effizienter nat\u00fcrlicher Entz\u00fcndungshemmer, der eine weich machende und stark sch\u00fctzende Wirkung aufweist<\/span><\/li>\n<\/ul>\n<\/div>[\/vc_column][vc_column width=&#8220;1\/2&#8243;]<div class=\"standard-arrow list-divider bullet-top\"><h2>Vorteile<\/h2>\n<ul>\n<li style=\"font-weight: 400;\">Normalisiert<span style=\"font-weight: 400;\"> die Absonderung von Talg<\/span><\/li>\n<li style=\"font-weight: 400;\"><span style=\"font-weight: 400;\">F\u00f6rdert das Erreichen des<\/span> Gleichgewichts der Haut<\/li>\n<li style=\"font-weight: 400;\">Reguliert<span style=\"font-weight: 400;\"> \u00fcbersch\u00fcssiges oder mangelndes Fett<\/span><\/li>\n<li style=\"font-weight: 400;\">Entfernt<span style=\"font-weight: 400;\"> den \u00f6ligen Belag und Hautschuppungen<\/span><\/li>\n<li style=\"font-weight: 400;\">Lindert Irritationen und R\u00f6tungen<\/li>\n<\/ul>\n<\/div>[\/vc_column][\/vc_row][vc_row css=&#8220;.vc_custom_1595341806516{padding-top: 50px !important;}&#8220;][vc_column]<div class=\"dt-fancy-separator h2-size style-thick\" style=\"width: 100%;\"><div class=\"dt-fancy-title\" style=\"color: #333333;\"><span class=\"separator-holder separator-left\" style=\"border-color: #f0f0f0;\"><\/span>Rituel<span class=\"separator-holder separator-right\" style=\"border-color: #f0f0f0;\"><\/span><\/div><\/div>[vc_row_inner][vc_column_inner width=&#8220;1\/2&#8243;][vc_empty_space height=&#8220;15px&#8220;]<div class=\"standard-number-list list-divider bullet-top\"><ul>\n<li>\n<h5>K-time Treatment Brush<\/h5>\n<p>Das Haar mit der K-time Treatment Brush b\u00fcrsten, um \u00fcbersch\u00fcssige Verunreinigungen zu entfernen. Dann das Haar n\u00e4ssen.<\/li>\n<li>\n<h5>Deepure Hygiene-Behandlung f\u00fcr die Kopfhaut<\/h5>\n<p><span style=\"font-weight: 400;\"><span style=\"font-weight: 400;\">Auf die nasse Kopfhaut auftragen und mit kreisenden Bewegungen sanft einmassieren. 3 Minuten einwirken lassen. Nicht aussp\u00fclen.<\/span><\/span><\/li>\n<li>\n<h5>Sebolution Wei\u00dfer Lehm <\/h5>\n<p><span style=\"font-weight: 400;\"><span style=\"font-weight: 400;\">Vor der Haarw\u00e4sche das Produkt in die Schale Glass K-time geben, dann mit dem Pinsel K-time Treatment auf der feuchten Kopfhaut verteilen und sanft massieren. 3\/5 Minuten einwirken lassen und anschlie\u00dfend aussp\u00fclen.<\/span><\/span><\/li>\n<li>\n<h5>Sebolution Normalisierendes Shampoo<\/h5>\n<p><span style=\"font-weight: 400;\"><span style=\"font-weight: 400;\">Auf die feuchte Kopfhaut und das Haar auftragen und emulgieren. Den Vorgang wiederholen. 3 Minuten einwirken lassen und erneut aussp\u00fclen.<\/span><\/span><\/li>\n<li>\n<h5>Hydralize Sanftes, regenerierendes Haar-Fluid<\/h5>\n<p><span style=\"font-weight: 400;\">Nach dem Shamppo auf die Haarl\u00e4ngen auftragen. 4 Minuten einwirken lassen. Haar k\u00e4mmen und sorgf\u00e4ltig aussp\u00fclen.<\/span><\/li>\n<\/ul>\n<\/div>[\/vc_column_inner][vc_column_inner width=&#8220;1\/2&#8243;][vc_empty_space height=&#8220;15px&#8220;][vc_column_text]<span style=\"font-weight: 400;\">Matirya Sebolution <\/span><span style=\"font-weight: 400;\">ist die Verwandlung, die Sie sich erhofft haben. Sie weist eine normalisierende Wirkung auf die Talgabsonderung auf und bewahrt das Haar vor Abschw\u00e4chung.<\/span>[\/vc_column_text][vc_video link=&#8220;https:\/\/youtu.be\/SNS-PN9fFUE&#8220; align=&#8220;center&#8220;][\/vc_column_inner][\/vc_row_inner][\/vc_column][\/vc_row][vc_row css=&#8220;.vc_custom_1595341818903{padding-top: 50px !important;}&#8220;][vc_column]<div class=\"dt-fancy-separator h2-size style-thick\" style=\"width: 100%;\"><div class=\"dt-fancy-title\" style=\"color: #333333;\"><span class=\"separator-holder separator-left\" style=\"border-color: #f0f0f0;\"><\/span>Verwandte Produkte<span class=\"separator-holder separator-right\" style=\"border-color: #f0f0f0;\"><\/span><\/div><\/div>[vc_raw_html]JTVCd3BiLXByb2R1Y3Qtc2xpZGVyLXNob3J0Y29kZSUyMGlkJTNEJTIyODAxJTIyJTVE[\/vc_raw_html][\/vc_column][\/vc_row]<\/p>\n<\/div>","protected":false},"excerpt":{"rendered":"<p><span style=\"font-weight: 400;\">Der<\/span> <b>wei\u00dfe Lehm<\/b>[glossary_exclude][\/glossary_exclude]<b> zur Ausgleichung der Talgabsonderung <\/b><b>Matirya Sebolution<\/b><b>, <\/b><span style=\"font-weight: 400;\">angereichert mit <\/span><b>[glossary_exclude]Eibischextrakt [\/glossary_exclude]<\/b>[glossary_exclude]<span style=\"font-weight: 400;\">und <\/span><b>Glycin-Biotr\u00e4ger<\/b>[\/glossary_exclude]<b><\/b><span style=\"font-weight: 400;\">, weist eine intensive Talg absorbierende Wirkung auf und eignet sich hervorragend, um <\/span><b>die Haut<\/b><span style=\"font-weight: 400;\"> sanft zu peelen. <\/span><\/p>\n<p>Die mineralisierenden Eigenschaften des [glossary_exclude]wei\u00dfen Lehms [\/glossary_exclude] schaffen ein hygienisch kosmetisches Ambiente, das das nat\u00fcrliche Wohlbefinden der Haut f\u00f6rdert.<\/p>\n<p>&nbsp;<\/p>\n<p><span style=\"font-weight: 400;\">[vc_row][vc_column][ultimate_exp_section title=\" So k\u00f6nnen Sie das Produkt kaufen\" new_title=\" Informationen zum Kauf erhalten\" text_color=\"#ffffff\" background_color=\"#877650\" text_hovercolor=\"#ffffff\" bghovercolor=\"#877650\" title_active=\"#ffffff\" title_active_bg=\"#877650\" cnt_bg_color=\"#ffffff\" icon=\"icomoon-the7-font-icon-cart-detailed\" new_icon=\"icomoon-the7-font-the7-mail-011\" icon_align=\"left\" icon_size=\"20\" icon_color=\"#ffffff\" icon_hover_color=\"#ffffff\" icon_active_color=\"#ffffff\" title_font_size=\"desktop:16px;\" title_padding=\"padding-top:4px;padding-right:7px;padding-bottom:4px;padding-left:4px;\" icon_margin=\"margin-right:1px;\"][contact-form-7 id=\"496\"][\/ultimate_exp_section][\/vc_column][\/vc_row]<\/span><\/p>\n","protected":false},"featured_media":26501,"template":"","meta":[],"product_brand":[],"product_cat":[1301,2029,2036],"product_tag":[],"class_list":{"0":"post-13305","1":"product","2":"type-product","3":"status-publish","4":"has-post-thumbnail","6":"product_cat-treatments","7":"product_cat-matirya","8":"product_cat-sebolution","9":"description-off","11":"first","12":"instock","13":"shipping-taxable","14":"product-type-simple"},"yoast_head":"<!-- This site is optimized with the Yoast SEO plugin v26.8 - https:\/\/yoast.com\/product\/yoast-seo-wordpress\/ -->\n<title>Sebolution | Wei\u00dfer Lehm zur Ausgleichung der Talgabsonderung - K-time<\/title>\n<meta name=\"description\" content=\"Die mineralisierenden Eigenschaften des wei\u00dfen Lehms in Verbindung mit den erfrischenden Eigenschaften von Menthol schaffen ein hygienisch kosmetisches Ambiente.\" \/>\n<meta name=\"robots\" content=\"index, follow, max-snippet:-1, max-image-preview:large, max-video-preview:-1\" \/>\n<link rel=\"canonical\" href=\"https:\/\/k-time.it\/products\/treatments\/matirya\/sebolution\/sebolution-argilla-bianca-sebo-equilibrante\/\" \/>\n<meta property=\"og:locale\" content=\"de_DE\" \/>\n<meta property=\"og:type\" content=\"article\" \/>\n<meta property=\"og:title\" content=\"Sebolution | Wei\u00dfer Lehm zur Ausgleichung der Talgabsonderung - K-time\" \/>\n<meta property=\"og:description\" content=\"Die mineralisierenden Eigenschaften des wei\u00dfen Lehms in Verbindung mit den erfrischenden Eigenschaften von Menthol schaffen ein hygienisch kosmetisches Ambiente.\" \/>\n<meta property=\"og:url\" content=\"https:\/\/k-time.it\/products\/treatments\/matirya\/sebolution\/sebolution-argilla-bianca-sebo-equilibrante\/\" \/>\n<meta property=\"og:site_name\" content=\"K-time\" \/>\n<meta property=\"article:modified_time\" content=\"2025-10-07T07:29:51+00:00\" \/>\n<meta property=\"og:image\" content=\"https:\/\/k-time.it\/wp-content\/uploads\/2020\/06\/22044_k-time_matirya_sebolution_blancing_white_clay-1.png\" \/>\n\t<meta property=\"og:image:width\" content=\"600\" \/>\n\t<meta property=\"og:image:height\" content=\"600\" \/>\n\t<meta property=\"og:image:type\" content=\"image\/png\" \/>\n<meta name=\"twitter:card\" content=\"summary_large_image\" \/>\n<meta name=\"twitter:label1\" content=\"Gesch\u00e4tzte Lesezeit\" \/>\n\t<meta name=\"twitter:data1\" content=\"2\u00a0Minuten\" \/>\n<script type=\"application\/ld+json\" class=\"yoast-schema-graph\">{\"@context\":\"https:\/\/schema.org\",\"@graph\":[{\"@type\":\"WebPage\",\"@id\":\"https:\/\/k-time.it\/products\/treatments\/matirya\/sebolution\/sebolution-argilla-bianca-sebo-equilibrante\/\",\"url\":\"https:\/\/k-time.it\/products\/treatments\/matirya\/sebolution\/sebolution-argilla-bianca-sebo-equilibrante\/\",\"name\":\"Sebolution | Wei\u00dfer Lehm zur Ausgleichung der Talgabsonderung - K-time\",\"isPartOf\":{\"@id\":\"https:\/\/k-time.it\/en\/#website\"},\"primaryImageOfPage\":{\"@id\":\"https:\/\/k-time.it\/products\/treatments\/matirya\/sebolution\/sebolution-argilla-bianca-sebo-equilibrante\/#primaryimage\"},\"image\":{\"@id\":\"https:\/\/k-time.it\/products\/treatments\/matirya\/sebolution\/sebolution-argilla-bianca-sebo-equilibrante\/#primaryimage\"},\"thumbnailUrl\":\"https:\/\/k-time.it\/wp-content\/uploads\/2020\/06\/22044_k-time_matirya_sebolution_blancing_white_clay-1.png\",\"datePublished\":\"2020-06-25T14:46:22+00:00\",\"dateModified\":\"2025-10-07T07:29:51+00:00\",\"description\":\"Die mineralisierenden Eigenschaften des wei\u00dfen Lehms in Verbindung mit den erfrischenden Eigenschaften von Menthol schaffen ein hygienisch kosmetisches Ambiente.\",\"breadcrumb\":{\"@id\":\"https:\/\/k-time.it\/products\/treatments\/matirya\/sebolution\/sebolution-argilla-bianca-sebo-equilibrante\/#breadcrumb\"},\"inLanguage\":\"de\",\"potentialAction\":[{\"@type\":\"ReadAction\",\"target\":[\"https:\/\/k-time.it\/products\/treatments\/matirya\/sebolution\/sebolution-argilla-bianca-sebo-equilibrante\/\"]}]},{\"@type\":\"ImageObject\",\"inLanguage\":\"de\",\"@id\":\"https:\/\/k-time.it\/products\/treatments\/matirya\/sebolution\/sebolution-argilla-bianca-sebo-equilibrante\/#primaryimage\",\"url\":\"https:\/\/k-time.it\/wp-content\/uploads\/2020\/06\/22044_k-time_matirya_sebolution_blancing_white_clay-1.png\",\"contentUrl\":\"https:\/\/k-time.it\/wp-content\/uploads\/2020\/06\/22044_k-time_matirya_sebolution_blancing_white_clay-1.png\",\"width\":600,\"height\":600},{\"@type\":\"BreadcrumbList\",\"@id\":\"https:\/\/k-time.it\/products\/treatments\/matirya\/sebolution\/sebolution-argilla-bianca-sebo-equilibrante\/#breadcrumb\",\"itemListElement\":[{\"@type\":\"ListItem\",\"position\":1,\"name\":\"Home\",\"item\":\"https:\/\/k-time.it\/de\/\"},{\"@type\":\"ListItem\",\"position\":2,\"name\":\"Shop\",\"item\":\"https:\/\/k-time.it\/en\/negozio\/\"},{\"@type\":\"ListItem\",\"position\":3,\"name\":\"Sebolution | Wei\u00dfer Lehm zur Ausgleichung der Talgabsonderung\"}]},{\"@type\":\"WebSite\",\"@id\":\"https:\/\/k-time.it\/en\/#website\",\"url\":\"https:\/\/k-time.it\/en\/\",\"name\":\"K-time\",\"description\":\"Hair Spa Treatments\",\"publisher\":{\"@id\":\"https:\/\/k-time.it\/en\/#organization\"},\"potentialAction\":[{\"@type\":\"SearchAction\",\"target\":{\"@type\":\"EntryPoint\",\"urlTemplate\":\"https:\/\/k-time.it\/en\/?s={search_term_string}\"},\"query-input\":{\"@type\":\"PropertyValueSpecification\",\"valueRequired\":true,\"valueName\":\"search_term_string\"}}],\"inLanguage\":\"de\"},{\"@type\":\"Organization\",\"@id\":\"https:\/\/k-time.it\/en\/#organization\",\"name\":\"K-time\",\"url\":\"https:\/\/k-time.it\/en\/\",\"logo\":{\"@type\":\"ImageObject\",\"inLanguage\":\"de\",\"@id\":\"https:\/\/k-time.it\/en\/#\/schema\/logo\/image\/\",\"url\":\"\",\"contentUrl\":\"\",\"caption\":\"K-time\"},\"image\":{\"@id\":\"https:\/\/k-time.it\/en\/#\/schema\/logo\/image\/\"}}]}<\/script>\n<!-- \/ Yoast SEO plugin. -->","yoast_head_json":{"title":"Sebolution | Wei\u00dfer Lehm zur Ausgleichung der Talgabsonderung - K-time","description":"Die mineralisierenden Eigenschaften des wei\u00dfen Lehms in Verbindung mit den erfrischenden Eigenschaften von Menthol schaffen ein hygienisch kosmetisches Ambiente.","robots":{"index":"index","follow":"follow","max-snippet":"max-snippet:-1","max-image-preview":"max-image-preview:large","max-video-preview":"max-video-preview:-1"},"canonical":"https:\/\/k-time.it\/products\/treatments\/matirya\/sebolution\/sebolution-argilla-bianca-sebo-equilibrante\/","og_locale":"de_DE","og_type":"article","og_title":"Sebolution | Wei\u00dfer Lehm zur Ausgleichung der Talgabsonderung - K-time","og_description":"Die mineralisierenden Eigenschaften des wei\u00dfen Lehms in Verbindung mit den erfrischenden Eigenschaften von Menthol schaffen ein hygienisch kosmetisches Ambiente.","og_url":"https:\/\/k-time.it\/products\/treatments\/matirya\/sebolution\/sebolution-argilla-bianca-sebo-equilibrante\/","og_site_name":"K-time","article_modified_time":"2025-10-07T07:29:51+00:00","og_image":[{"width":600,"height":600,"url":"https:\/\/k-time.it\/wp-content\/uploads\/2020\/06\/22044_k-time_matirya_sebolution_blancing_white_clay-1.png","type":"image\/png"}],"twitter_card":"summary_large_image","twitter_misc":{"Gesch\u00e4tzte Lesezeit":"2\u00a0Minuten"},"schema":{"@context":"https:\/\/schema.org","@graph":[{"@type":"WebPage","@id":"https:\/\/k-time.it\/products\/treatments\/matirya\/sebolution\/sebolution-argilla-bianca-sebo-equilibrante\/","url":"https:\/\/k-time.it\/products\/treatments\/matirya\/sebolution\/sebolution-argilla-bianca-sebo-equilibrante\/","name":"Sebolution | Wei\u00dfer Lehm zur Ausgleichung der Talgabsonderung - K-time","isPartOf":{"@id":"https:\/\/k-time.it\/en\/#website"},"primaryImageOfPage":{"@id":"https:\/\/k-time.it\/products\/treatments\/matirya\/sebolution\/sebolution-argilla-bianca-sebo-equilibrante\/#primaryimage"},"image":{"@id":"https:\/\/k-time.it\/products\/treatments\/matirya\/sebolution\/sebolution-argilla-bianca-sebo-equilibrante\/#primaryimage"},"thumbnailUrl":"https:\/\/k-time.it\/wp-content\/uploads\/2020\/06\/22044_k-time_matirya_sebolution_blancing_white_clay-1.png","datePublished":"2020-06-25T14:46:22+00:00","dateModified":"2025-10-07T07:29:51+00:00","description":"Die mineralisierenden Eigenschaften des wei\u00dfen Lehms in Verbindung mit den erfrischenden Eigenschaften von Menthol schaffen ein hygienisch kosmetisches Ambiente.","breadcrumb":{"@id":"https:\/\/k-time.it\/products\/treatments\/matirya\/sebolution\/sebolution-argilla-bianca-sebo-equilibrante\/#breadcrumb"},"inLanguage":"de","potentialAction":[{"@type":"ReadAction","target":["https:\/\/k-time.it\/products\/treatments\/matirya\/sebolution\/sebolution-argilla-bianca-sebo-equilibrante\/"]}]},{"@type":"ImageObject","inLanguage":"de","@id":"https:\/\/k-time.it\/products\/treatments\/matirya\/sebolution\/sebolution-argilla-bianca-sebo-equilibrante\/#primaryimage","url":"https:\/\/k-time.it\/wp-content\/uploads\/2020\/06\/22044_k-time_matirya_sebolution_blancing_white_clay-1.png","contentUrl":"https:\/\/k-time.it\/wp-content\/uploads\/2020\/06\/22044_k-time_matirya_sebolution_blancing_white_clay-1.png","width":600,"height":600},{"@type":"BreadcrumbList","@id":"https:\/\/k-time.it\/products\/treatments\/matirya\/sebolution\/sebolution-argilla-bianca-sebo-equilibrante\/#breadcrumb","itemListElement":[{"@type":"ListItem","position":1,"name":"Home","item":"https:\/\/k-time.it\/de\/"},{"@type":"ListItem","position":2,"name":"Shop","item":"https:\/\/k-time.it\/en\/negozio\/"},{"@type":"ListItem","position":3,"name":"Sebolution | Wei\u00dfer Lehm zur Ausgleichung der Talgabsonderung"}]},{"@type":"WebSite","@id":"https:\/\/k-time.it\/en\/#website","url":"https:\/\/k-time.it\/en\/","name":"K-time","description":"Hair Spa Treatments","publisher":{"@id":"https:\/\/k-time.it\/en\/#organization"},"potentialAction":[{"@type":"SearchAction","target":{"@type":"EntryPoint","urlTemplate":"https:\/\/k-time.it\/en\/?s={search_term_string}"},"query-input":{"@type":"PropertyValueSpecification","valueRequired":true,"valueName":"search_term_string"}}],"inLanguage":"de"},{"@type":"Organization","@id":"https:\/\/k-time.it\/en\/#organization","name":"K-time","url":"https:\/\/k-time.it\/en\/","logo":{"@type":"ImageObject","inLanguage":"de","@id":"https:\/\/k-time.it\/en\/#\/schema\/logo\/image\/","url":"","contentUrl":"","caption":"K-time"},"image":{"@id":"https:\/\/k-time.it\/en\/#\/schema\/logo\/image\/"}}]}},"_links":{"self":[{"href":"https:\/\/k-time.it\/de\/wp-json\/wp\/v2\/product\/13305","targetHints":{"allow":["GET"]}}],"collection":[{"href":"https:\/\/k-time.it\/de\/wp-json\/wp\/v2\/product"}],"about":[{"href":"https:\/\/k-time.it\/de\/wp-json\/wp\/v2\/types\/product"}],"wp:featuredmedia":[{"embeddable":true,"href":"https:\/\/k-time.it\/de\/wp-json\/wp\/v2\/media\/26501"}],"wp:attachment":[{"href":"https:\/\/k-time.it\/de\/wp-json\/wp\/v2\/media?parent=13305"}],"wp:term":[{"taxonomy":"product_brand","embeddable":true,"href":"https:\/\/k-time.it\/de\/wp-json\/wp\/v2\/product_brand?post=13305"},{"taxonomy":"product_cat","embeddable":true,"href":"https:\/\/k-time.it\/de\/wp-json\/wp\/v2\/product_cat?post=13305"},{"taxonomy":"product_tag","embeddable":true,"href":"https:\/\/k-time.it\/de\/wp-json\/wp\/v2\/product_tag?post=13305"}],"curies":[{"name":"wp","href":"https:\/\/api.w.org\/{rel}","templated":true}]}}