{"id":13237,"date":"2020-06-25T16:46:28","date_gmt":"2020-06-25T14:46:28","guid":{"rendered":"https:\/\/k-time.it\/products\/unkategorisiert\/light-blondage-polvo-decolorante-azul\/"},"modified":"2023-06-27T10:33:38","modified_gmt":"2023-06-27T08:33:38","slug":"light-blondage-blaues-entfarbungspulve","status":"publish","type":"product","link":"https:\/\/k-time.it\/de\/products\/salon-technics\/light-plume-light-blondage-de\/light-blondage-blaues-entfarbungspulve\/","title":{"rendered":"Light Blondage | Blaues Entf\u00e4rbungspulve"},"content":{"rendered":"<div class=\"wpb-content-wrapper\"><p>[vc_row disable_element=&#8220;yes&#8220;][vc_column]<div class=\"ult_exp_section_layer ult-adjust-bottom-margin  \" >\n\t\t<div id=\"uvc-exp-wrap-8228\" role=\"button\" tabindex=\"0\" aria-pressed=\"false\"  data-ultimate-target='#uvc-exp-wrap-8228'  data-responsive-json-new='{\"font-size\":\"desktop:16px;\",\"line-height\":\"desktop:20px;\"}'  class=\"ult_exp_section  ult-responsive \" style=\"color:#ffffff;background-color:#877650; font-weight:normal; padding-top:4px;padding-right:7px;padding-bottom:4px;padding-left:4px;text-align:center;\" data-textcolor=\"#ffffff\"data-texthover=\"#ffffff\"data-icncolor=\"#ffffff\"data-ihover=\"#ffffff\"data-height=\"0\"data-cntbg=\"#877650\"data-cnthvrbg=\"#877650\"data-headerbg=\"#877650\"data-headerhover=\"#877650\"data-title=\"How to buy\"data-newtitle=\"Request purchase info\"data-icon=\"icomoon-the7-font-icon-cart-detailed\"data-newicon=\"icomoon-the7-font-the7-mail-011\"data-activeicon=\"#ffffff\"data-effect=\"slideToggle\"data-override=\"0\"data-activetitle=\"#ffffff\"data-activebg=\"#877650\"data-img=\"\"data-newimg=\"\"><div class=\"ult_exp_section-main ult_expleft_icon\">\t<div class=\"ult-just-icon-wrapper ult_exp_icon\">\n\t\t\t\t\t<div class=\"align-icon \">\n\t\t\t\t\t\t\n<span class=\"aio-icon  none  ult_expsection_icon \"  style=\"color:#ffffff;font-size:20px;\">\n\t<i class=\"icomoon-the7-font-icon-cart-detailed ult_ex_icon\"  ><\/i>\n<\/span>\n\t\t\t\t\t<\/div>\n\t\t\t\t<\/div>\n\t\t\t\t<div class=\"ult_expheader\" >How to buy\n\t\t\t\t<\/div>\n\t\t\t<\/div>\n\t\t<\/div><div class=\"ult_exp_content \" style=\"background-color:#ffffff;  \"><div class=\"ult_ecpsub_cont\" style=\" \" >\n<div class=\"wpcf7 no-js\" id=\"wpcf7-f15155-o1\" lang=\"de-DE\" dir=\"ltr\" data-wpcf7-id=\"15155\">\n<div class=\"screen-reader-response\"><p role=\"status\" aria-live=\"polite\" aria-atomic=\"true\"><\/p> <ul><\/ul><\/div>\n<form action=\"\/de\/wp-json\/wp\/v2\/product\/13237#wpcf7-f15155-o1\" method=\"post\" class=\"wpcf7-form init\" aria-label=\"Kontaktformular\" novalidate=\"novalidate\" data-status=\"init\">\n<fieldset class=\"hidden-fields-container\"><input type=\"hidden\" name=\"_wpcf7\" value=\"15155\" \/><input type=\"hidden\" name=\"_wpcf7_version\" value=\"6.1.4\" \/><input type=\"hidden\" name=\"_wpcf7_locale\" value=\"de_DE\" \/><input type=\"hidden\" name=\"_wpcf7_unit_tag\" value=\"wpcf7-f15155-o1\" \/><input type=\"hidden\" name=\"_wpcf7_container_post\" value=\"0\" \/><input type=\"hidden\" name=\"_wpcf7_posted_data_hash\" value=\"\" \/><input type=\"hidden\" name=\"_wpcf7_recaptcha_response\" value=\"\" \/>\n<\/fieldset>\n<p>Name und Nachname*\n<\/p>\n<p><span class=\"wpcf7-form-control-wrap\" data-name=\"your-name\"><input size=\"40\" maxlength=\"400\" class=\"wpcf7-form-control wpcf7-text wpcf7-validates-as-required\" aria-required=\"true\" aria-invalid=\"false\" value=\"\" type=\"text\" name=\"your-name\" \/><\/span>\n<\/p>\n<p>Email*\n<\/p>\n<p><span class=\"wpcf7-form-control-wrap\" data-name=\"your-email\"><input size=\"40\" maxlength=\"400\" class=\"wpcf7-form-control wpcf7-email wpcf7-validates-as-required wpcf7-text wpcf7-validates-as-email\" aria-required=\"true\" aria-invalid=\"false\" value=\"\" type=\"email\" name=\"your-email\" \/><\/span>\n<\/p>\n<p>Status*\n<\/p>\n<p><span class=\"wpcf7-form-control-wrap\" data-name=\"status\"><span class=\"wpcf7-form-control wpcf7-checkbox wpcf7-validates-as-required wpcf7-exclusive-checkbox\"><span class=\"wpcf7-list-item first\"><span class=\"wpcf7-list-item-label\">Ausgebildeter Friseur<\/span><input type=\"checkbox\" name=\"status\" value=\"Ausgebildeter Friseur\" \/><\/span><span class=\"wpcf7-list-item\"><span class=\"wpcf7-list-item-label\">Lieferant<\/span><input type=\"checkbox\" name=\"status\" value=\"Lieferant\" \/><\/span><span class=\"wpcf7-list-item last\"><span class=\"wpcf7-list-item-label\">Andere<\/span><input type=\"checkbox\" name=\"status\" value=\"Andere\" \/><\/span><\/span><\/span>\n<\/p>\n<p>Land*\n<\/p>\n<p><span class=\"wpcf7-form-control-wrap\" data-name=\"country\"><input size=\"40\" maxlength=\"400\" class=\"wpcf7-form-control wpcf7-text wpcf7-validates-as-required\" aria-required=\"true\" aria-invalid=\"false\" value=\"\" type=\"text\" name=\"country\" \/><\/span>\n<\/p>\n<p>Botschaft*\n<\/p>\n<p><span class=\"wpcf7-form-control-wrap\" data-name=\"your-message\"><textarea cols=\"40\" rows=\"10\" maxlength=\"2000\" class=\"wpcf7-form-control wpcf7-textarea wpcf7-validates-as-required\" aria-required=\"true\" aria-invalid=\"false\" name=\"your-message\"><\/textarea><\/span>\n<\/p>\n<p><span class=\"wpcf7-form-control-wrap\" data-name=\"acceptance-20\"><span class=\"wpcf7-form-control wpcf7-acceptance\"><span class=\"wpcf7-list-item\"><input type=\"checkbox\" name=\"acceptance-20\" value=\"1\" aria-invalid=\"false\" \/><\/span><\/span><\/span> I express my informed, specific and unconditional consent for the company Comprof Milano Srl to proceed with the processing of my personal data to process the requests for information transmitted, as better described in the <a href=\"https:\/\/k-time.it\/de\/privacy-policy\/\" target=\"_blank\" rel=\"noopener\">Privacy Policy<\/a>*\n<\/p>\n<p><small>Diese Website ist durch Google reCAPTCHA <a href=\"https:\/\/policies.google.com\/privacy\"> Datenschutzerkl\u00e4rung <\/a> und <a href=\"https:\/\/policies.google.com\/terms\"> gesch\u00fctzt Nutzungsbedingungen<\/a><\/small>\n<\/p>\n<p><input class=\"wpcf7-form-control wpcf7-submit has-spinner\" type=\"submit\" value=\"Senden\" \/>\n<\/p><div class=\"wpcf7-response-output\" aria-hidden=\"true\"><\/div>\n<\/form>\n<\/div>\n<\/div><\/div>\n\n\t\t\t<\/div>[\/vc_column][\/vc_row][vc_row][vc_column width=&#8220;1\/2&#8243;]<div class=\"standard-arrow list-divider bullet-top\"><h2>Formel<\/h2>\n<ul>\n<li><b>Guargummi<\/b><span style=\"font-weight: 400;\">: wird aus dem Mahlen der Guarsamen der Guarbohnenpflanze <\/span><i><span style=\"font-weight: 400;\">gewonnen und ist reich an Proteinen, Ballaststoffen und Fetten.<\/span><\/i><span style=\"font-weight: 400;\"> Dank der feuchtigkeitsspendenden und weich machenden Eigenschaften wird es oft im kosmetischen Bereich angewendet.<\/span><\/li>\n<\/ul>\n<\/div>[\/vc_column][vc_column width=&#8220;1\/2&#8243;]<div class=\"standard-arrow list-divider bullet-top\"><h2>Vorteile<\/h2>\n<ul>\n<li style=\"font-weight: 400;\">Erm\u00f6glicht gleichm\u00e4\u00dfige Aufhellungen um bis zu 7 T\u00f6ne<\/li>\n<li style=\"font-weight: 400;\">Die Textur ist kompakt und schwerfl\u00fcchtig.<\/li>\n<li style=\"font-weight: 400;\">Entfernt gelbliche Reflexe von der Entf\u00e4rbung<\/li>\n<\/ul>\n<\/div>[\/vc_column][\/vc_row][vc_row css=&#8220;.vc_custom_1595317695114{padding-top: 50px !important;}&#8220;][vc_column]<div class=\"dt-fancy-separator h2-size style-thick\" style=\"width: 100%;\"><div class=\"dt-fancy-title\" style=\"color: #333333;\"><span class=\"separator-holder separator-left\" style=\"border-color: #f0f0f0;\"><\/span>Verwandte Produkte<span class=\"separator-holder separator-right\" style=\"border-color: #f0f0f0;\"><\/span><\/div><\/div>[vc_raw_html]JTVCd3BiLXByb2R1Y3Qtc2xpZGVyLXNob3J0Y29kZSUyMGlkJTNEJTIyMjI1NSUyMiU1RA==[\/vc_raw_html][\/vc_column][\/vc_row]<\/p>\n<\/div>","protected":false},"excerpt":{"rendered":"<div class=\"woocommerce-product-details__short-description\">\n<p><b>Light Blondage<\/b><span style=\"font-weight: 400;\">, <\/span><b>blaues Entf\u00e4rbungspulver<\/b><span style=\"font-weight: 400;\"> mit leistungsstarker Formel. Empfohlen f\u00fcr zahlreiche Techniken, erm\u00f6glicht es <\/span><b>gleichm\u00e4\u00dfige Aufhellungen um bis zu 7 T\u00f6ne<\/b><\/p>\n<p><span style=\"font-weight: 400;\">Formel mit <\/span><b>[glossary_exclude]Guargummi[\/glossary_exclude]<\/b><span style=\"font-weight: 400;\">, mit pflegender Wirkung.<\/span><\/p>\n<p><span style=\"font-weight: 400;\">Professionelle Anwendung<\/span><\/p>\n<p><span style=\"font-weight: 400;\">Inhalt 500 g<\/span><\/p>\n<\/div>\n<p>&nbsp;<\/p>\n<p><span style=\"font-weight: 400;\">[vc_row][vc_column][ultimate_exp_section title=\" So k\u00f6nnen Sie das Produkt kaufen\" new_title=\" Informationen zum Kauf erhalten\" text_color=\"#ffffff\" background_color=\"#877650\" text_hovercolor=\"#ffffff\" bghovercolor=\"#877650\" title_active=\"#ffffff\" title_active_bg=\"#877650\" cnt_bg_color=\"#ffffff\" icon=\"icomoon-the7-font-icon-cart-detailed\" new_icon=\"icomoon-the7-font-the7-mail-011\" icon_align=\"left\" icon_size=\"20\" icon_color=\"#ffffff\" icon_hover_color=\"#ffffff\" icon_active_color=\"#ffffff\" title_font_size=\"desktop:16px;\" title_padding=\"padding-top:4px;padding-right:7px;padding-bottom:4px;padding-left:4px;\" icon_margin=\"margin-right:1px;\"][contact-form-7 id=\"496\"][\/ultimate_exp_section][\/vc_column][\/vc_row]<\/span><\/p>\n","protected":false},"featured_media":23154,"template":"","meta":[],"product_brand":[],"product_cat":[2062,2767],"product_tag":[],"class_list":{"0":"post-13237","1":"product","2":"type-product","3":"status-publish","4":"has-post-thumbnail","6":"product_cat-salon-technics","7":"product_cat-light-plume-light-blondage-de","8":"description-off","10":"first","11":"instock","12":"shipping-taxable","13":"product-type-simple"},"yoast_head":"<!-- This site is optimized with the Yoast SEO plugin v26.8 - https:\/\/yoast.com\/product\/yoast-seo-wordpress\/ -->\n<title>Light Blondage | Blaues Entf\u00e4rbungspulve - K-time<\/title>\n<meta name=\"description\" content=\"Light Blondage, blaues Entf\u00e4rbungspulver mit leistungsstarker Formel. Empfohlen f\u00fcr zahlreiche Techniken, erm\u00f6glicht es gleichm\u00e4\u00dfige Aufhellungen um bis zu 7 T\u00f6ne.\" \/>\n<meta name=\"robots\" content=\"index, follow, max-snippet:-1, max-image-preview:large, max-video-preview:-1\" \/>\n<link rel=\"canonical\" href=\"https:\/\/k-time.it\/de\/products\/salon-technics\/light-plume-light-blondage-de\/light-blondage-blaues-entfarbungspulve\/\" \/>\n<meta property=\"og:locale\" content=\"de_DE\" \/>\n<meta property=\"og:type\" content=\"article\" \/>\n<meta property=\"og:title\" content=\"Light Blondage | Blaues Entf\u00e4rbungspulve - K-time\" \/>\n<meta property=\"og:description\" content=\"Light Blondage, blaues Entf\u00e4rbungspulver mit leistungsstarker Formel. Empfohlen f\u00fcr zahlreiche Techniken, erm\u00f6glicht es gleichm\u00e4\u00dfige Aufhellungen um bis zu 7 T\u00f6ne.\" \/>\n<meta property=\"og:url\" content=\"https:\/\/k-time.it\/de\/products\/salon-technics\/light-plume-light-blondage-de\/light-blondage-blaues-entfarbungspulve\/\" \/>\n<meta property=\"og:site_name\" content=\"K-time\" \/>\n<meta property=\"article:modified_time\" content=\"2023-06-27T08:33:38+00:00\" \/>\n<meta property=\"og:image\" content=\"https:\/\/k-time.it\/wp-content\/uploads\/2023\/06\/24017_k-time_light_blondage_blue_500g.png\" \/>\n\t<meta property=\"og:image:width\" content=\"600\" \/>\n\t<meta property=\"og:image:height\" content=\"600\" \/>\n\t<meta property=\"og:image:type\" content=\"image\/png\" \/>\n<meta name=\"twitter:card\" content=\"summary_large_image\" \/>\n<meta name=\"twitter:label1\" content=\"Gesch\u00e4tzte Lesezeit\" \/>\n\t<meta name=\"twitter:data1\" content=\"1\u00a0Minute\" \/>\n<script type=\"application\/ld+json\" class=\"yoast-schema-graph\">{\"@context\":\"https:\/\/schema.org\",\"@graph\":[{\"@type\":\"WebPage\",\"@id\":\"https:\/\/k-time.it\/de\/products\/salon-technics\/light-plume-light-blondage-de\/light-blondage-blaues-entfarbungspulve\/\",\"url\":\"https:\/\/k-time.it\/de\/products\/salon-technics\/light-plume-light-blondage-de\/light-blondage-blaues-entfarbungspulve\/\",\"name\":\"Light Blondage | Blaues Entf\u00e4rbungspulve - K-time\",\"isPartOf\":{\"@id\":\"https:\/\/k-time.it\/en\/#website\"},\"primaryImageOfPage\":{\"@id\":\"https:\/\/k-time.it\/de\/products\/salon-technics\/light-plume-light-blondage-de\/light-blondage-blaues-entfarbungspulve\/#primaryimage\"},\"image\":{\"@id\":\"https:\/\/k-time.it\/de\/products\/salon-technics\/light-plume-light-blondage-de\/light-blondage-blaues-entfarbungspulve\/#primaryimage\"},\"thumbnailUrl\":\"https:\/\/k-time.it\/wp-content\/uploads\/2023\/06\/24017_k-time_light_blondage_blue_500g.png\",\"datePublished\":\"2020-06-25T14:46:28+00:00\",\"dateModified\":\"2023-06-27T08:33:38+00:00\",\"description\":\"Light Blondage, blaues Entf\u00e4rbungspulver mit leistungsstarker Formel. Empfohlen f\u00fcr zahlreiche Techniken, erm\u00f6glicht es gleichm\u00e4\u00dfige Aufhellungen um bis zu 7 T\u00f6ne.\",\"breadcrumb\":{\"@id\":\"https:\/\/k-time.it\/de\/products\/salon-technics\/light-plume-light-blondage-de\/light-blondage-blaues-entfarbungspulve\/#breadcrumb\"},\"inLanguage\":\"de\",\"potentialAction\":[{\"@type\":\"ReadAction\",\"target\":[\"https:\/\/k-time.it\/de\/products\/salon-technics\/light-plume-light-blondage-de\/light-blondage-blaues-entfarbungspulve\/\"]}]},{\"@type\":\"ImageObject\",\"inLanguage\":\"de\",\"@id\":\"https:\/\/k-time.it\/de\/products\/salon-technics\/light-plume-light-blondage-de\/light-blondage-blaues-entfarbungspulve\/#primaryimage\",\"url\":\"https:\/\/k-time.it\/wp-content\/uploads\/2023\/06\/24017_k-time_light_blondage_blue_500g.png\",\"contentUrl\":\"https:\/\/k-time.it\/wp-content\/uploads\/2023\/06\/24017_k-time_light_blondage_blue_500g.png\",\"width\":600,\"height\":600,\"caption\":\"LIGHT BLONDAGE DECOLORANTE COMPATTO BLU\"},{\"@type\":\"BreadcrumbList\",\"@id\":\"https:\/\/k-time.it\/de\/products\/salon-technics\/light-plume-light-blondage-de\/light-blondage-blaues-entfarbungspulve\/#breadcrumb\",\"itemListElement\":[{\"@type\":\"ListItem\",\"position\":1,\"name\":\"Home\",\"item\":\"https:\/\/k-time.it\/de\/\"},{\"@type\":\"ListItem\",\"position\":2,\"name\":\"Shop\",\"item\":\"https:\/\/k-time.it\/en\/negozio\/\"},{\"@type\":\"ListItem\",\"position\":3,\"name\":\"Light Blondage | Blaues Entf\u00e4rbungspulve\"}]},{\"@type\":\"WebSite\",\"@id\":\"https:\/\/k-time.it\/en\/#website\",\"url\":\"https:\/\/k-time.it\/en\/\",\"name\":\"K-time\",\"description\":\"Hair Spa Treatments\",\"publisher\":{\"@id\":\"https:\/\/k-time.it\/en\/#organization\"},\"potentialAction\":[{\"@type\":\"SearchAction\",\"target\":{\"@type\":\"EntryPoint\",\"urlTemplate\":\"https:\/\/k-time.it\/en\/?s={search_term_string}\"},\"query-input\":{\"@type\":\"PropertyValueSpecification\",\"valueRequired\":true,\"valueName\":\"search_term_string\"}}],\"inLanguage\":\"de\"},{\"@type\":\"Organization\",\"@id\":\"https:\/\/k-time.it\/en\/#organization\",\"name\":\"K-time\",\"url\":\"https:\/\/k-time.it\/en\/\",\"logo\":{\"@type\":\"ImageObject\",\"inLanguage\":\"de\",\"@id\":\"https:\/\/k-time.it\/en\/#\/schema\/logo\/image\/\",\"url\":\"\",\"contentUrl\":\"\",\"caption\":\"K-time\"},\"image\":{\"@id\":\"https:\/\/k-time.it\/en\/#\/schema\/logo\/image\/\"}}]}<\/script>\n<!-- \/ Yoast SEO plugin. -->","yoast_head_json":{"title":"Light Blondage | Blaues Entf\u00e4rbungspulve - K-time","description":"Light Blondage, blaues Entf\u00e4rbungspulver mit leistungsstarker Formel. Empfohlen f\u00fcr zahlreiche Techniken, erm\u00f6glicht es gleichm\u00e4\u00dfige Aufhellungen um bis zu 7 T\u00f6ne.","robots":{"index":"index","follow":"follow","max-snippet":"max-snippet:-1","max-image-preview":"max-image-preview:large","max-video-preview":"max-video-preview:-1"},"canonical":"https:\/\/k-time.it\/de\/products\/salon-technics\/light-plume-light-blondage-de\/light-blondage-blaues-entfarbungspulve\/","og_locale":"de_DE","og_type":"article","og_title":"Light Blondage | Blaues Entf\u00e4rbungspulve - K-time","og_description":"Light Blondage, blaues Entf\u00e4rbungspulver mit leistungsstarker Formel. Empfohlen f\u00fcr zahlreiche Techniken, erm\u00f6glicht es gleichm\u00e4\u00dfige Aufhellungen um bis zu 7 T\u00f6ne.","og_url":"https:\/\/k-time.it\/de\/products\/salon-technics\/light-plume-light-blondage-de\/light-blondage-blaues-entfarbungspulve\/","og_site_name":"K-time","article_modified_time":"2023-06-27T08:33:38+00:00","og_image":[{"width":600,"height":600,"url":"https:\/\/k-time.it\/wp-content\/uploads\/2023\/06\/24017_k-time_light_blondage_blue_500g.png","type":"image\/png"}],"twitter_card":"summary_large_image","twitter_misc":{"Gesch\u00e4tzte Lesezeit":"1\u00a0Minute"},"schema":{"@context":"https:\/\/schema.org","@graph":[{"@type":"WebPage","@id":"https:\/\/k-time.it\/de\/products\/salon-technics\/light-plume-light-blondage-de\/light-blondage-blaues-entfarbungspulve\/","url":"https:\/\/k-time.it\/de\/products\/salon-technics\/light-plume-light-blondage-de\/light-blondage-blaues-entfarbungspulve\/","name":"Light Blondage | Blaues Entf\u00e4rbungspulve - K-time","isPartOf":{"@id":"https:\/\/k-time.it\/en\/#website"},"primaryImageOfPage":{"@id":"https:\/\/k-time.it\/de\/products\/salon-technics\/light-plume-light-blondage-de\/light-blondage-blaues-entfarbungspulve\/#primaryimage"},"image":{"@id":"https:\/\/k-time.it\/de\/products\/salon-technics\/light-plume-light-blondage-de\/light-blondage-blaues-entfarbungspulve\/#primaryimage"},"thumbnailUrl":"https:\/\/k-time.it\/wp-content\/uploads\/2023\/06\/24017_k-time_light_blondage_blue_500g.png","datePublished":"2020-06-25T14:46:28+00:00","dateModified":"2023-06-27T08:33:38+00:00","description":"Light Blondage, blaues Entf\u00e4rbungspulver mit leistungsstarker Formel. Empfohlen f\u00fcr zahlreiche Techniken, erm\u00f6glicht es gleichm\u00e4\u00dfige Aufhellungen um bis zu 7 T\u00f6ne.","breadcrumb":{"@id":"https:\/\/k-time.it\/de\/products\/salon-technics\/light-plume-light-blondage-de\/light-blondage-blaues-entfarbungspulve\/#breadcrumb"},"inLanguage":"de","potentialAction":[{"@type":"ReadAction","target":["https:\/\/k-time.it\/de\/products\/salon-technics\/light-plume-light-blondage-de\/light-blondage-blaues-entfarbungspulve\/"]}]},{"@type":"ImageObject","inLanguage":"de","@id":"https:\/\/k-time.it\/de\/products\/salon-technics\/light-plume-light-blondage-de\/light-blondage-blaues-entfarbungspulve\/#primaryimage","url":"https:\/\/k-time.it\/wp-content\/uploads\/2023\/06\/24017_k-time_light_blondage_blue_500g.png","contentUrl":"https:\/\/k-time.it\/wp-content\/uploads\/2023\/06\/24017_k-time_light_blondage_blue_500g.png","width":600,"height":600,"caption":"LIGHT BLONDAGE DECOLORANTE COMPATTO BLU"},{"@type":"BreadcrumbList","@id":"https:\/\/k-time.it\/de\/products\/salon-technics\/light-plume-light-blondage-de\/light-blondage-blaues-entfarbungspulve\/#breadcrumb","itemListElement":[{"@type":"ListItem","position":1,"name":"Home","item":"https:\/\/k-time.it\/de\/"},{"@type":"ListItem","position":2,"name":"Shop","item":"https:\/\/k-time.it\/en\/negozio\/"},{"@type":"ListItem","position":3,"name":"Light Blondage | Blaues Entf\u00e4rbungspulve"}]},{"@type":"WebSite","@id":"https:\/\/k-time.it\/en\/#website","url":"https:\/\/k-time.it\/en\/","name":"K-time","description":"Hair Spa Treatments","publisher":{"@id":"https:\/\/k-time.it\/en\/#organization"},"potentialAction":[{"@type":"SearchAction","target":{"@type":"EntryPoint","urlTemplate":"https:\/\/k-time.it\/en\/?s={search_term_string}"},"query-input":{"@type":"PropertyValueSpecification","valueRequired":true,"valueName":"search_term_string"}}],"inLanguage":"de"},{"@type":"Organization","@id":"https:\/\/k-time.it\/en\/#organization","name":"K-time","url":"https:\/\/k-time.it\/en\/","logo":{"@type":"ImageObject","inLanguage":"de","@id":"https:\/\/k-time.it\/en\/#\/schema\/logo\/image\/","url":"","contentUrl":"","caption":"K-time"},"image":{"@id":"https:\/\/k-time.it\/en\/#\/schema\/logo\/image\/"}}]}},"_links":{"self":[{"href":"https:\/\/k-time.it\/de\/wp-json\/wp\/v2\/product\/13237","targetHints":{"allow":["GET"]}}],"collection":[{"href":"https:\/\/k-time.it\/de\/wp-json\/wp\/v2\/product"}],"about":[{"href":"https:\/\/k-time.it\/de\/wp-json\/wp\/v2\/types\/product"}],"wp:featuredmedia":[{"embeddable":true,"href":"https:\/\/k-time.it\/de\/wp-json\/wp\/v2\/media\/23154"}],"wp:attachment":[{"href":"https:\/\/k-time.it\/de\/wp-json\/wp\/v2\/media?parent=13237"}],"wp:term":[{"taxonomy":"product_brand","embeddable":true,"href":"https:\/\/k-time.it\/de\/wp-json\/wp\/v2\/product_brand?post=13237"},{"taxonomy":"product_cat","embeddable":true,"href":"https:\/\/k-time.it\/de\/wp-json\/wp\/v2\/product_cat?post=13237"},{"taxonomy":"product_tag","embeddable":true,"href":"https:\/\/k-time.it\/de\/wp-json\/wp\/v2\/product_tag?post=13237"}],"curies":[{"name":"wp","href":"https:\/\/api.w.org\/{rel}","templated":true}]}}