{"id":12131,"date":"2020-06-25T16:46:32","date_gmt":"2020-06-25T14:46:32","guid":{"rendered":"https:\/\/k-time.it\/products\/unkategorisiert\/coloracion-directa-sin-amoniaco\/"},"modified":"2026-04-14T12:46:06","modified_gmt":"2026-04-14T10:46:06","slug":"direkte-koloration-ohne-ammoniak","status":"publish","type":"product","link":"https:\/\/k-time.it\/de\/products\/color-prodigy\/reflex\/direkte-koloration-ohne-ammoniak\/","title":{"rendered":"Reflex | Direkte Koloration ohne Ammoniak"},"content":{"rendered":"<div class=\"wpb-content-wrapper\"><p>[vc_row disable_element=&#8220;yes&#8220;][vc_column]<div class=\"ult_exp_section_layer ult-adjust-bottom-margin  \" >\n\t\t<div id=\"uvc-exp-wrap-2300\" role=\"button\" tabindex=\"0\" aria-pressed=\"false\"  data-ultimate-target='#uvc-exp-wrap-2300'  data-responsive-json-new='{\"font-size\":\"desktop:16px;\",\"line-height\":\"desktop:20px;\"}'  class=\"ult_exp_section  ult-responsive \" style=\"color:#ffffff;background-color:#877650; font-weight:normal; padding-top:4px;padding-right:7px;padding-bottom:4px;padding-left:4px;text-align:center;\" data-textcolor=\"#ffffff\"data-texthover=\"#ffffff\"data-icncolor=\"#ffffff\"data-ihover=\"#ffffff\"data-height=\"0\"data-cntbg=\"#877650\"data-cnthvrbg=\"#877650\"data-headerbg=\"#877650\"data-headerhover=\"#877650\"data-title=\"How to buy\"data-newtitle=\"Request purchase info\"data-icon=\"icomoon-the7-font-icon-cart-detailed\"data-newicon=\"icomoon-the7-font-the7-mail-011\"data-activeicon=\"#ffffff\"data-effect=\"slideToggle\"data-override=\"0\"data-activetitle=\"#ffffff\"data-activebg=\"#877650\"data-img=\"\"data-newimg=\"\"><div class=\"ult_exp_section-main ult_expleft_icon\">\t<div class=\"ult-just-icon-wrapper ult_exp_icon\">\n\t\t\t\t\t<div class=\"align-icon \">\n\t\t\t\t\t\t\n<span class=\"aio-icon  none  ult_expsection_icon \"  style=\"color:#ffffff;font-size:20px;\">\n\t<i class=\"icomoon-the7-font-icon-cart-detailed ult_ex_icon\"  ><\/i>\n<\/span>\n\t\t\t\t\t<\/div>\n\t\t\t\t<\/div>\n\t\t\t\t<div class=\"ult_expheader\" >How to buy\n\t\t\t\t<\/div>\n\t\t\t<\/div>\n\t\t<\/div><div class=\"ult_exp_content \" style=\"background-color:#ffffff;  \"><div class=\"ult_ecpsub_cont\" style=\" \" >\n<div class=\"wpcf7 no-js\" id=\"wpcf7-f15155-o1\" lang=\"de-DE\" dir=\"ltr\" data-wpcf7-id=\"15155\">\n<div class=\"screen-reader-response\"><p role=\"status\" aria-live=\"polite\" aria-atomic=\"true\"><\/p> <ul><\/ul><\/div>\n<form action=\"\/de\/wp-json\/wp\/v2\/product\/12131#wpcf7-f15155-o1\" method=\"post\" class=\"wpcf7-form init\" aria-label=\"Kontaktformular\" novalidate=\"novalidate\" data-status=\"init\">\n<fieldset class=\"hidden-fields-container\"><input type=\"hidden\" name=\"_wpcf7\" value=\"15155\" \/><input type=\"hidden\" name=\"_wpcf7_version\" value=\"6.1.4\" \/><input type=\"hidden\" name=\"_wpcf7_locale\" value=\"de_DE\" \/><input type=\"hidden\" name=\"_wpcf7_unit_tag\" value=\"wpcf7-f15155-o1\" \/><input type=\"hidden\" name=\"_wpcf7_container_post\" value=\"0\" \/><input type=\"hidden\" name=\"_wpcf7_posted_data_hash\" value=\"\" \/><input type=\"hidden\" name=\"_wpcf7_recaptcha_response\" value=\"\" \/>\n<\/fieldset>\n<p>Name und Nachname*\n<\/p>\n<p><span class=\"wpcf7-form-control-wrap\" data-name=\"your-name\"><input size=\"40\" maxlength=\"400\" class=\"wpcf7-form-control wpcf7-text wpcf7-validates-as-required\" aria-required=\"true\" aria-invalid=\"false\" value=\"\" type=\"text\" name=\"your-name\" \/><\/span>\n<\/p>\n<p>Email*\n<\/p>\n<p><span class=\"wpcf7-form-control-wrap\" data-name=\"your-email\"><input size=\"40\" maxlength=\"400\" class=\"wpcf7-form-control wpcf7-email wpcf7-validates-as-required wpcf7-text wpcf7-validates-as-email\" aria-required=\"true\" aria-invalid=\"false\" value=\"\" type=\"email\" name=\"your-email\" \/><\/span>\n<\/p>\n<p>Status*\n<\/p>\n<p><span class=\"wpcf7-form-control-wrap\" data-name=\"status\"><span class=\"wpcf7-form-control wpcf7-checkbox wpcf7-validates-as-required wpcf7-exclusive-checkbox\"><span class=\"wpcf7-list-item first\"><span class=\"wpcf7-list-item-label\">Ausgebildeter Friseur<\/span><input type=\"checkbox\" name=\"status\" value=\"Ausgebildeter Friseur\" \/><\/span><span class=\"wpcf7-list-item\"><span class=\"wpcf7-list-item-label\">Lieferant<\/span><input type=\"checkbox\" name=\"status\" value=\"Lieferant\" \/><\/span><span class=\"wpcf7-list-item last\"><span class=\"wpcf7-list-item-label\">Andere<\/span><input type=\"checkbox\" name=\"status\" value=\"Andere\" \/><\/span><\/span><\/span>\n<\/p>\n<p>Land*\n<\/p>\n<p><span class=\"wpcf7-form-control-wrap\" data-name=\"country\"><input size=\"40\" maxlength=\"400\" class=\"wpcf7-form-control wpcf7-text wpcf7-validates-as-required\" aria-required=\"true\" aria-invalid=\"false\" value=\"\" type=\"text\" name=\"country\" \/><\/span>\n<\/p>\n<p>Botschaft*\n<\/p>\n<p><span class=\"wpcf7-form-control-wrap\" data-name=\"your-message\"><textarea cols=\"40\" rows=\"10\" maxlength=\"2000\" class=\"wpcf7-form-control wpcf7-textarea wpcf7-validates-as-required\" aria-required=\"true\" aria-invalid=\"false\" name=\"your-message\"><\/textarea><\/span>\n<\/p>\n<p><span class=\"wpcf7-form-control-wrap\" data-name=\"acceptance-20\"><span class=\"wpcf7-form-control wpcf7-acceptance\"><span class=\"wpcf7-list-item\"><input type=\"checkbox\" name=\"acceptance-20\" value=\"1\" aria-invalid=\"false\" \/><\/span><\/span><\/span> I express my informed, specific and unconditional consent for the company Comprof Milano Srl to proceed with the processing of my personal data to process the requests for information transmitted, as better described in the <a href=\"https:\/\/k-time.it\/de\/privacy-policy\/\" target=\"_blank\" rel=\"noopener\">Privacy Policy<\/a>*\n<\/p>\n<p><small>Diese Website ist durch Google reCAPTCHA <a href=\"https:\/\/policies.google.com\/privacy\"> Datenschutzerkl\u00e4rung <\/a> und <a href=\"https:\/\/policies.google.com\/terms\"> gesch\u00fctzt Nutzungsbedingungen<\/a><\/small>\n<\/p>\n<p><input class=\"wpcf7-form-control wpcf7-submit has-spinner\" type=\"submit\" value=\"Senden\" \/>\n<\/p><div class=\"wpcf7-response-output\" aria-hidden=\"true\"><\/div>\n<\/form>\n<\/div>\n<\/div><\/div>\n\n\t\t\t<\/div>[\/vc_column][\/vc_row][vc_row][vc_column width=&#8220;1\/2&#8243;]<div class=\"standard-arrow list-divider bullet-top\"><h2>Formel<\/h2>\n<ul>\n<li style=\"font-weight: 400;\"><b>Photo-Reflecting Pigments<\/b><span style=\"font-weight: 400;\">: eine Technologie, die die besondere Struktur der mittleren Pigmente nutzt und das Entwickeln von reflektierenden Farben und Reflexen erm\u00f6glicht, um Haare in hoher Definition zu erm\u00f6glichen, die eine au\u00dfergew\u00f6hnliche, reine und lang anhaltende Leuchtkraft besitzen.<\/span><\/li>\n<li style=\"font-weight: 400;\"><b>Aloe Vera<\/b><span style=\"font-weight: 400;\">: reich an Vitaminen, Mineralstoffen und Aminos\u00e4uren, n\u00e4hrt jedes einzelne Haar intensiv und verleiht dem Haar F\u00fclle und Leuchtkraft.<\/span><\/li>\n<li style=\"font-weight: 400;\"><b>Argan\u00f6l:<\/b><span style=\"font-weight: 400;\"> bekannt als &#8222;Gold der W\u00fcste&#8220; wird Argan\u00f6l aus der Frucht eines Baumes gewonnen (Argania Spinosa), der ausschlie\u00dflich in Marokko w\u00e4chst.<\/span><b> <\/b><\/li>\n<li style=\"font-weight: 400;\"><b>Ohne Ammoniak <\/b><span style=\"font-weight: 400;\">und<\/span><b> ohne Oxidationsmittel<\/b><\/li>\n<\/ul>\n<\/div><div class=\"standard-arrow list-divider bullet-top\"><h2>Vorteile<\/h2>\n<ul>\n<li style=\"font-weight: 400;\">Kaschiert wei\u00dfe Haare<span style=\"font-weight: 400;\"> bis zu 30% und <\/span>verhindert den Nachwachseffekt, <span style=\"font-weight: 400;\">der am Haaransatz sichtbar ist<\/span><\/li>\n<li style=\"font-weight: 400;\">Reversibler und leuchtender<span style=\"font-weight: 400;\"> Effekt<\/span><\/li>\n<li style=\"font-weight: 400;\">Vereinheitlicht die Farbe<span style=\"font-weight: 400;\"> der Haarl\u00e4ngen und blassen Spitzen<\/span><\/li>\n<li style=\"font-weight: 400;\">Gloss-Effekt<span style=\"font-weight: 400;\">: gemeinsam mit der sch\u00fctzenden und Leuchtkraft verleihenden Somnia Color Code Maske<\/span><\/li>\n<li style=\"font-weight: 400;\"><span style=\"font-weight: 400;\">Leuchtende und lebhafte<\/span> Farbe<\/li>\n<li style=\"font-weight: 400;\">Leuchtendes, weiches und gesch\u00fctztes<span style=\"font-weight: 400;\"> Haar<\/span><\/li>\n<li style=\"font-weight: 400;\">Dauer der Reflexe bis zu 10 Haarw\u00e4schen<\/li>\n<\/ul>\n<\/div>[\/vc_column][vc_column width=&#8220;1\/2&#8243;][vc_column_text css=&#8220;&#8220;]<\/p>\n<h2>Refresh Service<\/h2>\n<p><span style=\"font-weight: 400;\">Reflex <\/span><span style=\"font-weight: 400;\">und<\/span><span style=\"font-weight: 400;\"> Somnia<\/span><span style=\"font-weight: 400;\">, Koloration und Behandlung zum ersten Mal in Einem: Ab heute k\u00f6nnen Sie die <\/span><b>perfekte Auffrischung der Farbe <\/b><span style=\"font-weight: 400;\">vornehmen und diese mit der entsprechenden <\/span><b>Behandlung verbinden<\/b><span style=\"font-weight: 400;\">, die f\u00fcr die Bed\u00fcrfnisse Ihrer Kunden geeignet ist, all das mit nur einem einfachen und super schnellem Service.<\/span><\/p>\n<p><span style=\"font-weight: 400;\">Wie der Service<\/span> <strong>Refresh<\/strong><span style=\"font-weight: 400;\">\u00a0durchgef\u00fchrt wird:<\/span><\/p>\n<ol>\n<li>10 ml der gew\u00fcnschten Nuance von Reflex mit 15 g der <a style=\"color: #877650;\" href=\"https:\/\/k-time.it\/de\/cat\/treatments\/somnia\/\"><span style=\"font-weight: 400;\">Behandlung<\/span> <span style=\"font-weight: 400;\">Somnia<\/span><\/a> vermischen, wobei der f\u00fcr das Haar der Kundin geeignete Farbton ausgew\u00e4hlt wird. Nachdem das Haar mit Somnia Shampoo gewaschen wurde, wird das Gemisch auf dem Haar aufgetragen.<\/li>\n<li>Nehmen Sie die aktive zweimin\u00fctige K-time Massage vor, bei der Sie mit den Fingerkuppen bei den Haarspitzen beginnend das Produkt einmassieren und anschlie\u00dfend das restliche Haar Richtung Haaransatz massieren, damit die aktiven Inhaltsstoffe bis in die Tiefen einziehen k\u00f6nnen. 5 Minuten einwirken lassen.<\/li>\n<li>Aussp\u00fclen und F\u00f6hnvorgang starten.<\/li>\n<\/ol>\n<p><strong>In nur 7 Minuten<\/strong> haben Sie Ihrer Kundin Folgendes geboten: eine lebhafte Farbe, ein gen\u00e4hrtes Haar und einen kurzen aber intensiven Moment der Entspannung.[\/vc_column_text][\/vc_column][\/vc_row][vc_row css=&#8220;.vc_custom_1595317695114{padding-top: 50px !important;}&#8220;][vc_column]<div class=\"dt-fancy-separator h2-size style-thick\" style=\"width: 100%;\"><div class=\"dt-fancy-title\" style=\"color: #333333;\"><span class=\"separator-holder separator-left\" style=\"border-color: #f0f0f0;\"><\/span>Verwandte Produkte<span class=\"separator-holder separator-right\" style=\"border-color: #f0f0f0;\"><\/span><\/div><\/div>[vc_raw_html]JTVCd3BiLXByb2R1Y3Qtc2xpZGVyLXNob3J0Y29kZSUyMGlkJTNEJTIyNzY5JTIyJTVE[\/vc_raw_html][\/vc_column][\/vc_row]<\/p>\n<\/div>","protected":false},"excerpt":{"rendered":"<div class=\"woocommerce-product-details__short-description\">\n<p><b>Reflex<\/b>\u00a0ist die neue <b>direkte Koloration<\/b> von K-time <b>ohne Ammoniak und ohne Oxidationsmittel<\/b>, gebrauchsfertig und ideal geeignet, um die Haarfarbe mit Reflexen zu versehen, sie zu st\u00e4rken und zu beleben und die ersten wei\u00dfen Haare abzudecken. Mit <b>[glossary_exclude]Aloe Vera[\/glossary_exclude]<\/b> und <b>[glossary_exclude]Argan\u00f6l[\/glossary_exclude]<\/b><b> angereichert.<\/b><\/p>\n<\/div>\n<p>&nbsp;<\/p>\n<p>85 ml<\/p>\n<p>6 Nuancen<\/p>\n<p>&nbsp;<\/p>\n<p><span style=\"font-weight: 400;\">[vc_row][vc_column][ultimate_exp_section title=\" So k\u00f6nnen Sie das Produkt kaufen\" new_title=\" Informationen zum Kauf erhalten\" text_color=\"#ffffff\" background_color=\"#877650\" text_hovercolor=\"#ffffff\" bghovercolor=\"#877650\" title_active=\"#ffffff\" title_active_bg=\"#877650\" cnt_bg_color=\"#ffffff\" icon=\"icomoon-the7-font-icon-cart-detailed\" new_icon=\"icomoon-the7-font-the7-mail-011\" icon_align=\"left\" icon_size=\"20\" icon_color=\"#ffffff\" icon_hover_color=\"#ffffff\" icon_active_color=\"#ffffff\" title_font_size=\"desktop:16px;\" title_padding=\"padding-top:4px;padding-right:7px;padding-bottom:4px;padding-left:4px;\" icon_margin=\"margin-right:1px;\"][contact-form-7 id=\"496\"][\/ultimate_exp_section][\/vc_column][\/vc_row]<\/span><\/p>\n","protected":false},"featured_media":26931,"template":"","meta":[],"product_brand":[],"product_cat":[1472,1621],"product_tag":[],"class_list":{"0":"post-12131","1":"product","2":"type-product","3":"status-publish","4":"has-post-thumbnail","6":"product_cat-color-prodigy","7":"product_cat-reflex","8":"description-off","10":"first","11":"instock","12":"shipping-taxable","13":"purchasable","14":"product-type-variable"},"yoast_head":"<!-- This site is optimized with the Yoast SEO plugin v26.8 - https:\/\/yoast.com\/product\/yoast-seo-wordpress\/ -->\n<title>Reflex | Direkte Koloration ohne Ammoniak - K-time<\/title>\n<meta name=\"description\" content=\"Reflex ist die neue direkte Koloration von K-time ohne Ammoniak und ohne Oxidationsmittel, gebrauchsfertig und ideal geeignet, um die Haarfarbe mit Reflexen zu versehen, sie zu st\u00e4rken und zu beleben und die ersten wei\u00dfen Haare abzudecken.\" \/>\n<meta name=\"robots\" content=\"index, follow, max-snippet:-1, max-image-preview:large, max-video-preview:-1\" \/>\n<link rel=\"canonical\" href=\"https:\/\/k-time.it\/de\/products\/color-prodigy\/reflex\/direkte-koloration-ohne-ammoniak\/\" \/>\n<meta property=\"og:locale\" content=\"de_DE\" \/>\n<meta property=\"og:type\" content=\"article\" \/>\n<meta property=\"og:title\" content=\"Reflex | Direkte Koloration ohne Ammoniak - K-time\" \/>\n<meta property=\"og:description\" content=\"Reflex ist die neue direkte Koloration von K-time ohne Ammoniak und ohne Oxidationsmittel, gebrauchsfertig und ideal geeignet, um die Haarfarbe mit Reflexen zu versehen, sie zu st\u00e4rken und zu beleben und die ersten wei\u00dfen Haare abzudecken.\" \/>\n<meta property=\"og:url\" content=\"https:\/\/k-time.it\/de\/products\/color-prodigy\/reflex\/direkte-koloration-ohne-ammoniak\/\" \/>\n<meta property=\"og:site_name\" content=\"K-time\" \/>\n<meta property=\"article:modified_time\" content=\"2026-04-14T10:46:06+00:00\" \/>\n<meta property=\"og:image\" content=\"https:\/\/k-time.it\/wp-content\/uploads\/2026\/04\/20616_k-time_reflex_honey_blond_85ml.png\" \/>\n\t<meta property=\"og:image:width\" content=\"800\" \/>\n\t<meta property=\"og:image:height\" content=\"800\" \/>\n\t<meta property=\"og:image:type\" content=\"image\/png\" \/>\n<meta name=\"twitter:card\" content=\"summary_large_image\" \/>\n<meta name=\"twitter:label1\" content=\"Gesch\u00e4tzte Lesezeit\" \/>\n\t<meta name=\"twitter:data1\" content=\"3\u00a0Minuten\" \/>\n<script type=\"application\/ld+json\" class=\"yoast-schema-graph\">{\"@context\":\"https:\/\/schema.org\",\"@graph\":[{\"@type\":\"WebPage\",\"@id\":\"https:\/\/k-time.it\/de\/products\/color-prodigy\/reflex\/direkte-koloration-ohne-ammoniak\/\",\"url\":\"https:\/\/k-time.it\/de\/products\/color-prodigy\/reflex\/direkte-koloration-ohne-ammoniak\/\",\"name\":\"Reflex | Direkte Koloration ohne Ammoniak - K-time\",\"isPartOf\":{\"@id\":\"https:\/\/k-time.it\/en\/#website\"},\"primaryImageOfPage\":{\"@id\":\"https:\/\/k-time.it\/de\/products\/color-prodigy\/reflex\/direkte-koloration-ohne-ammoniak\/#primaryimage\"},\"image\":{\"@id\":\"https:\/\/k-time.it\/de\/products\/color-prodigy\/reflex\/direkte-koloration-ohne-ammoniak\/#primaryimage\"},\"thumbnailUrl\":\"https:\/\/k-time.it\/wp-content\/uploads\/2026\/04\/20616_k-time_reflex_honey_blond_85ml.png\",\"datePublished\":\"2020-06-25T14:46:32+00:00\",\"dateModified\":\"2026-04-14T10:46:06+00:00\",\"description\":\"Reflex ist die neue direkte Koloration von K-time ohne Ammoniak und ohne Oxidationsmittel, gebrauchsfertig und ideal geeignet, um die Haarfarbe mit Reflexen zu versehen, sie zu st\u00e4rken und zu beleben und die ersten wei\u00dfen Haare abzudecken.\",\"breadcrumb\":{\"@id\":\"https:\/\/k-time.it\/de\/products\/color-prodigy\/reflex\/direkte-koloration-ohne-ammoniak\/#breadcrumb\"},\"inLanguage\":\"de\",\"potentialAction\":[{\"@type\":\"ReadAction\",\"target\":[\"https:\/\/k-time.it\/de\/products\/color-prodigy\/reflex\/direkte-koloration-ohne-ammoniak\/\"]}]},{\"@type\":\"ImageObject\",\"inLanguage\":\"de\",\"@id\":\"https:\/\/k-time.it\/de\/products\/color-prodigy\/reflex\/direkte-koloration-ohne-ammoniak\/#primaryimage\",\"url\":\"https:\/\/k-time.it\/wp-content\/uploads\/2026\/04\/20616_k-time_reflex_honey_blond_85ml.png\",\"contentUrl\":\"https:\/\/k-time.it\/wp-content\/uploads\/2026\/04\/20616_k-time_reflex_honey_blond_85ml.png\",\"width\":800,\"height\":800},{\"@type\":\"BreadcrumbList\",\"@id\":\"https:\/\/k-time.it\/de\/products\/color-prodigy\/reflex\/direkte-koloration-ohne-ammoniak\/#breadcrumb\",\"itemListElement\":[{\"@type\":\"ListItem\",\"position\":1,\"name\":\"Home\",\"item\":\"https:\/\/k-time.it\/de\/\"},{\"@type\":\"ListItem\",\"position\":2,\"name\":\"Shop\",\"item\":\"https:\/\/k-time.it\/en\/negozio\/\"},{\"@type\":\"ListItem\",\"position\":3,\"name\":\"Reflex | Direkte Koloration ohne Ammoniak\"}]},{\"@type\":\"WebSite\",\"@id\":\"https:\/\/k-time.it\/en\/#website\",\"url\":\"https:\/\/k-time.it\/en\/\",\"name\":\"K-time\",\"description\":\"Hair Spa Treatments\",\"publisher\":{\"@id\":\"https:\/\/k-time.it\/en\/#organization\"},\"potentialAction\":[{\"@type\":\"SearchAction\",\"target\":{\"@type\":\"EntryPoint\",\"urlTemplate\":\"https:\/\/k-time.it\/en\/?s={search_term_string}\"},\"query-input\":{\"@type\":\"PropertyValueSpecification\",\"valueRequired\":true,\"valueName\":\"search_term_string\"}}],\"inLanguage\":\"de\"},{\"@type\":\"Organization\",\"@id\":\"https:\/\/k-time.it\/en\/#organization\",\"name\":\"K-time\",\"url\":\"https:\/\/k-time.it\/en\/\",\"logo\":{\"@type\":\"ImageObject\",\"inLanguage\":\"de\",\"@id\":\"https:\/\/k-time.it\/en\/#\/schema\/logo\/image\/\",\"url\":\"\",\"contentUrl\":\"\",\"caption\":\"K-time\"},\"image\":{\"@id\":\"https:\/\/k-time.it\/en\/#\/schema\/logo\/image\/\"}}]}<\/script>\n<!-- \/ Yoast SEO plugin. -->","yoast_head_json":{"title":"Reflex | Direkte Koloration ohne Ammoniak - K-time","description":"Reflex ist die neue direkte Koloration von K-time ohne Ammoniak und ohne Oxidationsmittel, gebrauchsfertig und ideal geeignet, um die Haarfarbe mit Reflexen zu versehen, sie zu st\u00e4rken und zu beleben und die ersten wei\u00dfen Haare abzudecken.","robots":{"index":"index","follow":"follow","max-snippet":"max-snippet:-1","max-image-preview":"max-image-preview:large","max-video-preview":"max-video-preview:-1"},"canonical":"https:\/\/k-time.it\/de\/products\/color-prodigy\/reflex\/direkte-koloration-ohne-ammoniak\/","og_locale":"de_DE","og_type":"article","og_title":"Reflex | Direkte Koloration ohne Ammoniak - K-time","og_description":"Reflex ist die neue direkte Koloration von K-time ohne Ammoniak und ohne Oxidationsmittel, gebrauchsfertig und ideal geeignet, um die Haarfarbe mit Reflexen zu versehen, sie zu st\u00e4rken und zu beleben und die ersten wei\u00dfen Haare abzudecken.","og_url":"https:\/\/k-time.it\/de\/products\/color-prodigy\/reflex\/direkte-koloration-ohne-ammoniak\/","og_site_name":"K-time","article_modified_time":"2026-04-14T10:46:06+00:00","og_image":[{"width":800,"height":800,"url":"https:\/\/k-time.it\/wp-content\/uploads\/2026\/04\/20616_k-time_reflex_honey_blond_85ml.png","type":"image\/png"}],"twitter_card":"summary_large_image","twitter_misc":{"Gesch\u00e4tzte Lesezeit":"3\u00a0Minuten"},"schema":{"@context":"https:\/\/schema.org","@graph":[{"@type":"WebPage","@id":"https:\/\/k-time.it\/de\/products\/color-prodigy\/reflex\/direkte-koloration-ohne-ammoniak\/","url":"https:\/\/k-time.it\/de\/products\/color-prodigy\/reflex\/direkte-koloration-ohne-ammoniak\/","name":"Reflex | Direkte Koloration ohne Ammoniak - K-time","isPartOf":{"@id":"https:\/\/k-time.it\/en\/#website"},"primaryImageOfPage":{"@id":"https:\/\/k-time.it\/de\/products\/color-prodigy\/reflex\/direkte-koloration-ohne-ammoniak\/#primaryimage"},"image":{"@id":"https:\/\/k-time.it\/de\/products\/color-prodigy\/reflex\/direkte-koloration-ohne-ammoniak\/#primaryimage"},"thumbnailUrl":"https:\/\/k-time.it\/wp-content\/uploads\/2026\/04\/20616_k-time_reflex_honey_blond_85ml.png","datePublished":"2020-06-25T14:46:32+00:00","dateModified":"2026-04-14T10:46:06+00:00","description":"Reflex ist die neue direkte Koloration von K-time ohne Ammoniak und ohne Oxidationsmittel, gebrauchsfertig und ideal geeignet, um die Haarfarbe mit Reflexen zu versehen, sie zu st\u00e4rken und zu beleben und die ersten wei\u00dfen Haare abzudecken.","breadcrumb":{"@id":"https:\/\/k-time.it\/de\/products\/color-prodigy\/reflex\/direkte-koloration-ohne-ammoniak\/#breadcrumb"},"inLanguage":"de","potentialAction":[{"@type":"ReadAction","target":["https:\/\/k-time.it\/de\/products\/color-prodigy\/reflex\/direkte-koloration-ohne-ammoniak\/"]}]},{"@type":"ImageObject","inLanguage":"de","@id":"https:\/\/k-time.it\/de\/products\/color-prodigy\/reflex\/direkte-koloration-ohne-ammoniak\/#primaryimage","url":"https:\/\/k-time.it\/wp-content\/uploads\/2026\/04\/20616_k-time_reflex_honey_blond_85ml.png","contentUrl":"https:\/\/k-time.it\/wp-content\/uploads\/2026\/04\/20616_k-time_reflex_honey_blond_85ml.png","width":800,"height":800},{"@type":"BreadcrumbList","@id":"https:\/\/k-time.it\/de\/products\/color-prodigy\/reflex\/direkte-koloration-ohne-ammoniak\/#breadcrumb","itemListElement":[{"@type":"ListItem","position":1,"name":"Home","item":"https:\/\/k-time.it\/de\/"},{"@type":"ListItem","position":2,"name":"Shop","item":"https:\/\/k-time.it\/en\/negozio\/"},{"@type":"ListItem","position":3,"name":"Reflex | Direkte Koloration ohne Ammoniak"}]},{"@type":"WebSite","@id":"https:\/\/k-time.it\/en\/#website","url":"https:\/\/k-time.it\/en\/","name":"K-time","description":"Hair Spa Treatments","publisher":{"@id":"https:\/\/k-time.it\/en\/#organization"},"potentialAction":[{"@type":"SearchAction","target":{"@type":"EntryPoint","urlTemplate":"https:\/\/k-time.it\/en\/?s={search_term_string}"},"query-input":{"@type":"PropertyValueSpecification","valueRequired":true,"valueName":"search_term_string"}}],"inLanguage":"de"},{"@type":"Organization","@id":"https:\/\/k-time.it\/en\/#organization","name":"K-time","url":"https:\/\/k-time.it\/en\/","logo":{"@type":"ImageObject","inLanguage":"de","@id":"https:\/\/k-time.it\/en\/#\/schema\/logo\/image\/","url":"","contentUrl":"","caption":"K-time"},"image":{"@id":"https:\/\/k-time.it\/en\/#\/schema\/logo\/image\/"}}]}},"_links":{"self":[{"href":"https:\/\/k-time.it\/de\/wp-json\/wp\/v2\/product\/12131","targetHints":{"allow":["GET"]}}],"collection":[{"href":"https:\/\/k-time.it\/de\/wp-json\/wp\/v2\/product"}],"about":[{"href":"https:\/\/k-time.it\/de\/wp-json\/wp\/v2\/types\/product"}],"wp:featuredmedia":[{"embeddable":true,"href":"https:\/\/k-time.it\/de\/wp-json\/wp\/v2\/media\/26931"}],"wp:attachment":[{"href":"https:\/\/k-time.it\/de\/wp-json\/wp\/v2\/media?parent=12131"}],"wp:term":[{"taxonomy":"product_brand","embeddable":true,"href":"https:\/\/k-time.it\/de\/wp-json\/wp\/v2\/product_brand?post=12131"},{"taxonomy":"product_cat","embeddable":true,"href":"https:\/\/k-time.it\/de\/wp-json\/wp\/v2\/product_cat?post=12131"},{"taxonomy":"product_tag","embeddable":true,"href":"https:\/\/k-time.it\/de\/wp-json\/wp\/v2\/product_tag?post=12131"}],"curies":[{"name":"wp","href":"https:\/\/api.w.org\/{rel}","templated":true}]}}