{"id":12068,"date":"2020-06-25T16:46:47","date_gmt":"2020-06-25T14:46:47","guid":{"rendered":"https:\/\/k-time.it\/products\/unkategorisiert\/phibre-mascarilla-suavizante-iluminadora-home-treatment\/"},"modified":"2021-07-09T14:53:54","modified_gmt":"2021-07-09T12:53:54","slug":"haarmaske-fur-seidiges-und-leuchtendes-haar-home-treatment","status":"publish","type":"product","link":"https:\/\/k-time.it\/de\/products\/treatments\/phibre\/haarmaske-fur-seidiges-und-leuchtendes-haar-home-treatment\/","title":{"rendered":"Phibre | Haarmaske f\u00fcr seidiges und leuchtendes Haar \u2013 Home Treatment"},"content":{"rendered":"<div class=\"wpb-content-wrapper\"><p>[vc_row disable_element=&#8220;yes&#8220;][vc_column]<div class=\"ult_exp_section_layer ult-adjust-bottom-margin  \" >\n\t\t<div id=\"uvc-exp-wrap-2045\" role=\"button\" tabindex=\"0\" aria-pressed=\"false\"  data-ultimate-target='#uvc-exp-wrap-2045'  data-responsive-json-new='{\"font-size\":\"desktop:16px;\",\"line-height\":\"desktop:20px;\"}'  class=\"ult_exp_section  ult-responsive \" style=\"color:#ffffff;background-color:#877650; font-weight:normal; padding-top:4px;padding-right:7px;padding-bottom:4px;padding-left:4px;text-align:center;\" data-textcolor=\"#ffffff\"data-texthover=\"#ffffff\"data-icncolor=\"#ffffff\"data-ihover=\"#ffffff\"data-height=\"0\"data-cntbg=\"#877650\"data-cnthvrbg=\"#877650\"data-headerbg=\"#877650\"data-headerhover=\"#877650\"data-title=\"How to buy\"data-newtitle=\"Request purchase info\"data-icon=\"icomoon-the7-font-icon-cart-detailed\"data-newicon=\"icomoon-the7-font-the7-mail-011\"data-activeicon=\"#ffffff\"data-effect=\"slideToggle\"data-override=\"0\"data-activetitle=\"#ffffff\"data-activebg=\"#877650\"data-img=\"\"data-newimg=\"\"><div class=\"ult_exp_section-main ult_expleft_icon\">\t<div class=\"ult-just-icon-wrapper ult_exp_icon\">\n\t\t\t\t\t<div class=\"align-icon \">\n\t\t\t\t\t\t\n<span class=\"aio-icon  none  ult_expsection_icon \"  style=\"color:#ffffff;font-size:20px;\">\n\t<i class=\"icomoon-the7-font-icon-cart-detailed ult_ex_icon\"  ><\/i>\n<\/span>\n\t\t\t\t\t<\/div>\n\t\t\t\t<\/div>\n\t\t\t\t<div class=\"ult_expheader\" >How to buy\n\t\t\t\t<\/div>\n\t\t\t<\/div>\n\t\t<\/div><div class=\"ult_exp_content \" style=\"background-color:#ffffff;  \"><div class=\"ult_ecpsub_cont\" style=\" \" >\n<div class=\"wpcf7 no-js\" id=\"wpcf7-f15155-o1\" lang=\"de-DE\" dir=\"ltr\" data-wpcf7-id=\"15155\">\n<div class=\"screen-reader-response\"><p role=\"status\" aria-live=\"polite\" aria-atomic=\"true\"><\/p> <ul><\/ul><\/div>\n<form action=\"\/de\/wp-json\/wp\/v2\/product\/12068#wpcf7-f15155-o1\" method=\"post\" class=\"wpcf7-form init\" aria-label=\"Kontaktformular\" novalidate=\"novalidate\" data-status=\"init\">\n<fieldset class=\"hidden-fields-container\"><input type=\"hidden\" name=\"_wpcf7\" value=\"15155\" \/><input type=\"hidden\" name=\"_wpcf7_version\" value=\"6.1.4\" \/><input type=\"hidden\" name=\"_wpcf7_locale\" value=\"de_DE\" \/><input type=\"hidden\" name=\"_wpcf7_unit_tag\" value=\"wpcf7-f15155-o1\" \/><input type=\"hidden\" name=\"_wpcf7_container_post\" value=\"0\" \/><input type=\"hidden\" name=\"_wpcf7_posted_data_hash\" value=\"\" \/><input type=\"hidden\" name=\"_wpcf7_recaptcha_response\" value=\"\" \/>\n<\/fieldset>\n<p>Name und Nachname*\n<\/p>\n<p><span class=\"wpcf7-form-control-wrap\" data-name=\"your-name\"><input size=\"40\" maxlength=\"400\" class=\"wpcf7-form-control wpcf7-text wpcf7-validates-as-required\" aria-required=\"true\" aria-invalid=\"false\" value=\"\" type=\"text\" name=\"your-name\" \/><\/span>\n<\/p>\n<p>Email*\n<\/p>\n<p><span class=\"wpcf7-form-control-wrap\" data-name=\"your-email\"><input size=\"40\" maxlength=\"400\" class=\"wpcf7-form-control wpcf7-email wpcf7-validates-as-required wpcf7-text wpcf7-validates-as-email\" aria-required=\"true\" aria-invalid=\"false\" value=\"\" type=\"email\" name=\"your-email\" \/><\/span>\n<\/p>\n<p>Status*\n<\/p>\n<p><span class=\"wpcf7-form-control-wrap\" data-name=\"status\"><span class=\"wpcf7-form-control wpcf7-checkbox wpcf7-validates-as-required wpcf7-exclusive-checkbox\"><span class=\"wpcf7-list-item first\"><span class=\"wpcf7-list-item-label\">Ausgebildeter Friseur<\/span><input type=\"checkbox\" name=\"status\" value=\"Ausgebildeter Friseur\" \/><\/span><span class=\"wpcf7-list-item\"><span class=\"wpcf7-list-item-label\">Lieferant<\/span><input type=\"checkbox\" name=\"status\" value=\"Lieferant\" \/><\/span><span class=\"wpcf7-list-item last\"><span class=\"wpcf7-list-item-label\">Andere<\/span><input type=\"checkbox\" name=\"status\" value=\"Andere\" \/><\/span><\/span><\/span>\n<\/p>\n<p>Land*\n<\/p>\n<p><span class=\"wpcf7-form-control-wrap\" data-name=\"country\"><input size=\"40\" maxlength=\"400\" class=\"wpcf7-form-control wpcf7-text wpcf7-validates-as-required\" aria-required=\"true\" aria-invalid=\"false\" value=\"\" type=\"text\" name=\"country\" \/><\/span>\n<\/p>\n<p>Botschaft*\n<\/p>\n<p><span class=\"wpcf7-form-control-wrap\" data-name=\"your-message\"><textarea cols=\"40\" rows=\"10\" maxlength=\"2000\" class=\"wpcf7-form-control wpcf7-textarea wpcf7-validates-as-required\" aria-required=\"true\" aria-invalid=\"false\" name=\"your-message\"><\/textarea><\/span>\n<\/p>\n<p><span class=\"wpcf7-form-control-wrap\" data-name=\"acceptance-20\"><span class=\"wpcf7-form-control wpcf7-acceptance\"><span class=\"wpcf7-list-item\"><input type=\"checkbox\" name=\"acceptance-20\" value=\"1\" aria-invalid=\"false\" \/><\/span><\/span><\/span> I express my informed, specific and unconditional consent for the company Comprof Milano Srl to proceed with the processing of my personal data to process the requests for information transmitted, as better described in the <a href=\"https:\/\/k-time.it\/de\/privacy-policy\/\" target=\"_blank\" rel=\"noopener\">Privacy Policy<\/a>*\n<\/p>\n<p><small>Diese Website ist durch Google reCAPTCHA <a href=\"https:\/\/policies.google.com\/privacy\"> Datenschutzerkl\u00e4rung <\/a> und <a href=\"https:\/\/policies.google.com\/terms\"> gesch\u00fctzt Nutzungsbedingungen<\/a><\/small>\n<\/p>\n<p><input class=\"wpcf7-form-control wpcf7-submit has-spinner\" type=\"submit\" value=\"Senden\" \/>\n<\/p><div class=\"wpcf7-response-output\" aria-hidden=\"true\"><\/div>\n<\/form>\n<\/div>\n<\/div><\/div>\n\n\t\t\t<\/div>[\/vc_column][\/vc_row][vc_row][vc_column width=&#8220;1\/2&#8243;]<div class=\"standard-arrow list-divider bullet-top\"><h2>Formel<\/h2>\n<ul>\n<li style=\"font-weight: 400;\"><b>Phytokeratin: <\/b><span style=\"font-weight: 400;\">besteht aus hydrolisierten Proteinen mit niedrigem und mittlerem Molekulargewicht und wird aus Hanf und Reis gewonnen<\/span>\u00a0 <span style=\"font-weight: 400;\"><br \/>\n<\/span><\/li>\n<li style=\"font-weight: 400;\"><b>Thermoprotein aus Sesam: <\/b><span style=\"font-weight: 400;\">ist ein st\u00e4rkender Wirkstoff der neusten Generation, der die restrukturierende Wirkung der Sesam-Hydrolysate mit dem Schutzeffekt des Thermoproteins vereint<br \/>\n<\/span><\/li>\n<\/ul>\n<\/div>[\/vc_column][vc_column width=&#8220;1\/2&#8243;]<div class=\"standard-arrow list-divider bullet-top\"><h2><span style=\"vertical-align: inherit;\"><span style=\"vertical-align: inherit;\">Vorteile<\/span><\/span><\/h2>\n<ul>\n<li style=\"font-weight: 400;\"><span style=\"vertical-align: inherit;\"><span style=\"vertical-align: inherit;\">Noch nie dagewesene Geschmeidigkeit und Leuchtkraft f\u00fcr ersch\u00f6pftes Haar<\/span><\/span><\/li>\n<li style=\"font-weight: 400;\"><span style=\"vertical-align: inherit;\"><span style=\"vertical-align: inherit;\">Verl\u00e4ngert den kosmetischen Effekt der Behandlung<\/span><\/span><\/li>\n<li style=\"font-weight: 400;\"><span style=\"vertical-align: inherit;\"><span style=\"vertical-align: inherit;\">Gepr\u00fcfte Wirksamkeit *<\/span><\/span><\/li>\n<\/ul>\n<p><span style=\"font-weight: 400;\"><span style=\"vertical-align: inherit;\"><span style=\"vertical-align: inherit;\">* Die Wirksamkeit der Behandlung wurde von italienischen universit\u00e4ren Instituten best\u00e4tigt<\/span><\/span><\/span><\/p>\n<\/div>[\/vc_column][\/vc_row][vc_row css=&#8220;.vc_custom_1595341806516{padding-top: 50px !important;}&#8220;][vc_column]<div class=\"dt-fancy-separator h2-size style-thick\" style=\"width: 100%;\"><div class=\"dt-fancy-title\" style=\"color: #333333;\"><span class=\"separator-holder separator-left\" style=\"border-color: #f0f0f0;\"><\/span>Rituel<span class=\"separator-holder separator-right\" style=\"border-color: #f0f0f0;\"><\/span><\/div><\/div>[vc_row_inner][vc_column_inner width=&#8220;1\/2&#8243;][vc_empty_space height=&#8220;15px&#8220;]<div class=\"standard-number-list list-divider bullet-top\"><ol>\n<li>\n<h5 class=\"less-texts_porduct\">Restrukturierendes shampoo f\u00fcr die haarfaser<\/h5>\n<p>Das restrukturierende Shampoo auf dem Haar auftragen, um Unreinheiten sanft zu entfernen und es auf die intensive restrukturierende Behandlung vorzubereiten. Sanft einmassieren und aussp\u00fclen. Falls notwendig, Anwendung wiederholen.<\/li>\n<li>\n<h5 class=\"less-texts_porduct\">Intensive restrukturierende behandlung<\/h5>\n<p>Nachdem das Einsch\u00e4umen und Auswaschen beendet sind und das Haar mit dem Handtuch gut abgetupft wurde, um \u00fcbersch\u00fcssiges Wasser zu entfernen, muss das Haar in Abschnitte geteilt und die intensive restrukturierende Behandlung mit einem Pinsel auf die gesamte L\u00e4nge aufgetragen werden. Massieren Sie die Kopfhaut, damit die aktiven Inhaltsstoffe tief ins Haar eindringen. Nicht aussp\u00fclen und unter einer W\u00e4rmequelle einwirken lassen, wie in der entsprechenden Tabelle angegeben. Aussp\u00fclen.<\/li>\n<li>\n<h5 class=\"less-texts_porduct\">Haarmaske f\u00fcr seidiges und leuchtendes haar<\/h5>\n<p>Tragen Sie die Haarmaske f\u00fcr seidiges und leuchtendes Haar auf dem nassen Haar auf und lassen Sie sie 3\/5 Minuten einwirken. Haar k\u00e4mmen und massieren, um das Produkt gut zu verteilen und es tief einwirken zu lassen. Gut aussp\u00fclen. Haar trocken tupfen und mit dem n\u00e4chsten Schritt fortfahren.<\/li>\n<li>\n<h5 class=\"less-texts_porduct\">Restrukturierendes und versiegelndes haarspray<\/h5>\n<p>Spr\u00fchen Sie das restrukturierende und versiegelnde Haarspray aus einer Entfernung von 20 bis 30 cm auf das Haar auf. Nicht aussp\u00fclen und F\u00f6hnvorgang starten. Kann auch auf trockenem Haar angewendet<\/li>\n<\/ol>\n<\/div>[\/vc_column_inner][vc_column_inner width=&#8220;1\/2&#8243;][vc_empty_space height=&#8220;15px&#8220;][vc_column_text]<span style=\"font-weight: 400;\">Phibre <\/span><span style=\"font-weight: 400;\">ist die innovative restrukturierende Behandlung f\u00fcr trockenes, besch\u00e4digtes und gestresstes Haar. Revitalisiert und beugt dem Entstehen von Spliss und abgebrochenen Haaren vor.\u00a0<\/span>[\/vc_column_text][vc_video link=&#8220;https:\/\/youtu.be\/ad3M6SDiXPw&#8220; align=&#8220;center&#8220;][\/vc_column_inner][\/vc_row_inner][\/vc_column][\/vc_row][vc_row css=&#8220;.vc_custom_1595341818903{padding-top: 50px !important;}&#8220;][vc_column]<div class=\"dt-fancy-separator h2-size style-thick\" style=\"width: 100%;\"><div class=\"dt-fancy-title\" style=\"color: #333333;\"><span class=\"separator-holder separator-left\" style=\"border-color: #f0f0f0;\"><\/span>Verwandte Produkte<span class=\"separator-holder separator-right\" style=\"border-color: #f0f0f0;\"><\/span><\/div><\/div>[vc_raw_html]JTIwJTVCd3BiLXByb2R1Y3Qtc2xpZGVyLXNob3J0Y29kZSUyMGlkJTNEJTIyMTM2NyUyMiU1RA==[\/vc_raw_html][\/vc_column][\/vc_row]<\/p>\n<\/div>","protected":false},"excerpt":{"rendered":"<p><span style=\"font-weight: 400;\">Bewahren Sie <\/span><i><span style=\"font-weight: 400;\">die Wirkung von<\/span><\/i><span style=\"font-weight: 400;\"> Rituel<\/span><span style=\"font-weight: 400;\"> Phibre<\/span><span style=\"font-weight: 400;\"> mit dem<\/span><span style=\"font-weight: 400;\">Home Treatment<\/span><span style=\"font-weight: 400;\">.\u00a0<\/span><\/p>\n<p><span style=\"font-weight: 400;\">Geschmeidigkeit, ein seidiges Gef\u00fchl und neue Leuchtkraft: Die <\/span><b>geschmeidig machende und Leuchtkraft verleihende Maske<\/b><span style=\"font-weight: 400;\"> umschlie\u00dft das Haar mit einer sanften Umarmung. Das Zusammenspiel aus <\/span><b>aktiven Stoffen des<\/b><b> [KRS]+ Complex<\/b> <span style=\"font-weight: 400;\">verl\u00e4ngert die Vorteile des <\/span><span style=\"font-weight: 400;\">Salon Treatment Phibre<\/span><span style=\"font-weight: 400;\">: Tag f\u00fcr Tag bewahrt<\/span><b> das Haar F\u00fclle, Leuchtkraft <\/b><span style=\"font-weight: 400;\">und ein<\/span><b> samtartiges Aussehen<\/b><span style=\"font-weight: 400;\">.<\/span><\/p>\n<p><span style=\"font-weight: 400;\">Inhalt 250 ml<\/span><\/p>\n<p>&nbsp;<\/p>\n<p><span style=\"font-weight: 400;\">[vc_row][vc_column][ultimate_exp_section title=\" So k\u00f6nnen Sie das Produkt kaufen\" new_title=\" Informationen zum Kauf erhalten\" text_color=\"#ffffff\" background_color=\"#877650\" text_hovercolor=\"#ffffff\" bghovercolor=\"#877650\" title_active=\"#ffffff\" title_active_bg=\"#877650\" cnt_bg_color=\"#ffffff\" icon=\"icomoon-the7-font-icon-cart-detailed\" new_icon=\"icomoon-the7-font-the7-mail-011\" icon_align=\"left\" icon_size=\"20\" icon_color=\"#ffffff\" icon_hover_color=\"#ffffff\" icon_active_color=\"#ffffff\" title_font_size=\"desktop:16px;\" title_padding=\"padding-top:4px;padding-right:7px;padding-bottom:4px;padding-left:4px;\" icon_margin=\"margin-right:1px;\"][contact-form-7 id=\"496\"][\/ultimate_exp_section][\/vc_column][\/vc_row]<\/span><\/p>\n","protected":false},"featured_media":18258,"template":"","meta":[],"product_brand":[],"product_cat":[1301,1302],"product_tag":[],"class_list":{"0":"post-12068","1":"product","2":"type-product","3":"status-publish","4":"has-post-thumbnail","6":"product_cat-treatments","7":"product_cat-phibre","8":"description-off","10":"first","11":"instock","12":"shipping-taxable","13":"product-type-simple"},"yoast_head":"<!-- This site is optimized with the Yoast SEO plugin v26.8 - https:\/\/yoast.com\/product\/yoast-seo-wordpress\/ -->\n<title>Phibre | Haarmaske f\u00fcr seidiges und leuchtendes Haar \u2013 Home Treatment - K-time<\/title>\n<meta name=\"description\" content=\"Das Zusammenspiel aus aktiven Stoffen des [KRS]+ Complex verl\u00e4ngert die Vorteile des Salon Treatment Phibre.\" \/>\n<meta name=\"robots\" content=\"index, follow, max-snippet:-1, max-image-preview:large, max-video-preview:-1\" \/>\n<link rel=\"canonical\" href=\"https:\/\/k-time.it\/products\/treatments\/phibre\/phibre-maschera-setificante-illuminante-home-treatment\/\" \/>\n<meta property=\"og:locale\" content=\"de_DE\" \/>\n<meta property=\"og:type\" content=\"article\" \/>\n<meta property=\"og:title\" content=\"Phibre | Haarmaske f\u00fcr seidiges und leuchtendes Haar \u2013 Home Treatment - K-time\" \/>\n<meta property=\"og:description\" content=\"Das Zusammenspiel aus aktiven Stoffen des [KRS]+ Complex verl\u00e4ngert die Vorteile des Salon Treatment Phibre.\" \/>\n<meta property=\"og:url\" content=\"https:\/\/k-time.it\/products\/treatments\/phibre\/phibre-maschera-setificante-illuminante-home-treatment\/\" \/>\n<meta property=\"og:site_name\" content=\"K-time\" \/>\n<meta property=\"article:modified_time\" content=\"2021-07-09T12:53:54+00:00\" \/>\n<meta property=\"og:image\" content=\"https:\/\/k-time.it\/wp-content\/uploads\/2020\/07\/22093_k-time_phibre_radiance_silk_effect_mask_250ml-1.png\" \/>\n\t<meta property=\"og:image:width\" content=\"600\" \/>\n\t<meta property=\"og:image:height\" content=\"600\" \/>\n\t<meta property=\"og:image:type\" content=\"image\/png\" \/>\n<meta name=\"twitter:card\" content=\"summary_large_image\" \/>\n<meta name=\"twitter:label1\" content=\"Gesch\u00e4tzte Lesezeit\" \/>\n\t<meta name=\"twitter:data1\" content=\"2\u00a0Minuten\" \/>\n<script type=\"application\/ld+json\" class=\"yoast-schema-graph\">{\"@context\":\"https:\/\/schema.org\",\"@graph\":[{\"@type\":\"WebPage\",\"@id\":\"https:\/\/k-time.it\/products\/treatments\/phibre\/phibre-maschera-setificante-illuminante-home-treatment\/\",\"url\":\"https:\/\/k-time.it\/products\/treatments\/phibre\/phibre-maschera-setificante-illuminante-home-treatment\/\",\"name\":\"Phibre | Haarmaske f\u00fcr seidiges und leuchtendes Haar \u2013 Home Treatment - K-time\",\"isPartOf\":{\"@id\":\"https:\/\/k-time.it\/en\/#website\"},\"primaryImageOfPage\":{\"@id\":\"https:\/\/k-time.it\/products\/treatments\/phibre\/phibre-maschera-setificante-illuminante-home-treatment\/#primaryimage\"},\"image\":{\"@id\":\"https:\/\/k-time.it\/products\/treatments\/phibre\/phibre-maschera-setificante-illuminante-home-treatment\/#primaryimage\"},\"thumbnailUrl\":\"https:\/\/k-time.it\/wp-content\/uploads\/2020\/07\/22093_k-time_phibre_radiance_silk_effect_mask_250ml-1.png\",\"datePublished\":\"2020-06-25T14:46:47+00:00\",\"dateModified\":\"2021-07-09T12:53:54+00:00\",\"description\":\"Das Zusammenspiel aus aktiven Stoffen des [KRS]+ Complex verl\u00e4ngert die Vorteile des Salon Treatment Phibre.\",\"breadcrumb\":{\"@id\":\"https:\/\/k-time.it\/products\/treatments\/phibre\/phibre-maschera-setificante-illuminante-home-treatment\/#breadcrumb\"},\"inLanguage\":\"de\",\"potentialAction\":[{\"@type\":\"ReadAction\",\"target\":[\"https:\/\/k-time.it\/products\/treatments\/phibre\/phibre-maschera-setificante-illuminante-home-treatment\/\"]}]},{\"@type\":\"ImageObject\",\"inLanguage\":\"de\",\"@id\":\"https:\/\/k-time.it\/products\/treatments\/phibre\/phibre-maschera-setificante-illuminante-home-treatment\/#primaryimage\",\"url\":\"https:\/\/k-time.it\/wp-content\/uploads\/2020\/07\/22093_k-time_phibre_radiance_silk_effect_mask_250ml-1.png\",\"contentUrl\":\"https:\/\/k-time.it\/wp-content\/uploads\/2020\/07\/22093_k-time_phibre_radiance_silk_effect_mask_250ml-1.png\",\"width\":600,\"height\":600,\"caption\":\"Phibre | Maschera Setificante Illuminante \u2013 Home Treatment\"},{\"@type\":\"BreadcrumbList\",\"@id\":\"https:\/\/k-time.it\/products\/treatments\/phibre\/phibre-maschera-setificante-illuminante-home-treatment\/#breadcrumb\",\"itemListElement\":[{\"@type\":\"ListItem\",\"position\":1,\"name\":\"Home\",\"item\":\"https:\/\/k-time.it\/de\/\"},{\"@type\":\"ListItem\",\"position\":2,\"name\":\"Shop\",\"item\":\"https:\/\/k-time.it\/en\/negozio\/\"},{\"@type\":\"ListItem\",\"position\":3,\"name\":\"Phibre | Haarmaske f\u00fcr seidiges und leuchtendes Haar \u2013 Home Treatment\"}]},{\"@type\":\"WebSite\",\"@id\":\"https:\/\/k-time.it\/en\/#website\",\"url\":\"https:\/\/k-time.it\/en\/\",\"name\":\"K-time\",\"description\":\"Hair Spa Treatments\",\"publisher\":{\"@id\":\"https:\/\/k-time.it\/en\/#organization\"},\"potentialAction\":[{\"@type\":\"SearchAction\",\"target\":{\"@type\":\"EntryPoint\",\"urlTemplate\":\"https:\/\/k-time.it\/en\/?s={search_term_string}\"},\"query-input\":{\"@type\":\"PropertyValueSpecification\",\"valueRequired\":true,\"valueName\":\"search_term_string\"}}],\"inLanguage\":\"de\"},{\"@type\":\"Organization\",\"@id\":\"https:\/\/k-time.it\/en\/#organization\",\"name\":\"K-time\",\"url\":\"https:\/\/k-time.it\/en\/\",\"logo\":{\"@type\":\"ImageObject\",\"inLanguage\":\"de\",\"@id\":\"https:\/\/k-time.it\/en\/#\/schema\/logo\/image\/\",\"url\":\"\",\"contentUrl\":\"\",\"caption\":\"K-time\"},\"image\":{\"@id\":\"https:\/\/k-time.it\/en\/#\/schema\/logo\/image\/\"}}]}<\/script>\n<!-- \/ Yoast SEO plugin. -->","yoast_head_json":{"title":"Phibre | Haarmaske f\u00fcr seidiges und leuchtendes Haar \u2013 Home Treatment - K-time","description":"Das Zusammenspiel aus aktiven Stoffen des [KRS]+ Complex verl\u00e4ngert die Vorteile des Salon Treatment Phibre.","robots":{"index":"index","follow":"follow","max-snippet":"max-snippet:-1","max-image-preview":"max-image-preview:large","max-video-preview":"max-video-preview:-1"},"canonical":"https:\/\/k-time.it\/products\/treatments\/phibre\/phibre-maschera-setificante-illuminante-home-treatment\/","og_locale":"de_DE","og_type":"article","og_title":"Phibre | Haarmaske f\u00fcr seidiges und leuchtendes Haar \u2013 Home Treatment - K-time","og_description":"Das Zusammenspiel aus aktiven Stoffen des [KRS]+ Complex verl\u00e4ngert die Vorteile des Salon Treatment Phibre.","og_url":"https:\/\/k-time.it\/products\/treatments\/phibre\/phibre-maschera-setificante-illuminante-home-treatment\/","og_site_name":"K-time","article_modified_time":"2021-07-09T12:53:54+00:00","og_image":[{"width":600,"height":600,"url":"https:\/\/k-time.it\/wp-content\/uploads\/2020\/07\/22093_k-time_phibre_radiance_silk_effect_mask_250ml-1.png","type":"image\/png"}],"twitter_card":"summary_large_image","twitter_misc":{"Gesch\u00e4tzte Lesezeit":"2\u00a0Minuten"},"schema":{"@context":"https:\/\/schema.org","@graph":[{"@type":"WebPage","@id":"https:\/\/k-time.it\/products\/treatments\/phibre\/phibre-maschera-setificante-illuminante-home-treatment\/","url":"https:\/\/k-time.it\/products\/treatments\/phibre\/phibre-maschera-setificante-illuminante-home-treatment\/","name":"Phibre | Haarmaske f\u00fcr seidiges und leuchtendes Haar \u2013 Home Treatment - K-time","isPartOf":{"@id":"https:\/\/k-time.it\/en\/#website"},"primaryImageOfPage":{"@id":"https:\/\/k-time.it\/products\/treatments\/phibre\/phibre-maschera-setificante-illuminante-home-treatment\/#primaryimage"},"image":{"@id":"https:\/\/k-time.it\/products\/treatments\/phibre\/phibre-maschera-setificante-illuminante-home-treatment\/#primaryimage"},"thumbnailUrl":"https:\/\/k-time.it\/wp-content\/uploads\/2020\/07\/22093_k-time_phibre_radiance_silk_effect_mask_250ml-1.png","datePublished":"2020-06-25T14:46:47+00:00","dateModified":"2021-07-09T12:53:54+00:00","description":"Das Zusammenspiel aus aktiven Stoffen des [KRS]+ Complex verl\u00e4ngert die Vorteile des Salon Treatment Phibre.","breadcrumb":{"@id":"https:\/\/k-time.it\/products\/treatments\/phibre\/phibre-maschera-setificante-illuminante-home-treatment\/#breadcrumb"},"inLanguage":"de","potentialAction":[{"@type":"ReadAction","target":["https:\/\/k-time.it\/products\/treatments\/phibre\/phibre-maschera-setificante-illuminante-home-treatment\/"]}]},{"@type":"ImageObject","inLanguage":"de","@id":"https:\/\/k-time.it\/products\/treatments\/phibre\/phibre-maschera-setificante-illuminante-home-treatment\/#primaryimage","url":"https:\/\/k-time.it\/wp-content\/uploads\/2020\/07\/22093_k-time_phibre_radiance_silk_effect_mask_250ml-1.png","contentUrl":"https:\/\/k-time.it\/wp-content\/uploads\/2020\/07\/22093_k-time_phibre_radiance_silk_effect_mask_250ml-1.png","width":600,"height":600,"caption":"Phibre | Maschera Setificante Illuminante \u2013 Home Treatment"},{"@type":"BreadcrumbList","@id":"https:\/\/k-time.it\/products\/treatments\/phibre\/phibre-maschera-setificante-illuminante-home-treatment\/#breadcrumb","itemListElement":[{"@type":"ListItem","position":1,"name":"Home","item":"https:\/\/k-time.it\/de\/"},{"@type":"ListItem","position":2,"name":"Shop","item":"https:\/\/k-time.it\/en\/negozio\/"},{"@type":"ListItem","position":3,"name":"Phibre | Haarmaske f\u00fcr seidiges und leuchtendes Haar \u2013 Home Treatment"}]},{"@type":"WebSite","@id":"https:\/\/k-time.it\/en\/#website","url":"https:\/\/k-time.it\/en\/","name":"K-time","description":"Hair Spa Treatments","publisher":{"@id":"https:\/\/k-time.it\/en\/#organization"},"potentialAction":[{"@type":"SearchAction","target":{"@type":"EntryPoint","urlTemplate":"https:\/\/k-time.it\/en\/?s={search_term_string}"},"query-input":{"@type":"PropertyValueSpecification","valueRequired":true,"valueName":"search_term_string"}}],"inLanguage":"de"},{"@type":"Organization","@id":"https:\/\/k-time.it\/en\/#organization","name":"K-time","url":"https:\/\/k-time.it\/en\/","logo":{"@type":"ImageObject","inLanguage":"de","@id":"https:\/\/k-time.it\/en\/#\/schema\/logo\/image\/","url":"","contentUrl":"","caption":"K-time"},"image":{"@id":"https:\/\/k-time.it\/en\/#\/schema\/logo\/image\/"}}]}},"_links":{"self":[{"href":"https:\/\/k-time.it\/de\/wp-json\/wp\/v2\/product\/12068","targetHints":{"allow":["GET"]}}],"collection":[{"href":"https:\/\/k-time.it\/de\/wp-json\/wp\/v2\/product"}],"about":[{"href":"https:\/\/k-time.it\/de\/wp-json\/wp\/v2\/types\/product"}],"wp:featuredmedia":[{"embeddable":true,"href":"https:\/\/k-time.it\/de\/wp-json\/wp\/v2\/media\/18258"}],"wp:attachment":[{"href":"https:\/\/k-time.it\/de\/wp-json\/wp\/v2\/media?parent=12068"}],"wp:term":[{"taxonomy":"product_brand","embeddable":true,"href":"https:\/\/k-time.it\/de\/wp-json\/wp\/v2\/product_brand?post=12068"},{"taxonomy":"product_cat","embeddable":true,"href":"https:\/\/k-time.it\/de\/wp-json\/wp\/v2\/product_cat?post=12068"},{"taxonomy":"product_tag","embeddable":true,"href":"https:\/\/k-time.it\/de\/wp-json\/wp\/v2\/product_tag?post=12068"}],"curies":[{"name":"wp","href":"https:\/\/api.w.org\/{rel}","templated":true}]}}