{"id":15128,"date":"2020-06-25T15:38:58","date_gmt":"2020-06-25T13:38:58","guid":{"rendered":"https:\/\/k-time.it\/philosophy\/"},"modified":"2021-05-31T20:30:11","modified_gmt":"2021-05-31T18:30:11","slug":"philosophy","status":"publish","type":"page","link":"https:\/\/k-time.it\/de\/philosophy\/","title":{"rendered":"Philosophy"},"content":{"rendered":"<div class=\"wpb-content-wrapper\"><p>[vc_row][vc_column]\n\t\t\t<!-- START hero_philosophy REVOLUTION SLIDER 6.7.38 --><p class=\"rs-p-wp-fix\"><\/p>\n\t\t\t<rs-module-wrap id=\"rev_slider_27_1_wrapper\" data-source=\"gallery\" style=\"visibility:hidden;background:transparent;padding:0;margin:0px auto;margin-top:0;margin-bottom:0;\">\n\t\t\t\t<rs-module id=\"rev_slider_27_1\" style=\"\" data-version=\"6.7.38\">\n\t\t\t\t\t<rs-slides style=\"overflow: hidden; position: absolute;\">\n\t\t\t\t\t\t<rs-slide style=\"position: absolute;\" data-key=\"rs-26\" data-title=\"Slide\" data-anim=\"ms:1000;r:0;\" data-in=\"o:0;\" data-out=\"a:false;\">\n\t\t\t\t\t\t\t<img decoding=\"async\" src=\"\/\/k-time.it\/wp-content\/plugins\/revslider\/sr6\/assets\/assets\/dummy.png\" alt=\"\" title=\"k-time_hero_philosophy\" width=\"1240\" height=\"400\" class=\"rev-slidebg tp-rs-img rs-lazyload\" data-lazyload=\"\/\/k-time.it\/wp-content\/uploads\/2020\/07\/k-time_hero_philosophy.png\" data-no-retina>\n<!--\n\t\t\t\t\t\t\t--><rs-layer\n\t\t\t\t\t\t\t\tid=\"slider-27-slide-26-layer-0\" \n\t\t\t\t\t\t\t\tdata-type=\"text\"\n\t\t\t\t\t\t\t\tdata-rsp_ch=\"on\"\n\t\t\t\t\t\t\t\tdata-xy=\"x:c;xo:0,0,2px,0;y:m;\"\n\t\t\t\t\t\t\t\tdata-text=\"w:normal;s:50,50,40,40;l:25,25,40,45;a:center;\"\n\t\t\t\t\t\t\t\tdata-dim=\"w:auto,auto,auto,438px;\"\n\t\t\t\t\t\t\t\tdata-frame_999=\"o:0;st:w;\"\n\t\t\t\t\t\t\t\tstyle=\"z-index:8;font-family:'Montserrat';\"\n\t\t\t\t\t\t\t>PHILOSOPHY \n\t\t\t\t\t\t\t<\/rs-layer><!--\n-->\t\t\t\t\t<\/rs-slide>\n\t\t\t\t\t<\/rs-slides>\n\t\t\t\t<\/rs-module>\n\t\t\t\t<script>\n\t\t\t\t\tsetREVStartSize({c: 'rev_slider_27_1',rl:[1240,1024,778,480],el:[400,400,400,300],gw:[1240,1024,778,460],gh:[400,400,400,300],type:'standard',justify:'',layout:'fullwidth',mh:\"0\"});if (window.RS_MODULES!==undefined && window.RS_MODULES.modules!==undefined && window.RS_MODULES.modules[\"revslider271\"]!==undefined) {window.RS_MODULES.modules[\"revslider271\"].once = false;window.revapi27 = undefined;if (window.RS_MODULES.checkMinimal!==undefined) window.RS_MODULES.checkMinimal()}\n\t\t\t\t<\/script>\n\t\t\t<\/rs-module-wrap>\n\t\t\t<!-- END REVOLUTION SLIDER -->\n[\/vc_column][\/vc_row][vc_row][vc_column][vc_empty_space height=&#8220;80px&#8220;][vc_row_inner][vc_column_inner width=&#8220;2\/3&#8243; offset=&#8220;vc_hidden-sm vc_hidden-xs&#8220;][vc_single_image image=&#8220;15138&#8243; img_size=&#8220;full&#8220;][\/vc_column_inner][vc_column_inner width=&#8220;1\/3&#8243; css=&#8220;.vc_custom_1596188696673{padding-top: 15% !important;padding-bottom: 15% !important;}&#8220; offset=&#8220;vc_hidden-sm vc_hidden-xs&#8220;][vc_column_text]<\/p>\n<p style=\"text-align: center;\"><span style=\"font-size: 24pt; font-family: montserrat; color: #000000;\"><strong>SALON<br \/>\nEXCELLENCE<\/strong><\/span><\/p>\n<p style=\"text-align: center;\">Tradition und Innovation. Forschung und Technologie. Stil und Eleganz. Der <strong>Friseursalon als Exzellenz-Werkstat<\/strong> <span style=\"font-weight: 400;\">und Sch\u00f6nheitstempel, der <\/span><strong>\u00a0Hairstylist<\/strong> <span style=\"font-weight: 400;\">als <\/span><b>Experte<\/b><span style=\"font-weight: 400;\">, dem Sie vertrauen k\u00f6nnen.<\/span><\/p>\n<p style=\"text-align: center;\"><span style=\"font-weight: 400;\">Unser Ziel ist es, Friseursalons auf der ganzen Welt mit Werkzeugen, Weiterbildungsprogrammen und<\/span><b> exklusiven Produkten<\/b><span style=\"font-weight: 400;\"> zu unterst\u00fctzen. K-time zu w\u00e4hlen bedeutet, die Zukunft zu gestalten, um nach <\/span><b>Perfektion<\/b><span style=\"font-weight: 400;\"> zu streben.<\/span>.<\/p>\n<p>[\/vc_column_text][\/vc_column_inner][\/vc_row_inner][vc_row_inner][vc_column_inner offset=&#8220;vc_hidden-lg vc_hidden-md&#8220;][vc_column_text]<\/p>\n<p style=\"text-align: center;\"><span style=\"font-size: 24pt; font-family: montserrat; color: #000000;\"><strong>SALON<br \/>\nEXCELLENCE<\/strong><\/span><\/p>\n<p style=\"text-align: center;\"><span style=\"font-weight: 400;\">Tradition und Innovation. Forschung und Technologie. Stil und Eleganz. Der <\/span><b>Friseursalon als Exzellenz-Werkstatt<\/b><span style=\"font-weight: 400;\"> und Sch\u00f6nheitstempel, der <\/span><b>Hairstylist<\/b><span style=\"font-weight: 400;\"> als <\/span><b>Experte<\/b><span style=\"font-weight: 400;\">, dem Sie vertrauen k\u00f6nnen<\/span>.<\/p>\n<p style=\"text-align: center;\"><span style=\"font-weight: 400;\">Unser Ziel ist es, Friseursalons auf der ganzen Welt mit Werkzeugen, Weiterbildungsprogrammen und<\/span><b> exklusiven Produkten<\/b><span style=\"font-weight: 400;\"> zu unterst\u00fctzen. K-time zu w\u00e4hlen bedeutet, die Zukunft zu gestalten, um nach <\/span><b>Perfektion<\/b><span style=\"font-weight: 400;\"> zu streben<\/span>.<\/p>\n<p>[\/vc_column_text][vc_single_image image=&#8220;15138&#8243; img_size=&#8220;full&#8220;][\/vc_column_inner][\/vc_row_inner][\/vc_column][\/vc_row][vc_row][vc_column][vc_empty_space height=&#8220;40px&#8220;][vc_row_inner][vc_column_inner width=&#8220;1\/3&#8243; css=&#8220;.vc_custom_1596188735463{padding-top: 20% !important;padding-bottom: 20% !important;}&#8220; offset=&#8220;vc_hidden-sm vc_hidden-xs&#8220;][vc_column_text]<\/p>\n<p style=\"text-align: center;\"><span style=\"font-size: 24pt; font-family: montserrat; color: #000000;\"><strong>HAIR SPA<br \/>\nTREATMENTS<\/strong><\/span><\/p>\n<p style=\"text-align: center;\"><span style=\"font-weight: 400;\">Unsere Werte, die <\/span><b>Technologie und Wohlbefinden<\/b><span style=\"font-weight: 400;\"> ausdr\u00fccken, sind im Inspirationskonzept <\/span>&#8222;Hair Spa Treatments&#8220; <span style=\"font-weight: 400;\">zusammengefasst<\/span>. <b>Revolution\u00e4re <\/b><span style=\"font-weight: 400;\">Behandlungen mit h\u00f6chsten <\/span><b>Standards <\/b><span style=\"font-weight: 400;\">und hervorragenden<\/span><b> Formeln<\/b><span style=\"font-weight: 400;\">, die auch die anspruchsvollsten Kunden beeindrucken und das Tor zur Sch\u00f6nheit f\u00fcr jedermann \u00f6ffnen. <\/span><\/p>\n<p style=\"text-align: center;\"><span style=\"font-weight: 400;\">Wir sind jeden Tag Teil der t\u00e4glichen <\/span><span style=\"font-weight: 400;\">Haircare<\/span> <span style=\"font-weight: 400;\">von Frauen und M\u00e4nnern auf der ganzen Welt.<\/span><\/p>\n<p>[\/vc_column_text][\/vc_column_inner][vc_column_inner width=&#8220;2\/3&#8243; offset=&#8220;vc_hidden-sm vc_hidden-xs&#8220;][vc_single_image image=&#8220;15133&#8243; img_size=&#8220;full&#8220;][\/vc_column_inner][\/vc_row_inner][vc_row_inner][vc_column_inner offset=&#8220;vc_hidden-lg vc_hidden-md&#8220;][vc_column_text]<\/p>\n<p style=\"text-align: center;\"><span style=\"font-size: 24pt; font-family: montserrat; color: #000000;\"><strong>HAIR SPA<br \/>\nTREATMENTS<\/strong><\/span><\/p>\n<p style=\"text-align: center;\"><span style=\"font-weight: 400;\">Unsere Werte, die <\/span><b>Technologie und Wohlbefinden<\/b><span style=\"font-weight: 400;\"> ausdr\u00fccken, sind im Inspirationskonzept <\/span><span style=\"font-weight: 400;\">Hair Spa Treatments<\/span><span style=\"font-weight: 400;\"> zusammengefasst<\/span><i><span style=\"font-weight: 400;\">.<\/span><\/i><\/p>\n<p style=\"text-align: center;\"><b>Revolution\u00e4re <\/b><span style=\"font-weight: 400;\">Behandlungen mit h\u00f6chsten <\/span><b>Standards <\/b><span style=\"font-weight: 400;\">und hervorragenden<\/span><b> Formeln<\/b><span style=\"font-weight: 400;\">, die auch die anspruchsvollsten Kunden beeindrucken und das Tor zur Sch\u00f6nheit f\u00fcr jedermann \u00f6ffnen. Wir sind jeden Tag Teil der t\u00e4glichen <\/span><span style=\"font-weight: 400;\">Haircare<\/span> <span style=\"font-weight: 400;\">von Frauen und M\u00e4nnern auf der ganzen Welt<\/span>.<\/p>\n<p>[\/vc_column_text][vc_single_image image=&#8220;15133&#8243; img_size=&#8220;full&#8220;][\/vc_column_inner][\/vc_row_inner][\/vc_column][\/vc_row][vc_row][vc_column][vc_empty_space height=&#8220;40px&#8220;][vc_row_inner][vc_column_inner width=&#8220;2\/3&#8243; offset=&#8220;vc_hidden-sm vc_hidden-xs&#8220;][vc_single_image image=&#8220;15134&#8243; img_size=&#8220;full&#8220;][\/vc_column_inner][vc_column_inner width=&#8220;1\/3&#8243; css=&#8220;.vc_custom_1596188789238{padding-top: 10% !important;padding-bottom: 10% !important;}&#8220; offset=&#8220;vc_hidden-sm vc_hidden-xs&#8220;][vc_column_text]<\/p>\n<p style=\"text-align: center;\"><span style=\"font-size: 24pt; font-family: montserrat; color: #000000;\"><strong>MADE IN ITALY<\/strong><\/span><\/p>\n<p style=\"text-align: center;\"><span style=\"font-weight: 400;\">Unsere Vision der <\/span><span style=\"font-weight: 400;\">Haircare<\/span><span style=\"font-weight: 400;\"> beginnt bei der Nutzung von wertvollen <\/span><b>Rohstoffen<\/b><span style=\"font-weight: 400;\">, die durch Inhaltsstoffe bestechen, welche jedem Sch\u00f6nheitsritual treue Dienste leisten. Der Ansatz unseres Experimentierens kommt in <\/span><b>Produkten<\/b><span style=\"font-weight: 400;\"> von h\u00f6chster<\/span><b> Qualit\u00e4t<\/b><span style=\"font-weight: 400;\"> zum Ausdruck, die in Einklang mit der italienischen Tradition im Bereich Kosmetik stehen.<\/span>.<\/p>\n<p style=\"text-align: center;\"><span style=\"font-weight: 400;\">Warum wir unseren Ursprung in<\/span><b> Italien haben<\/b><span style=\"font-weight: 400;\">. Unsere Geschichte und unsere Wurzeln sind hier: F\u00fcr uns ist <\/span><span style=\"font-weight: 400;\">Made in Italy <\/span><span style=\"font-weight: 400;\">nicht nur ein Slogan, sondern der Grundwert unserer <\/span><b>Haar-Philosophie.<\/b><\/p>\n<p>[\/vc_column_text][\/vc_column_inner][\/vc_row_inner][vc_row_inner][vc_column_inner offset=&#8220;vc_hidden-lg vc_hidden-md&#8220;][vc_column_text]<\/p>\n<p style=\"text-align: center;\"><span style=\"font-size: 24pt; font-family: montserrat; color: #000000;\"><strong>MADE IN ITALY<\/strong><\/span><\/p>\n<p style=\"text-align: center;\"><span style=\"font-weight: 400;\">Unsere Vision der <\/span><span style=\"font-weight: 400;\">Haircare<\/span><span style=\"font-weight: 400;\"> beginnt bei der Nutzung von wertvollen <\/span><b>Rohstoffen<\/b><span style=\"font-weight: 400;\">, die durch Inhaltsstoffe bestechen, welche jedem Sch\u00f6nheitsritual treue Dienste leisten. Der Ansatz unseres Experimentierens kommt in <\/span><b>Produkten<\/b><span style=\"font-weight: 400;\"> von h\u00f6chster<\/span><b> Qualit\u00e4t<\/b><span style=\"font-weight: 400;\"> zum Ausdruck, die in Einklang mit der italienischen Tradition im Bereich Kosmetik stehen<\/span>.<\/p>\n<p style=\"text-align: center;\"><span style=\"font-weight: 400;\">Warum wir unseren Ursprung in<\/span><b> Italien haben<\/b><span style=\"font-weight: 400;\">. Unsere Geschichte und unsere Wurzeln sind hier: F\u00fcr uns ist <\/span><span style=\"font-weight: 400;\">Made in Italy <\/span><span style=\"font-weight: 400;\">nicht nur ein Slogan, sondern der Grundwert unserer <\/span><b>Haar-Philosophie<\/b>.<\/p>\n<p>[\/vc_column_text][vc_single_image image=&#8220;15134&#8243; img_size=&#8220;full&#8220;][\/vc_column_inner][\/vc_row_inner][\/vc_column][\/vc_row][vc_row][vc_column][vc_empty_space height=&#8220;40px&#8220;][vc_row_inner][vc_column_inner width=&#8220;1\/3&#8243; css=&#8220;.vc_custom_1596122325960{padding-top: 5% !important;}&#8220; offset=&#8220;vc_hidden-sm vc_hidden-xs&#8220;][vc_single_image image=&#8220;15136&#8243; img_size=&#8220;full&#8220;][\/vc_column_inner][vc_column_inner width=&#8220;1\/3&#8243; offset=&#8220;vc_hidden-sm vc_hidden-xs&#8220; css=&#8220;.vc_custom_1596188832843{padding-top: 25% !important;padding-bottom: 25% !important;}&#8220;][vc_column_text]<\/p>\n<p style=\"text-align: center;\"><span style=\"font-size: 24pt; font-family: montserrat; color: #000000;\"><strong>INSPIRATION<\/strong><\/span><\/p>\n<p style=\"text-align: center;\"><span style=\"font-weight: 400;\">Die Vergangenheit studieren und die Gegenwart beobachten, um der Zukunft voraus zu sein. Die \u00e4sthetischen Codes sind in ihre Einzelteile zerlegt und ergeben nun neue Formeln. Es entstehen <\/span><b>Trends<\/b><span style=\"font-weight: 400;\">, die zur Inspiration anregen und die im<\/span> <b>Inspiration Book K-time<\/b> <span style=\"font-weight: 400;\">zum Ausdruck gebracht werden<\/span>.<\/p>\n<p style=\"text-align: center;\"><span style=\"font-weight: 400;\">Wertvolle Seiten, auf denen exklusive aktuelle Trends entstehen: Unsere Lupe, die auf die Welt des <\/span><span style=\"font-weight: 400;\">Hairstylings<\/span><span style=\"font-weight: 400;\"> gerichtet ist, eine Mischung aus <\/span><b>Kreativit\u00e4t, Stil und italienische<\/b><span style=\"font-weight: 400;\"> Exzellenz im Dienste des Friseurs<\/span>.<\/p>\n<p>[\/vc_column_text][\/vc_column_inner][vc_column_inner width=&#8220;1\/3&#8243; offset=&#8220;vc_hidden-sm vc_hidden-xs&#8220;][vc_single_image image=&#8220;15135&#8243; img_size=&#8220;full&#8220;][\/vc_column_inner][\/vc_row_inner][vc_row_inner][vc_column_inner offset=&#8220;vc_hidden-lg vc_hidden-md&#8220;][vc_column_text]<\/p>\n<p style=\"text-align: center;\"><span style=\"font-size: 24pt; font-family: montserrat; color: #000000;\"><strong>INSPIRATION<\/strong><\/span><\/p>\n<p style=\"text-align: center;\"><span style=\"font-weight: 400;\">Die Vergangenheit studieren und die Gegenwart beobachten, um der Zukunft voraus zu sein. Die \u00e4sthetischen Codes sind in ihre Einzelteile zerlegt und ergeben nun neue Formeln. Es entstehen <\/span><b>Trends<\/b><span style=\"font-weight: 400;\">, die zur Inspiration anregen und die im<\/span> <b>Inspiration Book K-time<\/b> <span style=\"font-weight: 400;\">zum Ausdruck gebracht werden<\/span>.<\/p>\n<p style=\"text-align: center;\"><span style=\"font-weight: 400;\">Wertvolle Seiten, auf denen exklusive aktuelle Trends entstehen: Unsere Lupe, die auf die Welt des <\/span><span style=\"font-weight: 400;\">Hairstylings<\/span><span style=\"font-weight: 400;\"> gerichtet ist, eine Mischung aus <\/span><b>Kreativit\u00e4t, Stil und italienische<\/b><span style=\"font-weight: 400;\"> Exzellenz im Dienste des Friseurs<\/span>.<\/p>\n<p>[\/vc_column_text][vc_single_image image=&#8220;15137&#8243; img_size=&#8220;full&#8220;][\/vc_column_inner][\/vc_row_inner][\/vc_column][\/vc_row]<\/p>\n<\/div>","protected":false},"excerpt":{"rendered":"<p>[vc_row][vc_column][\/vc_column][\/vc_row][vc_row][vc_column][vc_empty_space height=&#8220;80px&#8220;][vc_row_inner][vc_column_inner width=&#8220;2\/3&#8243; offset=&#8220;vc_hidden-sm vc_hidden-xs&#8220;][vc_single_image image=&#8220;15138&#8243; img_size=&#8220;full&#8220;][\/vc_column_inner][vc_column_inner width=&#8220;1\/3&#8243; css=&#8220;.vc_custom_1596188696673{padding-top: 15% !important;padding-bottom: 15% !important;}&#8220; offset=&#8220;vc_hidden-sm vc_hidden-xs&#8220;][vc_column_text] SALON EXCELLENCE Tradition und Innovation. Forschung und Technologie. Stil und Eleganz. Der Friseursalon als Exzellenz-Werkstat und Sch\u00f6nheitstempel, der \u00a0Hairstylist als Experte, dem Sie vertrauen k\u00f6nnen. Unser Ziel ist es, Friseursalons auf der ganzen Welt mit Werkzeugen, Weiterbildungsprogrammen und exklusiven Produkten&hellip;<\/p>\n","protected":false},"author":1,"featured_media":0,"parent":0,"menu_order":0,"comment_status":"closed","ping_status":"open","template":"","meta":{"footnotes":""},"class_list":["post-15128","page","type-page","status-publish","hentry","description-off"],"yoast_head":"<!-- This site is optimized with the Yoast SEO plugin v26.8 - https:\/\/yoast.com\/product\/yoast-seo-wordpress\/ -->\n<title>Philosophy - La Nostra Filosofia | K-time<\/title>\n<meta name=\"description\" content=\"Tradizione e innovazione. Ricerca e tecnologia. Stile ed eleganza. Scegliere K-time significa costruire il futuro per ambire alla perfezione. Scopri di pi\u00f9.\" \/>\n<meta name=\"robots\" content=\"index, follow, max-snippet:-1, max-image-preview:large, max-video-preview:-1\" \/>\n<link rel=\"canonical\" href=\"https:\/\/k-time.it\/de\/philosophy\/\" \/>\n<meta property=\"og:locale\" content=\"de_DE\" \/>\n<meta property=\"og:type\" content=\"article\" \/>\n<meta property=\"og:title\" content=\"Philosophy - La Nostra Filosofia | K-time\" \/>\n<meta property=\"og:description\" content=\"Tradizione e innovazione. Ricerca e tecnologia. Stile ed eleganza. Scegliere K-time significa costruire il futuro per ambire alla perfezione. Scopri di pi\u00f9.\" \/>\n<meta property=\"og:url\" content=\"https:\/\/k-time.it\/de\/philosophy\/\" \/>\n<meta property=\"og:site_name\" content=\"K-time\" \/>\n<meta property=\"article:modified_time\" content=\"2021-05-31T18:30:11+00:00\" \/>\n<meta name=\"twitter:card\" content=\"summary_large_image\" \/>\n<meta name=\"twitter:label1\" content=\"Gesch\u00e4tzte Lesezeit\" \/>\n\t<meta name=\"twitter:data1\" content=\"3\u00a0Minuten\" \/>\n<script type=\"application\/ld+json\" class=\"yoast-schema-graph\">{\"@context\":\"https:\/\/schema.org\",\"@graph\":[{\"@type\":[\"WebPage\",\"AboutPage\"],\"@id\":\"https:\/\/k-time.it\/de\/philosophy\/\",\"url\":\"https:\/\/k-time.it\/de\/philosophy\/\",\"name\":\"Philosophy - La Nostra Filosofia | K-time\",\"isPartOf\":{\"@id\":\"https:\/\/k-time.it\/en\/#website\"},\"datePublished\":\"2020-06-25T13:38:58+00:00\",\"dateModified\":\"2021-05-31T18:30:11+00:00\",\"description\":\"Tradizione e innovazione. Ricerca e tecnologia. Stile ed eleganza. Scegliere K-time significa costruire il futuro per ambire alla perfezione. Scopri di pi\u00f9.\",\"breadcrumb\":{\"@id\":\"https:\/\/k-time.it\/de\/philosophy\/#breadcrumb\"},\"inLanguage\":\"de\",\"potentialAction\":[{\"@type\":\"ReadAction\",\"target\":[\"https:\/\/k-time.it\/de\/philosophy\/\"]}]},{\"@type\":\"BreadcrumbList\",\"@id\":\"https:\/\/k-time.it\/de\/philosophy\/#breadcrumb\",\"itemListElement\":[{\"@type\":\"ListItem\",\"position\":1,\"name\":\"Home\",\"item\":\"https:\/\/k-time.it\/de\/\"},{\"@type\":\"ListItem\",\"position\":2,\"name\":\"Philosophy\"}]},{\"@type\":\"WebSite\",\"@id\":\"https:\/\/k-time.it\/en\/#website\",\"url\":\"https:\/\/k-time.it\/en\/\",\"name\":\"K-time\",\"description\":\"Hair Spa Treatments\",\"publisher\":{\"@id\":\"https:\/\/k-time.it\/en\/#organization\"},\"potentialAction\":[{\"@type\":\"SearchAction\",\"target\":{\"@type\":\"EntryPoint\",\"urlTemplate\":\"https:\/\/k-time.it\/en\/?s={search_term_string}\"},\"query-input\":{\"@type\":\"PropertyValueSpecification\",\"valueRequired\":true,\"valueName\":\"search_term_string\"}}],\"inLanguage\":\"de\"},{\"@type\":\"Organization\",\"@id\":\"https:\/\/k-time.it\/en\/#organization\",\"name\":\"K-time\",\"url\":\"https:\/\/k-time.it\/en\/\",\"logo\":{\"@type\":\"ImageObject\",\"inLanguage\":\"de\",\"@id\":\"https:\/\/k-time.it\/en\/#\/schema\/logo\/image\/\",\"url\":\"\",\"contentUrl\":\"\",\"caption\":\"K-time\"},\"image\":{\"@id\":\"https:\/\/k-time.it\/en\/#\/schema\/logo\/image\/\"}}]}<\/script>\n<!-- \/ Yoast SEO plugin. -->","yoast_head_json":{"title":"Philosophy - La Nostra Filosofia | K-time","description":"Tradizione e innovazione. Ricerca e tecnologia. Stile ed eleganza. Scegliere K-time significa costruire il futuro per ambire alla perfezione. Scopri di pi\u00f9.","robots":{"index":"index","follow":"follow","max-snippet":"max-snippet:-1","max-image-preview":"max-image-preview:large","max-video-preview":"max-video-preview:-1"},"canonical":"https:\/\/k-time.it\/de\/philosophy\/","og_locale":"de_DE","og_type":"article","og_title":"Philosophy - La Nostra Filosofia | K-time","og_description":"Tradizione e innovazione. Ricerca e tecnologia. Stile ed eleganza. Scegliere K-time significa costruire il futuro per ambire alla perfezione. Scopri di pi\u00f9.","og_url":"https:\/\/k-time.it\/de\/philosophy\/","og_site_name":"K-time","article_modified_time":"2021-05-31T18:30:11+00:00","twitter_card":"summary_large_image","twitter_misc":{"Gesch\u00e4tzte Lesezeit":"3\u00a0Minuten"},"schema":{"@context":"https:\/\/schema.org","@graph":[{"@type":["WebPage","AboutPage"],"@id":"https:\/\/k-time.it\/de\/philosophy\/","url":"https:\/\/k-time.it\/de\/philosophy\/","name":"Philosophy - La Nostra Filosofia | K-time","isPartOf":{"@id":"https:\/\/k-time.it\/en\/#website"},"datePublished":"2020-06-25T13:38:58+00:00","dateModified":"2021-05-31T18:30:11+00:00","description":"Tradizione e innovazione. Ricerca e tecnologia. Stile ed eleganza. Scegliere K-time significa costruire il futuro per ambire alla perfezione. Scopri di pi\u00f9.","breadcrumb":{"@id":"https:\/\/k-time.it\/de\/philosophy\/#breadcrumb"},"inLanguage":"de","potentialAction":[{"@type":"ReadAction","target":["https:\/\/k-time.it\/de\/philosophy\/"]}]},{"@type":"BreadcrumbList","@id":"https:\/\/k-time.it\/de\/philosophy\/#breadcrumb","itemListElement":[{"@type":"ListItem","position":1,"name":"Home","item":"https:\/\/k-time.it\/de\/"},{"@type":"ListItem","position":2,"name":"Philosophy"}]},{"@type":"WebSite","@id":"https:\/\/k-time.it\/en\/#website","url":"https:\/\/k-time.it\/en\/","name":"K-time","description":"Hair Spa Treatments","publisher":{"@id":"https:\/\/k-time.it\/en\/#organization"},"potentialAction":[{"@type":"SearchAction","target":{"@type":"EntryPoint","urlTemplate":"https:\/\/k-time.it\/en\/?s={search_term_string}"},"query-input":{"@type":"PropertyValueSpecification","valueRequired":true,"valueName":"search_term_string"}}],"inLanguage":"de"},{"@type":"Organization","@id":"https:\/\/k-time.it\/en\/#organization","name":"K-time","url":"https:\/\/k-time.it\/en\/","logo":{"@type":"ImageObject","inLanguage":"de","@id":"https:\/\/k-time.it\/en\/#\/schema\/logo\/image\/","url":"","contentUrl":"","caption":"K-time"},"image":{"@id":"https:\/\/k-time.it\/en\/#\/schema\/logo\/image\/"}}]}},"_links":{"self":[{"href":"https:\/\/k-time.it\/de\/wp-json\/wp\/v2\/pages\/15128","targetHints":{"allow":["GET"]}}],"collection":[{"href":"https:\/\/k-time.it\/de\/wp-json\/wp\/v2\/pages"}],"about":[{"href":"https:\/\/k-time.it\/de\/wp-json\/wp\/v2\/types\/page"}],"author":[{"embeddable":true,"href":"https:\/\/k-time.it\/de\/wp-json\/wp\/v2\/users\/1"}],"replies":[{"embeddable":true,"href":"https:\/\/k-time.it\/de\/wp-json\/wp\/v2\/comments?post=15128"}],"version-history":[{"count":0,"href":"https:\/\/k-time.it\/de\/wp-json\/wp\/v2\/pages\/15128\/revisions"}],"wp:attachment":[{"href":"https:\/\/k-time.it\/de\/wp-json\/wp\/v2\/media?parent=15128"}],"curies":[{"name":"wp","href":"https:\/\/api.w.org\/{rel}","templated":true}]}}